{"id":945,"date":"2023-05-12T15:49:25","date_gmt":"2023-05-12T18:49:25","guid":{"rendered":"https:\/\/anaisneodentcongress.com.br\/2023\/?page_id=945"},"modified":"2023-05-17T17:11:19","modified_gmt":"2023-05-17T20:11:19","slug":"inteligencia-artificial-nas-pesquisas-em-odontologia-revisao-de-literatura","status":"publish","type":"page","link":"https:\/\/anaisneodentcongress.com.br\/2023\/inteligencia-artificial-nas-pesquisas-em-odontologia-revisao-de-literatura\/","title":{"rendered":"Intelig\u00eancia artificial nas pesquisas em odontologia \u2013 revis\u00e3o de literatura"},"content":{"rendered":"\t\t<div data-elementor-type=\"wp-page\" data-elementor-id=\"945\" class=\"elementor elementor-945\">\n\t\t\t\t\t\t\t<div class=\"elementor-element elementor-element-53c443b3 e-con-full e-flex e-con\" data-id=\"53c443b3\" data-element_type=\"container\" data-settings=\"{&quot;content_width&quot;:&quot;full&quot;,&quot;background_background&quot;:&quot;classic&quot;}\">\n\t\t<div class=\"elementor-element elementor-element-6c74a83d e-con-full e-flex e-con\" data-id=\"6c74a83d\" data-element_type=\"container\" data-settings=\"{&quot;content_width&quot;:&quot;full&quot;}\">\n\t\t\t\t<\/div>\n\t\t<div class=\"elementor-element elementor-element-6e3a095e e-con-full e-flex e-con\" data-id=\"6e3a095e\" data-element_type=\"container\" data-settings=\"{&quot;content_width&quot;:&quot;full&quot;,&quot;background_background&quot;:&quot;classic&quot;}\">\n\t\t<div class=\"elementor-element elementor-element-32dbf987 e-con-boxed e-flex e-con\" data-id=\"32dbf987\" data-element_type=\"container\" data-settings=\"{&quot;content_width&quot;:&quot;boxed&quot;}\">\n\t\t\t\t\t<div class=\"e-con-inner\">\n\t\t\t\t<div class=\"elementor-element elementor-element-1c315f48 elementor-widget elementor-widget-heading\" data-id=\"1c315f48\" data-element_type=\"widget\" data-widget_type=\"heading.default\">\n\t\t\t\t<div class=\"elementor-widget-container\">\n\t\t\t<style>\/*! elementor - v3.13.2 - 11-05-2023 *\/\n.elementor-heading-title{padding:0;margin:0;line-height:1}.elementor-widget-heading .elementor-heading-title[class*=elementor-size-]>a{color:inherit;font-size:inherit;line-height:inherit}.elementor-widget-heading .elementor-heading-title.elementor-size-small{font-size:15px}.elementor-widget-heading .elementor-heading-title.elementor-size-medium{font-size:19px}.elementor-widget-heading .elementor-heading-title.elementor-size-large{font-size:29px}.elementor-widget-heading .elementor-heading-title.elementor-size-xl{font-size:39px}.elementor-widget-heading .elementor-heading-title.elementor-size-xxl{font-size:59px}<\/style><h2 class=\"elementor-heading-title elementor-size-default\"><a href=\"\/2023\/menu-neodent-pesquisa\/\">Menu<\/a><\/h2>\t\t<\/div>\n\t\t\t\t<\/div>\n\t\t\t\t<div class=\"elementor-element elementor-element-726157eb elementor-widget elementor-widget-heading\" data-id=\"726157eb\" data-element_type=\"widget\" data-widget_type=\"heading.default\">\n\t\t\t\t<div class=\"elementor-widget-container\">\n\t\t\t<h2 class=\"elementor-heading-title elementor-size-default\"><a href=\"\/2023\/menu-neodent-pesquisa\/\">Neodent, Pesquisa<\/a><\/h2>\t\t<\/div>\n\t\t\t\t<\/div>\n\t\t\t\t\t<\/div>\n\t\t\t\t<\/div>\n\t\t<div class=\"elementor-element elementor-element-6f7f5d94 e-con-boxed e-flex e-con\" data-id=\"6f7f5d94\" data-element_type=\"container\" data-settings=\"{&quot;content_width&quot;:&quot;boxed&quot;}\">\n\t\t\t\t\t<div class=\"e-con-inner\">\n\t\t\t\t<div class=\"elementor-element elementor-element-18f54453 elementor-widget elementor-widget-heading\" data-id=\"18f54453\" data-element_type=\"widget\" data-widget_type=\"heading.default\">\n\t\t\t\t<div class=\"elementor-widget-container\">\n\t\t\t<h2 class=\"elementor-heading-title elementor-size-default\">Intelig\u00eancia artificial nas pesquisas em odontologia \u2013 revis\u00e3o de literatura<\/h2>\t\t<\/div>\n\t\t\t\t<\/div>\n\t\t\t\t\t<\/div>\n\t\t\t\t<\/div>\n\t\t\t\t<div class=\"elementor-element elementor-element-7423f3f5 elementor-widget elementor-widget-text-editor\" data-id=\"7423f3f5\" data-element_type=\"widget\" data-widget_type=\"text-editor.default\">\n\t\t\t\t<div class=\"elementor-widget-container\">\n\t\t\t<style>\/*! elementor - v3.13.2 - 11-05-2023 *\/\n.elementor-widget-text-editor.elementor-drop-cap-view-stacked .elementor-drop-cap{background-color:#69727d;color:#fff}.elementor-widget-text-editor.elementor-drop-cap-view-framed .elementor-drop-cap{color:#69727d;border:3px solid;background-color:transparent}.elementor-widget-text-editor:not(.elementor-drop-cap-view-default) .elementor-drop-cap{margin-top:8px}.elementor-widget-text-editor:not(.elementor-drop-cap-view-default) .elementor-drop-cap-letter{width:1em;height:1em}.elementor-widget-text-editor .elementor-drop-cap{float:left;text-align:center;line-height:1;font-size:50px}.elementor-widget-text-editor .elementor-drop-cap-letter{display:inline-block}<\/style>\t\t\t\t<p><span style=\"color: #e8307c;\"><strong>ID Trabalho:<\/strong> 1108948<\/span><\/p><p><strong>Autores: <\/strong>CAMILA MARINELLI MARTINS (AAC&amp;T CONSULTORIA EM PESQUISA LTDA &#8211; CURITIBA &#8211; PR &#8211; Brasil), Maria Beatriz Galdino da Silveira (AAC&amp;T CONSULTORIA EM PESQUISA LTDA &#8211; Campina Grande &#8211; PB &#8211; Brasil), MATEUS SILVA ROCHA (AAC&amp;T CONSULTORIA EM PESQUISA LTDA &#8211; CAMPINA GRANDE &#8211; PB &#8211; Brasil), THIAGO GARCIA MOLINA PINTO (AAC&amp;T CONSULTORIA EM PESQUISA LTDA &#8211; CURITIBA &#8211; PR &#8211; Brasil)<\/p><p><strong>Institui\u00e7\u00f5es dos autores:<\/strong> AAC&amp;T CONSULTORIA EM PESQUISA LTDA &#8211; Campina Grande &#8211; PB &#8211; Brasil,AAC&amp;T CONSULTORIA EM PESQUISA LTDA &#8211; CURITIBA &#8211; PR &#8211; Brasil<\/p><p><strong>Introdu\u00e7\u00e3o: <\/strong>A intelig\u00eancia artificial (IA) teve r\u00e1pido desenvolvimento nas \u00faltimas duas d\u00e9cadas nas mais diversas \u00e1reas. A sua aplica\u00e7\u00e3o na odontologia vem sendo objeto de diversas pesquisas.<\/p><p><strong>Objetivos: <\/strong>O presente estudo se prop\u00f4s a apresentar as investiga\u00e7\u00f5es sobre a utiliza\u00e7\u00e3o das t\u00e9cnicas de IA na odontologia.<\/p><p><strong>Material e m\u00e9todos: <\/strong>Foram selecionados artigos publicados nos \u00faltimos tr\u00eas anos e analisadas as t\u00e9cnicas e suas aplica\u00e7\u00f5es. Alguns estudos descrevem as t\u00e9cnicas de forma introdut\u00f3ria e outros descrevem seus usos e pr\u00e1ticas.<\/p><p><strong>Resultados: <\/strong>Dentre as aplica\u00e7\u00f5es, pode-se destacar o diagn\u00f3stico de doen\u00e7as (c\u00e1rie e c\u00e2ncer oral), periodontia, odontologia restauradora, prostodontia, endodontia (detec\u00e7\u00e3o de les\u00f5es periapicais e fraturas radiculares), ortodontia (planejamento do tratamento), odontologia legal (ante-mortem e post-mortem) e radiologia (detec\u00e7\u00e3o de estruturas anat\u00f4micas, comprimento de trabalho, morfologia da raiz e do sistema de canais radiculares). As t\u00e9cnicas descritas foram redes neurais convolucionais (RNC) e artificiais (RNA), redes de aprendizado profundo (deep learning), algoritmos gen\u00e9ticos e l\u00f3gica fuzzy. Em todos os estudos, os modelos revelram grande capacidade assertiva com valor preditivo positivo, sensibilidade, especificidade e acur\u00e1cia variando de 80% a 98%. O objetivo do uso das t\u00e9cnicas \u00e9 acelerar os processos de infer\u00eancia com o m\u00ednimo de interfer\u00eancia humana.<\/p><p><strong>Conclus\u00e3o: <\/strong>Existem desafios futuros, sejam no sentido da coleta de dados ou implementa\u00e7\u00e3o de modelos, al\u00e9m das limita\u00e7\u00f5es das t\u00e9cnicas e o refor\u00e7o de que n\u00e3o pode considerada como substituta da interven\u00e7\u00e3o humana no campo da odontologia.<\/p><p><strong>Palavras chave: <\/strong>intelig\u00eancia artificial; machine learning; big data<\/p>\t\t\t\t\t\t<\/div>\n\t\t\t\t<\/div>\n\t\t\t\t<div class=\"elementor-element elementor-element-5d71cf1e elementor-widget elementor-widget-shortcode\" data-id=\"5d71cf1e\" data-element_type=\"widget\" data-widget_type=\"shortcode.default\">\n\t\t\t\t<div class=\"elementor-widget-container\">\n\t\t\t\t\t<div class=\"elementor-shortcode\"><a href=\"javascript:history.back(1)\" target=\"_self\"><img decoding=\"async\" src=\"..\/wp-content\/uploads\/2023\/05\/bot-voltar.png\" widht=\"103\" height=\"28\" border=\"0\"><\/a> <\/div>\n\t\t\t\t<\/div>\n\t\t\t\t<\/div>\n\t\t\t\t<\/div>\n\t\t<div class=\"elementor-element elementor-element-699ead78 e-con-full e-flex e-con\" data-id=\"699ead78\" data-element_type=\"container\" data-settings=\"{&quot;content_width&quot;:&quot;full&quot;}\">\n\t\t\t\t<\/div>\n\t\t\t\t<\/div>\n\t\t\t\t\t\t\t<\/div>\n\t\t","protected":false},"excerpt":{"rendered":"<p>Menu Neodent, Pesquisa Intelig\u00eancia artificial nas pesquisas em odontologia \u2013 revis\u00e3o de literatura ID Trabalho: 1108948 Autores: CAMILA MARINELLI MARTINS (AAC&amp;T CONSULTORIA EM PESQUISA LTDA &#8211;<span class=\"excerpt-hellip\"> [\u2026]<\/span><\/p>\n","protected":false},"author":1,"featured_media":0,"parent":0,"menu_order":0,"comment_status":"closed","ping_status":"closed","template":"","meta":[],"_links":{"self":[{"href":"https:\/\/anaisneodentcongress.com.br\/2023\/wp-json\/wp\/v2\/pages\/945"}],"collection":[{"href":"https:\/\/anaisneodentcongress.com.br\/2023\/wp-json\/wp\/v2\/pages"}],"about":[{"href":"https:\/\/anaisneodentcongress.com.br\/2023\/wp-json\/wp\/v2\/types\/page"}],"author":[{"embeddable":true,"href":"https:\/\/anaisneodentcongress.com.br\/2023\/wp-json\/wp\/v2\/users\/1"}],"replies":[{"embeddable":true,"href":"https:\/\/anaisneodentcongress.com.br\/2023\/wp-json\/wp\/v2\/comments?post=945"}],"version-history":[{"count":13,"href":"https:\/\/anaisneodentcongress.com.br\/2023\/wp-json\/wp\/v2\/pages\/945\/revisions"}],"predecessor-version":[{"id":1644,"href":"https:\/\/anaisneodentcongress.com.br\/2023\/wp-json\/wp\/v2\/pages\/945\/revisions\/1644"}],"wp:attachment":[{"href":"https:\/\/anaisneodentcongress.com.br\/2023\/wp-json\/wp\/v2\/media?parent=945"}],"curies":[{"name":"wp","href":"https:\/\/api.w.org\/{rel}","templated":true}]}}