{"id":921,"date":"2023-05-12T15:39:39","date_gmt":"2023-05-12T18:39:39","guid":{"rendered":"https:\/\/anaisneodentcongress.com.br\/2023\/?page_id=921"},"modified":"2023-05-18T07:53:02","modified_gmt":"2023-05-18T10:53:02","slug":"menu-neodent-pesquisa","status":"publish","type":"page","link":"https:\/\/anaisneodentcongress.com.br\/2023\/menu-neodent-pesquisa\/","title":{"rendered":"Menu &#8211; Neodent, Pesquisa"},"content":{"rendered":"\t\t<div data-elementor-type=\"wp-page\" data-elementor-id=\"921\" class=\"elementor elementor-921\">\n\t\t\t\t\t\t\t<div class=\"elementor-element elementor-element-6cf4d81 e-con-full e-flex e-con\" data-id=\"6cf4d81\" data-element_type=\"container\" data-settings=\"{&quot;content_width&quot;:&quot;full&quot;,&quot;background_background&quot;:&quot;classic&quot;}\">\n\t\t<div class=\"elementor-element elementor-element-4c1901a e-con-full e-flex e-con\" data-id=\"4c1901a\" data-element_type=\"container\" data-settings=\"{&quot;content_width&quot;:&quot;full&quot;}\">\n\t\t\t\t<\/div>\n\t\t<div class=\"elementor-element elementor-element-95a4116 e-con-full e-flex e-con\" data-id=\"95a4116\" data-element_type=\"container\" data-settings=\"{&quot;content_width&quot;:&quot;full&quot;,&quot;background_background&quot;:&quot;classic&quot;}\">\n\t\t\t\t<div class=\"elementor-element elementor-element-ca4fee2 elementor-widget elementor-widget-shortcode\" data-id=\"ca4fee2\" data-element_type=\"widget\" data-widget_type=\"shortcode.default\">\n\t\t\t\t<div class=\"elementor-widget-container\">\n\t\t\t\t\t<div class=\"elementor-shortcode\"><div class=\"asl_w_container asl_w_container_1\">\r\n\t<div id='ajaxsearchlite1'\r\n\t\t data-id=\"1\"\r\n\t\t data-instance=\"1\"\r\n\t\t class=\"asl_w asl_m asl_m_1 asl_m_1_1\">\r\n\t\t<div class=\"probox\">\r\n\r\n\t\r\n\t<button class='promagnifier' aria-label=\"Search magnifier button\">\r\n\t\t\t\t<div class='innericon'>\r\n\t\t\t<svg version=\"1.1\" xmlns=\"http:\/\/www.w3.org\/2000\/svg\" xmlns:xlink=\"http:\/\/www.w3.org\/1999\/xlink\" x=\"0px\" y=\"0px\" width=\"22\" height=\"22\" viewBox=\"0 0 512 512\" enable-background=\"new 0 0 512 512\" xml:space=\"preserve\">\r\n\t\t\t\t\t<path d=\"M460.355,421.59L353.844,315.078c20.041-27.553,31.885-61.437,31.885-98.037\r\n\t\t\t\t\t\tC385.729,124.934,310.793,50,218.686,50C126.58,50,51.645,124.934,51.645,217.041c0,92.106,74.936,167.041,167.041,167.041\r\n\t\t\t\t\t\tc34.912,0,67.352-10.773,94.184-29.158L419.945,462L460.355,421.59z M100.631,217.041c0-65.096,52.959-118.056,118.055-118.056\r\n\t\t\t\t\t\tc65.098,0,118.057,52.959,118.057,118.056c0,65.096-52.959,118.056-118.057,118.056C153.59,335.097,100.631,282.137,100.631,217.041\r\n\t\t\t\t\t\tz\"\/>\r\n\t\t\t\t<\/svg>\r\n\t\t<\/div>\r\n\t<\/button>\r\n\r\n\t\r\n\t\r\n\t<div class='prosettings' style='display:none;' data-opened=0>\r\n\t\t\t\t<div class='innericon'>\r\n\t\t\t<svg version=\"1.1\" xmlns=\"http:\/\/www.w3.org\/2000\/svg\" xmlns:xlink=\"http:\/\/www.w3.org\/1999\/xlink\" x=\"0px\" y=\"0px\" width=\"22\" height=\"22\" viewBox=\"0 0 512 512\" enable-background=\"new 0 0 512 512\" xml:space=\"preserve\">\r\n\t\t\t\t\t<polygon transform = \"rotate(90 256 256)\" points=\"142.332,104.886 197.48,50 402.5,256 197.48,462 142.332,407.113 292.727,256 \"\/>\r\n\t\t\t\t<\/svg>\r\n\t\t<\/div>\r\n\t<\/div>\r\n\r\n\t\r\n\t\r\n\t<div class='proinput'>\r\n        <form role=\"search\" action='#' autocomplete=\"off\"\r\n\t\t\t  aria-label=\"Search form\">\r\n\t\t\t<input aria-label=\"Search input\"\r\n\t\t\t\t   type='search' class='orig'\r\n\t\t\t\t   name='phrase'\r\n\t\t\t\t   placeholder='O que voc\u00ea procura?'\r\n\t\t\t\t   value=''\r\n\t\t\t\t   autocomplete=\"off\"\/>\r\n\t\t\t<input aria-label=\"Search autocomplete input\"\r\n\t\t\t\t   type='text'\r\n\t\t\t\t   class='autocomplete'\r\n\t\t\t\t   tabindex=\"-1\"\r\n\t\t\t\t   name='phrase'\r\n\t\t\t\t   value=''\r\n\t\t\t\t   autocomplete=\"off\" disabled\/>\r\n\t\t\t<input type='submit' value=\"Start search\" style='width:0; height: 0; visibility: hidden;'>\r\n\t\t<\/form>\r\n\t<\/div>\r\n\r\n\t\r\n\t\r\n\t<div class='proloading'>\r\n\r\n\t\t<div class=\"asl_loader\"><div class=\"asl_loader-inner asl_simple-circle\"><\/div><\/div>\r\n\r\n\t\t\t<\/div>\r\n\r\n\t\t\t<div class='proclose'>\r\n\t\t\t<svg version=\"1.1\" xmlns=\"http:\/\/www.w3.org\/2000\/svg\" xmlns:xlink=\"http:\/\/www.w3.org\/1999\/xlink\" x=\"0px\"\r\n\t\t\t\t y=\"0px\"\r\n\t\t\t\t width=\"12\" height=\"12\" viewBox=\"0 0 512 512\" enable-background=\"new 0 0 512 512\"\r\n\t\t\t\t xml:space=\"preserve\">\r\n\t\t\t\t<polygon points=\"438.393,374.595 319.757,255.977 438.378,137.348 374.595,73.607 255.995,192.225 137.375,73.622 73.607,137.352 192.246,255.983 73.622,374.625 137.352,438.393 256.002,319.734 374.652,438.378 \"\/>\r\n\t\t\t<\/svg>\r\n\t\t<\/div>\r\n\t\r\n\t\r\n<\/div>\t<\/div>\r\n\t<div class='asl_data_container' style=\"display:none !important;\">\r\n\t\t<div class=\"asl_init_data wpdreams_asl_data_ct\"\r\n\t style=\"display:none !important;\"\r\n\t id=\"asl_init_id_1\"\r\n\t data-asl-id=\"1\"\r\n\t data-asl-instance=\"1\"\r\n\t data-asldata=\"ew0KCSJob21ldXJsIjogImh0dHBzOi8vYW5haXNuZW9kZW50Y29uZ3Jlc3MuY29tLmJyLzIwMjMvIiwNCgkicmVzdWx0c3R5cGUiOiAidmVydGljYWwiLA0KCSJyZXN1bHRzcG9zaXRpb24iOiAiaG92ZXIiLA0KCSJpdGVtc2NvdW50IjogNCwNCgkiY2hhcmNvdW50IjogIDAsDQoJImhpZ2hsaWdodCI6IDAsDQoJImhpZ2hsaWdodHdob2xld29yZHMiOiAxLA0KCSJzaW5nbGVIaWdobGlnaHQiOiAwLA0KCSJzY3JvbGxUb1Jlc3VsdHMiOiB7DQoJCSJlbmFibGVkIjogMCwNCgkJIm9mZnNldCI6IDANCgl9LA0KCSJyZXN1bHRhcmVhY2xpY2thYmxlIjogMSwNCgkiYXV0b2NvbXBsZXRlIjogew0KCQkiZW5hYmxlZCIgOiAxLA0KCQkibGFuZyIgOiAicHQiLA0KCQkidHJpZ2dlcl9jaGFyY291bnQiIDogMA0KCX0sDQoJIm1vYmlsZSI6IHsNCgkJIm1lbnVfc2VsZWN0b3IiOiAiI21lbnUtdG9nZ2xlIg0KCX0sDQoJInRyaWdnZXIiOiB7DQoJCSJjbGljayI6ICJyZXN1bHRzX3BhZ2UiLA0KCQkiY2xpY2tfbG9jYXRpb24iOiAic2FtZSIsDQoJCSJ1cGRhdGVfaHJlZiI6IDAsDQoJCSJyZXR1cm4iOiAicmVzdWx0c19wYWdlIiwNCgkJInJldHVybl9sb2NhdGlvbiI6ICJzYW1lIiwNCgkJImZhY2V0IjogMSwNCgkJInR5cGUiOiAxLA0KCQkicmVkaXJlY3RfdXJsIjogIj9zPXtwaHJhc2V9IiwNCgkJImRlbGF5IjogMzAwDQoJfSwNCiAgICAiYW5pbWF0aW9ucyI6IHsNCiAgICAgICAgInBjIjogew0KICAgICAgICAgICAgInNldHRpbmdzIjogew0KICAgICAgICAgICAgICAgICJhbmltIiA6ICJmYWRlZHJvcCIsDQogICAgICAgICAgICAgICAgImR1ciIgIDogMzAwDQogICAgICAgICAgICB9LA0KICAgICAgICAgICAgInJlc3VsdHMiIDogew0KCQkJCSJhbmltIiA6ICJmYWRlZHJvcCIsDQoJCQkJImR1ciIgIDogMzAwDQogICAgICAgICAgICB9LA0KICAgICAgICAgICAgIml0ZW1zIiA6ICJ2b2lkYW5pbSINCiAgICAgICAgfSwNCiAgICAgICAgIm1vYiI6IHsNCiAgICAgICAgICAgICJzZXR0aW5ncyI6IHsNCiAgICAgICAgICAgICAgICAiYW5pbSIgOiAiZmFkZWRyb3AiLA0KICAgICAgICAgICAgICAgICJkdXIiICA6IDMwMA0KICAgICAgICAgICAgfSwNCiAgICAgICAgICAgICJyZXN1bHRzIiA6IHsNCgkJCQkiYW5pbSIgOiAiZmFkZWRyb3AiLA0KCQkJCSJkdXIiICA6IDMwMA0KICAgICAgICAgICAgfSwNCiAgICAgICAgICAgICJpdGVtcyIgOiAidm9pZGFuaW0iDQogICAgICAgIH0NCiAgICB9LA0KCSJhdXRvcCI6IHsNCgkJInN0YXRlIjogImRpc2FibGVkIiwNCgkJInBocmFzZSI6ICIiLA0KCQkiY291bnQiOiAxCX0sDQogICAgInJlc1BhZ2UiOiB7DQogICAgICAgICJ1c2VBamF4IjogMCwNCiAgICAgICAgInNlbGVjdG9yIjogIiNtYWluIiwNCiAgICAgICAgInRyaWdnZXJfdHlwZSI6IDEsDQogICAgICAgICJ0cmlnZ2VyX2ZhY2V0IjogMSwNCiAgICAgICAgInRyaWdnZXJfbWFnbmlmaWVyIjogMCwNCiAgICAgICAgInRyaWdnZXJfcmV0dXJuIjogMCAgICB9LA0KCSJyZXN1bHRzU25hcFRvIjogImxlZnQiLA0KICAgICJyZXN1bHRzIjogew0KICAgICAgICAid2lkdGgiOiAiYXV0byIsDQogICAgICAgICJ3aWR0aF90YWJsZXQiOiAiYXV0byIsDQogICAgICAgICJ3aWR0aF9waG9uZSI6ICJhdXRvIg0KICAgIH0sDQoJInNldHRpbmdzaW1hZ2Vwb3MiOiAicmlnaHQiLA0KCSJjbG9zZU9uRG9jQ2xpY2siOiAxLA0KCSJvdmVycmlkZXdwZGVmYXVsdCI6IDEsDQoJIm92ZXJyaWRlX21ldGhvZCI6ICJnZXQiDQp9DQo=\"><\/div>\t<div id=\"asl_hidden_data\">\r\n\t\t<svg style=\"position:absolute\" height=\"0\" width=\"0\">\r\n\t\t\t<filter id=\"aslblur\">\r\n\t\t\t\t<feGaussianBlur in=\"SourceGraphic\" stdDeviation=\"4\"\/>\r\n\t\t\t<\/filter>\r\n\t\t<\/svg>\r\n\t\t<svg style=\"position:absolute\" height=\"0\" width=\"0\">\r\n\t\t\t<filter id=\"no_aslblur\"><\/filter>\r\n\t\t<\/svg>\r\n\t<\/div>\r\n\t<\/div>\r\n\r\n\t<div id='ajaxsearchliteres1'\r\n\t class='vertical wpdreams_asl_results asl_w asl_r asl_r_1 asl_r_1_1'>\r\n\r\n\t\r\n\t<div class=\"results\">\r\n\r\n\t\t\r\n\t\t<div class=\"resdrg\">\r\n\t\t<\/div>\r\n\r\n\t\t\r\n\t<\/div>\r\n\r\n\t\r\n\t\r\n<\/div>\r\n\r\n\t<div id='__original__ajaxsearchlitesettings1'\r\n\t\t data-id=\"1\"\r\n\t\t class=\"searchsettings wpdreams_asl_settings asl_w asl_s asl_s_1\">\r\n\t\t<form name='options'\r\n\t  aria-label=\"Search settings form\"\r\n\t  autocomplete = 'off'>\r\n\r\n\t\r\n\t\r\n\t<input type=\"hidden\" name=\"filters_changed\" style=\"display:none;\" value=\"0\">\r\n\t<input type=\"hidden\" name=\"filters_initial\" style=\"display:none;\" value=\"1\">\r\n\r\n\t<div class=\"asl_option_inner hiddend\">\r\n\t\t<input type='hidden' name='qtranslate_lang' id='qtranslate_lang1'\r\n\t\t\t   value='0'\/>\r\n\t<\/div>\r\n\r\n\t\r\n\t\r\n\t<fieldset class=\"asl_sett_scroll\">\r\n\t\t<legend style=\"display: none;\">Generic selectors<\/legend>\r\n\t\t<div class=\"asl_option\">\r\n\t\t\t<div class=\"asl_option_inner\">\r\n\t\t\t\t<input type=\"checkbox\" value=\"exact\"\r\n\t\t\t\t\t   aria-label=\"Exact matches only\"\r\n\t\t\t\t\t   name=\"asl_gen[]\" \/>\r\n\t\t\t\t<div class=\"asl_option_checkbox\"><\/div>\r\n\t\t\t<\/div>\r\n\t\t\t<div class=\"asl_option_label\">\r\n\t\t\t\tExact matches only\t\t\t<\/div>\r\n\t\t<\/div>\r\n\t\t<div class=\"asl_option\">\r\n\t\t\t<div class=\"asl_option_inner\">\r\n\t\t\t\t<input type=\"checkbox\" value=\"title\"\r\n\t\t\t\t\t   aria-label=\"Search in title\"\r\n\t\t\t\t\t   name=\"asl_gen[]\"  checked=\"checked\"\/>\r\n\t\t\t\t<div class=\"asl_option_checkbox\"><\/div>\r\n\t\t\t<\/div>\r\n\t\t\t<div class=\"asl_option_label\">\r\n\t\t\t\tSearch in title\t\t\t<\/div>\r\n\t\t<\/div>\r\n\t\t<div class=\"asl_option\">\r\n\t\t\t<div class=\"asl_option_inner\">\r\n\t\t\t\t<input type=\"checkbox\" value=\"content\"\r\n\t\t\t\t\t   aria-label=\"Search in content\"\r\n\t\t\t\t\t   name=\"asl_gen[]\"  checked=\"checked\"\/>\r\n\t\t\t\t<div class=\"asl_option_checkbox\"><\/div>\r\n\t\t\t<\/div>\r\n\t\t\t<div class=\"asl_option_label\">\r\n\t\t\t\tSearch in content\t\t\t<\/div>\r\n\t\t<\/div>\r\n\t\t<div class=\"asl_option_inner hiddend\">\r\n\t\t\t<input type=\"checkbox\" value=\"excerpt\"\r\n\t\t\t\t   aria-label=\"Search in excerpt\"\r\n\t\t\t\t   name=\"asl_gen[]\" \/>\r\n\t\t\t<div class=\"asl_option_checkbox\"><\/div>\r\n\t\t<\/div>\r\n\t<\/fieldset>\r\n\t<fieldset class=\"asl_sett_scroll\">\r\n\t\t<legend style=\"display: none;\">Post Type Selectors<\/legend>\r\n\t\t\t\t\t<div class=\"asl_option_inner hiddend\">\r\n\t\t\t\t<input type=\"checkbox\" value=\"page\"\r\n\t\t\t\t\t   aria-label=\"Hidden option, ignore please\"\r\n\t\t\t\t\t   name=\"customset[]\" checked=\"checked\"\/>\r\n\t\t\t<\/div>\r\n\t\t\t\t<\/fieldset>\r\n\t<\/form>\r\n\t<\/div>\r\n<\/div><\/div>\n\t\t\t\t<\/div>\n\t\t\t\t<\/div>\n\t\t\t\t<div class=\"elementor-element elementor-element-ba689fd elementor-widget elementor-widget-heading\" data-id=\"ba689fd\" data-element_type=\"widget\" data-widget_type=\"heading.default\">\n\t\t\t\t<div class=\"elementor-widget-container\">\n\t\t\t<style>\/*! elementor - v3.13.2 - 11-05-2023 *\/\n.elementor-heading-title{padding:0;margin:0;line-height:1}.elementor-widget-heading .elementor-heading-title[class*=elementor-size-]>a{color:inherit;font-size:inherit;line-height:inherit}.elementor-widget-heading .elementor-heading-title.elementor-size-small{font-size:15px}.elementor-widget-heading .elementor-heading-title.elementor-size-medium{font-size:19px}.elementor-widget-heading .elementor-heading-title.elementor-size-large{font-size:29px}.elementor-widget-heading .elementor-heading-title.elementor-size-xl{font-size:39px}.elementor-widget-heading .elementor-heading-title.elementor-size-xxl{font-size:59px}<\/style><h2 class=\"elementor-heading-title elementor-size-default\"><a href=\"\/2023\/acesse-os-paineis\/\">\u2190 Voltar ao menu dos pain\u00e9is<\/a><\/h2>\t\t<\/div>\n\t\t\t\t<\/div>\n\t\t\t\t<\/div>\n\t\t<div class=\"elementor-element elementor-element-e85f456 e-con-full e-flex e-con\" data-id=\"e85f456\" data-element_type=\"container\" data-settings=\"{&quot;content_width&quot;:&quot;full&quot;}\">\n\t\t\t\t<\/div>\n\t\t\t\t<\/div>\n\t\t<div class=\"elementor-element elementor-element-a3c4b1b e-con-full e-flex e-con\" data-id=\"a3c4b1b\" data-element_type=\"container\" data-settings=\"{&quot;content_width&quot;:&quot;full&quot;,&quot;background_background&quot;:&quot;classic&quot;}\">\n\t\t<div class=\"elementor-element elementor-element-284b0e7 e-con-full e-flex e-con\" data-id=\"284b0e7\" data-element_type=\"container\" data-settings=\"{&quot;content_width&quot;:&quot;full&quot;}\">\n\t\t\t\t<\/div>\n\t\t<div class=\"elementor-element elementor-element-4671679 e-con-full e-flex e-con\" data-id=\"4671679\" data-element_type=\"container\" data-settings=\"{&quot;content_width&quot;:&quot;full&quot;,&quot;background_background&quot;:&quot;classic&quot;}\">\n\t\t\t\t<div class=\"elementor-element elementor-element-a1fa079 elementor-widget elementor-widget-heading\" data-id=\"a1fa079\" data-element_type=\"widget\" data-widget_type=\"heading.default\">\n\t\t\t\t<div class=\"elementor-widget-container\">\n\t\t\t<h2 class=\"elementor-heading-title elementor-size-default\">Neodent - Pesquisa<\/h2>\t\t<\/div>\n\t\t\t\t<\/div>\n\t\t\t\t<div class=\"elementor-element elementor-element-2991ad9 elementor-widget elementor-widget-text-editor\" data-id=\"2991ad9\" data-element_type=\"widget\" data-widget_type=\"text-editor.default\">\n\t\t\t\t<div class=\"elementor-widget-container\">\n\t\t\t<style>\/*! elementor - v3.13.2 - 11-05-2023 *\/\n.elementor-widget-text-editor.elementor-drop-cap-view-stacked .elementor-drop-cap{background-color:#69727d;color:#fff}.elementor-widget-text-editor.elementor-drop-cap-view-framed .elementor-drop-cap{color:#69727d;border:3px solid;background-color:transparent}.elementor-widget-text-editor:not(.elementor-drop-cap-view-default) .elementor-drop-cap{margin-top:8px}.elementor-widget-text-editor:not(.elementor-drop-cap-view-default) .elementor-drop-cap-letter{width:1em;height:1em}.elementor-widget-text-editor .elementor-drop-cap{float:left;text-align:center;line-height:1;font-size:50px}.elementor-widget-text-editor .elementor-drop-cap-letter{display:inline-block}<\/style>\t\t\t\t<p><span style=\"color: #ffffff;\"><a style=\"color: #ffffff;\" href=\"\/2023\/estabilidade-dos-implantes-em-biomateriais-xenogenos-e-sinteticos-e-areas-previamente-enxertadas\/\"><strong>ID:<\/strong> 1108837 \u2013 Estabilidade dos implantes em biomateriais xen\u00f3genos e sint\u00e9ticos e \u00e1reas previamente enxertadas<\/a><\/span><\/p><p><span style=\"color: #ffffff;\"><a style=\"color: #ffffff;\" href=\"\/2023\/inteligencia-artificial-nas-pesquisas-em-odontologia-revisao-de-literatura\/\"><strong>ID:<\/strong> 1108948 &#8211; Intelig\u00eancia artificial nas pesquisas em odontologia \u2013 revis\u00e3o de literatura<\/a><\/span><\/p><p><span style=\"color: #ffffff;\"><a style=\"color: #ffffff;\" href=\"\/2023\/efeito-da-espessura-da-ceramica-na-atenuacao-de-luz-grau-de-conversao-dureza-knoop-e-modulo-de-elasticidade-de-quatro-materiais-de-cimentacao\/\"><strong>ID:<\/strong> 1108846 &#8211; Efeito da espessura da cer\u00e2mica na atenua\u00e7\u00e3o de luz, grau de convers\u00e3o, dureza Knoop e m\u00f3dulo de elasticidade de quatro materiais de cimenta\u00e7\u00e3o<\/a><\/span><\/p><p><span style=\"color: #ffffff;\"><a style=\"color: #ffffff;\" href=\"\/2023\/avaliacao-da-incidencia-de-sinusite-associada-a-implantes-ancorados-no-osso-zigomatico-revisao-sistematica\/\"><strong>ID:<\/strong> 1108853 &#8211; Avalia\u00e7\u00e3o da Incid\u00eancia de Sinusite Associada a Implantes Ancorados no Osso Zigom\u00e1tico- Revis\u00e3o Sistem\u00e1tica<\/a><\/span><\/p><p><span style=\"color: #ffffff;\"><a style=\"color: #ffffff;\" href=\"\/2023\/avaliacao-histologica-e-micro-ct-de-implantes-helix-grand-morse-estudo-preliminar-em-cao\/\"><strong>ID:<\/strong> 1108935 &#8211; Avalia\u00e7\u00e3o histol\u00f3gica e micro-CT de implantes Helix Grand Morse: Estudo preliminar em c\u00e3o<\/a><\/span><\/p>\t\t\t\t\t\t<\/div>\n\t\t\t\t<\/div>\n\t\t\t\t<\/div>\n\t\t<div class=\"elementor-element elementor-element-4d7eb38 e-con-full e-flex e-con\" data-id=\"4d7eb38\" data-element_type=\"container\" data-settings=\"{&quot;content_width&quot;:&quot;full&quot;}\">\n\t\t\t\t<\/div>\n\t\t\t\t<\/div>\n\t\t\t\t\t\t\t<\/div>\n\t\t","protected":false},"excerpt":{"rendered":"<p>\u2190 Voltar ao menu dos pain\u00e9is Neodent &#8211; Pesquisa ID: 1108837 \u2013 Estabilidade dos implantes em biomateriais xen\u00f3genos e sint\u00e9ticos e \u00e1reas previamente enxertadas ID: 1108948<span class=\"excerpt-hellip\"> [\u2026]<\/span><\/p>\n","protected":false},"author":1,"featured_media":0,"parent":0,"menu_order":0,"comment_status":"closed","ping_status":"closed","template":"","meta":[],"_links":{"self":[{"href":"https:\/\/anaisneodentcongress.com.br\/2023\/wp-json\/wp\/v2\/pages\/921"}],"collection":[{"href":"https:\/\/anaisneodentcongress.com.br\/2023\/wp-json\/wp\/v2\/pages"}],"about":[{"href":"https:\/\/anaisneodentcongress.com.br\/2023\/wp-json\/wp\/v2\/types\/page"}],"author":[{"embeddable":true,"href":"https:\/\/anaisneodentcongress.com.br\/2023\/wp-json\/wp\/v2\/users\/1"}],"replies":[{"embeddable":true,"href":"https:\/\/anaisneodentcongress.com.br\/2023\/wp-json\/wp\/v2\/comments?post=921"}],"version-history":[{"count":25,"href":"https:\/\/anaisneodentcongress.com.br\/2023\/wp-json\/wp\/v2\/pages\/921\/revisions"}],"predecessor-version":[{"id":1735,"href":"https:\/\/anaisneodentcongress.com.br\/2023\/wp-json\/wp\/v2\/pages\/921\/revisions\/1735"}],"wp:attachment":[{"href":"https:\/\/anaisneodentcongress.com.br\/2023\/wp-json\/wp\/v2\/media?parent=921"}],"curies":[{"name":"wp","href":"https:\/\/api.w.org\/{rel}","templated":true}]}}