{"id":888,"date":"2023-05-12T15:26:46","date_gmt":"2023-05-12T18:26:46","guid":{"rendered":"https:\/\/anaisneodentcongress.com.br\/2023\/?page_id=888"},"modified":"2023-05-17T16:44:41","modified_gmt":"2023-05-17T19:44:41","slug":"analise-das-estruturas-geometricas-anti-rotacionais-conexao-chave-parafuso-de-componentes-proteticos-estudo-in-vitro","status":"publish","type":"page","link":"https:\/\/anaisneodentcongress.com.br\/2023\/analise-das-estruturas-geometricas-anti-rotacionais-conexao-chave-parafuso-de-componentes-proteticos-estudo-in-vitro\/","title":{"rendered":"An\u00e1lise das estruturas geom\u00e9tricas anti rotacionais: conex\u00e3o chave\/parafuso de componentes prot\u00e9ticos. Estudo in vitro"},"content":{"rendered":"\t\t<div data-elementor-type=\"wp-page\" data-elementor-id=\"888\" class=\"elementor elementor-888\">\n\t\t\t\t\t\t\t<div class=\"elementor-element elementor-element-38c5cf14 e-con-full e-flex e-con\" data-id=\"38c5cf14\" data-element_type=\"container\" data-settings=\"{&quot;content_width&quot;:&quot;full&quot;,&quot;background_background&quot;:&quot;classic&quot;}\">\n\t\t<div class=\"elementor-element elementor-element-68c60db9 e-con-full e-flex e-con\" data-id=\"68c60db9\" data-element_type=\"container\" data-settings=\"{&quot;content_width&quot;:&quot;full&quot;}\">\n\t\t\t\t<\/div>\n\t\t<div class=\"elementor-element elementor-element-3dd62d5a e-con-full e-flex e-con\" data-id=\"3dd62d5a\" data-element_type=\"container\" data-settings=\"{&quot;content_width&quot;:&quot;full&quot;,&quot;background_background&quot;:&quot;classic&quot;}\">\n\t\t<div class=\"elementor-element elementor-element-1e5322e1 e-con-boxed e-flex e-con\" data-id=\"1e5322e1\" data-element_type=\"container\" data-settings=\"{&quot;content_width&quot;:&quot;boxed&quot;}\">\n\t\t\t\t\t<div class=\"e-con-inner\">\n\t\t\t\t<div class=\"elementor-element elementor-element-73003726 elementor-widget elementor-widget-heading\" data-id=\"73003726\" data-element_type=\"widget\" data-widget_type=\"heading.default\">\n\t\t\t\t<div class=\"elementor-widget-container\">\n\t\t\t<style>\/*! elementor - v3.13.2 - 11-05-2023 *\/\n.elementor-heading-title{padding:0;margin:0;line-height:1}.elementor-widget-heading .elementor-heading-title[class*=elementor-size-]>a{color:inherit;font-size:inherit;line-height:inherit}.elementor-widget-heading .elementor-heading-title.elementor-size-small{font-size:15px}.elementor-widget-heading .elementor-heading-title.elementor-size-medium{font-size:19px}.elementor-widget-heading .elementor-heading-title.elementor-size-large{font-size:29px}.elementor-widget-heading .elementor-heading-title.elementor-size-xl{font-size:39px}.elementor-widget-heading .elementor-heading-title.elementor-size-xxl{font-size:59px}<\/style><h2 class=\"elementor-heading-title elementor-size-default\"><a href=\"\/2023\/menu-neodent-expertise\/\">Menu<\/a><\/h2>\t\t<\/div>\n\t\t\t\t<\/div>\n\t\t\t\t<div class=\"elementor-element elementor-element-37af6a57 elementor-widget elementor-widget-heading\" data-id=\"37af6a57\" data-element_type=\"widget\" data-widget_type=\"heading.default\">\n\t\t\t\t<div class=\"elementor-widget-container\">\n\t\t\t<h2 class=\"elementor-heading-title elementor-size-default\"><a href=\"\/2023\/menu-neodent-expertise\/\">Neodent, Expertise<\/a><\/h2>\t\t<\/div>\n\t\t\t\t<\/div>\n\t\t\t\t\t<\/div>\n\t\t\t\t<\/div>\n\t\t<div class=\"elementor-element elementor-element-7fa0bf08 e-con-boxed e-flex e-con\" data-id=\"7fa0bf08\" data-element_type=\"container\" data-settings=\"{&quot;content_width&quot;:&quot;boxed&quot;}\">\n\t\t\t\t\t<div class=\"e-con-inner\">\n\t\t\t\t<div class=\"elementor-element elementor-element-223d1ab elementor-widget elementor-widget-heading\" data-id=\"223d1ab\" data-element_type=\"widget\" data-widget_type=\"heading.default\">\n\t\t\t\t<div class=\"elementor-widget-container\">\n\t\t\t<h2 class=\"elementor-heading-title elementor-size-default\">An\u00e1lise das estruturas geom\u00e9tricas anti rotacionais: conex\u00e3o chave\/parafuso de componentes prot\u00e9ticos. Estudo in vitro<\/h2>\t\t<\/div>\n\t\t\t\t<\/div>\n\t\t\t\t\t<\/div>\n\t\t\t\t<\/div>\n\t\t\t\t<div class=\"elementor-element elementor-element-6bc9653d elementor-widget elementor-widget-text-editor\" data-id=\"6bc9653d\" data-element_type=\"widget\" data-widget_type=\"text-editor.default\">\n\t\t\t\t<div class=\"elementor-widget-container\">\n\t\t\t<style>\/*! elementor - v3.13.2 - 11-05-2023 *\/\n.elementor-widget-text-editor.elementor-drop-cap-view-stacked .elementor-drop-cap{background-color:#69727d;color:#fff}.elementor-widget-text-editor.elementor-drop-cap-view-framed .elementor-drop-cap{color:#69727d;border:3px solid;background-color:transparent}.elementor-widget-text-editor:not(.elementor-drop-cap-view-default) .elementor-drop-cap{margin-top:8px}.elementor-widget-text-editor:not(.elementor-drop-cap-view-default) .elementor-drop-cap-letter{width:1em;height:1em}.elementor-widget-text-editor .elementor-drop-cap{float:left;text-align:center;line-height:1;font-size:50px}.elementor-widget-text-editor .elementor-drop-cap-letter{display:inline-block}<\/style>\t\t\t\t<p><span style=\"color: #e8307c;\"><strong>ID Trabalho:<\/strong> 1108928<\/span><\/p><p><strong>Autores: <\/strong>Rafael Demeterco\u00a0 Reggiani (ILAPEO &#8211; Curitiba &#8211; PR &#8211; Brasil)<\/p><p><strong>Institui\u00e7\u00f5es dos autores:<\/strong> ILAPEO &#8211; Curitiba &#8211; PR &#8211; Brasil<\/p><p><strong>Introdu\u00e7\u00e3o: <\/strong>Para o sucesso de um tratamento na implantodontia, o parafuso prot\u00e9tico \u00e9 de fundamental import\u00e2ncia.<\/p><p><strong>Objetivos: <\/strong>Avaliar geometrias internas do topo de parafusos prot\u00e9ticos NEO e hexagonais, de componentes de implantes com conex\u00f5es c\u00f4nicas, segundo a deforma\u00e7\u00e3o destes sobre tens\u00e3o em ensaios mec\u00e2nicos est\u00e1ticos e c\u00edclicos.<\/p><p><strong>Material e m\u00e9todos: <\/strong>Dois ensaios utilizando materiais NEODENT ( Neodent, Curitiba, Brasil).O primeiro ensaio foi mec\u00e2nico est\u00e1tico comparativo entre dois grupos, utilizando torque m\u00e1ximo at\u00e9 o espanamento, onde no grupo 1 foram utilizados dez munh\u00f5es com parafuso passante NEO e no grupo 2 foram utilizados dez munh\u00f5es com parafuso passante de geometria hexagonal 0,9 mm. O segundo ensaio, c\u00edclico de torque e destorque onde uma leitura de liberdade rotacional foi realizada. O grupo A utilizou 20 munh\u00f5es de parafuso passante NEO; divididos em subgrupos de 15 e 30 torques\/destorques, respectivamente A1 e A2.\u00a0 O grupo B utilizou 20 munh\u00f5es com parafuso passante de geometria hexagonal 0,9 mm; divididos em subgrupos de 15 e 30 torques\/destorques, respectivamente B1 e B2.<\/p><p><strong>Resultados: <\/strong>O estudo mec\u00e2nico est\u00e1tico obteve como resultados; no grupo 01 a m\u00e9dia de torque m\u00e1ximo de 57,1 N.cm e 26,1 N.cm no grupo 02. No estudo mec\u00e2nico c\u00edclico de torque\/destorque o grupo A1 obteve uma diferen\u00e7a de liberdade rotacional de 8,15%, e 46,5% do grupo B1. J\u00e1 no grupo A2 encontrou-se uma diferen\u00e7a de 8,38% e 53,8% do grupo B2.<\/p><p><strong>Conclus\u00e3o: <\/strong>Considerando as limita\u00e7\u00f5es deste estudo, o parafuso hexagonal 0,9 mm mostrou-se mais suscept\u00edvel ao espanamento e deforma\u00e7\u00f5es nos ensaios mec\u00e2nico e c\u00edclico.<\/p><p><strong>Palavras chave: <\/strong>Implantes Dent\u00e1rios , torque, pr\u00f3tese dent\u00e1ria fixada por implante.<\/p><p><strong>N\u00famero do protocolo de pesquisa: \u00a0&#8211; <\/strong><\/p>\t\t\t\t\t\t<\/div>\n\t\t\t\t<\/div>\n\t\t\t\t<div class=\"elementor-element elementor-element-1db170f1 elementor-widget elementor-widget-shortcode\" data-id=\"1db170f1\" data-element_type=\"widget\" data-widget_type=\"shortcode.default\">\n\t\t\t\t<div class=\"elementor-widget-container\">\n\t\t\t\t\t<div class=\"elementor-shortcode\"><a href=\"javascript:history.back(1)\" target=\"_self\"><img decoding=\"async\" src=\"..\/wp-content\/uploads\/2023\/05\/bot-voltar.png\" widht=\"103\" height=\"28\" border=\"0\"><\/a> <\/div>\n\t\t\t\t<\/div>\n\t\t\t\t<\/div>\n\t\t\t\t<\/div>\n\t\t<div class=\"elementor-element elementor-element-e33bac8 e-con-full e-flex e-con\" data-id=\"e33bac8\" data-element_type=\"container\" data-settings=\"{&quot;content_width&quot;:&quot;full&quot;}\">\n\t\t\t\t<\/div>\n\t\t\t\t<\/div>\n\t\t\t\t\t\t\t<\/div>\n\t\t","protected":false},"excerpt":{"rendered":"<p>Menu Neodent, Expertise An\u00e1lise das estruturas geom\u00e9tricas anti rotacionais: conex\u00e3o chave\/parafuso de componentes prot\u00e9ticos. Estudo in vitro ID Trabalho: 1108928 Autores: Rafael Demeterco\u00a0 Reggiani (ILAPEO &#8211;<span class=\"excerpt-hellip\"> [\u2026]<\/span><\/p>\n","protected":false},"author":1,"featured_media":0,"parent":0,"menu_order":0,"comment_status":"closed","ping_status":"closed","template":"","meta":[],"_links":{"self":[{"href":"https:\/\/anaisneodentcongress.com.br\/2023\/wp-json\/wp\/v2\/pages\/888"}],"collection":[{"href":"https:\/\/anaisneodentcongress.com.br\/2023\/wp-json\/wp\/v2\/pages"}],"about":[{"href":"https:\/\/anaisneodentcongress.com.br\/2023\/wp-json\/wp\/v2\/types\/page"}],"author":[{"embeddable":true,"href":"https:\/\/anaisneodentcongress.com.br\/2023\/wp-json\/wp\/v2\/users\/1"}],"replies":[{"embeddable":true,"href":"https:\/\/anaisneodentcongress.com.br\/2023\/wp-json\/wp\/v2\/comments?post=888"}],"version-history":[{"count":10,"href":"https:\/\/anaisneodentcongress.com.br\/2023\/wp-json\/wp\/v2\/pages\/888\/revisions"}],"predecessor-version":[{"id":1560,"href":"https:\/\/anaisneodentcongress.com.br\/2023\/wp-json\/wp\/v2\/pages\/888\/revisions\/1560"}],"wp:attachment":[{"href":"https:\/\/anaisneodentcongress.com.br\/2023\/wp-json\/wp\/v2\/media?parent=888"}],"curies":[{"name":"wp","href":"https:\/\/api.w.org\/{rel}","templated":true}]}}