{"id":876,"date":"2023-05-12T15:24:46","date_gmt":"2023-05-12T18:24:46","guid":{"rendered":"https:\/\/anaisneodentcongress.com.br\/2023\/?page_id=876"},"modified":"2023-05-17T16:56:52","modified_gmt":"2023-05-17T19:56:52","slug":"comportamento-mecanico-de-implantes-narrowgm-estudo-laboratorial","status":"publish","type":"page","link":"https:\/\/anaisneodentcongress.com.br\/2023\/comportamento-mecanico-de-implantes-narrowgm-estudo-laboratorial\/","title":{"rendered":"Comportamento mec\u00e2nico de implantes NarrowGM \u2013 estudo laboratorial"},"content":{"rendered":"\t\t<div data-elementor-type=\"wp-page\" data-elementor-id=\"876\" class=\"elementor elementor-876\">\n\t\t\t\t\t\t\t<div class=\"elementor-element elementor-element-68a4ce6d e-con-full e-flex e-con\" data-id=\"68a4ce6d\" data-element_type=\"container\" data-settings=\"{&quot;content_width&quot;:&quot;full&quot;,&quot;background_background&quot;:&quot;classic&quot;}\">\n\t\t<div class=\"elementor-element elementor-element-73ccc03f e-con-full e-flex e-con\" data-id=\"73ccc03f\" data-element_type=\"container\" data-settings=\"{&quot;content_width&quot;:&quot;full&quot;}\">\n\t\t\t\t<\/div>\n\t\t<div class=\"elementor-element elementor-element-6acaf91a e-con-full e-flex e-con\" data-id=\"6acaf91a\" data-element_type=\"container\" data-settings=\"{&quot;content_width&quot;:&quot;full&quot;,&quot;background_background&quot;:&quot;classic&quot;}\">\n\t\t<div class=\"elementor-element elementor-element-4ad28056 e-con-boxed e-flex e-con\" data-id=\"4ad28056\" data-element_type=\"container\" data-settings=\"{&quot;content_width&quot;:&quot;boxed&quot;}\">\n\t\t\t\t\t<div class=\"e-con-inner\">\n\t\t\t\t<div class=\"elementor-element elementor-element-2423035 elementor-widget elementor-widget-heading\" data-id=\"2423035\" data-element_type=\"widget\" data-widget_type=\"heading.default\">\n\t\t\t\t<div class=\"elementor-widget-container\">\n\t\t\t<style>\/*! elementor - v3.13.2 - 11-05-2023 *\/\n.elementor-heading-title{padding:0;margin:0;line-height:1}.elementor-widget-heading .elementor-heading-title[class*=elementor-size-]>a{color:inherit;font-size:inherit;line-height:inherit}.elementor-widget-heading .elementor-heading-title.elementor-size-small{font-size:15px}.elementor-widget-heading .elementor-heading-title.elementor-size-medium{font-size:19px}.elementor-widget-heading .elementor-heading-title.elementor-size-large{font-size:29px}.elementor-widget-heading .elementor-heading-title.elementor-size-xl{font-size:39px}.elementor-widget-heading .elementor-heading-title.elementor-size-xxl{font-size:59px}<\/style><h2 class=\"elementor-heading-title elementor-size-default\"><a href=\"\/2023\/menu-neodent-expertise\/\">Menu<\/a><\/h2>\t\t<\/div>\n\t\t\t\t<\/div>\n\t\t\t\t<div class=\"elementor-element elementor-element-44885eff elementor-widget elementor-widget-heading\" data-id=\"44885eff\" data-element_type=\"widget\" data-widget_type=\"heading.default\">\n\t\t\t\t<div class=\"elementor-widget-container\">\n\t\t\t<h2 class=\"elementor-heading-title elementor-size-default\"><a href=\"\/2023\/menu-neodent-expertise\/\">Neodent, Expertise<\/a><\/h2>\t\t<\/div>\n\t\t\t\t<\/div>\n\t\t\t\t\t<\/div>\n\t\t\t\t<\/div>\n\t\t<div class=\"elementor-element elementor-element-6ac0d810 e-con-boxed e-flex e-con\" data-id=\"6ac0d810\" data-element_type=\"container\" data-settings=\"{&quot;content_width&quot;:&quot;boxed&quot;}\">\n\t\t\t\t\t<div class=\"e-con-inner\">\n\t\t\t\t<div class=\"elementor-element elementor-element-7326071c elementor-widget elementor-widget-heading\" data-id=\"7326071c\" data-element_type=\"widget\" data-widget_type=\"heading.default\">\n\t\t\t\t<div class=\"elementor-widget-container\">\n\t\t\t<h2 class=\"elementor-heading-title elementor-size-default\">Comportamento mec\u00e2nico de implantes NarrowGM \u2013 estudo laboratorial<\/h2>\t\t<\/div>\n\t\t\t\t<\/div>\n\t\t\t\t\t<\/div>\n\t\t\t\t<\/div>\n\t\t\t\t<div class=\"elementor-element elementor-element-5f38a108 elementor-widget elementor-widget-text-editor\" data-id=\"5f38a108\" data-element_type=\"widget\" data-widget_type=\"text-editor.default\">\n\t\t\t\t<div class=\"elementor-widget-container\">\n\t\t\t<style>\/*! elementor - v3.13.2 - 11-05-2023 *\/\n.elementor-widget-text-editor.elementor-drop-cap-view-stacked .elementor-drop-cap{background-color:#69727d;color:#fff}.elementor-widget-text-editor.elementor-drop-cap-view-framed .elementor-drop-cap{color:#69727d;border:3px solid;background-color:transparent}.elementor-widget-text-editor:not(.elementor-drop-cap-view-default) .elementor-drop-cap{margin-top:8px}.elementor-widget-text-editor:not(.elementor-drop-cap-view-default) .elementor-drop-cap-letter{width:1em;height:1em}.elementor-widget-text-editor .elementor-drop-cap{float:left;text-align:center;line-height:1;font-size:50px}.elementor-widget-text-editor .elementor-drop-cap-letter{display:inline-block}<\/style>\t\t\t\t<p><span style=\"color: #e8307c;\"><strong>ID Trabalho:<\/strong> 1108890<\/span><\/p><p><strong>Autores: <\/strong>Karla\u00a0 Zancope (Universidade Federal de Uberl\u00e2ndia &#8211; Uberl\u00e2ndia &#8211; MG &#8211; Brasil)<\/p><p><strong>Institui\u00e7\u00f5es dos autores:<\/strong> Universidade Federal de Uberl\u00e2ndia &#8211; Uberl\u00e2ndia &#8211; MG &#8211; Brasil<\/p><p><strong>Introdu\u00e7\u00e3o: <\/strong>A Neodent, sempre preocupada em proporcionar seguran\u00e7a nas reabilita\u00e7\u00f5es, desenvolveu um implante de 2,9mm de di\u00e2metro, chamado Facility, mas com componentes prot\u00e9ticos presos sem parafusos, apenas por imbricamento mec\u00e2nico. O avan\u00e7o no desenvolvimento de novos dispositivos, permitiram a adequa\u00e7\u00e3o de implantes com o mesmo di\u00e2metro, por\u00e9m produzido em tit\u00e2nio grau IV, com parafuso prot\u00e9tico e interface GM, denominado NarrowGM.<\/p><p><strong>Objetivos: <\/strong>O objetivo desse estudo \u00e9 buscar entender o comportamento mec\u00e2nico do sistema pilar\/implante Narrow GM.<\/p><p><strong>Material e m\u00e9todos: <\/strong>V\u00e1rias metodologias foram utilizadas: teste de resist\u00eancia a fratura, fractografia, ciclagem termomec\u00e2nica e extensometria. Os testes foram realizados na Todas as metodologias utilizaram N=10.<\/p><p><strong>Resultados: <\/strong>Os testes realizados demonstraram um aumento significativo da performance do sistema pilar\/implante NarrowGM, quando comparado ao sistema Facility. A resist\u00eancia a fratura foi de XX a XX, respectivamente. Mesmo ap\u00f3s a 1.800.000 ciclos a 2Hz, os pilares n\u00e3o se soltaram, demonstrando uma seguran\u00e7a prot\u00e9tica da interface GM, diminuindo complica\u00e7\u00f5es prot\u00e9ticas.<\/p><p><strong>Conclus\u00e3o: <\/strong>Desta forma, podemos concluir que houve uma melhora significativa no sistema pilar\/implante, considerando todas as altera\u00e7\u00f5es propostas no novo implante NarrowGM.<\/p><p><strong>Palavras chave: <\/strong>implante ultra estreito; comportamento mec\u00e2nico; sistema pilar\/implante<\/p><p><strong>N\u00famero do protocolo de pesquisa: \u00a0&#8211; <\/strong><\/p>\t\t\t\t\t\t<\/div>\n\t\t\t\t<\/div>\n\t\t\t\t<div class=\"elementor-element elementor-element-57b2adbb elementor-widget elementor-widget-shortcode\" data-id=\"57b2adbb\" data-element_type=\"widget\" data-widget_type=\"shortcode.default\">\n\t\t\t\t<div class=\"elementor-widget-container\">\n\t\t\t\t\t<div class=\"elementor-shortcode\"><a href=\"javascript:history.back(1)\" target=\"_self\"><img decoding=\"async\" src=\"..\/wp-content\/uploads\/2023\/05\/bot-voltar.png\" widht=\"103\" height=\"28\" border=\"0\"><\/a> <\/div>\n\t\t\t\t<\/div>\n\t\t\t\t<\/div>\n\t\t\t\t<\/div>\n\t\t<div class=\"elementor-element elementor-element-7aa3caf8 e-con-full e-flex e-con\" data-id=\"7aa3caf8\" data-element_type=\"container\" data-settings=\"{&quot;content_width&quot;:&quot;full&quot;}\">\n\t\t\t\t<\/div>\n\t\t\t\t<\/div>\n\t\t\t\t\t\t\t<\/div>\n\t\t","protected":false},"excerpt":{"rendered":"<p>Menu Neodent, Expertise Comportamento mec\u00e2nico de implantes NarrowGM \u2013 estudo laboratorial ID Trabalho: 1108890 Autores: Karla\u00a0 Zancope (Universidade Federal de Uberl\u00e2ndia &#8211; Uberl\u00e2ndia &#8211; MG &#8211;<span class=\"excerpt-hellip\"> [\u2026]<\/span><\/p>\n","protected":false},"author":1,"featured_media":0,"parent":0,"menu_order":0,"comment_status":"closed","ping_status":"closed","template":"","meta":[],"_links":{"self":[{"href":"https:\/\/anaisneodentcongress.com.br\/2023\/wp-json\/wp\/v2\/pages\/876"}],"collection":[{"href":"https:\/\/anaisneodentcongress.com.br\/2023\/wp-json\/wp\/v2\/pages"}],"about":[{"href":"https:\/\/anaisneodentcongress.com.br\/2023\/wp-json\/wp\/v2\/types\/page"}],"author":[{"embeddable":true,"href":"https:\/\/anaisneodentcongress.com.br\/2023\/wp-json\/wp\/v2\/users\/1"}],"replies":[{"embeddable":true,"href":"https:\/\/anaisneodentcongress.com.br\/2023\/wp-json\/wp\/v2\/comments?post=876"}],"version-history":[{"count":10,"href":"https:\/\/anaisneodentcongress.com.br\/2023\/wp-json\/wp\/v2\/pages\/876\/revisions"}],"predecessor-version":[{"id":1599,"href":"https:\/\/anaisneodentcongress.com.br\/2023\/wp-json\/wp\/v2\/pages\/876\/revisions\/1599"}],"wp:attachment":[{"href":"https:\/\/anaisneodentcongress.com.br\/2023\/wp-json\/wp\/v2\/media?parent=876"}],"curies":[{"name":"wp","href":"https:\/\/api.w.org\/{rel}","templated":true}]}}