{"id":867,"date":"2023-05-12T15:19:14","date_gmt":"2023-05-12T18:19:14","guid":{"rendered":"https:\/\/anaisneodentcongress.com.br\/2023\/?page_id=867"},"modified":"2023-05-17T16:51:09","modified_gmt":"2023-05-17T19:51:09","slug":"avaliacao-da-incidencia-de-sinusite-associada-a-implantes-ancorados-no-osso-zigomatico-revisao-sistematica","status":"publish","type":"page","link":"https:\/\/anaisneodentcongress.com.br\/2023\/avaliacao-da-incidencia-de-sinusite-associada-a-implantes-ancorados-no-osso-zigomatico-revisao-sistematica\/","title":{"rendered":"Avalia\u00e7\u00e3o da incid\u00eancia de sinusite associada a implantes ancorados no osso zigom\u00e1tico- Revis\u00e3o sistem\u00e1tica"},"content":{"rendered":"\t\t<div data-elementor-type=\"wp-page\" data-elementor-id=\"867\" class=\"elementor elementor-867\">\n\t\t\t\t\t\t\t<div class=\"elementor-element elementor-element-4e28773b e-con-full e-flex e-con\" data-id=\"4e28773b\" data-element_type=\"container\" data-settings=\"{&quot;content_width&quot;:&quot;full&quot;,&quot;background_background&quot;:&quot;classic&quot;}\">\n\t\t<div class=\"elementor-element elementor-element-2b9c5757 e-con-full e-flex e-con\" data-id=\"2b9c5757\" data-element_type=\"container\" data-settings=\"{&quot;content_width&quot;:&quot;full&quot;}\">\n\t\t\t\t<\/div>\n\t\t<div class=\"elementor-element elementor-element-534084db e-con-full e-flex e-con\" data-id=\"534084db\" data-element_type=\"container\" data-settings=\"{&quot;content_width&quot;:&quot;full&quot;,&quot;background_background&quot;:&quot;classic&quot;}\">\n\t\t<div class=\"elementor-element elementor-element-5b05ccba e-con-boxed e-flex e-con\" data-id=\"5b05ccba\" data-element_type=\"container\" data-settings=\"{&quot;content_width&quot;:&quot;boxed&quot;}\">\n\t\t\t\t\t<div class=\"e-con-inner\">\n\t\t\t\t<div class=\"elementor-element elementor-element-763746ea elementor-widget elementor-widget-heading\" data-id=\"763746ea\" data-element_type=\"widget\" data-widget_type=\"heading.default\">\n\t\t\t\t<div class=\"elementor-widget-container\">\n\t\t\t<style>\/*! elementor - v3.13.2 - 11-05-2023 *\/\n.elementor-heading-title{padding:0;margin:0;line-height:1}.elementor-widget-heading .elementor-heading-title[class*=elementor-size-]>a{color:inherit;font-size:inherit;line-height:inherit}.elementor-widget-heading .elementor-heading-title.elementor-size-small{font-size:15px}.elementor-widget-heading .elementor-heading-title.elementor-size-medium{font-size:19px}.elementor-widget-heading .elementor-heading-title.elementor-size-large{font-size:29px}.elementor-widget-heading .elementor-heading-title.elementor-size-xl{font-size:39px}.elementor-widget-heading .elementor-heading-title.elementor-size-xxl{font-size:59px}<\/style><h2 class=\"elementor-heading-title elementor-size-default\"><a href=\"\/2023\/menu-neodent-pesquisa\/\">Menu<\/a><\/h2>\t\t<\/div>\n\t\t\t\t<\/div>\n\t\t\t\t<div class=\"elementor-element elementor-element-16c7f7f2 elementor-widget elementor-widget-heading\" data-id=\"16c7f7f2\" data-element_type=\"widget\" data-widget_type=\"heading.default\">\n\t\t\t\t<div class=\"elementor-widget-container\">\n\t\t\t<h2 class=\"elementor-heading-title elementor-size-default\"><a href=\"\/2023\/menu-neodent-pesquisa\/\">Neodent, Pesquisa<\/a><\/h2>\t\t<\/div>\n\t\t\t\t<\/div>\n\t\t\t\t\t<\/div>\n\t\t\t\t<\/div>\n\t\t<div class=\"elementor-element elementor-element-2383d401 e-con-boxed e-flex e-con\" data-id=\"2383d401\" data-element_type=\"container\" data-settings=\"{&quot;content_width&quot;:&quot;boxed&quot;}\">\n\t\t\t\t\t<div class=\"e-con-inner\">\n\t\t\t\t<div class=\"elementor-element elementor-element-5c4016f9 elementor-widget elementor-widget-heading\" data-id=\"5c4016f9\" data-element_type=\"widget\" data-widget_type=\"heading.default\">\n\t\t\t\t<div class=\"elementor-widget-container\">\n\t\t\t<h2 class=\"elementor-heading-title elementor-size-default\">Avalia\u00e7\u00e3o da Incid\u00eancia de Sinusite Associada a Implantes Ancorados no Osso Zigom\u00e1tico- Revis\u00e3o Sistem\u00e1tica<\/h2>\t\t<\/div>\n\t\t\t\t<\/div>\n\t\t\t\t\t<\/div>\n\t\t\t\t<\/div>\n\t\t\t\t<div class=\"elementor-element elementor-element-4c5f8cc7 elementor-widget elementor-widget-text-editor\" data-id=\"4c5f8cc7\" data-element_type=\"widget\" data-widget_type=\"text-editor.default\">\n\t\t\t\t<div class=\"elementor-widget-container\">\n\t\t\t<style>\/*! elementor - v3.13.2 - 11-05-2023 *\/\n.elementor-widget-text-editor.elementor-drop-cap-view-stacked .elementor-drop-cap{background-color:#69727d;color:#fff}.elementor-widget-text-editor.elementor-drop-cap-view-framed .elementor-drop-cap{color:#69727d;border:3px solid;background-color:transparent}.elementor-widget-text-editor:not(.elementor-drop-cap-view-default) .elementor-drop-cap{margin-top:8px}.elementor-widget-text-editor:not(.elementor-drop-cap-view-default) .elementor-drop-cap-letter{width:1em;height:1em}.elementor-widget-text-editor .elementor-drop-cap{float:left;text-align:center;line-height:1;font-size:50px}.elementor-widget-text-editor .elementor-drop-cap-letter{display:inline-block}<\/style>\t\t\t\t<p><span style=\"color: #e8307c;\"><strong>ID Trabalho:<\/strong> 1108853<\/span><\/p><p><strong>Autores: <\/strong>Erton Massamitsu MIYASAWA (FACULDADE ILAPEO &#8211; CURITIBA &#8211; PR &#8211; Brasil)<\/p><p><strong>Institui\u00e7\u00f5es dos autores:<\/strong> FACULDADE ILAPEO &#8211; CURITIBA &#8211; PR &#8211; Brasil<\/p><p><strong>Introdu\u00e7\u00e3o: <\/strong>A utiliza\u00e7\u00e3o de implantes zigom\u00e1ticos tem se tornado uma terapia cada vez mais acess\u00edvel para os pacientes que necessitam de reabilita\u00e7\u00e3o de maxila atr\u00f3fica, cuja qualidade e quantidade \u00f3ssea n\u00e3o permitem a instala\u00e7\u00e3o de implantes convencionais. Dentre as principais complica\u00e7\u00f5es relacionadas a instala\u00e7\u00e3o de implantes zigom\u00e1ticos a sinusite e as infec\u00e7\u00f5es sinusais s\u00e3o as mais relatadas.<\/p><p><strong>Objetivos: <\/strong>Este trabalho de revis\u00e3o sistem\u00e1tica avaliou um total de 25 artigos que foram publicados entre 2005 e 2019, incluindo um total de 2423 implantes zigom\u00e1ticos instalados em 1050 pacientes, com idades variando entre 48 e 63 anos, e teve como objetivo apresentar a incid\u00eancia da sinusite ap\u00f3s a instala\u00e7\u00e3o de implantes zigom\u00e1ticos.<\/p><p><strong>Material e m\u00e9todos: <\/strong>Este trabalho de revis\u00e3o sistem\u00e1tica avaliou um total de 25 artigos que foram publicados entre 2005 e 2019, incluindo um total de 2423 implantes zigom\u00e1ticos instalados em 1050 pacientes, com idades variando entre 48 e 63 anos<\/p><p><strong>Resultados: <\/strong>Nove estudos n\u00e3o apresentaram ocorr\u00eancia de sinusite e nos outros 16 artigos foram observados uma incid\u00eancia com variabilidade de 1,85% a 92,5%, sendo que a sua maior incid\u00eancia esteve relacionada principalmente com a t\u00e9cnica de instala\u00e7\u00e3o intrassinusal.<\/p><p><strong>Conclus\u00e3o: <\/strong>O presente estudo deve ser interpretado com cautela pois foi baseado principalmente em estudos observacionais com riscos cr\u00edticos de vieses. Portanto mais estudos controlados randomizados s\u00e3o necess\u00e1rios para melhor compreens\u00e3o.<\/p><p><strong>Palavras chave: <\/strong>Implante zigom\u00e1tico, Sinusite, Maxilas Atr\u00f3ficas, Revis\u00e3o Sistem\u00e1tica<\/p><p><strong>N\u00famero do protocolo de pesquisa: \u00a0&#8211; <\/strong><\/p>\t\t\t\t\t\t<\/div>\n\t\t\t\t<\/div>\n\t\t\t\t<div class=\"elementor-element elementor-element-7200dcbc elementor-widget elementor-widget-shortcode\" data-id=\"7200dcbc\" data-element_type=\"widget\" data-widget_type=\"shortcode.default\">\n\t\t\t\t<div class=\"elementor-widget-container\">\n\t\t\t\t\t<div class=\"elementor-shortcode\"><a href=\"javascript:history.back(1)\" target=\"_self\"><img decoding=\"async\" src=\"..\/wp-content\/uploads\/2023\/05\/bot-voltar.png\" widht=\"103\" height=\"28\" border=\"0\"><\/a> <\/div>\n\t\t\t\t<\/div>\n\t\t\t\t<\/div>\n\t\t\t\t<\/div>\n\t\t<div class=\"elementor-element elementor-element-23fa997 e-con-full e-flex e-con\" data-id=\"23fa997\" data-element_type=\"container\" data-settings=\"{&quot;content_width&quot;:&quot;full&quot;}\">\n\t\t\t\t<\/div>\n\t\t\t\t<\/div>\n\t\t\t\t\t\t\t<\/div>\n\t\t","protected":false},"excerpt":{"rendered":"<p>Menu Neodent, Pesquisa Avalia\u00e7\u00e3o da Incid\u00eancia de Sinusite Associada a Implantes Ancorados no Osso Zigom\u00e1tico- Revis\u00e3o Sistem\u00e1tica ID Trabalho: 1108853 Autores: Erton Massamitsu MIYASAWA (FACULDADE ILAPEO<span class=\"excerpt-hellip\"> [\u2026]<\/span><\/p>\n","protected":false},"author":1,"featured_media":0,"parent":0,"menu_order":0,"comment_status":"closed","ping_status":"closed","template":"","meta":[],"_links":{"self":[{"href":"https:\/\/anaisneodentcongress.com.br\/2023\/wp-json\/wp\/v2\/pages\/867"}],"collection":[{"href":"https:\/\/anaisneodentcongress.com.br\/2023\/wp-json\/wp\/v2\/pages"}],"about":[{"href":"https:\/\/anaisneodentcongress.com.br\/2023\/wp-json\/wp\/v2\/types\/page"}],"author":[{"embeddable":true,"href":"https:\/\/anaisneodentcongress.com.br\/2023\/wp-json\/wp\/v2\/users\/1"}],"replies":[{"embeddable":true,"href":"https:\/\/anaisneodentcongress.com.br\/2023\/wp-json\/wp\/v2\/comments?post=867"}],"version-history":[{"count":7,"href":"https:\/\/anaisneodentcongress.com.br\/2023\/wp-json\/wp\/v2\/pages\/867\/revisions"}],"predecessor-version":[{"id":1578,"href":"https:\/\/anaisneodentcongress.com.br\/2023\/wp-json\/wp\/v2\/pages\/867\/revisions\/1578"}],"wp:attachment":[{"href":"https:\/\/anaisneodentcongress.com.br\/2023\/wp-json\/wp\/v2\/media?parent=867"}],"curies":[{"name":"wp","href":"https:\/\/api.w.org\/{rel}","templated":true}]}}