{"id":843,"date":"2023-05-12T15:14:07","date_gmt":"2023-05-12T18:14:07","guid":{"rendered":"https:\/\/anaisneodentcongress.com.br\/2023\/?page_id=843"},"modified":"2023-05-17T16:44:00","modified_gmt":"2023-05-17T19:44:00","slug":"analise-comparativa-do-fluxo-digital-na-confeccao-de-protese-unitaria-implantossuportada-de-intermediario-unico-ou-nao","status":"publish","type":"page","link":"https:\/\/anaisneodentcongress.com.br\/2023\/analise-comparativa-do-fluxo-digital-na-confeccao-de-protese-unitaria-implantossuportada-de-intermediario-unico-ou-nao\/","title":{"rendered":"An\u00e1lise comparativa do fluxo digital na confec\u00e7\u00e3o de pr\u00f3tese unit\u00e1ria implantossuportada de intermedi\u00e1rio \u00fanico ou n\u00e3o"},"content":{"rendered":"\t\t<div data-elementor-type=\"wp-page\" data-elementor-id=\"843\" class=\"elementor elementor-843\">\n\t\t\t\t\t\t\t<div class=\"elementor-element elementor-element-57b73da9 e-con-full e-flex e-con\" data-id=\"57b73da9\" data-element_type=\"container\" data-settings=\"{&quot;content_width&quot;:&quot;full&quot;,&quot;background_background&quot;:&quot;classic&quot;}\">\n\t\t<div class=\"elementor-element elementor-element-32ca319 e-con-full e-flex e-con\" data-id=\"32ca319\" data-element_type=\"container\" data-settings=\"{&quot;content_width&quot;:&quot;full&quot;}\">\n\t\t\t\t<\/div>\n\t\t<div class=\"elementor-element elementor-element-7d8617b6 e-con-full e-flex e-con\" data-id=\"7d8617b6\" data-element_type=\"container\" data-settings=\"{&quot;content_width&quot;:&quot;full&quot;,&quot;background_background&quot;:&quot;classic&quot;}\">\n\t\t<div class=\"elementor-element elementor-element-1ec1d67 e-con-boxed e-flex e-con\" data-id=\"1ec1d67\" data-element_type=\"container\" data-settings=\"{&quot;content_width&quot;:&quot;boxed&quot;}\">\n\t\t\t\t\t<div class=\"e-con-inner\">\n\t\t\t\t<div class=\"elementor-element elementor-element-20250775 elementor-widget elementor-widget-heading\" data-id=\"20250775\" data-element_type=\"widget\" data-widget_type=\"heading.default\">\n\t\t\t\t<div class=\"elementor-widget-container\">\n\t\t\t<style>\/*! elementor - v3.13.2 - 11-05-2023 *\/\n.elementor-heading-title{padding:0;margin:0;line-height:1}.elementor-widget-heading .elementor-heading-title[class*=elementor-size-]>a{color:inherit;font-size:inherit;line-height:inherit}.elementor-widget-heading .elementor-heading-title.elementor-size-small{font-size:15px}.elementor-widget-heading .elementor-heading-title.elementor-size-medium{font-size:19px}.elementor-widget-heading .elementor-heading-title.elementor-size-large{font-size:29px}.elementor-widget-heading .elementor-heading-title.elementor-size-xl{font-size:39px}.elementor-widget-heading .elementor-heading-title.elementor-size-xxl{font-size:59px}<\/style><h2 class=\"elementor-heading-title elementor-size-default\"><a href=\"\/2023\/menu-neodent-expertise\/\">Menu<\/a><\/h2>\t\t<\/div>\n\t\t\t\t<\/div>\n\t\t\t\t<div class=\"elementor-element elementor-element-32dd27da elementor-widget elementor-widget-heading\" data-id=\"32dd27da\" data-element_type=\"widget\" data-widget_type=\"heading.default\">\n\t\t\t\t<div class=\"elementor-widget-container\">\n\t\t\t<h2 class=\"elementor-heading-title elementor-size-default\"><a href=\"\/2023\/menu-neodent-expertise\/\">Neodent, Expertise<\/a><\/h2>\t\t<\/div>\n\t\t\t\t<\/div>\n\t\t\t\t\t<\/div>\n\t\t\t\t<\/div>\n\t\t<div class=\"elementor-element elementor-element-40c51e25 e-con-boxed e-flex e-con\" data-id=\"40c51e25\" data-element_type=\"container\" data-settings=\"{&quot;content_width&quot;:&quot;boxed&quot;}\">\n\t\t\t\t\t<div class=\"e-con-inner\">\n\t\t\t\t<div class=\"elementor-element elementor-element-11c6b191 elementor-widget elementor-widget-heading\" data-id=\"11c6b191\" data-element_type=\"widget\" data-widget_type=\"heading.default\">\n\t\t\t\t<div class=\"elementor-widget-container\">\n\t\t\t<h2 class=\"elementor-heading-title elementor-size-default\">An\u00e1lise comparativa do fluxo digital na confec\u00e7\u00e3o de pr\u00f3tese unit\u00e1ria implantossuportada de intermedi\u00e1rio \u00fanico ou n\u00e3o<\/h2>\t\t<\/div>\n\t\t\t\t<\/div>\n\t\t\t\t\t<\/div>\n\t\t\t\t<\/div>\n\t\t\t\t<div class=\"elementor-element elementor-element-2e203275 elementor-widget elementor-widget-text-editor\" data-id=\"2e203275\" data-element_type=\"widget\" data-widget_type=\"text-editor.default\">\n\t\t\t\t<div class=\"elementor-widget-container\">\n\t\t\t<style>\/*! elementor - v3.13.2 - 11-05-2023 *\/\n.elementor-widget-text-editor.elementor-drop-cap-view-stacked .elementor-drop-cap{background-color:#69727d;color:#fff}.elementor-widget-text-editor.elementor-drop-cap-view-framed .elementor-drop-cap{color:#69727d;border:3px solid;background-color:transparent}.elementor-widget-text-editor:not(.elementor-drop-cap-view-default) .elementor-drop-cap{margin-top:8px}.elementor-widget-text-editor:not(.elementor-drop-cap-view-default) .elementor-drop-cap-letter{width:1em;height:1em}.elementor-widget-text-editor .elementor-drop-cap{float:left;text-align:center;line-height:1;font-size:50px}.elementor-widget-text-editor .elementor-drop-cap-letter{display:inline-block}<\/style>\t\t\t\t<p><span style=\"color: #e8307c;\"><strong>ID Trabalho:<\/strong> 1108828<\/span><\/p><p><strong>Autores: <\/strong>Stephanie Gomes Assun\u00e7\u00e3o\u00a0 Alves (Ilapeo &#8211; Curitiba &#8211; PR &#8211; Brasil)<\/p><p><strong>Institui\u00e7\u00f5es dos autores:<\/strong> Ilapeo &#8211; Curitiba &#8211; PR &#8211; Brasil<\/p><p><strong>Introdu\u00e7\u00e3o: <\/strong>Com os avan\u00e7os tecnol\u00f3gicos na odontologia aumenta a busca por planejamentos e tratamentos mais previs\u00edveis, integrados e \u00e1geis, em um menor n\u00famero de consultas e com mais assertividade.<\/p><p><strong>Objetivos: <\/strong>Avaliar a efetividade do uso do fluxo digital completo na confec\u00e7\u00e3o de coroas unit\u00e1rias implantossuportadas confeccionadas diretamente a implantes Grand Morse\u00ae ou adaptadas a pilares prot\u00e9ticos em condi\u00e7\u00f5es cl\u00ednicas de abutment \u00fanico e avaliar o tempo necess\u00e1rio para ajuste interproximal, oclusal e necessidade de retorno ao laborat\u00f3rio para corre\u00e7\u00f5es, a fim de comprovar a efici\u00eancia de todo o fluxo de trabalho comparando as duas t\u00e9cnicas.<\/p><p><strong>Material e m\u00e9todos: <\/strong>A amostra foi composta por 56 pacientes submetidos a instala\u00e7\u00e3o de 80 implantes em espa\u00e7os ed\u00eantulos unit\u00e1rios, tratados na Faculdade ILAPEO. Eles foram divididos em dois grupos, onde o Grupo I foi composto por 27 pacientes e 38 implantes submetidos a conex\u00e3o dos abutments sobre a cabe\u00e7a dos implantes no momento da cirurgia (munh\u00e3o universal ou pilar GM) e o Grupo II com 29 pacientes e 42 implantes que receberam cicatrizadores e as pr\u00f3teses confeccionadas sobre base de tit\u00e2nio.<\/p><p><strong>Resultados: <\/strong>Foi verificado que n\u00e3o houve diferen\u00e7as estat\u00edsticas entre os grupos em rela\u00e7\u00e3o ao tempo de ajuste oclusal e proximal.<\/p><p><strong>Conclus\u00e3o: <\/strong>Os resultados desse estudo mostraram a efici\u00eancia, agilidade, precis\u00e3o e resultados assertivos do fluxo digital completo para a confec\u00e7\u00e3o de pr\u00f3teses sobre implantes tanto sobre pilares quanto conectados diretamente a cabe\u00e7a do implante.<\/p><p>Tamb\u00e9m foi comprovado que o tempo para ajuste interproximal, oclusal e necessidade de repeti\u00e7\u00f5es em ambos os grupos n\u00e3o apresentaram diferen\u00e7as significantes.<\/p><p><strong>Palavras chave: <\/strong>Accuracy; Dental Implant-Abutment Design; Dental Implants; Patient Outcome Assessment; Immediate Dental Implant Loading<\/p><p><strong>N\u00famero do protocolo de pesquisa: <\/strong>3.175.586<\/p>\t\t\t\t\t\t<\/div>\n\t\t\t\t<\/div>\n\t\t\t\t<div class=\"elementor-element elementor-element-34059974 elementor-widget elementor-widget-shortcode\" data-id=\"34059974\" data-element_type=\"widget\" data-widget_type=\"shortcode.default\">\n\t\t\t\t<div class=\"elementor-widget-container\">\n\t\t\t\t\t<div class=\"elementor-shortcode\"><a href=\"javascript:history.back(1)\" target=\"_self\"><img decoding=\"async\" src=\"..\/wp-content\/uploads\/2023\/05\/bot-voltar.png\" widht=\"103\" height=\"28\" border=\"0\"><\/a> <\/div>\n\t\t\t\t<\/div>\n\t\t\t\t<\/div>\n\t\t\t\t<\/div>\n\t\t<div class=\"elementor-element elementor-element-4a46197a e-con-full e-flex e-con\" data-id=\"4a46197a\" data-element_type=\"container\" data-settings=\"{&quot;content_width&quot;:&quot;full&quot;}\">\n\t\t\t\t<\/div>\n\t\t\t\t<\/div>\n\t\t\t\t\t\t\t<\/div>\n\t\t","protected":false},"excerpt":{"rendered":"<p>Menu Neodent, Expertise An\u00e1lise comparativa do fluxo digital na confec\u00e7\u00e3o de pr\u00f3tese unit\u00e1ria implantossuportada de intermedi\u00e1rio \u00fanico ou n\u00e3o ID Trabalho: 1108828 Autores: Stephanie Gomes Assun\u00e7\u00e3o\u00a0<span class=\"excerpt-hellip\"> [\u2026]<\/span><\/p>\n","protected":false},"author":1,"featured_media":0,"parent":0,"menu_order":0,"comment_status":"closed","ping_status":"closed","template":"","meta":[],"_links":{"self":[{"href":"https:\/\/anaisneodentcongress.com.br\/2023\/wp-json\/wp\/v2\/pages\/843"}],"collection":[{"href":"https:\/\/anaisneodentcongress.com.br\/2023\/wp-json\/wp\/v2\/pages"}],"about":[{"href":"https:\/\/anaisneodentcongress.com.br\/2023\/wp-json\/wp\/v2\/types\/page"}],"author":[{"embeddable":true,"href":"https:\/\/anaisneodentcongress.com.br\/2023\/wp-json\/wp\/v2\/users\/1"}],"replies":[{"embeddable":true,"href":"https:\/\/anaisneodentcongress.com.br\/2023\/wp-json\/wp\/v2\/comments?post=843"}],"version-history":[{"count":10,"href":"https:\/\/anaisneodentcongress.com.br\/2023\/wp-json\/wp\/v2\/pages\/843\/revisions"}],"predecessor-version":[{"id":1557,"href":"https:\/\/anaisneodentcongress.com.br\/2023\/wp-json\/wp\/v2\/pages\/843\/revisions\/1557"}],"wp:attachment":[{"href":"https:\/\/anaisneodentcongress.com.br\/2023\/wp-json\/wp\/v2\/media?parent=843"}],"curies":[{"name":"wp","href":"https:\/\/api.w.org\/{rel}","templated":true}]}}