{"id":834,"date":"2023-05-12T15:11:46","date_gmt":"2023-05-12T18:11:46","guid":{"rendered":"https:\/\/anaisneodentcongress.com.br\/2023\/?page_id=834"},"modified":"2023-05-17T16:49:55","modified_gmt":"2023-05-17T19:49:55","slug":"avaliacao-clinica-e-radiografica-de-100-implantes-ceramicos-de-duas-pecas-estudo-prospectivo","status":"publish","type":"page","link":"https:\/\/anaisneodentcongress.com.br\/2023\/avaliacao-clinica-e-radiografica-de-100-implantes-ceramicos-de-duas-pecas-estudo-prospectivo\/","title":{"rendered":"Avalia\u00e7\u00e3o cl\u00ednica e radiogr\u00e1fica de 100 implantes cer\u00e2micos de duas pe\u00e7as: Estudo prospectivo"},"content":{"rendered":"\t\t<div data-elementor-type=\"wp-page\" data-elementor-id=\"834\" class=\"elementor elementor-834\">\n\t\t\t\t\t\t\t<div class=\"elementor-element elementor-element-120196da e-con-full e-flex e-con\" data-id=\"120196da\" data-element_type=\"container\" data-settings=\"{&quot;content_width&quot;:&quot;full&quot;,&quot;background_background&quot;:&quot;classic&quot;}\">\n\t\t<div class=\"elementor-element elementor-element-471779c2 e-con-full e-flex e-con\" data-id=\"471779c2\" data-element_type=\"container\" data-settings=\"{&quot;content_width&quot;:&quot;full&quot;}\">\n\t\t\t\t<\/div>\n\t\t<div class=\"elementor-element elementor-element-57644948 e-con-full e-flex e-con\" data-id=\"57644948\" data-element_type=\"container\" data-settings=\"{&quot;content_width&quot;:&quot;full&quot;,&quot;background_background&quot;:&quot;classic&quot;}\">\n\t\t<div class=\"elementor-element elementor-element-53a6c3d e-con-boxed e-flex e-con\" data-id=\"53a6c3d\" data-element_type=\"container\" data-settings=\"{&quot;content_width&quot;:&quot;boxed&quot;}\">\n\t\t\t\t\t<div class=\"e-con-inner\">\n\t\t\t\t<div class=\"elementor-element elementor-element-5abe0ccc elementor-widget elementor-widget-heading\" data-id=\"5abe0ccc\" data-element_type=\"widget\" data-widget_type=\"heading.default\">\n\t\t\t\t<div class=\"elementor-widget-container\">\n\t\t\t<style>\/*! elementor - v3.13.2 - 11-05-2023 *\/\n.elementor-heading-title{padding:0;margin:0;line-height:1}.elementor-widget-heading .elementor-heading-title[class*=elementor-size-]>a{color:inherit;font-size:inherit;line-height:inherit}.elementor-widget-heading .elementor-heading-title.elementor-size-small{font-size:15px}.elementor-widget-heading .elementor-heading-title.elementor-size-medium{font-size:19px}.elementor-widget-heading .elementor-heading-title.elementor-size-large{font-size:29px}.elementor-widget-heading .elementor-heading-title.elementor-size-xl{font-size:39px}.elementor-widget-heading .elementor-heading-title.elementor-size-xxl{font-size:59px}<\/style><h2 class=\"elementor-heading-title elementor-size-default\"><a href=\"\/2023\/menu-neodent-expertise\/\">Menu<\/a><\/h2>\t\t<\/div>\n\t\t\t\t<\/div>\n\t\t\t\t<div class=\"elementor-element elementor-element-2bb7cdd2 elementor-widget elementor-widget-heading\" data-id=\"2bb7cdd2\" data-element_type=\"widget\" data-widget_type=\"heading.default\">\n\t\t\t\t<div class=\"elementor-widget-container\">\n\t\t\t<h2 class=\"elementor-heading-title elementor-size-default\"><a href=\"\/2023\/menu-neodent-expertise\/\">Neodent, Expertise<\/a><\/h2>\t\t<\/div>\n\t\t\t\t<\/div>\n\t\t\t\t\t<\/div>\n\t\t\t\t<\/div>\n\t\t<div class=\"elementor-element elementor-element-c810674 e-con-boxed e-flex e-con\" data-id=\"c810674\" data-element_type=\"container\" data-settings=\"{&quot;content_width&quot;:&quot;boxed&quot;}\">\n\t\t\t\t\t<div class=\"e-con-inner\">\n\t\t\t\t<div class=\"elementor-element elementor-element-3d69cabd elementor-widget elementor-widget-heading\" data-id=\"3d69cabd\" data-element_type=\"widget\" data-widget_type=\"heading.default\">\n\t\t\t\t<div class=\"elementor-widget-container\">\n\t\t\t<h2 class=\"elementor-heading-title elementor-size-default\">Avalia\u00e7\u00e3o cl\u00ednica e radiogr\u00e1fica de 100 implantes cer\u00e2micos de duas pe\u00e7as: estudo prospectivo<\/h2>\t\t<\/div>\n\t\t\t\t<\/div>\n\t\t\t\t\t<\/div>\n\t\t\t\t<\/div>\n\t\t\t\t<div class=\"elementor-element elementor-element-68c6c9 elementor-widget elementor-widget-text-editor\" data-id=\"68c6c9\" data-element_type=\"widget\" data-widget_type=\"text-editor.default\">\n\t\t\t\t<div class=\"elementor-widget-container\">\n\t\t\t<style>\/*! elementor - v3.13.2 - 11-05-2023 *\/\n.elementor-widget-text-editor.elementor-drop-cap-view-stacked .elementor-drop-cap{background-color:#69727d;color:#fff}.elementor-widget-text-editor.elementor-drop-cap-view-framed .elementor-drop-cap{color:#69727d;border:3px solid;background-color:transparent}.elementor-widget-text-editor:not(.elementor-drop-cap-view-default) .elementor-drop-cap{margin-top:8px}.elementor-widget-text-editor:not(.elementor-drop-cap-view-default) .elementor-drop-cap-letter{width:1em;height:1em}.elementor-widget-text-editor .elementor-drop-cap{float:left;text-align:center;line-height:1;font-size:50px}.elementor-widget-text-editor .elementor-drop-cap-letter{display:inline-block}<\/style>\t\t\t\t<p><span style=\"color: #e8307c;\"><strong>ID Trabalho:<\/strong> 1108815<\/span><\/p><p><strong>Autores: <\/strong>Alexandre\u00a0 Marques Paes\u00a0\u00a0 Silva (UERJ &#8211; Rio de Janeiro &#8211; RJ &#8211; Brasil)<\/p><p><strong>Institui\u00e7\u00f5es dos autores:<\/strong> UERJ &#8211; Rio de Janeiro &#8211; RJ &#8211; Brasil<\/p><p><strong>Introdu\u00e7\u00e3o: <\/strong>A crescente expectativa pela est\u00e9tica e reabilita\u00e7\u00f5es orais livres de metal fez com que os implantes cer\u00e2micos se tornassem objeto de estudos nas \u00faltimas d\u00e9cadas, tornando-os uma possi\u0301vel alternativa aos implantes de tita\u0302nio.<\/p><p><strong>Objetivos: <\/strong>Avaliar o resultado cl\u00ednico, radiogr\u00e1fico e as taxas de sucesso\/sobreviv\u00eancia do sistema de implantes de zirc\u00f4nia de duas pe\u00e7as (Neodent Zi) em pacientes parcialmente edentados.<\/p><p><strong>Material e m\u00e9todos: <\/strong>A amostra foi composta por 100 implantes de zirc\u00f4nia instalados em pacientes do sexo masculino e feminino, saud\u00e1veis ou com doen\u00e7as sist\u00eamicas controladas. Os pacientes foram acompanhados por per\u00edodos que variaram entre 3 e 9 meses. Em cada consulta de acompanhamento foram realizadas tomadas radiogr\u00e1ficas e fotografias intra-orais.<\/p><p><strong>Resultados: <\/strong>Setenta e oito pacientes com m\u00e9dia de idade 59,3 anos (44(56%) mulheres\/34(44%) homens) receberam 100 implantes. A taxa de sucesso\/sobreviv\u00eancia foi 97%. O torque m\u00e9dio de inser\u00e7\u00e3o foi 47,8 Ncm e 76 implantes receberam carga imediata. Dois implantes receberam pr\u00f3tese parcial fixa de 3 elementos e os demais, pr\u00f3teses unit\u00e1rias. Foi Observada estabilidade dos tecidos moles e duros ao redor dos implantes e nenhuma complica\u00e7\u00e3o prot\u00e9tica foi relatada durante o per\u00edodo de acompanhamento. Todos os pacientes estavam satisfeitos com os resultados apresentados.<\/p><p><strong>Conclus\u00e3o: <\/strong>O sistema de implantes cer\u00e2micos Neodent ZI mostrou-se uma alternativa segura na reabilita\u00e7\u00e3o de espa\u00e7os ed\u00eantulos em regi\u00f5es anteriores e posteriores, em ambas as arcadas. As taxas de sucesso\/sobreviv\u00eancia do presente estudo est\u00e3o de acordo com as relatadas em outros estudos. Os implantes apresentados nesse estudo seguem em acompanhamento e novos resultados ser\u00e3o apresentados nos pr\u00f3ximos anos.<\/p><p><strong>Palavras chave: <\/strong>Zirconia; Implantes dent\u00e1rios; Implantes cer\u00e2micos.<\/p><p><strong>N\u00famero do protocolo de pesquisa: <\/strong>CAAE: 60496822.7.0000.5259<\/p>\t\t\t\t\t\t<\/div>\n\t\t\t\t<\/div>\n\t\t\t\t<div class=\"elementor-element elementor-element-468706cc elementor-widget elementor-widget-shortcode\" data-id=\"468706cc\" data-element_type=\"widget\" data-widget_type=\"shortcode.default\">\n\t\t\t\t<div class=\"elementor-widget-container\">\n\t\t\t\t\t<div class=\"elementor-shortcode\"><a href=\"javascript:history.back(1)\" target=\"_self\"><img decoding=\"async\" src=\"..\/wp-content\/uploads\/2023\/05\/bot-voltar.png\" widht=\"103\" height=\"28\" border=\"0\"><\/a> <\/div>\n\t\t\t\t<\/div>\n\t\t\t\t<\/div>\n\t\t\t\t<\/div>\n\t\t<div class=\"elementor-element elementor-element-49f1e3f7 e-con-full e-flex e-con\" data-id=\"49f1e3f7\" data-element_type=\"container\" data-settings=\"{&quot;content_width&quot;:&quot;full&quot;}\">\n\t\t\t\t<\/div>\n\t\t\t\t<\/div>\n\t\t\t\t\t\t\t<\/div>\n\t\t","protected":false},"excerpt":{"rendered":"<p>Menu Neodent, Expertise Avalia\u00e7\u00e3o cl\u00ednica e radiogr\u00e1fica de 100 implantes cer\u00e2micos de duas pe\u00e7as: estudo prospectivo ID Trabalho: 1108815 Autores: Alexandre\u00a0 Marques Paes\u00a0\u00a0 Silva (UERJ &#8211;<span class=\"excerpt-hellip\"> [\u2026]<\/span><\/p>\n","protected":false},"author":1,"featured_media":0,"parent":0,"menu_order":0,"comment_status":"closed","ping_status":"closed","template":"","meta":[],"_links":{"self":[{"href":"https:\/\/anaisneodentcongress.com.br\/2023\/wp-json\/wp\/v2\/pages\/834"}],"collection":[{"href":"https:\/\/anaisneodentcongress.com.br\/2023\/wp-json\/wp\/v2\/pages"}],"about":[{"href":"https:\/\/anaisneodentcongress.com.br\/2023\/wp-json\/wp\/v2\/types\/page"}],"author":[{"embeddable":true,"href":"https:\/\/anaisneodentcongress.com.br\/2023\/wp-json\/wp\/v2\/users\/1"}],"replies":[{"embeddable":true,"href":"https:\/\/anaisneodentcongress.com.br\/2023\/wp-json\/wp\/v2\/comments?post=834"}],"version-history":[{"count":7,"href":"https:\/\/anaisneodentcongress.com.br\/2023\/wp-json\/wp\/v2\/pages\/834\/revisions"}],"predecessor-version":[{"id":1575,"href":"https:\/\/anaisneodentcongress.com.br\/2023\/wp-json\/wp\/v2\/pages\/834\/revisions\/1575"}],"wp:attachment":[{"href":"https:\/\/anaisneodentcongress.com.br\/2023\/wp-json\/wp\/v2\/media?parent=834"}],"curies":[{"name":"wp","href":"https:\/\/api.w.org\/{rel}","templated":true}]}}