{"id":770,"date":"2023-05-11T17:58:10","date_gmt":"2023-05-11T20:58:10","guid":{"rendered":"https:\/\/anaisneodentcongress.com.br\/2023\/?page_id=770"},"modified":"2023-05-17T17:31:55","modified_gmt":"2023-05-17T20:31:55","slug":"utilizacao-de-cirurgia-em-biomedelo-como-auxilio-para-o-tratamento-de-maxila-atrofica","status":"publish","type":"page","link":"https:\/\/anaisneodentcongress.com.br\/2023\/utilizacao-de-cirurgia-em-biomedelo-como-auxilio-para-o-tratamento-de-maxila-atrofica\/","title":{"rendered":"Utiliza\u00e7\u00e3o de cirurgia em biomedelo como aux\u00edlio para o tratamento de maxila atr\u00f3fica"},"content":{"rendered":"\t\t<div data-elementor-type=\"wp-page\" data-elementor-id=\"770\" class=\"elementor elementor-770\">\n\t\t\t\t\t\t\t<div class=\"elementor-element elementor-element-6bf99 e-con-full e-flex e-con\" data-id=\"6bf99\" data-element_type=\"container\" data-settings=\"{&quot;content_width&quot;:&quot;full&quot;,&quot;background_background&quot;:&quot;classic&quot;}\">\n\t\t<div class=\"elementor-element elementor-element-469ce633 e-con-full e-flex e-con\" data-id=\"469ce633\" data-element_type=\"container\" data-settings=\"{&quot;content_width&quot;:&quot;full&quot;}\">\n\t\t\t\t<\/div>\n\t\t<div class=\"elementor-element elementor-element-2ed42078 e-con-full e-flex e-con\" data-id=\"2ed42078\" data-element_type=\"container\" data-settings=\"{&quot;content_width&quot;:&quot;full&quot;,&quot;background_background&quot;:&quot;classic&quot;}\">\n\t\t<div class=\"elementor-element elementor-element-12a1d0fd e-con-boxed e-flex e-con\" data-id=\"12a1d0fd\" data-element_type=\"container\" data-settings=\"{&quot;content_width&quot;:&quot;boxed&quot;}\">\n\t\t\t\t\t<div class=\"e-con-inner\">\n\t\t\t\t<div class=\"elementor-element elementor-element-75d40249 elementor-widget elementor-widget-heading\" data-id=\"75d40249\" data-element_type=\"widget\" data-widget_type=\"heading.default\">\n\t\t\t\t<div class=\"elementor-widget-container\">\n\t\t\t<style>\/*! elementor - v3.13.2 - 11-05-2023 *\/\n.elementor-heading-title{padding:0;margin:0;line-height:1}.elementor-widget-heading .elementor-heading-title[class*=elementor-size-]>a{color:inherit;font-size:inherit;line-height:inherit}.elementor-widget-heading .elementor-heading-title.elementor-size-small{font-size:15px}.elementor-widget-heading .elementor-heading-title.elementor-size-medium{font-size:19px}.elementor-widget-heading .elementor-heading-title.elementor-size-large{font-size:29px}.elementor-widget-heading .elementor-heading-title.elementor-size-xl{font-size:39px}.elementor-widget-heading .elementor-heading-title.elementor-size-xxl{font-size:59px}<\/style><h2 class=\"elementor-heading-title elementor-size-default\"><a href=\"\/2023\/menu-neodent-caso-clinico\/\">Menu<\/a><\/h2>\t\t<\/div>\n\t\t\t\t<\/div>\n\t\t\t\t<div class=\"elementor-element elementor-element-5184195c elementor-widget elementor-widget-heading\" data-id=\"5184195c\" data-element_type=\"widget\" data-widget_type=\"heading.default\">\n\t\t\t\t<div class=\"elementor-widget-container\">\n\t\t\t<h2 class=\"elementor-heading-title elementor-size-default\"><a href=\"\/2023\/menu-neodent-caso-clinico\/\">Neodent, Caso Cl\u00ednico<\/a><\/h2>\t\t<\/div>\n\t\t\t\t<\/div>\n\t\t\t\t\t<\/div>\n\t\t\t\t<\/div>\n\t\t<div class=\"elementor-element elementor-element-7b0af938 e-con-boxed e-flex e-con\" data-id=\"7b0af938\" data-element_type=\"container\" data-settings=\"{&quot;content_width&quot;:&quot;boxed&quot;}\">\n\t\t\t\t\t<div class=\"e-con-inner\">\n\t\t\t\t<div class=\"elementor-element elementor-element-416407be elementor-widget elementor-widget-heading\" data-id=\"416407be\" data-element_type=\"widget\" data-widget_type=\"heading.default\">\n\t\t\t\t<div class=\"elementor-widget-container\">\n\t\t\t<h2 class=\"elementor-heading-title elementor-size-default\">Utiliza\u00e7\u00e3o de cirurgia em biomedelo como aux\u00edlio para o tratamento de maxila atr\u00f3fica<\/h2>\t\t<\/div>\n\t\t\t\t<\/div>\n\t\t\t\t\t<\/div>\n\t\t\t\t<\/div>\n\t\t\t\t<div class=\"elementor-element elementor-element-4f2e8330 elementor-widget elementor-widget-text-editor\" data-id=\"4f2e8330\" data-element_type=\"widget\" data-widget_type=\"text-editor.default\">\n\t\t\t\t<div class=\"elementor-widget-container\">\n\t\t\t<style>\/*! elementor - v3.13.2 - 11-05-2023 *\/\n.elementor-widget-text-editor.elementor-drop-cap-view-stacked .elementor-drop-cap{background-color:#69727d;color:#fff}.elementor-widget-text-editor.elementor-drop-cap-view-framed .elementor-drop-cap{color:#69727d;border:3px solid;background-color:transparent}.elementor-widget-text-editor:not(.elementor-drop-cap-view-default) .elementor-drop-cap{margin-top:8px}.elementor-widget-text-editor:not(.elementor-drop-cap-view-default) .elementor-drop-cap-letter{width:1em;height:1em}.elementor-widget-text-editor .elementor-drop-cap{float:left;text-align:center;line-height:1;font-size:50px}.elementor-widget-text-editor .elementor-drop-cap-letter{display:inline-block}<\/style>\t\t\t\t<p><span style=\"color: #e8307c;\"><strong>ID Trabalho:<\/strong> 1108945<\/span><\/p><p><strong>Autores: <\/strong>GUILHERME ZANOVELLI SILVA (ILAPEO &#8211; RIO DE JANEIRO &#8211; RJ &#8211; Brasil)<\/p><p><strong>Institui\u00e7\u00f5es dos autores:<\/strong> ILAPEO &#8211; RIO DE JANEIRO &#8211; RJ &#8211; Brasil<\/p><p><strong>Introdu\u00e7\u00e3o: <\/strong>A crescente digitaliza\u00e7\u00e3o na odontologia tornou mais acess\u00edvel a possibilidade de obten\u00e7\u00e3o de biomodelos dos pacientes a serem tratados, melhorando as condi\u00e7\u00f5es de planejamento nos casos de maior complexidade cir\u00fargica.<\/p><p><strong>Relato do caso: <\/strong>Um paciente ed\u00eantulo com atrofia severa da regi\u00e3o anterior da maxila e dentada mandibular com presen\u00e7a de \u00e1rea oclusal at\u00e9 o segundo molar bilateralmente, foi tratada por meio de planejamento com prototipagem tridimensional que levou \u00e1 instala\u00e7\u00e3o de 6 implantes, sendo usados implantes estreitos na \u00e1rea anterior e regenera\u00e7\u00e3o \u00f3ssea concomitante nas \u00e1reas de fenestra\u00e7\u00e3o utilizando osso particulado de origem bovino e L-PRF.<\/p><p><strong>Conclus\u00e3o ou considera\u00e7\u00f5es finais: <\/strong>A proje\u00e7\u00e3o da cirurgia por meio da prototipagem permite antecipar as \u00e1reas cr\u00edticas que poderiam levar a falha na execu\u00e7\u00e3o do tratamento, consequente o uso de biomodelos em casos de baixa disponibilidade \u00f3ssea permite diminuir a probabilidade de intercorr\u00eancias e possibilitar associa\u00e7\u00e3o de tratamentos, diminuindo o tempo trans cir\u00fargico de execu\u00e7\u00e3o, o que impactar\u00e1 numa melhor recupera\u00e7\u00e3o do paciente.<\/p><p><strong>Palavras chave: <\/strong>Digitaliza\u00e7\u00e3o da odontologia , Prototipagem tridimensional , regenera\u00e7\u00e3o \u00f3ssea , maxila atrofica<\/p>\t\t\t\t\t\t<\/div>\n\t\t\t\t<\/div>\n\t\t\t\t<div class=\"elementor-element elementor-element-4ffdd5b elementor-widget elementor-widget-shortcode\" data-id=\"4ffdd5b\" data-element_type=\"widget\" data-widget_type=\"shortcode.default\">\n\t\t\t\t<div class=\"elementor-widget-container\">\n\t\t\t\t\t<div class=\"elementor-shortcode\"><a href=\"javascript:history.back(1)\" target=\"_self\"><img decoding=\"async\" src=\"..\/wp-content\/uploads\/2023\/05\/bot-voltar.png\" widht=\"103\" height=\"28\" border=\"0\"><\/a> <\/div>\n\t\t\t\t<\/div>\n\t\t\t\t<\/div>\n\t\t\t\t<\/div>\n\t\t<div class=\"elementor-element elementor-element-19a40e80 e-con-full e-flex e-con\" data-id=\"19a40e80\" data-element_type=\"container\" data-settings=\"{&quot;content_width&quot;:&quot;full&quot;}\">\n\t\t\t\t<\/div>\n\t\t\t\t<\/div>\n\t\t\t\t\t\t\t<\/div>\n\t\t","protected":false},"excerpt":{"rendered":"<p>Menu Neodent, Caso Cl\u00ednico Utiliza\u00e7\u00e3o de cirurgia em biomedelo como aux\u00edlio para o tratamento de maxila atr\u00f3fica ID Trabalho: 1108945 Autores: GUILHERME ZANOVELLI SILVA (ILAPEO &#8211;<span class=\"excerpt-hellip\"> [\u2026]<\/span><\/p>\n","protected":false},"author":1,"featured_media":0,"parent":0,"menu_order":0,"comment_status":"closed","ping_status":"closed","template":"","meta":[],"_links":{"self":[{"href":"https:\/\/anaisneodentcongress.com.br\/2023\/wp-json\/wp\/v2\/pages\/770"}],"collection":[{"href":"https:\/\/anaisneodentcongress.com.br\/2023\/wp-json\/wp\/v2\/pages"}],"about":[{"href":"https:\/\/anaisneodentcongress.com.br\/2023\/wp-json\/wp\/v2\/types\/page"}],"author":[{"embeddable":true,"href":"https:\/\/anaisneodentcongress.com.br\/2023\/wp-json\/wp\/v2\/users\/1"}],"replies":[{"embeddable":true,"href":"https:\/\/anaisneodentcongress.com.br\/2023\/wp-json\/wp\/v2\/comments?post=770"}],"version-history":[{"count":10,"href":"https:\/\/anaisneodentcongress.com.br\/2023\/wp-json\/wp\/v2\/pages\/770\/revisions"}],"predecessor-version":[{"id":1701,"href":"https:\/\/anaisneodentcongress.com.br\/2023\/wp-json\/wp\/v2\/pages\/770\/revisions\/1701"}],"wp:attachment":[{"href":"https:\/\/anaisneodentcongress.com.br\/2023\/wp-json\/wp\/v2\/media?parent=770"}],"curies":[{"name":"wp","href":"https:\/\/api.w.org\/{rel}","templated":true}]}}