{"id":758,"date":"2023-05-11T17:56:19","date_gmt":"2023-05-11T20:56:19","guid":{"rendered":"https:\/\/anaisneodentcongress.com.br\/2023\/?page_id=758"},"modified":"2023-05-17T17:14:45","modified_gmt":"2023-05-17T20:14:45","slug":"novo-implante-zigomatico-grand-morse-para-reabilitacao-oral-de-maxila-extremamente-atrofica","status":"publish","type":"page","link":"https:\/\/anaisneodentcongress.com.br\/2023\/novo-implante-zigomatico-grand-morse-para-reabilitacao-oral-de-maxila-extremamente-atrofica\/","title":{"rendered":"Novo Implante Zigom\u00e1tico Grand Morse para Reabilita\u00e7\u00e3o Oral de Maxila Extremamente Atr\u00f3fica"},"content":{"rendered":"\t\t<div data-elementor-type=\"wp-page\" data-elementor-id=\"758\" class=\"elementor elementor-758\">\n\t\t\t\t\t\t\t<div class=\"elementor-element elementor-element-6a4d0bd e-con-full e-flex e-con\" data-id=\"6a4d0bd\" data-element_type=\"container\" data-settings=\"{&quot;content_width&quot;:&quot;full&quot;,&quot;background_background&quot;:&quot;classic&quot;}\">\n\t\t<div class=\"elementor-element elementor-element-76fb0b e-con-full e-flex e-con\" data-id=\"76fb0b\" data-element_type=\"container\" data-settings=\"{&quot;content_width&quot;:&quot;full&quot;}\">\n\t\t\t\t<\/div>\n\t\t<div class=\"elementor-element elementor-element-32e23246 e-con-full e-flex e-con\" data-id=\"32e23246\" data-element_type=\"container\" data-settings=\"{&quot;content_width&quot;:&quot;full&quot;,&quot;background_background&quot;:&quot;classic&quot;}\">\n\t\t<div class=\"elementor-element elementor-element-50b23318 e-con-boxed e-flex e-con\" data-id=\"50b23318\" data-element_type=\"container\" data-settings=\"{&quot;content_width&quot;:&quot;boxed&quot;}\">\n\t\t\t\t\t<div class=\"e-con-inner\">\n\t\t\t\t<div class=\"elementor-element elementor-element-470e2591 elementor-widget elementor-widget-heading\" data-id=\"470e2591\" data-element_type=\"widget\" data-widget_type=\"heading.default\">\n\t\t\t\t<div class=\"elementor-widget-container\">\n\t\t\t<style>\/*! elementor - v3.13.2 - 11-05-2023 *\/\n.elementor-heading-title{padding:0;margin:0;line-height:1}.elementor-widget-heading .elementor-heading-title[class*=elementor-size-]>a{color:inherit;font-size:inherit;line-height:inherit}.elementor-widget-heading .elementor-heading-title.elementor-size-small{font-size:15px}.elementor-widget-heading .elementor-heading-title.elementor-size-medium{font-size:19px}.elementor-widget-heading .elementor-heading-title.elementor-size-large{font-size:29px}.elementor-widget-heading .elementor-heading-title.elementor-size-xl{font-size:39px}.elementor-widget-heading .elementor-heading-title.elementor-size-xxl{font-size:59px}<\/style><h2 class=\"elementor-heading-title elementor-size-default\"><a href=\"\/2023\/menu-neodent-expertise\/\">Menu<\/a><\/h2>\t\t<\/div>\n\t\t\t\t<\/div>\n\t\t\t\t<div class=\"elementor-element elementor-element-609421b8 elementor-widget elementor-widget-heading\" data-id=\"609421b8\" data-element_type=\"widget\" data-widget_type=\"heading.default\">\n\t\t\t\t<div class=\"elementor-widget-container\">\n\t\t\t<h2 class=\"elementor-heading-title elementor-size-default\"><a href=\"\/2023\/menu-neodent-expertise\/\">Neodent, Expertise<\/a><\/h2>\t\t<\/div>\n\t\t\t\t<\/div>\n\t\t\t\t\t<\/div>\n\t\t\t\t<\/div>\n\t\t<div class=\"elementor-element elementor-element-471c14a2 e-con-boxed e-flex e-con\" data-id=\"471c14a2\" data-element_type=\"container\" data-settings=\"{&quot;content_width&quot;:&quot;boxed&quot;}\">\n\t\t\t\t\t<div class=\"e-con-inner\">\n\t\t\t\t<div class=\"elementor-element elementor-element-26a3c3a2 elementor-widget elementor-widget-heading\" data-id=\"26a3c3a2\" data-element_type=\"widget\" data-widget_type=\"heading.default\">\n\t\t\t\t<div class=\"elementor-widget-container\">\n\t\t\t<h2 class=\"elementor-heading-title elementor-size-default\">Novo Implante Zigom\u00e1tico Grand Morse para Reabilita\u00e7\u00e3o Oral de Maxila Extremamente Atr\u00f3fica<\/h2>\t\t<\/div>\n\t\t\t\t<\/div>\n\t\t\t\t\t<\/div>\n\t\t\t\t<\/div>\n\t\t\t\t<div class=\"elementor-element elementor-element-466050e0 elementor-widget elementor-widget-text-editor\" data-id=\"466050e0\" data-element_type=\"widget\" data-widget_type=\"text-editor.default\">\n\t\t\t\t<div class=\"elementor-widget-container\">\n\t\t\t<style>\/*! elementor - v3.13.2 - 11-05-2023 *\/\n.elementor-widget-text-editor.elementor-drop-cap-view-stacked .elementor-drop-cap{background-color:#69727d;color:#fff}.elementor-widget-text-editor.elementor-drop-cap-view-framed .elementor-drop-cap{color:#69727d;border:3px solid;background-color:transparent}.elementor-widget-text-editor:not(.elementor-drop-cap-view-default) .elementor-drop-cap{margin-top:8px}.elementor-widget-text-editor:not(.elementor-drop-cap-view-default) .elementor-drop-cap-letter{width:1em;height:1em}.elementor-widget-text-editor .elementor-drop-cap{float:left;text-align:center;line-height:1;font-size:50px}.elementor-widget-text-editor .elementor-drop-cap-letter{display:inline-block}<\/style>\t\t\t\t<p><span style=\"color: #e8307c;\"><strong>ID Trabalho:<\/strong> 1108944<\/span><\/p><p><strong>Autores: <\/strong>PAULO AFONSO TASSI JUNIOR (Faculdade ILAPEO &#8211; Curitiba &#8211; PR &#8211; Brasil)<\/p><p><strong>Institui\u00e7\u00f5es dos autores:<\/strong> Faculdade ILAPEO &#8211; Curitiba &#8211; PR &#8211; Brasil<\/p><p><strong>Introdu\u00e7\u00e3o: <\/strong>Reabilitar maxilas atr\u00f3ficas representa um desafio. Dentre as t\u00e9cnicas de reabilita\u00e7\u00e3o de maxilas atr\u00f3ficas destacam-se as\u00a0 t\u00e9cnicas de reconstru\u00e7\u00e3o e as t\u00e9cnicas de ancoragem em osso residual. As vantagens das t\u00e9cnicas de ancoragem frente as t\u00e9cnicas de reconstru\u00e7\u00e3o s\u00e3o: menos tempo de reabilita\u00e7\u00e3o, menor custo, menos morbidade, possibilidade de carregar os implantes imediatamente ap\u00f3s a cirurgia. Os implantes zigom\u00e1ticos inicialmente foram desenvolvidos para reabilitar pacientes mutilados por les\u00f5es traum\u00e1ticas e cancerosas. Com a evolu\u00e7\u00e3o da ci\u00eancia, houve melhoria nas t\u00e9cnicas cir\u00fargicas e na macro geometria e conex\u00e3o prot\u00e9tica dos implantes zigom\u00e1ticos, estendendo suas indica\u00e7\u00f5es como para reabilitar maxilas extremamente atr\u00f3ficas.<\/p><p><strong>Relato do caso: <\/strong>Paciente masculino, 60 anos, ASA III, com edentulismo bimaxilar, com queixas est\u00e9ticas e funcionais\u00a0 das pr\u00f3teses totais. Ao exame cl\u00ednico e radiol\u00f3gico verificou-se maxila extremamente atr\u00f3fica em fun\u00e7\u00e3o da perda dental precoce. Em fun\u00e7\u00e3o do estado de sa\u00fade geral, da atrofia maxilar extensa e da necessidade de resolu\u00e7\u00e3o reabilitadora r\u00e1pida do caso, foi sugerido utilizar os implantes zigom\u00e1ticos, 1 em cada regi\u00e3o posterior e 2 implantes convencionais na regi\u00e3o anterior de maxila, possibilitando a resolu\u00e7\u00e3o do caso atrav\u00e9s de uma pr\u00f3tese fixa implanto suportada h\u00edbrida. Foram utilizados os implantes zigom\u00e1ticos Neodent GM nas regi\u00f5es posteriores da maxila e na regi\u00e3o anterior os implantes Neodent Helix GM.<\/p><p><strong>Conclus\u00e3o ou considera\u00e7\u00f5es finais: <\/strong>Foi poss\u00edvel reabilitar o paciente desse caso cl\u00ednico\u00a0 utilizando os implantes zigom\u00e1ticos que apresentam uma macro geomentria\u00a0 que favorece a carga imediata, tendo uma superf\u00edcie lisa que favorece o assentamento dos tecidos moles em t\u00e9cnicas de Stella ou exteriorizadas, evitando exposi\u00e7\u00f5es dos implantes.<\/p><p><strong>Palavras chave: <\/strong>Implantes zigom\u00e1ticos, Reabilita\u00e7\u00e3o oral, Maxila atr\u00f3fica<\/p>\t\t\t\t\t\t<\/div>\n\t\t\t\t<\/div>\n\t\t\t\t<div class=\"elementor-element elementor-element-1ecc6036 elementor-widget elementor-widget-shortcode\" data-id=\"1ecc6036\" data-element_type=\"widget\" data-widget_type=\"shortcode.default\">\n\t\t\t\t<div class=\"elementor-widget-container\">\n\t\t\t\t\t<div class=\"elementor-shortcode\"><a href=\"javascript:history.back(1)\" target=\"_self\"><img decoding=\"async\" src=\"..\/wp-content\/uploads\/2023\/05\/bot-voltar.png\" widht=\"103\" height=\"28\" border=\"0\"><\/a> <\/div>\n\t\t\t\t<\/div>\n\t\t\t\t<\/div>\n\t\t\t\t<\/div>\n\t\t<div class=\"elementor-element elementor-element-314ab2bc e-con-full e-flex e-con\" data-id=\"314ab2bc\" data-element_type=\"container\" data-settings=\"{&quot;content_width&quot;:&quot;full&quot;}\">\n\t\t\t\t<\/div>\n\t\t\t\t<\/div>\n\t\t\t\t\t\t\t<\/div>\n\t\t","protected":false},"excerpt":{"rendered":"<p>Menu Neodent, Expertise Novo Implante Zigom\u00e1tico Grand Morse para Reabilita\u00e7\u00e3o Oral de Maxila Extremamente Atr\u00f3fica ID Trabalho: 1108944 Autores: PAULO AFONSO TASSI JUNIOR (Faculdade ILAPEO &#8211;<span class=\"excerpt-hellip\"> [\u2026]<\/span><\/p>\n","protected":false},"author":1,"featured_media":0,"parent":0,"menu_order":0,"comment_status":"closed","ping_status":"closed","template":"","meta":[],"_links":{"self":[{"href":"https:\/\/anaisneodentcongress.com.br\/2023\/wp-json\/wp\/v2\/pages\/758"}],"collection":[{"href":"https:\/\/anaisneodentcongress.com.br\/2023\/wp-json\/wp\/v2\/pages"}],"about":[{"href":"https:\/\/anaisneodentcongress.com.br\/2023\/wp-json\/wp\/v2\/types\/page"}],"author":[{"embeddable":true,"href":"https:\/\/anaisneodentcongress.com.br\/2023\/wp-json\/wp\/v2\/users\/1"}],"replies":[{"embeddable":true,"href":"https:\/\/anaisneodentcongress.com.br\/2023\/wp-json\/wp\/v2\/comments?post=758"}],"version-history":[{"count":10,"href":"https:\/\/anaisneodentcongress.com.br\/2023\/wp-json\/wp\/v2\/pages\/758\/revisions"}],"predecessor-version":[{"id":1653,"href":"https:\/\/anaisneodentcongress.com.br\/2023\/wp-json\/wp\/v2\/pages\/758\/revisions\/1653"}],"wp:attachment":[{"href":"https:\/\/anaisneodentcongress.com.br\/2023\/wp-json\/wp\/v2\/media?parent=758"}],"curies":[{"name":"wp","href":"https:\/\/api.w.org\/{rel}","templated":true}]}}