{"id":734,"date":"2023-05-11T17:52:45","date_gmt":"2023-05-11T20:52:45","guid":{"rendered":"https:\/\/anaisneodentcongress.com.br\/2023\/?page_id=734"},"modified":"2023-05-17T17:02:36","modified_gmt":"2023-05-17T20:02:36","slug":"filosofia-de-sucesso-para-o-implante-zigomatico-abordagem-protetico-anatomico-cirurgica-do-ilapeo","status":"publish","type":"page","link":"https:\/\/anaisneodentcongress.com.br\/2023\/filosofia-de-sucesso-para-o-implante-zigomatico-abordagem-protetico-anatomico-cirurgica-do-ilapeo\/","title":{"rendered":"Filosofia de sucesso para o Implante Zigom\u00e1tico: abordagem prot\u00e9tico-anat\u00f4mico-cir\u00fargica do ILAPEO"},"content":{"rendered":"\t\t<div data-elementor-type=\"wp-page\" data-elementor-id=\"734\" class=\"elementor elementor-734\">\n\t\t\t\t\t\t\t<div class=\"elementor-element elementor-element-73c09ed6 e-con-full e-flex e-con\" data-id=\"73c09ed6\" data-element_type=\"container\" data-settings=\"{&quot;content_width&quot;:&quot;full&quot;,&quot;background_background&quot;:&quot;classic&quot;}\">\n\t\t<div class=\"elementor-element elementor-element-5100a9f1 e-con-full e-flex e-con\" data-id=\"5100a9f1\" data-element_type=\"container\" data-settings=\"{&quot;content_width&quot;:&quot;full&quot;}\">\n\t\t\t\t<\/div>\n\t\t<div class=\"elementor-element elementor-element-420648f9 e-con-full e-flex e-con\" data-id=\"420648f9\" data-element_type=\"container\" data-settings=\"{&quot;content_width&quot;:&quot;full&quot;,&quot;background_background&quot;:&quot;classic&quot;}\">\n\t\t<div class=\"elementor-element elementor-element-6b31e589 e-con-boxed e-flex e-con\" data-id=\"6b31e589\" data-element_type=\"container\" data-settings=\"{&quot;content_width&quot;:&quot;boxed&quot;}\">\n\t\t\t\t\t<div class=\"e-con-inner\">\n\t\t\t\t<div class=\"elementor-element elementor-element-734d1dfe elementor-widget elementor-widget-heading\" data-id=\"734d1dfe\" data-element_type=\"widget\" data-widget_type=\"heading.default\">\n\t\t\t\t<div class=\"elementor-widget-container\">\n\t\t\t<style>\/*! elementor - v3.13.2 - 11-05-2023 *\/\n.elementor-heading-title{padding:0;margin:0;line-height:1}.elementor-widget-heading .elementor-heading-title[class*=elementor-size-]>a{color:inherit;font-size:inherit;line-height:inherit}.elementor-widget-heading .elementor-heading-title.elementor-size-small{font-size:15px}.elementor-widget-heading .elementor-heading-title.elementor-size-medium{font-size:19px}.elementor-widget-heading .elementor-heading-title.elementor-size-large{font-size:29px}.elementor-widget-heading .elementor-heading-title.elementor-size-xl{font-size:39px}.elementor-widget-heading .elementor-heading-title.elementor-size-xxl{font-size:59px}<\/style><h2 class=\"elementor-heading-title elementor-size-default\"><a href=\"\/2023\/menu-neodent-caso-clinico\/\">Menu<\/a><\/h2>\t\t<\/div>\n\t\t\t\t<\/div>\n\t\t\t\t<div class=\"elementor-element elementor-element-46278d7f elementor-widget elementor-widget-heading\" data-id=\"46278d7f\" data-element_type=\"widget\" data-widget_type=\"heading.default\">\n\t\t\t\t<div class=\"elementor-widget-container\">\n\t\t\t<h2 class=\"elementor-heading-title elementor-size-default\"><a href=\"\/2023\/menu-neodent-caso-clinico\/\">Neodent, Caso Cl\u00ednico<\/a><\/h2>\t\t<\/div>\n\t\t\t\t<\/div>\n\t\t\t\t\t<\/div>\n\t\t\t\t<\/div>\n\t\t<div class=\"elementor-element elementor-element-610d649b e-con-boxed e-flex e-con\" data-id=\"610d649b\" data-element_type=\"container\" data-settings=\"{&quot;content_width&quot;:&quot;boxed&quot;}\">\n\t\t\t\t\t<div class=\"e-con-inner\">\n\t\t\t\t<div class=\"elementor-element elementor-element-5b09471 elementor-widget elementor-widget-heading\" data-id=\"5b09471\" data-element_type=\"widget\" data-widget_type=\"heading.default\">\n\t\t\t\t<div class=\"elementor-widget-container\">\n\t\t\t<h2 class=\"elementor-heading-title elementor-size-default\">Filosofia de sucesso para o Implante Zigom\u00e1tico: abordagem prot\u00e9tico-anat\u00f4mico-cir\u00fargica do ILAPEO<\/h2>\t\t<\/div>\n\t\t\t\t<\/div>\n\t\t\t\t\t<\/div>\n\t\t\t\t<\/div>\n\t\t\t\t<div class=\"elementor-element elementor-element-5086acb1 elementor-widget elementor-widget-text-editor\" data-id=\"5086acb1\" data-element_type=\"widget\" data-widget_type=\"text-editor.default\">\n\t\t\t\t<div class=\"elementor-widget-container\">\n\t\t\t<style>\/*! elementor - v3.13.2 - 11-05-2023 *\/\n.elementor-widget-text-editor.elementor-drop-cap-view-stacked .elementor-drop-cap{background-color:#69727d;color:#fff}.elementor-widget-text-editor.elementor-drop-cap-view-framed .elementor-drop-cap{color:#69727d;border:3px solid;background-color:transparent}.elementor-widget-text-editor:not(.elementor-drop-cap-view-default) .elementor-drop-cap{margin-top:8px}.elementor-widget-text-editor:not(.elementor-drop-cap-view-default) .elementor-drop-cap-letter{width:1em;height:1em}.elementor-widget-text-editor .elementor-drop-cap{float:left;text-align:center;line-height:1;font-size:50px}.elementor-widget-text-editor .elementor-drop-cap-letter{display:inline-block}<\/style>\t\t\t\t<p><span style=\"color: #e8307c;\"><strong>ID Trabalho:<\/strong> 1108937<\/span><\/p><p><strong>Autores: <\/strong>ESTEBAN ARROYO (ILAPEO &#8211; CURITIBA &#8211; PA &#8211; Brasil)<\/p><p><strong>Institui\u00e7\u00f5es dos autores:<\/strong> ILAPEO &#8211; CURITIBA &#8211; PA &#8211; Brasil<\/p><p><strong>Introdu\u00e7\u00e3o: <\/strong>O advento dos implantes zigom\u00e1ticos no fim dos 90, cuja t\u00e9cnica era norteada por diretrizes cir\u00fargicas r\u00edgidas e indica\u00e7\u00f5es restritas para pacientes que passaram por resse\u00e7\u00f5es tumorais e posteriormente pacientes portadores de maxilas atr\u00f3ficas, levou a algumas complica\u00e7\u00f5es biol\u00f3gicas, prot\u00e9ticas e funcionais indesej\u00e1veis para os pacientes e os cirurgi\u00f5es dentistas. Estas por sua vez, impulsaram diferentes modifica\u00e7\u00f5es nas modalidades de tratamento ao longo do tempo com o intuito de diminuir as intercorr\u00eancias.<\/p><p><strong>Relato do caso: <\/strong>O presente trabalho tem por objetivo apresentar 2 casos cl\u00ednicos com o uso do implante Neodent CM e Neodent GM para o tratamento reabilitador das maxilas atr\u00f3ficas por meio de ancoragem zigom\u00e1tica, destacando a sequencia de tratamento e os resultados obtidos no longo prazo. O ILAPEO atrav\u00e9s de sua filosofia que; prioriza o desenho da pr\u00f3tese para orientar a cirurgia, considera as caracter\u00edsticas anat\u00f4micas do paciente, utiliza novos desenhos de macro-geometria e conex\u00e3o cone morse no implante bem como novos componentes angulados, e leva a fun\u00e7\u00e3o ao paciente mediante a pr\u00f3tese definitiva com carga imediata, possibilitou um alto \u00edndice de sucesso nos implantes e pr\u00f3teses.<\/p><p><strong>Conclus\u00e3o ou considera\u00e7\u00f5es finais: <\/strong>In\u00fameros trabalhos associaram unicamente modifica\u00e7\u00f5es na t\u00e9cnica cir\u00fargica como uma ferramenta necess\u00e1ria para orientar o procedimento de ancoragem zigom\u00e1tico, por\u00e9m o tempo revelou que n\u00e3o foi suficiente para diminuir as complica\u00e7\u00f5es cir\u00fargicas e prot\u00e9ticas. A filosofia de trabalho do ILAPEO propiciou os aspectos cr\u00edticos que a literatura vem descrevendo como imperativos para alcan\u00e7ar uma alta previsibilidade e estabilidade do tratamento reabilitador mediante os implantes zigom\u00e1ticos.<\/p><p><strong>Palavras chave: <\/strong>Implante Zigom\u00e1tico, Carga Imediata em Implantodontia, Cone Morse, Plataforma Switch, Maxila Atr\u00f3fica<\/p>\t\t\t\t\t\t<\/div>\n\t\t\t\t<\/div>\n\t\t\t\t<div class=\"elementor-element elementor-element-161e977f elementor-widget elementor-widget-shortcode\" data-id=\"161e977f\" data-element_type=\"widget\" data-widget_type=\"shortcode.default\">\n\t\t\t\t<div class=\"elementor-widget-container\">\n\t\t\t\t\t<div class=\"elementor-shortcode\"><a href=\"javascript:history.back(1)\" target=\"_self\"><img decoding=\"async\" src=\"..\/wp-content\/uploads\/2023\/05\/bot-voltar.png\" widht=\"103\" height=\"28\" border=\"0\"><\/a> <\/div>\n\t\t\t\t<\/div>\n\t\t\t\t<\/div>\n\t\t\t\t<\/div>\n\t\t<div class=\"elementor-element elementor-element-63bc9fa e-con-full e-flex e-con\" data-id=\"63bc9fa\" data-element_type=\"container\" data-settings=\"{&quot;content_width&quot;:&quot;full&quot;}\">\n\t\t\t\t<\/div>\n\t\t\t\t<\/div>\n\t\t\t\t\t\t\t<\/div>\n\t\t","protected":false},"excerpt":{"rendered":"<p>Menu Neodent, Caso Cl\u00ednico Filosofia de sucesso para o Implante Zigom\u00e1tico: abordagem prot\u00e9tico-anat\u00f4mico-cir\u00fargica do ILAPEO ID Trabalho: 1108937 Autores: ESTEBAN ARROYO (ILAPEO &#8211; CURITIBA &#8211; PA<span class=\"excerpt-hellip\"> [\u2026]<\/span><\/p>\n","protected":false},"author":1,"featured_media":0,"parent":0,"menu_order":0,"comment_status":"closed","ping_status":"closed","template":"","meta":[],"_links":{"self":[{"href":"https:\/\/anaisneodentcongress.com.br\/2023\/wp-json\/wp\/v2\/pages\/734"}],"collection":[{"href":"https:\/\/anaisneodentcongress.com.br\/2023\/wp-json\/wp\/v2\/pages"}],"about":[{"href":"https:\/\/anaisneodentcongress.com.br\/2023\/wp-json\/wp\/v2\/types\/page"}],"author":[{"embeddable":true,"href":"https:\/\/anaisneodentcongress.com.br\/2023\/wp-json\/wp\/v2\/users\/1"}],"replies":[{"embeddable":true,"href":"https:\/\/anaisneodentcongress.com.br\/2023\/wp-json\/wp\/v2\/comments?post=734"}],"version-history":[{"count":10,"href":"https:\/\/anaisneodentcongress.com.br\/2023\/wp-json\/wp\/v2\/pages\/734\/revisions"}],"predecessor-version":[{"id":1614,"href":"https:\/\/anaisneodentcongress.com.br\/2023\/wp-json\/wp\/v2\/pages\/734\/revisions\/1614"}],"wp:attachment":[{"href":"https:\/\/anaisneodentcongress.com.br\/2023\/wp-json\/wp\/v2\/media?parent=734"}],"curies":[{"name":"wp","href":"https:\/\/api.w.org\/{rel}","templated":true}]}}