{"id":721,"date":"2023-05-11T17:50:50","date_gmt":"2023-05-11T20:50:50","guid":{"rendered":"https:\/\/anaisneodentcongress.com.br\/2023\/?page_id=721"},"modified":"2023-05-17T16:41:36","modified_gmt":"2023-05-17T19:41:36","slug":"a-evolucao-da-carga-imediata-dos-implantes-de-titanio-ate-implantes-ceramicos","status":"publish","type":"page","link":"https:\/\/anaisneodentcongress.com.br\/2023\/a-evolucao-da-carga-imediata-dos-implantes-de-titanio-ate-implantes-ceramicos\/","title":{"rendered":"A evolu\u00e7\u00e3o da carga imediata \u2013 dos implantes de tit\u00e2nio at\u00e9 implantes cer\u00e2micos"},"content":{"rendered":"\t\t<div data-elementor-type=\"wp-page\" data-elementor-id=\"721\" class=\"elementor elementor-721\">\n\t\t\t\t\t\t\t<div class=\"elementor-element elementor-element-4ae8e3b0 e-con-full e-flex e-con\" data-id=\"4ae8e3b0\" data-element_type=\"container\" data-settings=\"{&quot;content_width&quot;:&quot;full&quot;,&quot;background_background&quot;:&quot;classic&quot;}\">\n\t\t<div class=\"elementor-element elementor-element-631c0960 e-con-full e-flex e-con\" data-id=\"631c0960\" data-element_type=\"container\" data-settings=\"{&quot;content_width&quot;:&quot;full&quot;}\">\n\t\t\t\t<\/div>\n\t\t<div class=\"elementor-element elementor-element-144492d9 e-con-full e-flex e-con\" data-id=\"144492d9\" data-element_type=\"container\" data-settings=\"{&quot;content_width&quot;:&quot;full&quot;,&quot;background_background&quot;:&quot;classic&quot;}\">\n\t\t<div class=\"elementor-element elementor-element-75bfd68c e-con-boxed e-flex e-con\" data-id=\"75bfd68c\" data-element_type=\"container\" data-settings=\"{&quot;content_width&quot;:&quot;boxed&quot;}\">\n\t\t\t\t\t<div class=\"e-con-inner\">\n\t\t\t\t<div class=\"elementor-element elementor-element-16ac2de2 elementor-widget elementor-widget-heading\" data-id=\"16ac2de2\" data-element_type=\"widget\" data-widget_type=\"heading.default\">\n\t\t\t\t<div class=\"elementor-widget-container\">\n\t\t\t<style>\/*! elementor - v3.13.2 - 11-05-2023 *\/\n.elementor-heading-title{padding:0;margin:0;line-height:1}.elementor-widget-heading .elementor-heading-title[class*=elementor-size-]>a{color:inherit;font-size:inherit;line-height:inherit}.elementor-widget-heading .elementor-heading-title.elementor-size-small{font-size:15px}.elementor-widget-heading .elementor-heading-title.elementor-size-medium{font-size:19px}.elementor-widget-heading .elementor-heading-title.elementor-size-large{font-size:29px}.elementor-widget-heading .elementor-heading-title.elementor-size-xl{font-size:39px}.elementor-widget-heading .elementor-heading-title.elementor-size-xxl{font-size:59px}<\/style><h2 class=\"elementor-heading-title elementor-size-default\"><a href=\"\/2023\/menu-neodent-expertise\/\">Menu<\/a><\/h2>\t\t<\/div>\n\t\t\t\t<\/div>\n\t\t\t\t<div class=\"elementor-element elementor-element-ae938d8 elementor-widget elementor-widget-heading\" data-id=\"ae938d8\" data-element_type=\"widget\" data-widget_type=\"heading.default\">\n\t\t\t\t<div class=\"elementor-widget-container\">\n\t\t\t<h2 class=\"elementor-heading-title elementor-size-default\"><a href=\"\/2023\/menu-neodent-expertise\/\">Neodent, Expertise<\/a><\/h2>\t\t<\/div>\n\t\t\t\t<\/div>\n\t\t\t\t\t<\/div>\n\t\t\t\t<\/div>\n\t\t<div class=\"elementor-element elementor-element-69bddac6 e-con-boxed e-flex e-con\" data-id=\"69bddac6\" data-element_type=\"container\" data-settings=\"{&quot;content_width&quot;:&quot;boxed&quot;}\">\n\t\t\t\t\t<div class=\"e-con-inner\">\n\t\t\t\t<div class=\"elementor-element elementor-element-9f7f180 elementor-widget elementor-widget-heading\" data-id=\"9f7f180\" data-element_type=\"widget\" data-widget_type=\"heading.default\">\n\t\t\t\t<div class=\"elementor-widget-container\">\n\t\t\t<h2 class=\"elementor-heading-title elementor-size-default\">A evolu\u00e7\u00e3o da carga imediata \u2013 dos implantes de tit\u00e2nio at\u00e9 implantes cer\u00e2micos<\/h2>\t\t<\/div>\n\t\t\t\t<\/div>\n\t\t\t\t\t<\/div>\n\t\t\t\t<\/div>\n\t\t\t\t<div class=\"elementor-element elementor-element-26072c3c elementor-widget elementor-widget-text-editor\" data-id=\"26072c3c\" data-element_type=\"widget\" data-widget_type=\"text-editor.default\">\n\t\t\t\t<div class=\"elementor-widget-container\">\n\t\t\t<style>\/*! elementor - v3.13.2 - 11-05-2023 *\/\n.elementor-widget-text-editor.elementor-drop-cap-view-stacked .elementor-drop-cap{background-color:#69727d;color:#fff}.elementor-widget-text-editor.elementor-drop-cap-view-framed .elementor-drop-cap{color:#69727d;border:3px solid;background-color:transparent}.elementor-widget-text-editor:not(.elementor-drop-cap-view-default) .elementor-drop-cap{margin-top:8px}.elementor-widget-text-editor:not(.elementor-drop-cap-view-default) .elementor-drop-cap-letter{width:1em;height:1em}.elementor-widget-text-editor .elementor-drop-cap{float:left;text-align:center;line-height:1;font-size:50px}.elementor-widget-text-editor .elementor-drop-cap-letter{display:inline-block}<\/style>\t\t\t\t<p><span style=\"color: #e8307c;\"><strong>ID Trabalho:<\/strong> 1108931<\/span><\/p><p><strong>Autores: <\/strong>ELOANA THOME MARINONI (Ilapeo &#8211; curitiba &#8211; PR &#8211; Brasil)<\/p><p><strong>Institui\u00e7\u00f5es dos autores:<\/strong> Ilapeo &#8211; curitiba &#8211; PR &#8211; Brasil<\/p><p><strong>Introdu\u00e7\u00e3o: <\/strong>A carga imediata com implantes dent\u00e1rios atravessa os anos na Implantodontia sedimentando-se cada vez mais na literatura cient\u00edfica e na pratica cl\u00ednica como uma t\u00e9cnica segura, r\u00e1pida e eficaz para reabilita\u00e7\u00e3o de casos posteriores e anteriores, convencionais e est\u00e9ticos. O desenvolvimento de novas tecnologias como os implantes de zirc\u00f4nia, v\u00eam a complementar a sua aplica\u00e7\u00e3o cl\u00ednica, no intuito de entregar para o profissional mais est\u00e9tica e seguran\u00e7a na sua execu\u00e7\u00e3o. Sempre com foco no paciente, a carga imediata quando bem executada, eleva as chances de sucesso na instala\u00e7\u00e3o de implantes e nas suas reabilita\u00e7\u00f5es. Com o intuito de simplificar esse processo, essa apresenta\u00e7\u00e3o se desenvolve.<\/p><p><strong>Relato do caso: <\/strong>Nessa apresenta\u00e7\u00e3o s\u00e3o mostrados dois casos de instala\u00e7\u00e3o de implantes imediatos em alv\u00e9olos frescos com carga imediata. No primeiro, paciente do sexo masculino, teve a perda do elemento 36 por c\u00e1rie abaixo da coroa prot\u00e9tica. O dente foi extra\u00eddo e foi imediatamente instalado um implante Neodent Helix entre os septos \u00f3sseos, seguido de enxerto \u00f3sseo com Cerabone, da sele\u00e7\u00e3o do pilar prot\u00e9tico e da confec\u00e7\u00e3o do provis\u00f3rio. Posteriormente se realizou a coloca\u00e7\u00e3o da coroa de porcelana. No segundo caso, paciente do sexo feminino, teve a perda dos dois incisivos centrais superiores por fratura das ra\u00edzes. na mesma sess\u00e3o os dentes foram extra\u00eddos e implantes cer\u00e2micos Neodent Zi foram instalados e reabilitados.<\/p><p><strong>Conclus\u00e3o ou considera\u00e7\u00f5es finais: <\/strong>Essa apresenta\u00e7\u00e3o traz \u00e0 luz novas t\u00e9cnicas e materiais para sedimentar a instala\u00e7\u00e3o de implantes com carga imediata como uma t\u00e9cnica segura e eficaz tanto para os profissionais como para os pacientes.<\/p><p><strong>Palavras chave: <\/strong>Carga Imediata, Implantes Cer\u00e2micos, Implantes de Zirc\u00f4nia, Cirurgia Guiada<\/p>\t\t\t\t\t\t<\/div>\n\t\t\t\t<\/div>\n\t\t\t\t<div class=\"elementor-element elementor-element-69075d38 elementor-widget elementor-widget-shortcode\" data-id=\"69075d38\" data-element_type=\"widget\" data-widget_type=\"shortcode.default\">\n\t\t\t\t<div class=\"elementor-widget-container\">\n\t\t\t\t\t<div class=\"elementor-shortcode\"><a href=\"javascript:history.back(1)\" target=\"_self\"><img decoding=\"async\" src=\"..\/wp-content\/uploads\/2023\/05\/bot-voltar.png\" widht=\"103\" height=\"28\" border=\"0\"><\/a> <\/div>\n\t\t\t\t<\/div>\n\t\t\t\t<\/div>\n\t\t\t\t<\/div>\n\t\t<div class=\"elementor-element elementor-element-2d7cb7ee e-con-full e-flex e-con\" data-id=\"2d7cb7ee\" data-element_type=\"container\" data-settings=\"{&quot;content_width&quot;:&quot;full&quot;}\">\n\t\t\t\t<\/div>\n\t\t\t\t<\/div>\n\t\t\t\t\t\t\t<\/div>\n\t\t","protected":false},"excerpt":{"rendered":"<p>Menu Neodent, Expertise A evolu\u00e7\u00e3o da carga imediata \u2013 dos implantes de tit\u00e2nio at\u00e9 implantes cer\u00e2micos ID Trabalho: 1108931 Autores: ELOANA THOME MARINONI (Ilapeo &#8211; curitiba<span class=\"excerpt-hellip\"> [\u2026]<\/span><\/p>\n","protected":false},"author":1,"featured_media":0,"parent":0,"menu_order":0,"comment_status":"closed","ping_status":"closed","template":"","meta":[],"_links":{"self":[{"href":"https:\/\/anaisneodentcongress.com.br\/2023\/wp-json\/wp\/v2\/pages\/721"}],"collection":[{"href":"https:\/\/anaisneodentcongress.com.br\/2023\/wp-json\/wp\/v2\/pages"}],"about":[{"href":"https:\/\/anaisneodentcongress.com.br\/2023\/wp-json\/wp\/v2\/types\/page"}],"author":[{"embeddable":true,"href":"https:\/\/anaisneodentcongress.com.br\/2023\/wp-json\/wp\/v2\/users\/1"}],"replies":[{"embeddable":true,"href":"https:\/\/anaisneodentcongress.com.br\/2023\/wp-json\/wp\/v2\/comments?post=721"}],"version-history":[{"count":10,"href":"https:\/\/anaisneodentcongress.com.br\/2023\/wp-json\/wp\/v2\/pages\/721\/revisions"}],"predecessor-version":[{"id":1554,"href":"https:\/\/anaisneodentcongress.com.br\/2023\/wp-json\/wp\/v2\/pages\/721\/revisions\/1554"}],"wp:attachment":[{"href":"https:\/\/anaisneodentcongress.com.br\/2023\/wp-json\/wp\/v2\/media?parent=721"}],"curies":[{"name":"wp","href":"https:\/\/api.w.org\/{rel}","templated":true}]}}