{"id":708,"date":"2023-05-11T17:48:44","date_gmt":"2023-05-11T20:48:44","guid":{"rendered":"https:\/\/anaisneodentcongress.com.br\/2023\/?page_id=708"},"modified":"2023-05-17T16:47:52","modified_gmt":"2023-05-17T19:47:52","slug":"atrofia-mandibular-propostas-de-resolucao-por-planejamentos-digital-e-analogico","status":"publish","type":"page","link":"https:\/\/anaisneodentcongress.com.br\/2023\/atrofia-mandibular-propostas-de-resolucao-por-planejamentos-digital-e-analogico\/","title":{"rendered":"Atrofia mandibular: Propostas de resolu\u00e7\u00e3o por planejamentos digital e anal\u00f3gico"},"content":{"rendered":"\t\t<div data-elementor-type=\"wp-page\" data-elementor-id=\"708\" class=\"elementor elementor-708\">\n\t\t\t\t\t\t\t<div class=\"elementor-element elementor-element-1714a9ad e-con-full e-flex e-con\" data-id=\"1714a9ad\" data-element_type=\"container\" data-settings=\"{&quot;content_width&quot;:&quot;full&quot;,&quot;background_background&quot;:&quot;classic&quot;}\">\n\t\t<div class=\"elementor-element elementor-element-6d297b3b e-con-full e-flex e-con\" data-id=\"6d297b3b\" data-element_type=\"container\" data-settings=\"{&quot;content_width&quot;:&quot;full&quot;}\">\n\t\t\t\t<\/div>\n\t\t<div class=\"elementor-element elementor-element-cd0d194 e-con-full e-flex e-con\" data-id=\"cd0d194\" data-element_type=\"container\" data-settings=\"{&quot;content_width&quot;:&quot;full&quot;,&quot;background_background&quot;:&quot;classic&quot;}\">\n\t\t<div class=\"elementor-element elementor-element-20c39e20 e-con-boxed e-flex e-con\" data-id=\"20c39e20\" data-element_type=\"container\" data-settings=\"{&quot;content_width&quot;:&quot;boxed&quot;}\">\n\t\t\t\t\t<div class=\"e-con-inner\">\n\t\t\t\t<div class=\"elementor-element elementor-element-47d2b8f5 elementor-widget elementor-widget-heading\" data-id=\"47d2b8f5\" data-element_type=\"widget\" data-widget_type=\"heading.default\">\n\t\t\t\t<div class=\"elementor-widget-container\">\n\t\t\t<style>\/*! elementor - v3.13.2 - 11-05-2023 *\/\n.elementor-heading-title{padding:0;margin:0;line-height:1}.elementor-widget-heading .elementor-heading-title[class*=elementor-size-]>a{color:inherit;font-size:inherit;line-height:inherit}.elementor-widget-heading .elementor-heading-title.elementor-size-small{font-size:15px}.elementor-widget-heading .elementor-heading-title.elementor-size-medium{font-size:19px}.elementor-widget-heading .elementor-heading-title.elementor-size-large{font-size:29px}.elementor-widget-heading .elementor-heading-title.elementor-size-xl{font-size:39px}.elementor-widget-heading .elementor-heading-title.elementor-size-xxl{font-size:59px}<\/style><h2 class=\"elementor-heading-title elementor-size-default\"><a href=\"\/2023\/menu-neodent-caso-clinico\/\">Menu<\/a><\/h2>\t\t<\/div>\n\t\t\t\t<\/div>\n\t\t\t\t<div class=\"elementor-element elementor-element-4636b793 elementor-widget elementor-widget-heading\" data-id=\"4636b793\" data-element_type=\"widget\" data-widget_type=\"heading.default\">\n\t\t\t\t<div class=\"elementor-widget-container\">\n\t\t\t<h2 class=\"elementor-heading-title elementor-size-default\"><a href=\"\/2023\/menu-neodent-caso-clinico\/\">Neodent, Caso Cl\u00ednico<\/a><\/h2>\t\t<\/div>\n\t\t\t\t<\/div>\n\t\t\t\t\t<\/div>\n\t\t\t\t<\/div>\n\t\t<div class=\"elementor-element elementor-element-5f5b8cc6 e-con-boxed e-flex e-con\" data-id=\"5f5b8cc6\" data-element_type=\"container\" data-settings=\"{&quot;content_width&quot;:&quot;boxed&quot;}\">\n\t\t\t\t\t<div class=\"e-con-inner\">\n\t\t\t\t<div class=\"elementor-element elementor-element-37aa7916 elementor-widget elementor-widget-heading\" data-id=\"37aa7916\" data-element_type=\"widget\" data-widget_type=\"heading.default\">\n\t\t\t\t<div class=\"elementor-widget-container\">\n\t\t\t<h2 class=\"elementor-heading-title elementor-size-default\">Atrofia mandibular: Propostas de resolu\u00e7\u00e3o por planejamentos digital e anal\u00f3gico<\/h2>\t\t<\/div>\n\t\t\t\t<\/div>\n\t\t\t\t\t<\/div>\n\t\t\t\t<\/div>\n\t\t\t\t<div class=\"elementor-element elementor-element-4a13c25d elementor-widget elementor-widget-text-editor\" data-id=\"4a13c25d\" data-element_type=\"widget\" data-widget_type=\"text-editor.default\">\n\t\t\t\t<div class=\"elementor-widget-container\">\n\t\t\t<style>\/*! elementor - v3.13.2 - 11-05-2023 *\/\n.elementor-widget-text-editor.elementor-drop-cap-view-stacked .elementor-drop-cap{background-color:#69727d;color:#fff}.elementor-widget-text-editor.elementor-drop-cap-view-framed .elementor-drop-cap{color:#69727d;border:3px solid;background-color:transparent}.elementor-widget-text-editor:not(.elementor-drop-cap-view-default) .elementor-drop-cap{margin-top:8px}.elementor-widget-text-editor:not(.elementor-drop-cap-view-default) .elementor-drop-cap-letter{width:1em;height:1em}.elementor-widget-text-editor .elementor-drop-cap{float:left;text-align:center;line-height:1;font-size:50px}.elementor-widget-text-editor .elementor-drop-cap-letter{display:inline-block}<\/style>\t\t\t\t<p><span style=\"color: #e8307c;\"><strong>ID Trabalho:<\/strong> 1108929<\/span><\/p><p><strong>Autores: <\/strong>GABRIELA DA SILVA NACER MAREK (ILAPEO &#8211; CURITIBA &#8211; PR &#8211; Brasil)<\/p><p><strong>Institui\u00e7\u00f5es dos autores:<\/strong> ILAPEO &#8211; CURITIBA &#8211; PR &#8211; Brasil<\/p><p><strong>Introdu\u00e7\u00e3o: <\/strong>A atrofia mandibular \u00e9 decorrente da extensa reabsor\u00e7\u00e3o \u00f3ssea, sendo sua reabilita\u00e7\u00e3o de grande complexidade. O planejamento \u00e9 primordial para que as instala\u00e7\u00f5es dos implantes e a reabilita\u00e7\u00e3o prot\u00e9tica sejam satisfat\u00f3rias. O objetivo deste estudo \u00e9 demonstrar duas t\u00e9cnicas, do planejamento \u00e0 reabilita\u00e7\u00e3o, por meio digital ou anal\u00f3gico.<\/p><p><strong>Relato do caso: <\/strong>No primeiro paciente, como os dentes anteriores estavam presentes e a DVO era correta, foi realizado um escaneamento intraoral (VirtuoVivo) e tomografia. O planejamento cir\u00fargico foi realizado no software CoDiagnostiX e o prot\u00e9tico no software Exocad, sendo solicitado um guia multifuncional impresso. Foram instalados 4 implantes Helix GM (Neodent) e ap\u00f3s a moldagem, instalado uma pr\u00f3tese imediata. No segundo, foi realizado moldagem, ajustes dos planos de cera, montagem em ASA\u00a0 e prova dos dentes, sendo confeccionado um guia multifuncional por duplica\u00e7\u00e3o. Foram instalados 4 implantes BLX (Straumann) guiados proteticamente e ap\u00f3s a moldagem, instalado uma pr\u00f3tese imediata. Na an\u00e1lise tomogr\u00e1fica os implantes mostraram-se em posi\u00e7\u00e3o ideal.<\/p><p><strong>Conclus\u00e3o ou considera\u00e7\u00f5es finais: <\/strong>Ambas as t\u00e9cnicas proporcionaram efici\u00eancia em rela\u00e7\u00e3o a est\u00e9tica e biomec\u00e2nica da pr\u00f3tese, alcan\u00e7ando um \u00f3timo resultado funcional. A t\u00e9cnica digital mostrou um fluxo mais r\u00e1pido em rela\u00e7\u00e3o a anal\u00f3gica, reduzindo o tempo de tratamento. A t\u00e9cnica virtual guiada proporcionou uma cirurgia mais r\u00e1pida e precisa, mostrando-se segura e previs\u00edvel neste caso cl\u00ednico. \u00c9 poss\u00edvel oferecer reabilita\u00e7\u00e3o para casos mandibulares complexos tanto por meio digital quanto anal\u00f3gico, com resultados funcionais e est\u00e9ticos. No entanto, a t\u00e9cnica digital mostrou uma resolu\u00e7\u00e3o mais r\u00e1pida trazendo maior conforto ao paciente e aumento da produtividade cl\u00ednica.<\/p><p><strong>Palavras chave: <\/strong>Carga Imediata em Implante Dent\u00e1rio; Planejamento de Pr\u00f3tese Dent\u00e1ria; Pr\u00f3tese Dent\u00e1ria Fixada por Implante; Reabilita\u00e7\u00e3o Bucal<\/p>\t\t\t\t\t\t<\/div>\n\t\t\t\t<\/div>\n\t\t\t\t<div class=\"elementor-element elementor-element-50ed0ae1 elementor-widget elementor-widget-shortcode\" data-id=\"50ed0ae1\" data-element_type=\"widget\" data-widget_type=\"shortcode.default\">\n\t\t\t\t<div class=\"elementor-widget-container\">\n\t\t\t\t\t<div class=\"elementor-shortcode\"><a href=\"javascript:history.back(1)\" target=\"_self\"><img decoding=\"async\" src=\"..\/wp-content\/uploads\/2023\/05\/bot-voltar.png\" widht=\"103\" height=\"28\" border=\"0\"><\/a> <\/div>\n\t\t\t\t<\/div>\n\t\t\t\t<\/div>\n\t\t\t\t<\/div>\n\t\t<div class=\"elementor-element elementor-element-7c8500e4 e-con-full e-flex e-con\" data-id=\"7c8500e4\" data-element_type=\"container\" data-settings=\"{&quot;content_width&quot;:&quot;full&quot;}\">\n\t\t\t\t<\/div>\n\t\t\t\t<\/div>\n\t\t\t\t\t\t\t<\/div>\n\t\t","protected":false},"excerpt":{"rendered":"<p>Menu Neodent, Caso Cl\u00ednico Atrofia mandibular: Propostas de resolu\u00e7\u00e3o por planejamentos digital e anal\u00f3gico ID Trabalho: 1108929 Autores: GABRIELA DA SILVA NACER MAREK (ILAPEO &#8211; CURITIBA<span class=\"excerpt-hellip\"> [\u2026]<\/span><\/p>\n","protected":false},"author":1,"featured_media":0,"parent":0,"menu_order":0,"comment_status":"closed","ping_status":"closed","template":"","meta":[],"_links":{"self":[{"href":"https:\/\/anaisneodentcongress.com.br\/2023\/wp-json\/wp\/v2\/pages\/708"}],"collection":[{"href":"https:\/\/anaisneodentcongress.com.br\/2023\/wp-json\/wp\/v2\/pages"}],"about":[{"href":"https:\/\/anaisneodentcongress.com.br\/2023\/wp-json\/wp\/v2\/types\/page"}],"author":[{"embeddable":true,"href":"https:\/\/anaisneodentcongress.com.br\/2023\/wp-json\/wp\/v2\/users\/1"}],"replies":[{"embeddable":true,"href":"https:\/\/anaisneodentcongress.com.br\/2023\/wp-json\/wp\/v2\/comments?post=708"}],"version-history":[{"count":10,"href":"https:\/\/anaisneodentcongress.com.br\/2023\/wp-json\/wp\/v2\/pages\/708\/revisions"}],"predecessor-version":[{"id":1569,"href":"https:\/\/anaisneodentcongress.com.br\/2023\/wp-json\/wp\/v2\/pages\/708\/revisions\/1569"}],"wp:attachment":[{"href":"https:\/\/anaisneodentcongress.com.br\/2023\/wp-json\/wp\/v2\/media?parent=708"}],"curies":[{"name":"wp","href":"https:\/\/api.w.org\/{rel}","templated":true}]}}