{"id":696,"date":"2023-05-11T17:46:44","date_gmt":"2023-05-11T20:46:44","guid":{"rendered":"https:\/\/anaisneodentcongress.com.br\/2023\/?page_id=696"},"modified":"2023-05-17T17:18:09","modified_gmt":"2023-05-17T20:18:09","slug":"previsibilidade-e-funcionalidade-do-planejamento-digital-em-arcos-totais-edentulos-para-reabilitacoes-totais-muco-e-implanto-suportadas","status":"publish","type":"page","link":"https:\/\/anaisneodentcongress.com.br\/2023\/previsibilidade-e-funcionalidade-do-planejamento-digital-em-arcos-totais-edentulos-para-reabilitacoes-totais-muco-e-implanto-suportadas\/","title":{"rendered":"Previsibilidade e funcionalidade do planejamento digital em arcos totais ed\u00eantulos para reabilita\u00e7\u00f5es totais muco e implanto-suportadas"},"content":{"rendered":"\t\t<div data-elementor-type=\"wp-page\" data-elementor-id=\"696\" class=\"elementor elementor-696\">\n\t\t\t\t\t\t\t<div class=\"elementor-element elementor-element-1a53fd1c e-con-full e-flex e-con\" data-id=\"1a53fd1c\" data-element_type=\"container\" data-settings=\"{&quot;content_width&quot;:&quot;full&quot;,&quot;background_background&quot;:&quot;classic&quot;}\">\n\t\t<div class=\"elementor-element elementor-element-31febaa e-con-full e-flex e-con\" data-id=\"31febaa\" data-element_type=\"container\" data-settings=\"{&quot;content_width&quot;:&quot;full&quot;}\">\n\t\t\t\t<\/div>\n\t\t<div class=\"elementor-element elementor-element-2cc17662 e-con-full e-flex e-con\" data-id=\"2cc17662\" data-element_type=\"container\" data-settings=\"{&quot;content_width&quot;:&quot;full&quot;,&quot;background_background&quot;:&quot;classic&quot;}\">\n\t\t<div class=\"elementor-element elementor-element-2839e24d e-con-boxed e-flex e-con\" data-id=\"2839e24d\" data-element_type=\"container\" data-settings=\"{&quot;content_width&quot;:&quot;boxed&quot;}\">\n\t\t\t\t\t<div class=\"e-con-inner\">\n\t\t\t\t<div class=\"elementor-element elementor-element-1976b6c elementor-widget elementor-widget-heading\" data-id=\"1976b6c\" data-element_type=\"widget\" data-widget_type=\"heading.default\">\n\t\t\t\t<div class=\"elementor-widget-container\">\n\t\t\t<style>\/*! elementor - v3.13.2 - 11-05-2023 *\/\n.elementor-heading-title{padding:0;margin:0;line-height:1}.elementor-widget-heading .elementor-heading-title[class*=elementor-size-]>a{color:inherit;font-size:inherit;line-height:inherit}.elementor-widget-heading .elementor-heading-title.elementor-size-small{font-size:15px}.elementor-widget-heading .elementor-heading-title.elementor-size-medium{font-size:19px}.elementor-widget-heading .elementor-heading-title.elementor-size-large{font-size:29px}.elementor-widget-heading .elementor-heading-title.elementor-size-xl{font-size:39px}.elementor-widget-heading .elementor-heading-title.elementor-size-xxl{font-size:59px}<\/style><h2 class=\"elementor-heading-title elementor-size-default\"><a href=\"\/2023\/menu-neodent-expertise\/\">Menu<\/a><\/h2>\t\t<\/div>\n\t\t\t\t<\/div>\n\t\t\t\t<div class=\"elementor-element elementor-element-56732c3e elementor-widget elementor-widget-heading\" data-id=\"56732c3e\" data-element_type=\"widget\" data-widget_type=\"heading.default\">\n\t\t\t\t<div class=\"elementor-widget-container\">\n\t\t\t<h2 class=\"elementor-heading-title elementor-size-default\"><a href=\"\/2023\/menu-neodent-expertise\/\">Neodent, Expertise<\/a><\/h2>\t\t<\/div>\n\t\t\t\t<\/div>\n\t\t\t\t\t<\/div>\n\t\t\t\t<\/div>\n\t\t<div class=\"elementor-element elementor-element-67d2ea43 e-con-boxed e-flex e-con\" data-id=\"67d2ea43\" data-element_type=\"container\" data-settings=\"{&quot;content_width&quot;:&quot;boxed&quot;}\">\n\t\t\t\t\t<div class=\"e-con-inner\">\n\t\t\t\t<div class=\"elementor-element elementor-element-4db601a3 elementor-widget elementor-widget-heading\" data-id=\"4db601a3\" data-element_type=\"widget\" data-widget_type=\"heading.default\">\n\t\t\t\t<div class=\"elementor-widget-container\">\n\t\t\t<h2 class=\"elementor-heading-title elementor-size-default\">Previsibilidade e funcionalidade do planejamento digital em arcos totais ed\u00eantulos para reabilita\u00e7\u00f5es totais muco e implanto-suportadas<\/h2>\t\t<\/div>\n\t\t\t\t<\/div>\n\t\t\t\t\t<\/div>\n\t\t\t\t<\/div>\n\t\t\t\t<div class=\"elementor-element elementor-element-76b72a57 elementor-widget elementor-widget-text-editor\" data-id=\"76b72a57\" data-element_type=\"widget\" data-widget_type=\"text-editor.default\">\n\t\t\t\t<div class=\"elementor-widget-container\">\n\t\t\t<style>\/*! elementor - v3.13.2 - 11-05-2023 *\/\n.elementor-widget-text-editor.elementor-drop-cap-view-stacked .elementor-drop-cap{background-color:#69727d;color:#fff}.elementor-widget-text-editor.elementor-drop-cap-view-framed .elementor-drop-cap{color:#69727d;border:3px solid;background-color:transparent}.elementor-widget-text-editor:not(.elementor-drop-cap-view-default) .elementor-drop-cap{margin-top:8px}.elementor-widget-text-editor:not(.elementor-drop-cap-view-default) .elementor-drop-cap-letter{width:1em;height:1em}.elementor-widget-text-editor .elementor-drop-cap{float:left;text-align:center;line-height:1;font-size:50px}.elementor-widget-text-editor .elementor-drop-cap-letter{display:inline-block}<\/style>\t\t\t\t<p><span style=\"color: #e8307c;\"><strong>ID Trabalho:<\/strong> 1108927<\/span><\/p><p><strong>Autores: <\/strong>CARLOS ESTEVAN CIDRAL STUTZ (Ilapeo &#8211; Curitiba &#8211; PR &#8211; Brasil)<\/p><p><strong>Institui\u00e7\u00f5es dos autores:<\/strong> Ilapeo &#8211; Curitiba &#8211; PR &#8211; Brasil<\/p><p><strong>Introdu\u00e7\u00e3o: <\/strong>A previsibilidade do planejamento digital em reabilita\u00e7\u00e3o implanto-suportada de arcos totais ed\u00eantulos \u00e9 um desafio, visto a dificuldade da impress\u00e3o funcional correta da borda e o registro maxilomandibular digitalizados diretamente com um scanner intraoral. Este caso descreve a previsibilidade do fluxo de trabalho digital em replicar arcos ed\u00eantulos totais com contorno funcional e posicion\u00e1-los na rela\u00e7\u00e3o c\u00eantrica usando um scanner intraoral, dentadura existente, fotografia de face e t\u00e9cnica de revers\u00e3o de imagem tridimensional.<\/p><p><strong>Relato do caso: <\/strong>Paciente utilizando pr\u00f3tese total dupla foi submetido a fotografias de face. Em seguida confeccionamos \u201cJig de Lucia\u201d sobre os incisivos centrais superiores e dois registros oclusais bilaterias para devolver dimens\u00e3o vertical de oclus\u00e3o. Realizamos nova tomada de fotogr\u00e1fica de face com os registros interoclusais em sorriso for\u00e7ado para posterior escaneamento e planejamento virtual atrav\u00e9s do software \u201cexocad\u201d. Adequamos o selamento perif\u00e9rico nas bordas das pr\u00f3teses totais com godiva de baixa fus\u00e3o para a moldagem funcional. Registramos a situa\u00e7\u00e3o cl\u00ednica, por\u00e9m fora da boca, com o scanner intraoral. Com as imagens capturadas, o laborat\u00f3rio\u00a0 arronjou e alinhou os dentes da futura pr\u00f3tese total superior e do guia-multifuncional mandibular. Com as pr\u00f3teses em m\u00e3os realizamos registro interoclusal em tr\u00eas pontos\u00a0 e seguimos com a instala\u00e7\u00e3o dos implantes. A pr\u00f3tese total superior impressa e a moldagem de transfer\u00eancia com o guia multifuncional foram encaminhadas para pigmenta\u00e7\u00f5es e glazeamento.<\/p><p><strong>Conclus\u00e3o ou considera\u00e7\u00f5es finais: <\/strong>O planejamento digital obtido pelos registros intraorais com scanners, a impress\u00e3o de guias cir\u00fargicos e pr\u00f3teses totais muco e implanto-suportadas impressas provisoriamente podem ser projetadas de forma eficiente e previs\u00edvel.<\/p><p><strong>Palavras chave: \u00a0&#8211; <\/strong><\/p>\t\t\t\t\t\t<\/div>\n\t\t\t\t<\/div>\n\t\t\t\t<div class=\"elementor-element elementor-element-3bc08b33 elementor-widget elementor-widget-shortcode\" data-id=\"3bc08b33\" data-element_type=\"widget\" data-widget_type=\"shortcode.default\">\n\t\t\t\t<div class=\"elementor-widget-container\">\n\t\t\t\t\t<div class=\"elementor-shortcode\"><a href=\"javascript:history.back(1)\" target=\"_self\"><img decoding=\"async\" src=\"..\/wp-content\/uploads\/2023\/05\/bot-voltar.png\" widht=\"103\" height=\"28\" border=\"0\"><\/a> <\/div>\n\t\t\t\t<\/div>\n\t\t\t\t<\/div>\n\t\t\t\t<\/div>\n\t\t<div class=\"elementor-element elementor-element-78c6f3de e-con-full e-flex e-con\" data-id=\"78c6f3de\" data-element_type=\"container\" data-settings=\"{&quot;content_width&quot;:&quot;full&quot;}\">\n\t\t\t\t<\/div>\n\t\t\t\t<\/div>\n\t\t\t\t\t\t\t<\/div>\n\t\t","protected":false},"excerpt":{"rendered":"<p>Menu Neodent, Expertise Previsibilidade e funcionalidade do planejamento digital em arcos totais ed\u00eantulos para reabilita\u00e7\u00f5es totais muco e implanto-suportadas ID Trabalho: 1108927 Autores: CARLOS ESTEVAN CIDRAL<span class=\"excerpt-hellip\"> [\u2026]<\/span><\/p>\n","protected":false},"author":1,"featured_media":0,"parent":0,"menu_order":0,"comment_status":"closed","ping_status":"closed","template":"","meta":[],"_links":{"self":[{"href":"https:\/\/anaisneodentcongress.com.br\/2023\/wp-json\/wp\/v2\/pages\/696"}],"collection":[{"href":"https:\/\/anaisneodentcongress.com.br\/2023\/wp-json\/wp\/v2\/pages"}],"about":[{"href":"https:\/\/anaisneodentcongress.com.br\/2023\/wp-json\/wp\/v2\/types\/page"}],"author":[{"embeddable":true,"href":"https:\/\/anaisneodentcongress.com.br\/2023\/wp-json\/wp\/v2\/users\/1"}],"replies":[{"embeddable":true,"href":"https:\/\/anaisneodentcongress.com.br\/2023\/wp-json\/wp\/v2\/comments?post=696"}],"version-history":[{"count":10,"href":"https:\/\/anaisneodentcongress.com.br\/2023\/wp-json\/wp\/v2\/pages\/696\/revisions"}],"predecessor-version":[{"id":1662,"href":"https:\/\/anaisneodentcongress.com.br\/2023\/wp-json\/wp\/v2\/pages\/696\/revisions\/1662"}],"wp:attachment":[{"href":"https:\/\/anaisneodentcongress.com.br\/2023\/wp-json\/wp\/v2\/media?parent=696"}],"curies":[{"name":"wp","href":"https:\/\/api.w.org\/{rel}","templated":true}]}}