{"id":684,"date":"2023-05-11T17:44:45","date_gmt":"2023-05-11T20:44:45","guid":{"rendered":"https:\/\/anaisneodentcongress.com.br\/2023\/?page_id=684"},"modified":"2023-05-17T17:08:59","modified_gmt":"2023-05-17T20:08:59","slug":"implantes-imediatos-sao-seguros","status":"publish","type":"page","link":"https:\/\/anaisneodentcongress.com.br\/2023\/implantes-imediatos-sao-seguros\/","title":{"rendered":"Implantes imediatos s\u00e3o seguros?"},"content":{"rendered":"\t\t<div data-elementor-type=\"wp-page\" data-elementor-id=\"684\" class=\"elementor elementor-684\">\n\t\t\t\t\t\t\t<div class=\"elementor-element elementor-element-551e7457 e-con-full e-flex e-con\" data-id=\"551e7457\" data-element_type=\"container\" data-settings=\"{&quot;content_width&quot;:&quot;full&quot;,&quot;background_background&quot;:&quot;classic&quot;}\">\n\t\t<div class=\"elementor-element elementor-element-56f9fcc6 e-con-full e-flex e-con\" data-id=\"56f9fcc6\" data-element_type=\"container\" data-settings=\"{&quot;content_width&quot;:&quot;full&quot;}\">\n\t\t\t\t<\/div>\n\t\t<div class=\"elementor-element elementor-element-2ade939 e-con-full e-flex e-con\" data-id=\"2ade939\" data-element_type=\"container\" data-settings=\"{&quot;content_width&quot;:&quot;full&quot;,&quot;background_background&quot;:&quot;classic&quot;}\">\n\t\t<div class=\"elementor-element elementor-element-ab321cb e-con-boxed e-flex e-con\" data-id=\"ab321cb\" data-element_type=\"container\" data-settings=\"{&quot;content_width&quot;:&quot;boxed&quot;}\">\n\t\t\t\t\t<div class=\"e-con-inner\">\n\t\t\t\t<div class=\"elementor-element elementor-element-219a17a1 elementor-widget elementor-widget-heading\" data-id=\"219a17a1\" data-element_type=\"widget\" data-widget_type=\"heading.default\">\n\t\t\t\t<div class=\"elementor-widget-container\">\n\t\t\t<style>\/*! elementor - v3.13.2 - 11-05-2023 *\/\n.elementor-heading-title{padding:0;margin:0;line-height:1}.elementor-widget-heading .elementor-heading-title[class*=elementor-size-]>a{color:inherit;font-size:inherit;line-height:inherit}.elementor-widget-heading .elementor-heading-title.elementor-size-small{font-size:15px}.elementor-widget-heading .elementor-heading-title.elementor-size-medium{font-size:19px}.elementor-widget-heading .elementor-heading-title.elementor-size-large{font-size:29px}.elementor-widget-heading .elementor-heading-title.elementor-size-xl{font-size:39px}.elementor-widget-heading .elementor-heading-title.elementor-size-xxl{font-size:59px}<\/style><h2 class=\"elementor-heading-title elementor-size-default\"><a href=\"\/2023\/menu-neodent-expertise\/\">Menu<\/a><\/h2>\t\t<\/div>\n\t\t\t\t<\/div>\n\t\t\t\t<div class=\"elementor-element elementor-element-adc4f8f elementor-widget elementor-widget-heading\" data-id=\"adc4f8f\" data-element_type=\"widget\" data-widget_type=\"heading.default\">\n\t\t\t\t<div class=\"elementor-widget-container\">\n\t\t\t<h2 class=\"elementor-heading-title elementor-size-default\"><a href=\"\/2023\/menu-neodent-expertise\/\">Neodent, Expertise<\/a><\/h2>\t\t<\/div>\n\t\t\t\t<\/div>\n\t\t\t\t\t<\/div>\n\t\t\t\t<\/div>\n\t\t<div class=\"elementor-element elementor-element-13227b44 e-con-boxed e-flex e-con\" data-id=\"13227b44\" data-element_type=\"container\" data-settings=\"{&quot;content_width&quot;:&quot;boxed&quot;}\">\n\t\t\t\t\t<div class=\"e-con-inner\">\n\t\t\t\t<div class=\"elementor-element elementor-element-6214138c elementor-widget elementor-widget-heading\" data-id=\"6214138c\" data-element_type=\"widget\" data-widget_type=\"heading.default\">\n\t\t\t\t<div class=\"elementor-widget-container\">\n\t\t\t<h2 class=\"elementor-heading-title elementor-size-default\">Implantes imediatos s\u00e3o seguros?<\/h2>\t\t<\/div>\n\t\t\t\t<\/div>\n\t\t\t\t\t<\/div>\n\t\t\t\t<\/div>\n\t\t\t\t<div class=\"elementor-element elementor-element-1919c00 elementor-widget elementor-widget-text-editor\" data-id=\"1919c00\" data-element_type=\"widget\" data-widget_type=\"text-editor.default\">\n\t\t\t\t<div class=\"elementor-widget-container\">\n\t\t\t<style>\/*! elementor - v3.13.2 - 11-05-2023 *\/\n.elementor-widget-text-editor.elementor-drop-cap-view-stacked .elementor-drop-cap{background-color:#69727d;color:#fff}.elementor-widget-text-editor.elementor-drop-cap-view-framed .elementor-drop-cap{color:#69727d;border:3px solid;background-color:transparent}.elementor-widget-text-editor:not(.elementor-drop-cap-view-default) .elementor-drop-cap{margin-top:8px}.elementor-widget-text-editor:not(.elementor-drop-cap-view-default) .elementor-drop-cap-letter{width:1em;height:1em}.elementor-widget-text-editor .elementor-drop-cap{float:left;text-align:center;line-height:1;font-size:50px}.elementor-widget-text-editor .elementor-drop-cap-letter{display:inline-block}<\/style>\t\t\t\t<p><span style=\"color: #e8307c;\"><strong>ID Trabalho:<\/strong> 1108924<\/span><\/p><p><strong>Autores: <\/strong>MARIA ANGELICA ARA\u00daJO (Ilapeo\u00a0 &#8211; Curitiba\u00a0 &#8211; SP &#8211; Brasil)<\/p><p><strong>Institui\u00e7\u00f5es dos autores:<\/strong> Ilapeo\u00a0 &#8211; Curitiba\u00a0 &#8211; SP &#8211; Brasil<\/p><p><strong>Introdu\u00e7\u00e3o: <\/strong>Os Implantes instalados em alv\u00e9olos de extra\u00e7\u00e3o tem sido sugeridos por minimizar as altera\u00e7\u00f5es teciduais p\u00f3s exodontias em \u00e1reas est\u00e9ticas e apresentar vantagens em rela\u00e7\u00e3o a instala\u00e7\u00e3o convencional de implantes em \u00e1reas cicatrizadas como maior contato osso-implante (BIC), menor tempo de tratamento, menor custo e elimina\u00e7\u00e3o do uso de provis\u00f3rias remov\u00edveis durante a fase de osseointegra\u00e7\u00e3o.\u00a0 Mudan\u00e7as como o uso de implantes de conex\u00e3o interna c\u00f4nica garantem previsibilidade ao longo do tempo dos tecidos ao redor dos implantes imediatos, assim como o uso de materiais complementares de preenchimento do gap vestibular prometem minimizar a perda \u00f3ssea horizontal. Esta apresenta\u00e7\u00e3o tem como objetivo mostrar o seguimento\u00a0 cl\u00ednico e radiogr\u00e1fico de implantes imediatos com at\u00e9 18 anos de acompanhamento, enfatizando as modifica\u00e7\u00f5es da t\u00e9cnica associadas a evolu\u00e7\u00e3o tecnol\u00f3gica dos implantes e dos substitutos \u00f3sseos.<\/p><p><strong>Relato do caso: <\/strong>Estudo retrospectivo de implantes instalados em \u00e1reas de extra\u00e7\u00e3o na regi\u00e3o est\u00e9tica, acompanhados clinicamente atrav\u00e9s de avalia\u00e7\u00e3o com fotografias e radiografias periapicais ao longo de at\u00e9 18 anos. Os pacientes foram selecionados e os planejamentos com tomografias foram executados. As exodontias foram realizadas atraumaticamente e implantes imediatos instalados ancorados na parede palatina , deixando um gap para\u00a0 vestibular.\u00a0 Provis\u00f3rias imediatas foram realizadas quando o torque dos implantes atingiu 32 N.<\/p><p><strong>Conclus\u00e3o ou considera\u00e7\u00f5es finais: <\/strong>O uso pioneiro da t\u00e9cnica de instala\u00e7\u00e3o imediata de implantes Neodent em alv\u00e9olos de extra\u00e7\u00e3o avaliados clinicamente e acompanhados pelos achados cient\u00edficos ao longo do tempo nos permite afirmar que esta modalidade de tratamento \u00e9 previs\u00edvel, reproduz\u00edvel e segura quando o protocolo estabelecido \u00e9 utilizado.<\/p><p><strong>Palavras chave: <\/strong>Implantes imediatos, alv\u00e9olo de extra\u00e7\u00e3o<\/p>\t\t\t\t\t\t<\/div>\n\t\t\t\t<\/div>\n\t\t\t\t<div class=\"elementor-element elementor-element-703e243f elementor-widget elementor-widget-shortcode\" data-id=\"703e243f\" data-element_type=\"widget\" data-widget_type=\"shortcode.default\">\n\t\t\t\t<div class=\"elementor-widget-container\">\n\t\t\t\t\t<div class=\"elementor-shortcode\"><a href=\"javascript:history.back(1)\" target=\"_self\"><img decoding=\"async\" src=\"..\/wp-content\/uploads\/2023\/05\/bot-voltar.png\" widht=\"103\" height=\"28\" border=\"0\"><\/a> <\/div>\n\t\t\t\t<\/div>\n\t\t\t\t<\/div>\n\t\t\t\t<\/div>\n\t\t<div class=\"elementor-element elementor-element-222cc3d8 e-con-full e-flex e-con\" data-id=\"222cc3d8\" data-element_type=\"container\" data-settings=\"{&quot;content_width&quot;:&quot;full&quot;}\">\n\t\t\t\t<\/div>\n\t\t\t\t<\/div>\n\t\t\t\t\t\t\t<\/div>\n\t\t","protected":false},"excerpt":{"rendered":"<p>Menu Neodent, Expertise Implantes imediatos s\u00e3o seguros? ID Trabalho: 1108924 Autores: MARIA ANGELICA ARA\u00daJO (Ilapeo\u00a0 &#8211; Curitiba\u00a0 &#8211; SP &#8211; Brasil) Institui\u00e7\u00f5es dos autores: Ilapeo\u00a0 &#8211;<span class=\"excerpt-hellip\"> [\u2026]<\/span><\/p>\n","protected":false},"author":1,"featured_media":0,"parent":0,"menu_order":0,"comment_status":"closed","ping_status":"closed","template":"","meta":[],"_links":{"self":[{"href":"https:\/\/anaisneodentcongress.com.br\/2023\/wp-json\/wp\/v2\/pages\/684"}],"collection":[{"href":"https:\/\/anaisneodentcongress.com.br\/2023\/wp-json\/wp\/v2\/pages"}],"about":[{"href":"https:\/\/anaisneodentcongress.com.br\/2023\/wp-json\/wp\/v2\/types\/page"}],"author":[{"embeddable":true,"href":"https:\/\/anaisneodentcongress.com.br\/2023\/wp-json\/wp\/v2\/users\/1"}],"replies":[{"embeddable":true,"href":"https:\/\/anaisneodentcongress.com.br\/2023\/wp-json\/wp\/v2\/comments?post=684"}],"version-history":[{"count":10,"href":"https:\/\/anaisneodentcongress.com.br\/2023\/wp-json\/wp\/v2\/pages\/684\/revisions"}],"predecessor-version":[{"id":1635,"href":"https:\/\/anaisneodentcongress.com.br\/2023\/wp-json\/wp\/v2\/pages\/684\/revisions\/1635"}],"wp:attachment":[{"href":"https:\/\/anaisneodentcongress.com.br\/2023\/wp-json\/wp\/v2\/media?parent=684"}],"curies":[{"name":"wp","href":"https:\/\/api.w.org\/{rel}","templated":true}]}}