{"id":672,"date":"2023-05-11T17:42:47","date_gmt":"2023-05-11T20:42:47","guid":{"rendered":"https:\/\/anaisneodentcongress.com.br\/2023\/?page_id=672"},"modified":"2023-05-17T17:10:42","modified_gmt":"2023-05-17T20:10:42","slug":"instrumentacao-segura-com-neodent-control-system","status":"publish","type":"page","link":"https:\/\/anaisneodentcongress.com.br\/2023\/instrumentacao-segura-com-neodent-control-system\/","title":{"rendered":"Instrumenta\u00e7\u00e3o segura com Neodent\u00ae Control System"},"content":{"rendered":"\t\t<div data-elementor-type=\"wp-page\" data-elementor-id=\"672\" class=\"elementor elementor-672\">\n\t\t\t\t\t\t\t<div class=\"elementor-element elementor-element-414e9d59 e-con-full e-flex e-con\" data-id=\"414e9d59\" data-element_type=\"container\" data-settings=\"{&quot;content_width&quot;:&quot;full&quot;,&quot;background_background&quot;:&quot;classic&quot;}\">\n\t\t<div class=\"elementor-element elementor-element-4ef37e08 e-con-full e-flex e-con\" data-id=\"4ef37e08\" data-element_type=\"container\" data-settings=\"{&quot;content_width&quot;:&quot;full&quot;}\">\n\t\t\t\t<\/div>\n\t\t<div class=\"elementor-element elementor-element-76a466e7 e-con-full e-flex e-con\" data-id=\"76a466e7\" data-element_type=\"container\" data-settings=\"{&quot;content_width&quot;:&quot;full&quot;,&quot;background_background&quot;:&quot;classic&quot;}\">\n\t\t<div class=\"elementor-element elementor-element-4ed8119c e-con-boxed e-flex e-con\" data-id=\"4ed8119c\" data-element_type=\"container\" data-settings=\"{&quot;content_width&quot;:&quot;boxed&quot;}\">\n\t\t\t\t\t<div class=\"e-con-inner\">\n\t\t\t\t<div class=\"elementor-element elementor-element-2256bcae elementor-widget elementor-widget-heading\" data-id=\"2256bcae\" data-element_type=\"widget\" data-widget_type=\"heading.default\">\n\t\t\t\t<div class=\"elementor-widget-container\">\n\t\t\t<style>\/*! elementor - v3.13.2 - 11-05-2023 *\/\n.elementor-heading-title{padding:0;margin:0;line-height:1}.elementor-widget-heading .elementor-heading-title[class*=elementor-size-]>a{color:inherit;font-size:inherit;line-height:inherit}.elementor-widget-heading .elementor-heading-title.elementor-size-small{font-size:15px}.elementor-widget-heading .elementor-heading-title.elementor-size-medium{font-size:19px}.elementor-widget-heading .elementor-heading-title.elementor-size-large{font-size:29px}.elementor-widget-heading .elementor-heading-title.elementor-size-xl{font-size:39px}.elementor-widget-heading .elementor-heading-title.elementor-size-xxl{font-size:59px}<\/style><h2 class=\"elementor-heading-title elementor-size-default\"><a href=\"\/2023\/menu-neodent-expertise\/\">Menu<\/a><\/h2>\t\t<\/div>\n\t\t\t\t<\/div>\n\t\t\t\t<div class=\"elementor-element elementor-element-479ab618 elementor-widget elementor-widget-heading\" data-id=\"479ab618\" data-element_type=\"widget\" data-widget_type=\"heading.default\">\n\t\t\t\t<div class=\"elementor-widget-container\">\n\t\t\t<h2 class=\"elementor-heading-title elementor-size-default\"><a href=\"\/2023\/menu-neodent-expertise\/\">Neodent, Expertise<\/a><\/h2>\t\t<\/div>\n\t\t\t\t<\/div>\n\t\t\t\t\t<\/div>\n\t\t\t\t<\/div>\n\t\t<div class=\"elementor-element elementor-element-7a182637 e-con-boxed e-flex e-con\" data-id=\"7a182637\" data-element_type=\"container\" data-settings=\"{&quot;content_width&quot;:&quot;boxed&quot;}\">\n\t\t\t\t\t<div class=\"e-con-inner\">\n\t\t\t\t<div class=\"elementor-element elementor-element-546212e1 elementor-widget elementor-widget-heading\" data-id=\"546212e1\" data-element_type=\"widget\" data-widget_type=\"heading.default\">\n\t\t\t\t<div class=\"elementor-widget-container\">\n\t\t\t<h2 class=\"elementor-heading-title elementor-size-default\">Instrumenta\u00e7\u00e3o segura com Neodent\u00ae Control System<\/h2>\t\t<\/div>\n\t\t\t\t<\/div>\n\t\t\t\t\t<\/div>\n\t\t\t\t<\/div>\n\t\t\t\t<div class=\"elementor-element elementor-element-5309b8e5 elementor-widget elementor-widget-text-editor\" data-id=\"5309b8e5\" data-element_type=\"widget\" data-widget_type=\"text-editor.default\">\n\t\t\t\t<div class=\"elementor-widget-container\">\n\t\t\t<style>\/*! elementor - v3.13.2 - 11-05-2023 *\/\n.elementor-widget-text-editor.elementor-drop-cap-view-stacked .elementor-drop-cap{background-color:#69727d;color:#fff}.elementor-widget-text-editor.elementor-drop-cap-view-framed .elementor-drop-cap{color:#69727d;border:3px solid;background-color:transparent}.elementor-widget-text-editor:not(.elementor-drop-cap-view-default) .elementor-drop-cap{margin-top:8px}.elementor-widget-text-editor:not(.elementor-drop-cap-view-default) .elementor-drop-cap-letter{width:1em;height:1em}.elementor-widget-text-editor .elementor-drop-cap{float:left;text-align:center;line-height:1;font-size:50px}.elementor-widget-text-editor .elementor-drop-cap-letter{display:inline-block}<\/style>\t\t\t\t<p><span style=\"color: #e8307c;\"><strong>ID Trabalho:<\/strong> 1108918<\/span><\/p><p><strong>Autores: <\/strong>MARIANA SCHAFFER BRACKMANN (ILAPEO &#8211; CURITIBA &#8211; PR &#8211; Brasil)<\/p><p><strong>Institui\u00e7\u00f5es dos autores:<\/strong> ILAPEO &#8211; CURITIBA &#8211; PR &#8211; Brasil<\/p><p><strong>Introdu\u00e7\u00e3o: <\/strong>A instala\u00e7\u00e3o de implantes se tornou um procedimento frequente e com grande demanda nos consult\u00f3rios e cl\u00ednicas odontol\u00f3gicas. Em algumas situa\u00e7\u00f5es o procedimento para instala\u00e7\u00e3o pode se tornar complexo, principalmente em regi\u00f5es pr\u00f3ximas a estruturas anat\u00f4micas importantes como o canal mandibular e o seio maxilar, ou em regi\u00f5es de dif\u00edcil visualiza\u00e7\u00e3o, onde a visualiza\u00e7\u00e3o da marca\u00e7\u00e3o da broca est\u00e1 comprometida. O Neodent\u00ae Control System \u00e9 composto por um conjunto de brocas com Stop que permite o controle preciso da profundidade da osteotomia com diferentes di\u00e2metros e comprimentos. O sistema apresenta um conjunto de stops de f\u00e1cil e r\u00e1pido encaixe, que ser\u00e3o selecionados de acordo com o tamanho do implante planejado.<\/p><p><strong>Relato do caso: <\/strong>Ser\u00e1 apresentado um caso cl\u00ednico, demonstrando a sequ\u00eancia de instrumenta\u00e7\u00e3o para instala\u00e7\u00e3o de implante em uma regi\u00e3o pr\u00f3xima a estrutura nobre onde a utiliza\u00e7\u00e3o do sistema tornou o procedimento mais seguro.<\/p><p><strong>Conclus\u00e3o ou considera\u00e7\u00f5es finais: <\/strong>A possibilidade de trabalhar com um sistema de brocas com stop \u00e9 uma demanda do mercado, que busca tornar o procedimento mais r\u00e1pido, seguro e previs\u00edvel.<\/p><p><strong>Palavras chave: <\/strong>Instrumenta\u00e7\u00e3o, Instala\u00e7\u00e3o de implantes, brocas<\/p>\t\t\t\t\t\t<\/div>\n\t\t\t\t<\/div>\n\t\t\t\t<div class=\"elementor-element elementor-element-22f4d55a elementor-widget elementor-widget-shortcode\" data-id=\"22f4d55a\" data-element_type=\"widget\" data-widget_type=\"shortcode.default\">\n\t\t\t\t<div class=\"elementor-widget-container\">\n\t\t\t\t\t<div class=\"elementor-shortcode\"><a href=\"javascript:history.back(1)\" target=\"_self\"><img decoding=\"async\" src=\"..\/wp-content\/uploads\/2023\/05\/bot-voltar.png\" widht=\"103\" height=\"28\" border=\"0\"><\/a> <\/div>\n\t\t\t\t<\/div>\n\t\t\t\t<\/div>\n\t\t\t\t<\/div>\n\t\t<div class=\"elementor-element elementor-element-e3399b0 e-con-full e-flex e-con\" data-id=\"e3399b0\" data-element_type=\"container\" data-settings=\"{&quot;content_width&quot;:&quot;full&quot;}\">\n\t\t\t\t<\/div>\n\t\t\t\t<\/div>\n\t\t\t\t\t\t\t<\/div>\n\t\t","protected":false},"excerpt":{"rendered":"<p>Menu Neodent, Expertise Instrumenta\u00e7\u00e3o segura com Neodent\u00ae Control System ID Trabalho: 1108918 Autores: MARIANA SCHAFFER BRACKMANN (ILAPEO &#8211; CURITIBA &#8211; PR &#8211; Brasil) Institui\u00e7\u00f5es dos autores:<span class=\"excerpt-hellip\"> [\u2026]<\/span><\/p>\n","protected":false},"author":1,"featured_media":0,"parent":0,"menu_order":0,"comment_status":"closed","ping_status":"closed","template":"","meta":[],"_links":{"self":[{"href":"https:\/\/anaisneodentcongress.com.br\/2023\/wp-json\/wp\/v2\/pages\/672"}],"collection":[{"href":"https:\/\/anaisneodentcongress.com.br\/2023\/wp-json\/wp\/v2\/pages"}],"about":[{"href":"https:\/\/anaisneodentcongress.com.br\/2023\/wp-json\/wp\/v2\/types\/page"}],"author":[{"embeddable":true,"href":"https:\/\/anaisneodentcongress.com.br\/2023\/wp-json\/wp\/v2\/users\/1"}],"replies":[{"embeddable":true,"href":"https:\/\/anaisneodentcongress.com.br\/2023\/wp-json\/wp\/v2\/comments?post=672"}],"version-history":[{"count":10,"href":"https:\/\/anaisneodentcongress.com.br\/2023\/wp-json\/wp\/v2\/pages\/672\/revisions"}],"predecessor-version":[{"id":1641,"href":"https:\/\/anaisneodentcongress.com.br\/2023\/wp-json\/wp\/v2\/pages\/672\/revisions\/1641"}],"wp:attachment":[{"href":"https:\/\/anaisneodentcongress.com.br\/2023\/wp-json\/wp\/v2\/media?parent=672"}],"curies":[{"name":"wp","href":"https:\/\/api.w.org\/{rel}","templated":true}]}}