{"id":660,"date":"2023-05-11T17:40:59","date_gmt":"2023-05-11T20:40:59","guid":{"rendered":"https:\/\/anaisneodentcongress.com.br\/2023\/?page_id=660"},"modified":"2023-05-17T17:16:00","modified_gmt":"2023-05-17T20:16:00","slug":"o-desafio-da-reabilitacao-de-arcos-totais-como-a-tecnologia-digital-pode-ajudar","status":"publish","type":"page","link":"https:\/\/anaisneodentcongress.com.br\/2023\/o-desafio-da-reabilitacao-de-arcos-totais-como-a-tecnologia-digital-pode-ajudar\/","title":{"rendered":"O desafio da reabilita\u00e7\u00e3o de arcos totais: como a tecnologia digital pode ajudar?"},"content":{"rendered":"\t\t<div data-elementor-type=\"wp-page\" data-elementor-id=\"660\" class=\"elementor elementor-660\">\n\t\t\t\t\t\t\t<div class=\"elementor-element elementor-element-435d2ea5 e-con-full e-flex e-con\" data-id=\"435d2ea5\" data-element_type=\"container\" data-settings=\"{&quot;content_width&quot;:&quot;full&quot;,&quot;background_background&quot;:&quot;classic&quot;}\">\n\t\t<div class=\"elementor-element elementor-element-75385d2b e-con-full e-flex e-con\" data-id=\"75385d2b\" data-element_type=\"container\" data-settings=\"{&quot;content_width&quot;:&quot;full&quot;}\">\n\t\t\t\t<\/div>\n\t\t<div class=\"elementor-element elementor-element-6d282aa5 e-con-full e-flex e-con\" data-id=\"6d282aa5\" data-element_type=\"container\" data-settings=\"{&quot;content_width&quot;:&quot;full&quot;,&quot;background_background&quot;:&quot;classic&quot;}\">\n\t\t<div class=\"elementor-element elementor-element-68b9e8a3 e-con-boxed e-flex e-con\" data-id=\"68b9e8a3\" data-element_type=\"container\" data-settings=\"{&quot;content_width&quot;:&quot;boxed&quot;}\">\n\t\t\t\t\t<div class=\"e-con-inner\">\n\t\t\t\t<div class=\"elementor-element elementor-element-717e9ac7 elementor-widget elementor-widget-heading\" data-id=\"717e9ac7\" data-element_type=\"widget\" data-widget_type=\"heading.default\">\n\t\t\t\t<div class=\"elementor-widget-container\">\n\t\t\t<style>\/*! elementor - v3.13.2 - 11-05-2023 *\/\n.elementor-heading-title{padding:0;margin:0;line-height:1}.elementor-widget-heading .elementor-heading-title[class*=elementor-size-]>a{color:inherit;font-size:inherit;line-height:inherit}.elementor-widget-heading .elementor-heading-title.elementor-size-small{font-size:15px}.elementor-widget-heading .elementor-heading-title.elementor-size-medium{font-size:19px}.elementor-widget-heading .elementor-heading-title.elementor-size-large{font-size:29px}.elementor-widget-heading .elementor-heading-title.elementor-size-xl{font-size:39px}.elementor-widget-heading .elementor-heading-title.elementor-size-xxl{font-size:59px}<\/style><h2 class=\"elementor-heading-title elementor-size-default\"><a href=\"\/2023\/menu-neodent-expertise\/\">Menu<\/a><\/h2>\t\t<\/div>\n\t\t\t\t<\/div>\n\t\t\t\t<div class=\"elementor-element elementor-element-366e2b7b elementor-widget elementor-widget-heading\" data-id=\"366e2b7b\" data-element_type=\"widget\" data-widget_type=\"heading.default\">\n\t\t\t\t<div class=\"elementor-widget-container\">\n\t\t\t<h2 class=\"elementor-heading-title elementor-size-default\"><a href=\"\/2023\/menu-neodent-expertise\/\">Neodent, Expertise<\/a><\/h2>\t\t<\/div>\n\t\t\t\t<\/div>\n\t\t\t\t\t<\/div>\n\t\t\t\t<\/div>\n\t\t<div class=\"elementor-element elementor-element-1a28c8a9 e-con-boxed e-flex e-con\" data-id=\"1a28c8a9\" data-element_type=\"container\" data-settings=\"{&quot;content_width&quot;:&quot;boxed&quot;}\">\n\t\t\t\t\t<div class=\"e-con-inner\">\n\t\t\t\t<div class=\"elementor-element elementor-element-4b3e701 elementor-widget elementor-widget-heading\" data-id=\"4b3e701\" data-element_type=\"widget\" data-widget_type=\"heading.default\">\n\t\t\t\t<div class=\"elementor-widget-container\">\n\t\t\t<h2 class=\"elementor-heading-title elementor-size-default\">O desafio da reabilita\u00e7\u00e3o de arcos totais: como a tecnologia digital pode ajudar?<\/h2>\t\t<\/div>\n\t\t\t\t<\/div>\n\t\t\t\t\t<\/div>\n\t\t\t\t<\/div>\n\t\t\t\t<div class=\"elementor-element elementor-element-4f5e3e14 elementor-widget elementor-widget-text-editor\" data-id=\"4f5e3e14\" data-element_type=\"widget\" data-widget_type=\"text-editor.default\">\n\t\t\t\t<div class=\"elementor-widget-container\">\n\t\t\t<style>\/*! elementor - v3.13.2 - 11-05-2023 *\/\n.elementor-widget-text-editor.elementor-drop-cap-view-stacked .elementor-drop-cap{background-color:#69727d;color:#fff}.elementor-widget-text-editor.elementor-drop-cap-view-framed .elementor-drop-cap{color:#69727d;border:3px solid;background-color:transparent}.elementor-widget-text-editor:not(.elementor-drop-cap-view-default) .elementor-drop-cap{margin-top:8px}.elementor-widget-text-editor:not(.elementor-drop-cap-view-default) .elementor-drop-cap-letter{width:1em;height:1em}.elementor-widget-text-editor .elementor-drop-cap{float:left;text-align:center;line-height:1;font-size:50px}.elementor-widget-text-editor .elementor-drop-cap-letter{display:inline-block}<\/style>\t\t\t\t<p><span style=\"color: #e8307c;\"><strong>ID Trabalho:<\/strong> 1108916<\/span><\/p><p><strong>Autores: <\/strong>LIZANDRA COMPARIN (ILAPEO &#8211; CURITIBA &#8211; PR &#8211; Brasil)<\/p><p><strong>Institui\u00e7\u00f5es dos autores:<\/strong> ILAPEO &#8211; CURITIBA &#8211; PR &#8211; Brasil<\/p><p>fluxo de trabalho digital tem um papel cada vez mais importante na odontologia contempor\u00e2nea e com isso muitos procedimentos est\u00e3o sendo profundamente renovados. Casos de reabilita\u00e7\u00f5es totais s\u00e3o considerados complexos e requerem um planejamento meticuloso. No entanto, apesar de tanta tecnologia dispon\u00edvel observa-se claramente a necessidade da cria\u00e7\u00e3o de fluxos previs\u00edveis para tratamento de arcos totais. O objetivo dessa apresenta\u00e7\u00e3o \u00e9 demonstrar a resolu\u00e7\u00e3o de um caso cl\u00ednico, de um paciente com edentulismo total maxilar e parcial mandibular, na clinica de mestrado da faculdade ILAPEO, no qual um fluxo de trabalho digital foi testado.<\/p><p><strong>Relato do caso: <\/strong>O preparo prot\u00e9tico pr\u00e9vio foi realizado com uso da tecnologia digital. Os arquivos STL (escaneamento intra-oral), arquivos DICOM (tomografia computadorizada cone-bean) e fotos padronizadas foram alinhados para cria\u00e7\u00e3o do paciente virtual. Foram realizadas a montagem em articulador digital, montagem virtual dos dentes, planejamento cir\u00fargico dos implantes seguindo o conceito All-on-4\u00ae e cria\u00e7\u00e3o de v\u00e1rios guias empilh\u00e1veis, sobrepostos entre si. Estes guias tinham como objetivos fornecer a refer\u00eancia correta para a osteotomia, para posicionamento dos implantes Neodent\u00ae, guiar a captura das pr\u00f3teses e auxiliar na moldagem. O CAD final foi obtido, permitindo a fresagem das pr\u00f3teses provis\u00f3rias em polimetilmetacrilato, com protocolo de carregamento imediato.<\/p><p><strong>Conclus\u00e3o ou considera\u00e7\u00f5es finais: <\/strong>Com base no caso cl\u00ednico realizado, foi poss\u00edvel concluir que o fluxo de trabalho digital desenvolvido foi efetivo na reabilita\u00e7\u00e3o dupla de arcos totais do paciente, facilitando as etapas do tratamento, diminuindo consideravelmente o tempo cir\u00fargico, o tempo de planejamento e de instala\u00e7\u00e3o das pr\u00f3teses.<\/p><p><strong>Palavras chave: <\/strong>Odontologia digital; Arco total; Fluxo de trabalho digital; Cirurgia guiada de implante; carga imediata<\/p>\t\t\t\t\t\t<\/div>\n\t\t\t\t<\/div>\n\t\t\t\t<div class=\"elementor-element elementor-element-58903d30 elementor-widget elementor-widget-shortcode\" data-id=\"58903d30\" data-element_type=\"widget\" data-widget_type=\"shortcode.default\">\n\t\t\t\t<div class=\"elementor-widget-container\">\n\t\t\t\t\t<div class=\"elementor-shortcode\"><a href=\"javascript:history.back(1)\" target=\"_self\"><img decoding=\"async\" src=\"..\/wp-content\/uploads\/2023\/05\/bot-voltar.png\" widht=\"103\" height=\"28\" border=\"0\"><\/a> <\/div>\n\t\t\t\t<\/div>\n\t\t\t\t<\/div>\n\t\t\t\t<\/div>\n\t\t<div class=\"elementor-element elementor-element-26eadc23 e-con-full e-flex e-con\" data-id=\"26eadc23\" data-element_type=\"container\" data-settings=\"{&quot;content_width&quot;:&quot;full&quot;}\">\n\t\t\t\t<\/div>\n\t\t\t\t<\/div>\n\t\t\t\t\t\t\t<\/div>\n\t\t","protected":false},"excerpt":{"rendered":"<p>Menu Neodent, Expertise O desafio da reabilita\u00e7\u00e3o de arcos totais: como a tecnologia digital pode ajudar? ID Trabalho: 1108916 Autores: LIZANDRA COMPARIN (ILAPEO &#8211; CURITIBA &#8211;<span class=\"excerpt-hellip\"> [\u2026]<\/span><\/p>\n","protected":false},"author":1,"featured_media":0,"parent":0,"menu_order":0,"comment_status":"closed","ping_status":"closed","template":"","meta":[],"_links":{"self":[{"href":"https:\/\/anaisneodentcongress.com.br\/2023\/wp-json\/wp\/v2\/pages\/660"}],"collection":[{"href":"https:\/\/anaisneodentcongress.com.br\/2023\/wp-json\/wp\/v2\/pages"}],"about":[{"href":"https:\/\/anaisneodentcongress.com.br\/2023\/wp-json\/wp\/v2\/types\/page"}],"author":[{"embeddable":true,"href":"https:\/\/anaisneodentcongress.com.br\/2023\/wp-json\/wp\/v2\/users\/1"}],"replies":[{"embeddable":true,"href":"https:\/\/anaisneodentcongress.com.br\/2023\/wp-json\/wp\/v2\/comments?post=660"}],"version-history":[{"count":10,"href":"https:\/\/anaisneodentcongress.com.br\/2023\/wp-json\/wp\/v2\/pages\/660\/revisions"}],"predecessor-version":[{"id":1656,"href":"https:\/\/anaisneodentcongress.com.br\/2023\/wp-json\/wp\/v2\/pages\/660\/revisions\/1656"}],"wp:attachment":[{"href":"https:\/\/anaisneodentcongress.com.br\/2023\/wp-json\/wp\/v2\/media?parent=660"}],"curies":[{"name":"wp","href":"https:\/\/api.w.org\/{rel}","templated":true}]}}