{"id":648,"date":"2023-05-11T17:39:01","date_gmt":"2023-05-11T20:39:01","guid":{"rendered":"https:\/\/anaisneodentcongress.com.br\/2023\/?page_id=648"},"modified":"2023-05-17T16:54:59","modified_gmt":"2023-05-17T19:54:59","slug":"cirurgia-guiada-completa-para-helix-gm-conforto-comodidade-e-competencia-se-complementam-com-ngs-e-easyguide","status":"publish","type":"page","link":"https:\/\/anaisneodentcongress.com.br\/2023\/cirurgia-guiada-completa-para-helix-gm-conforto-comodidade-e-competencia-se-complementam-com-ngs-e-easyguide\/","title":{"rendered":"Cirurgia Guiada Completa para HELIX GM; conforto, comodidade e compet\u00eancia se complementam com NGS e Easyguide"},"content":{"rendered":"\t\t<div data-elementor-type=\"wp-page\" data-elementor-id=\"648\" class=\"elementor elementor-648\">\n\t\t\t\t\t\t\t<div class=\"elementor-element elementor-element-17119d55 e-con-full e-flex e-con\" data-id=\"17119d55\" data-element_type=\"container\" data-settings=\"{&quot;content_width&quot;:&quot;full&quot;,&quot;background_background&quot;:&quot;classic&quot;}\">\n\t\t<div class=\"elementor-element elementor-element-bf1cdfc e-con-full e-flex e-con\" data-id=\"bf1cdfc\" data-element_type=\"container\" data-settings=\"{&quot;content_width&quot;:&quot;full&quot;}\">\n\t\t\t\t<\/div>\n\t\t<div class=\"elementor-element elementor-element-700d5731 e-con-full e-flex e-con\" data-id=\"700d5731\" data-element_type=\"container\" data-settings=\"{&quot;content_width&quot;:&quot;full&quot;,&quot;background_background&quot;:&quot;classic&quot;}\">\n\t\t<div class=\"elementor-element elementor-element-18684ca1 e-con-boxed e-flex e-con\" data-id=\"18684ca1\" data-element_type=\"container\" data-settings=\"{&quot;content_width&quot;:&quot;boxed&quot;}\">\n\t\t\t\t\t<div class=\"e-con-inner\">\n\t\t\t\t<div class=\"elementor-element elementor-element-3f15671b elementor-widget elementor-widget-heading\" data-id=\"3f15671b\" data-element_type=\"widget\" data-widget_type=\"heading.default\">\n\t\t\t\t<div class=\"elementor-widget-container\">\n\t\t\t<style>\/*! elementor - v3.13.2 - 11-05-2023 *\/\n.elementor-heading-title{padding:0;margin:0;line-height:1}.elementor-widget-heading .elementor-heading-title[class*=elementor-size-]>a{color:inherit;font-size:inherit;line-height:inherit}.elementor-widget-heading .elementor-heading-title.elementor-size-small{font-size:15px}.elementor-widget-heading .elementor-heading-title.elementor-size-medium{font-size:19px}.elementor-widget-heading .elementor-heading-title.elementor-size-large{font-size:29px}.elementor-widget-heading .elementor-heading-title.elementor-size-xl{font-size:39px}.elementor-widget-heading .elementor-heading-title.elementor-size-xxl{font-size:59px}<\/style><h2 class=\"elementor-heading-title elementor-size-default\"><a href=\"\/2023\/menu-neodent-expertise\/\">Menu<\/a><\/h2>\t\t<\/div>\n\t\t\t\t<\/div>\n\t\t\t\t<div class=\"elementor-element elementor-element-7a8a5338 elementor-widget elementor-widget-heading\" data-id=\"7a8a5338\" data-element_type=\"widget\" data-widget_type=\"heading.default\">\n\t\t\t\t<div class=\"elementor-widget-container\">\n\t\t\t<h2 class=\"elementor-heading-title elementor-size-default\"><a href=\"\/2023\/menu-neodent-expertise\/\">Neodent, Expertise<\/a><\/h2>\t\t<\/div>\n\t\t\t\t<\/div>\n\t\t\t\t\t<\/div>\n\t\t\t\t<\/div>\n\t\t<div class=\"elementor-element elementor-element-63a6659 e-con-boxed e-flex e-con\" data-id=\"63a6659\" data-element_type=\"container\" data-settings=\"{&quot;content_width&quot;:&quot;boxed&quot;}\">\n\t\t\t\t\t<div class=\"e-con-inner\">\n\t\t\t\t<div class=\"elementor-element elementor-element-2e646bf2 elementor-widget elementor-widget-heading\" data-id=\"2e646bf2\" data-element_type=\"widget\" data-widget_type=\"heading.default\">\n\t\t\t\t<div class=\"elementor-widget-container\">\n\t\t\t<h2 class=\"elementor-heading-title elementor-size-default\">Cirurgia Guiada Completa para HELIX GM; conforto, comodidade e compet\u00eancia se complementam com NGS e Easyguide<\/h2>\t\t<\/div>\n\t\t\t\t<\/div>\n\t\t\t\t\t<\/div>\n\t\t\t\t<\/div>\n\t\t\t\t<div class=\"elementor-element elementor-element-5c905bfa elementor-widget elementor-widget-text-editor\" data-id=\"5c905bfa\" data-element_type=\"widget\" data-widget_type=\"text-editor.default\">\n\t\t\t\t<div class=\"elementor-widget-container\">\n\t\t\t<style>\/*! elementor - v3.13.2 - 11-05-2023 *\/\n.elementor-widget-text-editor.elementor-drop-cap-view-stacked .elementor-drop-cap{background-color:#69727d;color:#fff}.elementor-widget-text-editor.elementor-drop-cap-view-framed .elementor-drop-cap{color:#69727d;border:3px solid;background-color:transparent}.elementor-widget-text-editor:not(.elementor-drop-cap-view-default) .elementor-drop-cap{margin-top:8px}.elementor-widget-text-editor:not(.elementor-drop-cap-view-default) .elementor-drop-cap-letter{width:1em;height:1em}.elementor-widget-text-editor .elementor-drop-cap{float:left;text-align:center;line-height:1;font-size:50px}.elementor-widget-text-editor .elementor-drop-cap-letter{display:inline-block}<\/style>\t\t\t\t<p><span style=\"color: #e8307c;\"><strong>ID Trabalho:<\/strong> 1108915<\/span><\/p><p><strong>Autores: <\/strong>ANDREW MELENIKIOTIS (ILAPEO &#8211; Curitiba &#8211; PR &#8211; Brasil)<\/p><p><strong>Institui\u00e7\u00f5es dos autores:<\/strong> ILAPEO &#8211; Curitiba &#8211; PR &#8211; Brasil<\/p><p><strong>Introdu\u00e7\u00e3o: <\/strong>Com o avan\u00e7o da tecnologia, se desenvolveram as t\u00e9cnicas\u00a0 de aquisi\u00e7\u00e3o de imagens, programs de computadores para planejamento de casos cl\u00ednicos,\u00a0 , desenho de guias cir\u00fargicos\u00a0 e impressoras 3D para confec\u00e7\u00e3o das mesmas, com o objetivo de aumentar a precis\u00e3o e previsibilidade nas cirurgias simples e complexas de instala\u00e7\u00e3o de implantes dent\u00e1rios na melhor posi\u00e7\u00e3o tri-dimensional para est\u00e9tica, fun\u00e7\u00e3o, e higiene.\u00a0 Os kits cir\u00fargicos devem entregar resultados \u00f3timos com solu\u00e7\u00f5es pr\u00e1ticas para todos os casos, sejam simples, como\u00a0 de casos unit\u00e1rios e parciais, ou de casos complexos, como s\u00e3o os de arcos totais.<\/p><p><strong>Relato do caso: <\/strong>O fluxo de preparo para um caso de maxila parcialmente edentula, com dentes condenados, para a reabilita\u00e7\u00e3o com a t\u00e9cnica de 4 implantes com uma pr\u00f3tese gengiva-dental fixa mostra a indica\u00e7\u00e3o\u00a0 de flexibilidade e precis\u00e3o de um kit cir\u00fargico completo do Neodent Guided Surgery, enquanto o fluxo para um caso parcial posterior mostra a correta indica\u00e7\u00e3o de um kit mais f\u00e1cil de usar como e EasyGuide.<\/p><p><strong>Conclus\u00e3o ou considera\u00e7\u00f5es finais: <\/strong>Os casos apresentados mostram as caracter\u00edsticas,\u00a0 indica\u00e7\u00f5es, vantagens e desvantagens para a utiliza\u00e7\u00e3o dos kits cir\u00fargicos NGS e Easyguide , mostrando que um kit n\u00e3o substitui o outro mas sim , que os dois kits se complementam dentro da T\u00e9cnica de Cirurgia Guiada da Neodent para os implantes Helix GM.\u00a0 A Cirurgia Guiada aumenta o conforto do paciente, melhora a\u00a0 efici\u00eancia do profissional ,\u00a0 consequentemente\u00a0 desenvolvendo a compet\u00eancia do implantodontista.<\/p><p><strong>Palavras chave: <\/strong>implantes dentais, cirurgia guiada<\/p>\t\t\t\t\t\t<\/div>\n\t\t\t\t<\/div>\n\t\t\t\t<div class=\"elementor-element elementor-element-4eb623bd elementor-widget elementor-widget-shortcode\" data-id=\"4eb623bd\" data-element_type=\"widget\" data-widget_type=\"shortcode.default\">\n\t\t\t\t<div class=\"elementor-widget-container\">\n\t\t\t\t\t<div class=\"elementor-shortcode\"><a href=\"javascript:history.back(1)\" target=\"_self\"><img decoding=\"async\" src=\"..\/wp-content\/uploads\/2023\/05\/bot-voltar.png\" widht=\"103\" height=\"28\" border=\"0\"><\/a> <\/div>\n\t\t\t\t<\/div>\n\t\t\t\t<\/div>\n\t\t\t\t<\/div>\n\t\t<div class=\"elementor-element elementor-element-13eec6d5 e-con-full e-flex e-con\" data-id=\"13eec6d5\" data-element_type=\"container\" data-settings=\"{&quot;content_width&quot;:&quot;full&quot;}\">\n\t\t\t\t<\/div>\n\t\t\t\t<\/div>\n\t\t\t\t\t\t\t<\/div>\n\t\t","protected":false},"excerpt":{"rendered":"<p>Menu Neodent, Expertise Cirurgia Guiada Completa para HELIX GM; conforto, comodidade e compet\u00eancia se complementam com NGS e Easyguide ID Trabalho: 1108915 Autores: ANDREW MELENIKIOTIS (ILAPEO<span class=\"excerpt-hellip\"> [\u2026]<\/span><\/p>\n","protected":false},"author":1,"featured_media":0,"parent":0,"menu_order":0,"comment_status":"closed","ping_status":"closed","template":"","meta":[],"_links":{"self":[{"href":"https:\/\/anaisneodentcongress.com.br\/2023\/wp-json\/wp\/v2\/pages\/648"}],"collection":[{"href":"https:\/\/anaisneodentcongress.com.br\/2023\/wp-json\/wp\/v2\/pages"}],"about":[{"href":"https:\/\/anaisneodentcongress.com.br\/2023\/wp-json\/wp\/v2\/types\/page"}],"author":[{"embeddable":true,"href":"https:\/\/anaisneodentcongress.com.br\/2023\/wp-json\/wp\/v2\/users\/1"}],"replies":[{"embeddable":true,"href":"https:\/\/anaisneodentcongress.com.br\/2023\/wp-json\/wp\/v2\/comments?post=648"}],"version-history":[{"count":10,"href":"https:\/\/anaisneodentcongress.com.br\/2023\/wp-json\/wp\/v2\/pages\/648\/revisions"}],"predecessor-version":[{"id":1593,"href":"https:\/\/anaisneodentcongress.com.br\/2023\/wp-json\/wp\/v2\/pages\/648\/revisions\/1593"}],"wp:attachment":[{"href":"https:\/\/anaisneodentcongress.com.br\/2023\/wp-json\/wp\/v2\/media?parent=648"}],"curies":[{"name":"wp","href":"https:\/\/api.w.org\/{rel}","templated":true}]}}