{"id":612,"date":"2023-05-11T17:33:21","date_gmt":"2023-05-11T20:33:21","guid":{"rendered":"https:\/\/anaisneodentcongress.com.br\/2023\/?page_id=612"},"modified":"2023-05-17T17:19:07","modified_gmt":"2023-05-17T20:19:07","slug":"reabilitacao-bimaxilar-implantossuportada-de-arcos-atroficos-longevidade-e-intercorrencias-em-18-anos-de-acompanhamento","status":"publish","type":"page","link":"https:\/\/anaisneodentcongress.com.br\/2023\/reabilitacao-bimaxilar-implantossuportada-de-arcos-atroficos-longevidade-e-intercorrencias-em-18-anos-de-acompanhamento\/","title":{"rendered":"Reabilita\u00e7\u00e3o bimaxilar implantossuportada de arcos atr\u00f3ficos: longevidade e intercorr\u00eancias em 18 anos de acompanhamento"},"content":{"rendered":"\t\t<div data-elementor-type=\"wp-page\" data-elementor-id=\"612\" class=\"elementor elementor-612\">\n\t\t\t\t\t\t\t<div class=\"elementor-element elementor-element-51e6450b e-con-full e-flex e-con\" data-id=\"51e6450b\" data-element_type=\"container\" data-settings=\"{&quot;content_width&quot;:&quot;full&quot;,&quot;background_background&quot;:&quot;classic&quot;}\">\n\t\t<div class=\"elementor-element elementor-element-1ff94230 e-con-full e-flex e-con\" data-id=\"1ff94230\" data-element_type=\"container\" data-settings=\"{&quot;content_width&quot;:&quot;full&quot;}\">\n\t\t\t\t<\/div>\n\t\t<div class=\"elementor-element elementor-element-6695b487 e-con-full e-flex e-con\" data-id=\"6695b487\" data-element_type=\"container\" data-settings=\"{&quot;content_width&quot;:&quot;full&quot;,&quot;background_background&quot;:&quot;classic&quot;}\">\n\t\t<div class=\"elementor-element elementor-element-55d1de5b e-con-boxed e-flex e-con\" data-id=\"55d1de5b\" data-element_type=\"container\" data-settings=\"{&quot;content_width&quot;:&quot;boxed&quot;}\">\n\t\t\t\t\t<div class=\"e-con-inner\">\n\t\t\t\t<div class=\"elementor-element elementor-element-29758aa3 elementor-widget elementor-widget-heading\" data-id=\"29758aa3\" data-element_type=\"widget\" data-widget_type=\"heading.default\">\n\t\t\t\t<div class=\"elementor-widget-container\">\n\t\t\t<style>\/*! elementor - v3.13.2 - 11-05-2023 *\/\n.elementor-heading-title{padding:0;margin:0;line-height:1}.elementor-widget-heading .elementor-heading-title[class*=elementor-size-]>a{color:inherit;font-size:inherit;line-height:inherit}.elementor-widget-heading .elementor-heading-title.elementor-size-small{font-size:15px}.elementor-widget-heading .elementor-heading-title.elementor-size-medium{font-size:19px}.elementor-widget-heading .elementor-heading-title.elementor-size-large{font-size:29px}.elementor-widget-heading .elementor-heading-title.elementor-size-xl{font-size:39px}.elementor-widget-heading .elementor-heading-title.elementor-size-xxl{font-size:59px}<\/style><h2 class=\"elementor-heading-title elementor-size-default\"><a href=\"\/2023\/menu-neodent-expertise\/\">Menu<\/a><\/h2>\t\t<\/div>\n\t\t\t\t<\/div>\n\t\t\t\t<div class=\"elementor-element elementor-element-1bfed3a0 elementor-widget elementor-widget-heading\" data-id=\"1bfed3a0\" data-element_type=\"widget\" data-widget_type=\"heading.default\">\n\t\t\t\t<div class=\"elementor-widget-container\">\n\t\t\t<h2 class=\"elementor-heading-title elementor-size-default\"><a href=\"\/2023\/menu-neodent-expertise\/\">Neodent, Expertise<\/a><\/h2>\t\t<\/div>\n\t\t\t\t<\/div>\n\t\t\t\t\t<\/div>\n\t\t\t\t<\/div>\n\t\t<div class=\"elementor-element elementor-element-44696bc9 e-con-boxed e-flex e-con\" data-id=\"44696bc9\" data-element_type=\"container\" data-settings=\"{&quot;content_width&quot;:&quot;boxed&quot;}\">\n\t\t\t\t\t<div class=\"e-con-inner\">\n\t\t\t\t<div class=\"elementor-element elementor-element-75a0f40 elementor-widget elementor-widget-heading\" data-id=\"75a0f40\" data-element_type=\"widget\" data-widget_type=\"heading.default\">\n\t\t\t\t<div class=\"elementor-widget-container\">\n\t\t\t<h2 class=\"elementor-heading-title elementor-size-default\">Reabilita\u00e7\u00e3o bimaxilar implantossuportada de arcos atr\u00f3ficos: longevidade e intercorr\u00eancias em 18 anos de acompanhamento<\/h2>\t\t<\/div>\n\t\t\t\t<\/div>\n\t\t\t\t\t<\/div>\n\t\t\t\t<\/div>\n\t\t\t\t<div class=\"elementor-element elementor-element-7266dc3f elementor-widget elementor-widget-text-editor\" data-id=\"7266dc3f\" data-element_type=\"widget\" data-widget_type=\"text-editor.default\">\n\t\t\t\t<div class=\"elementor-widget-container\">\n\t\t\t<style>\/*! elementor - v3.13.2 - 11-05-2023 *\/\n.elementor-widget-text-editor.elementor-drop-cap-view-stacked .elementor-drop-cap{background-color:#69727d;color:#fff}.elementor-widget-text-editor.elementor-drop-cap-view-framed .elementor-drop-cap{color:#69727d;border:3px solid;background-color:transparent}.elementor-widget-text-editor:not(.elementor-drop-cap-view-default) .elementor-drop-cap{margin-top:8px}.elementor-widget-text-editor:not(.elementor-drop-cap-view-default) .elementor-drop-cap-letter{width:1em;height:1em}.elementor-widget-text-editor .elementor-drop-cap{float:left;text-align:center;line-height:1;font-size:50px}.elementor-widget-text-editor .elementor-drop-cap-letter{display:inline-block}<\/style>\t\t\t\t<p><span style=\"color: #e8307c;\"><strong>ID Trabalho:<\/strong> 1108909<\/span><\/p><p><strong>Autores: <\/strong>PAULO HENRIQUE GARCIA STAUB (Faculdade Ilapeo &#8211; Curitiba &#8211; PR &#8211; Brasil)<\/p><p><strong>Institui\u00e7\u00f5es dos autores:<\/strong> Faculdade Ilapeo &#8211; Curitiba &#8211; PR &#8211; Brasil<\/p><p><strong>Introdu\u00e7\u00e3o: <\/strong>\u00c9 necess\u00e1rio conhecer os dados de acompanhamento das reabilita\u00e7\u00f5es implantossuportadas do tipo h\u00edbridas. Sabe-se que ser\u00e3o necess\u00e1rias substitui\u00e7\u00f5es de dentes ao longo do tempo e controle da higieniza\u00e7\u00e3o. O objetivo deste trabalho \u00e9 apresentar os dados de acompanhamento cl\u00ednico de uma paciente com arcos atr\u00f3ficos.<\/p><p><strong>Relato do caso: <\/strong>Paciente do sexo feminino em 2005 compareceu na Faculdade Ilapeo com hist\u00f3rico de perda dent\u00e1ria, ocasionada por trauma. Utilizava pr\u00f3tese remov\u00edvel acr\u00edlica maxilar apoiada somente em incisivos centrais h\u00e1 7 anos e possu\u00eda apenas os dentes inferiores anteriores, levando os rebordos a grandes perdas \u00f3sseas.\u00a0 Foi reabilitada com duas pr\u00f3teses do tipo h\u00edbridas tendo sido na mand\u00edbula adotada a t\u00e9cnica Neopronto e na maxila 2 implantes zigom\u00e1ticos HE associados a 3 implantes Titamax HE (Neodent, Curitiba, Brasil). Compareceu as sess\u00f5es de controle anualmente. Apesar dos cuidados e do uso de dentes de tripla camada (Premium, Kulzer) apresenta facetas de desgastes nos dentes, o que indica trocas. J\u00e1 realizou 5 trocas de dentes. Apresentou fratura da barra Neopronto em 2008, o que exigiu a confec\u00e7\u00e3o de nova barra. Executa bem os m\u00e9todos de higieniza\u00e7\u00e3o. O aspecto dos tecidos moles \u00e9 saud\u00e1vel e o comportamento radiogr\u00e1fico do tecido \u00f3sseo peri-implantar \u00e9 bastante favor\u00e1vel. A paciente apresenta alto grau de satisfa\u00e7\u00e3o com a reabilita\u00e7\u00e3o.<\/p><p><strong>Conclus\u00e3o ou considera\u00e7\u00f5es finais: <\/strong>Frente aos dados favor\u00e1veis de acompanhamento deste caso cl\u00ednico de arcos atr\u00f3ficos, parece l\u00edcito concluir que \u00e9 de extrema import\u00e2ncia motivar o paciente a manter os cuidados caseiros e comparecer as consultas de manuten\u00e7\u00e3o para a longevidade das reabilita\u00e7\u00f5es implantossuportadas.<\/p><p><strong>Palavras chave: <\/strong>implantes dent\u00e1rios; pr\u00f3tese h\u00edbrida; carga imediata<\/p>\t\t\t\t\t\t<\/div>\n\t\t\t\t<\/div>\n\t\t\t\t<div class=\"elementor-element elementor-element-10e55a99 elementor-widget elementor-widget-shortcode\" data-id=\"10e55a99\" data-element_type=\"widget\" data-widget_type=\"shortcode.default\">\n\t\t\t\t<div class=\"elementor-widget-container\">\n\t\t\t\t\t<div class=\"elementor-shortcode\"><a href=\"javascript:history.back(1)\" target=\"_self\"><img decoding=\"async\" src=\"..\/wp-content\/uploads\/2023\/05\/bot-voltar.png\" widht=\"103\" height=\"28\" border=\"0\"><\/a> <\/div>\n\t\t\t\t<\/div>\n\t\t\t\t<\/div>\n\t\t\t\t<\/div>\n\t\t<div class=\"elementor-element elementor-element-4b338082 e-con-full e-flex e-con\" data-id=\"4b338082\" data-element_type=\"container\" data-settings=\"{&quot;content_width&quot;:&quot;full&quot;}\">\n\t\t\t\t<\/div>\n\t\t\t\t<\/div>\n\t\t\t\t\t\t\t<\/div>\n\t\t","protected":false},"excerpt":{"rendered":"<p>Menu Neodent, Expertise Reabilita\u00e7\u00e3o bimaxilar implantossuportada de arcos atr\u00f3ficos: longevidade e intercorr\u00eancias em 18 anos de acompanhamento ID Trabalho: 1108909 Autores: PAULO HENRIQUE GARCIA STAUB (Faculdade<span class=\"excerpt-hellip\"> [\u2026]<\/span><\/p>\n","protected":false},"author":1,"featured_media":0,"parent":0,"menu_order":0,"comment_status":"closed","ping_status":"closed","template":"","meta":[],"_links":{"self":[{"href":"https:\/\/anaisneodentcongress.com.br\/2023\/wp-json\/wp\/v2\/pages\/612"}],"collection":[{"href":"https:\/\/anaisneodentcongress.com.br\/2023\/wp-json\/wp\/v2\/pages"}],"about":[{"href":"https:\/\/anaisneodentcongress.com.br\/2023\/wp-json\/wp\/v2\/types\/page"}],"author":[{"embeddable":true,"href":"https:\/\/anaisneodentcongress.com.br\/2023\/wp-json\/wp\/v2\/users\/1"}],"replies":[{"embeddable":true,"href":"https:\/\/anaisneodentcongress.com.br\/2023\/wp-json\/wp\/v2\/comments?post=612"}],"version-history":[{"count":10,"href":"https:\/\/anaisneodentcongress.com.br\/2023\/wp-json\/wp\/v2\/pages\/612\/revisions"}],"predecessor-version":[{"id":1665,"href":"https:\/\/anaisneodentcongress.com.br\/2023\/wp-json\/wp\/v2\/pages\/612\/revisions\/1665"}],"wp:attachment":[{"href":"https:\/\/anaisneodentcongress.com.br\/2023\/wp-json\/wp\/v2\/media?parent=612"}],"curies":[{"name":"wp","href":"https:\/\/api.w.org\/{rel}","templated":true}]}}