{"id":600,"date":"2023-05-11T17:31:29","date_gmt":"2023-05-11T20:31:29","guid":{"rendered":"https:\/\/anaisneodentcongress.com.br\/2023\/?page_id=600"},"modified":"2023-05-17T17:24:02","modified_gmt":"2023-05-17T20:24:02","slug":"reabilitacoes-unitarias-sobre-implantes-narrowgm-estudo-clinico","status":"publish","type":"page","link":"https:\/\/anaisneodentcongress.com.br\/2023\/reabilitacoes-unitarias-sobre-implantes-narrowgm-estudo-clinico\/","title":{"rendered":"Reabilita\u00e7\u00f5es unit\u00e1rias sobre implantes NarrowGM \u2013 estudo cl\u00ednico"},"content":{"rendered":"\t\t<div data-elementor-type=\"wp-page\" data-elementor-id=\"600\" class=\"elementor elementor-600\">\n\t\t\t\t\t\t\t<div class=\"elementor-element elementor-element-6c37fddc e-con-full e-flex e-con\" data-id=\"6c37fddc\" data-element_type=\"container\" data-settings=\"{&quot;content_width&quot;:&quot;full&quot;,&quot;background_background&quot;:&quot;classic&quot;}\">\n\t\t<div class=\"elementor-element elementor-element-30afda49 e-con-full e-flex e-con\" data-id=\"30afda49\" data-element_type=\"container\" data-settings=\"{&quot;content_width&quot;:&quot;full&quot;}\">\n\t\t\t\t<\/div>\n\t\t<div class=\"elementor-element elementor-element-524f945 e-con-full e-flex e-con\" data-id=\"524f945\" data-element_type=\"container\" data-settings=\"{&quot;content_width&quot;:&quot;full&quot;,&quot;background_background&quot;:&quot;classic&quot;}\">\n\t\t<div class=\"elementor-element elementor-element-1d5bc82a e-con-boxed e-flex e-con\" data-id=\"1d5bc82a\" data-element_type=\"container\" data-settings=\"{&quot;content_width&quot;:&quot;boxed&quot;}\">\n\t\t\t\t\t<div class=\"e-con-inner\">\n\t\t\t\t<div class=\"elementor-element elementor-element-40b58244 elementor-widget elementor-widget-heading\" data-id=\"40b58244\" data-element_type=\"widget\" data-widget_type=\"heading.default\">\n\t\t\t\t<div class=\"elementor-widget-container\">\n\t\t\t<style>\/*! elementor - v3.13.2 - 11-05-2023 *\/\n.elementor-heading-title{padding:0;margin:0;line-height:1}.elementor-widget-heading .elementor-heading-title[class*=elementor-size-]>a{color:inherit;font-size:inherit;line-height:inherit}.elementor-widget-heading .elementor-heading-title.elementor-size-small{font-size:15px}.elementor-widget-heading .elementor-heading-title.elementor-size-medium{font-size:19px}.elementor-widget-heading .elementor-heading-title.elementor-size-large{font-size:29px}.elementor-widget-heading .elementor-heading-title.elementor-size-xl{font-size:39px}.elementor-widget-heading .elementor-heading-title.elementor-size-xxl{font-size:59px}<\/style><h2 class=\"elementor-heading-title elementor-size-default\"><a href=\"\/2023\/menu-neodent-caso-clinico\/\">Menu<\/a><\/h2>\t\t<\/div>\n\t\t\t\t<\/div>\n\t\t\t\t<div class=\"elementor-element elementor-element-738faf9 elementor-widget elementor-widget-heading\" data-id=\"738faf9\" data-element_type=\"widget\" data-widget_type=\"heading.default\">\n\t\t\t\t<div class=\"elementor-widget-container\">\n\t\t\t<h2 class=\"elementor-heading-title elementor-size-default\"><a href=\"\/2023\/menu-neodent-caso-clinico\/\">Neodent, Caso Cl\u00ednico<\/a><\/h2>\t\t<\/div>\n\t\t\t\t<\/div>\n\t\t\t\t\t<\/div>\n\t\t\t\t<\/div>\n\t\t<div class=\"elementor-element elementor-element-4804e98a e-con-boxed e-flex e-con\" data-id=\"4804e98a\" data-element_type=\"container\" data-settings=\"{&quot;content_width&quot;:&quot;boxed&quot;}\">\n\t\t\t\t\t<div class=\"e-con-inner\">\n\t\t\t\t<div class=\"elementor-element elementor-element-60bea3c elementor-widget elementor-widget-heading\" data-id=\"60bea3c\" data-element_type=\"widget\" data-widget_type=\"heading.default\">\n\t\t\t\t<div class=\"elementor-widget-container\">\n\t\t\t<h2 class=\"elementor-heading-title elementor-size-default\">Reabilita\u00e7\u00f5es unit\u00e1rias sobre implantes NarrowGM \u2013 estudo cl\u00ednico<\/h2>\t\t<\/div>\n\t\t\t\t<\/div>\n\t\t\t\t\t<\/div>\n\t\t\t\t<\/div>\n\t\t\t\t<div class=\"elementor-element elementor-element-43306c49 elementor-widget elementor-widget-text-editor\" data-id=\"43306c49\" data-element_type=\"widget\" data-widget_type=\"text-editor.default\">\n\t\t\t\t<div class=\"elementor-widget-container\">\n\t\t\t<style>\/*! elementor - v3.13.2 - 11-05-2023 *\/\n.elementor-widget-text-editor.elementor-drop-cap-view-stacked .elementor-drop-cap{background-color:#69727d;color:#fff}.elementor-widget-text-editor.elementor-drop-cap-view-framed .elementor-drop-cap{color:#69727d;border:3px solid;background-color:transparent}.elementor-widget-text-editor:not(.elementor-drop-cap-view-default) .elementor-drop-cap{margin-top:8px}.elementor-widget-text-editor:not(.elementor-drop-cap-view-default) .elementor-drop-cap-letter{width:1em;height:1em}.elementor-widget-text-editor .elementor-drop-cap{float:left;text-align:center;line-height:1;font-size:50px}.elementor-widget-text-editor .elementor-drop-cap-letter{display:inline-block}<\/style>\t\t\t\t<p><span style=\"color: #e8307c;\"><strong>ID Trabalho:<\/strong> 1108905<\/span><\/p><p><strong>Autores: <\/strong>EDUARDO ZANCOPE (Universidade Federal de Uberl\u00e2ndia &#8211; Uberl\u00e2ndia &#8211; MG &#8211; Brasil)<\/p><p><strong>Institui\u00e7\u00f5es dos autores:<\/strong> Universidade Federal de Uberl\u00e2ndia &#8211; Uberl\u00e2ndia &#8211; MG &#8211; Brasil<\/p><p><strong>Introdu\u00e7\u00e3o: <\/strong>As reabilita\u00e7\u00f5es unit\u00e1rias sobre implantes j\u00e1 possuem acompanhamentos que solidificam essa op\u00e7\u00e3o como tratamento confi\u00e1vel, com altas taxas de sucesso. Por\u00e9m, para algumas situa\u00e7\u00f5es lim\u00edtrofes, os implantes estreitos comercialmente dispon\u00edveis n\u00e3o se adequam ao pouco espa\u00e7o prot\u00e9tico dispon\u00edvel. A Neodent, sempre preocupada em proporcionar seguran\u00e7a nas reabilita\u00e7\u00f5es, mesmo nas situa\u00e7\u00f5es de diminu\u00eddo espa\u00e7o, desenvolveu um implante de 2,9mm de di\u00e2metro e interface GM. Espera-se, com este trabalho, ilustrar uma situa\u00e7\u00e3o cl\u00ednica e mostrar resultados preliminares. O estudo foi aprovado pelo CEP-UFU sob o numero CAAE: 54296021.3.1001.5152.<\/p><p><strong>Relato do caso: <\/strong>Um estudo cl\u00ednico multic\u00eantrico, patrocinado, est\u00e1 sendo desenvolvido para validar esse novo modelo de implante. Uma s\u00e9rie de casos foi reabilitada com os implantes NarrowGM em espa\u00e7os prot\u00e9ticos estreitos, demonstrando a versatilidade desses implantes.<\/p><p><strong>Conclus\u00e3o ou considera\u00e7\u00f5es finais: <\/strong>O estudo tem demonstrado que o sistema NarrowGM pode ser utilizado clinicamente para tratamento de pacientes com perdas dos incisivos laterais superiores ou incisivos inferiores, sem intercorr\u00eancias cir\u00fargicas ou prot\u00e9ticas.<\/p><p><strong>Palavras chave: <\/strong>Implante NarrowGM, Implante ultra-estreito, Espa\u00e7o prot\u00e9tico reduzido<\/p>\t\t\t\t\t\t<\/div>\n\t\t\t\t<\/div>\n\t\t\t\t<div class=\"elementor-element elementor-element-2a4056a elementor-widget elementor-widget-shortcode\" data-id=\"2a4056a\" data-element_type=\"widget\" data-widget_type=\"shortcode.default\">\n\t\t\t\t<div class=\"elementor-widget-container\">\n\t\t\t\t\t<div class=\"elementor-shortcode\"><a href=\"javascript:history.back(1)\" target=\"_self\"><img decoding=\"async\" src=\"..\/wp-content\/uploads\/2023\/05\/bot-voltar.png\" widht=\"103\" height=\"28\" border=\"0\"><\/a> <\/div>\n\t\t\t\t<\/div>\n\t\t\t\t<\/div>\n\t\t\t\t<\/div>\n\t\t<div class=\"elementor-element elementor-element-310766d5 e-con-full e-flex e-con\" data-id=\"310766d5\" data-element_type=\"container\" data-settings=\"{&quot;content_width&quot;:&quot;full&quot;}\">\n\t\t\t\t<\/div>\n\t\t\t\t<\/div>\n\t\t\t\t\t\t\t<\/div>\n\t\t","protected":false},"excerpt":{"rendered":"<p>Menu Neodent, Caso Cl\u00ednico Reabilita\u00e7\u00f5es unit\u00e1rias sobre implantes NarrowGM \u2013 estudo cl\u00ednico ID Trabalho: 1108905 Autores: EDUARDO ZANCOPE (Universidade Federal de Uberl\u00e2ndia &#8211; Uberl\u00e2ndia &#8211; MG<span class=\"excerpt-hellip\"> [\u2026]<\/span><\/p>\n","protected":false},"author":1,"featured_media":0,"parent":0,"menu_order":0,"comment_status":"closed","ping_status":"closed","template":"","meta":[],"_links":{"self":[{"href":"https:\/\/anaisneodentcongress.com.br\/2023\/wp-json\/wp\/v2\/pages\/600"}],"collection":[{"href":"https:\/\/anaisneodentcongress.com.br\/2023\/wp-json\/wp\/v2\/pages"}],"about":[{"href":"https:\/\/anaisneodentcongress.com.br\/2023\/wp-json\/wp\/v2\/types\/page"}],"author":[{"embeddable":true,"href":"https:\/\/anaisneodentcongress.com.br\/2023\/wp-json\/wp\/v2\/users\/1"}],"replies":[{"embeddable":true,"href":"https:\/\/anaisneodentcongress.com.br\/2023\/wp-json\/wp\/v2\/comments?post=600"}],"version-history":[{"count":10,"href":"https:\/\/anaisneodentcongress.com.br\/2023\/wp-json\/wp\/v2\/pages\/600\/revisions"}],"predecessor-version":[{"id":1677,"href":"https:\/\/anaisneodentcongress.com.br\/2023\/wp-json\/wp\/v2\/pages\/600\/revisions\/1677"}],"wp:attachment":[{"href":"https:\/\/anaisneodentcongress.com.br\/2023\/wp-json\/wp\/v2\/media?parent=600"}],"curies":[{"name":"wp","href":"https:\/\/api.w.org\/{rel}","templated":true}]}}