{"id":588,"date":"2023-05-11T17:29:41","date_gmt":"2023-05-11T20:29:41","guid":{"rendered":"https:\/\/anaisneodentcongress.com.br\/2023\/?page_id=588"},"modified":"2023-05-17T17:26:42","modified_gmt":"2023-05-17T20:26:42","slug":"regeneracao-ossea-guiada-em-regiao-anterior-estetica-com-a-utilizacao-de-malha-de-titanio","status":"publish","type":"page","link":"https:\/\/anaisneodentcongress.com.br\/2023\/regeneracao-ossea-guiada-em-regiao-anterior-estetica-com-a-utilizacao-de-malha-de-titanio\/","title":{"rendered":"Regenera\u00e7\u00e3o \u00f3ssea guiada em regi\u00e3o anterior est\u00e9tica com a utiliza\u00e7\u00e3o de malha de tit\u00e2nio"},"content":{"rendered":"\t\t<div data-elementor-type=\"wp-page\" data-elementor-id=\"588\" class=\"elementor elementor-588\">\n\t\t\t\t\t\t\t<div class=\"elementor-element elementor-element-481a886e e-con-full e-flex e-con\" data-id=\"481a886e\" data-element_type=\"container\" data-settings=\"{&quot;content_width&quot;:&quot;full&quot;,&quot;background_background&quot;:&quot;classic&quot;}\">\n\t\t<div class=\"elementor-element elementor-element-29bfe588 e-con-full e-flex e-con\" data-id=\"29bfe588\" data-element_type=\"container\" data-settings=\"{&quot;content_width&quot;:&quot;full&quot;}\">\n\t\t\t\t<\/div>\n\t\t<div class=\"elementor-element elementor-element-7f56106e e-con-full e-flex e-con\" data-id=\"7f56106e\" data-element_type=\"container\" data-settings=\"{&quot;content_width&quot;:&quot;full&quot;,&quot;background_background&quot;:&quot;classic&quot;}\">\n\t\t<div class=\"elementor-element elementor-element-212c9c0a e-con-boxed e-flex e-con\" data-id=\"212c9c0a\" data-element_type=\"container\" data-settings=\"{&quot;content_width&quot;:&quot;boxed&quot;}\">\n\t\t\t\t\t<div class=\"e-con-inner\">\n\t\t\t\t<div class=\"elementor-element elementor-element-51ed704a elementor-widget elementor-widget-heading\" data-id=\"51ed704a\" data-element_type=\"widget\" data-widget_type=\"heading.default\">\n\t\t\t\t<div class=\"elementor-widget-container\">\n\t\t\t<style>\/*! elementor - v3.13.2 - 11-05-2023 *\/\n.elementor-heading-title{padding:0;margin:0;line-height:1}.elementor-widget-heading .elementor-heading-title[class*=elementor-size-]>a{color:inherit;font-size:inherit;line-height:inherit}.elementor-widget-heading .elementor-heading-title.elementor-size-small{font-size:15px}.elementor-widget-heading .elementor-heading-title.elementor-size-medium{font-size:19px}.elementor-widget-heading .elementor-heading-title.elementor-size-large{font-size:29px}.elementor-widget-heading .elementor-heading-title.elementor-size-xl{font-size:39px}.elementor-widget-heading .elementor-heading-title.elementor-size-xxl{font-size:59px}<\/style><h2 class=\"elementor-heading-title elementor-size-default\"><a href=\"\/2023\/menu-neodent-expertise\/\">Menu<\/a><\/h2>\t\t<\/div>\n\t\t\t\t<\/div>\n\t\t\t\t<div class=\"elementor-element elementor-element-45649ad9 elementor-widget elementor-widget-heading\" data-id=\"45649ad9\" data-element_type=\"widget\" data-widget_type=\"heading.default\">\n\t\t\t\t<div class=\"elementor-widget-container\">\n\t\t\t<h2 class=\"elementor-heading-title elementor-size-default\"><a href=\"\/2023\/menu-neodent-expertise\/\">Neodent, Expertise<\/a><\/h2>\t\t<\/div>\n\t\t\t\t<\/div>\n\t\t\t\t\t<\/div>\n\t\t\t\t<\/div>\n\t\t<div class=\"elementor-element elementor-element-1fc23ddf e-con-boxed e-flex e-con\" data-id=\"1fc23ddf\" data-element_type=\"container\" data-settings=\"{&quot;content_width&quot;:&quot;boxed&quot;}\">\n\t\t\t\t\t<div class=\"e-con-inner\">\n\t\t\t\t<div class=\"elementor-element elementor-element-38a75bd6 elementor-widget elementor-widget-heading\" data-id=\"38a75bd6\" data-element_type=\"widget\" data-widget_type=\"heading.default\">\n\t\t\t\t<div class=\"elementor-widget-container\">\n\t\t\t<h2 class=\"elementor-heading-title elementor-size-default\">Regenera\u00e7\u00e3o \u00f3ssea guiada em regi\u00e3o anterior est\u00e9tica com a utiliza\u00e7\u00e3o de malha de tit\u00e2nio<\/h2>\t\t<\/div>\n\t\t\t\t<\/div>\n\t\t\t\t\t<\/div>\n\t\t\t\t<\/div>\n\t\t\t\t<div class=\"elementor-element elementor-element-43f50c55 elementor-widget elementor-widget-text-editor\" data-id=\"43f50c55\" data-element_type=\"widget\" data-widget_type=\"text-editor.default\">\n\t\t\t\t<div class=\"elementor-widget-container\">\n\t\t\t<style>\/*! elementor - v3.13.2 - 11-05-2023 *\/\n.elementor-widget-text-editor.elementor-drop-cap-view-stacked .elementor-drop-cap{background-color:#69727d;color:#fff}.elementor-widget-text-editor.elementor-drop-cap-view-framed .elementor-drop-cap{color:#69727d;border:3px solid;background-color:transparent}.elementor-widget-text-editor:not(.elementor-drop-cap-view-default) .elementor-drop-cap{margin-top:8px}.elementor-widget-text-editor:not(.elementor-drop-cap-view-default) .elementor-drop-cap-letter{width:1em;height:1em}.elementor-widget-text-editor .elementor-drop-cap{float:left;text-align:center;line-height:1;font-size:50px}.elementor-widget-text-editor .elementor-drop-cap-letter{display:inline-block}<\/style>\t\t\t\t<p><span style=\"color: #e8307c;\"><strong>ID Trabalho:<\/strong> 1108897<\/span><\/p><p><strong>Autores: <\/strong>LUIZ ANTONIO BORELLI BARROS FILHO (Uniara &#8211; Araraquara\/SP &#8211; Ja\u00fa &#8211; SP &#8211; Brasil)<\/p><p><strong>Institui\u00e7\u00f5es dos autores:<\/strong> Uniara &#8211; Araraquara\/SP &#8211; Ja\u00fa &#8211; SP &#8211; Brasil<\/p><p><strong>Introdu\u00e7\u00e3o: <\/strong>Ap\u00f3s a descoberta da osseointegra\u00e7\u00e3o, a odontologia tornou-se mais conservadora. Elementos dentais perdidos, podem ser substitu\u00eddos individualmente, sem a necessidade de desgastes aos dentes adjacentes. A implantodontia tornou-se ferramenta fundamental nas reabilita\u00e7\u00f5es orais. Entretanto, a defici\u00eancia \u00f3ssea pode ser um fator que complique, dificulte ou at\u00e9 contraindique a utiliza\u00e7\u00e3o de implantes. A reabsor\u00e7\u00e3o do tecido \u00f3sseo \u00e9 um processo fisiol\u00f3gico e natural, podendo acarretar perda de at\u00e9 60% do seu volume, desde o primeiro at\u00e9 terceiro ano p\u00f3s extra\u00e7\u00e3o.<\/p><p><strong>Relato do caso: <\/strong>Paciente apresentava les\u00e3o endod\u00f4ntica e reconstru\u00e7\u00e3o com pino de fibra de vidro no dente 11, com necessidade de substitui\u00e7\u00e3o. Na avalia\u00e7\u00e3o tomogr\u00e1fica, observa-se aus\u00eancia completa de tecido \u00f3sseo peridental. O elemento foi extra\u00eddo de maneira atraum\u00e1tica, uma malha de tit\u00e2nio foi utilizada para a manuten\u00e7\u00e3o da arquitetura do enxerto, sendo o arcabou\u00e7o preenchido por osso aut\u00f3geno particulado e biomaterial heter\u00f3geno, nas mesmas propor\u00e7\u00f5es. Ap\u00f3s o per\u00edodo de ossifica\u00e7\u00e3o, foi instalado um\u00a0 implante Gm Neodent e a seguir a sequ\u00eancia prot\u00e9tica. Quase na finaliza\u00e7\u00e3o do caso ocorreu uma trinca no dente 21 e os procedimentos tamb\u00e9m foram realizados nessa regi\u00e3o.<\/p><p><strong>Conclus\u00e3o ou considera\u00e7\u00f5es finais: <\/strong>Podemos concluir que para obtermos est\u00e9tica com implantes h\u00e1 necessidade de 3 etapas fundamentais: reconstru\u00e7\u00e3o tecidual quando necess\u00e1ria, posicionamento tridimensional do implante e manejo prot\u00e9tico. A tomografia \u00e9 fundamental no diagn\u00f3stico e planejamento. H\u00e1 v\u00e1rias t\u00e9cnicas para reconstru\u00e7\u00e3o do tecido \u00f3sseo e a indica\u00e7\u00e3o de uma delas est\u00e1 na depend\u00eancia do tipo de defeito \u00f3sseo e na experi\u00eancia do operador.<\/p><p><strong>Palavras chave: <\/strong>Enxerto \u00f3sseo anterior; Regenera\u00e7\u00e3o \u00f3ssea guiada; Reabilita\u00e7\u00e3o com implantes p\u00f3s enxerto<\/p>\t\t\t\t\t\t<\/div>\n\t\t\t\t<\/div>\n\t\t\t\t<div class=\"elementor-element elementor-element-5ff65b7d elementor-widget elementor-widget-shortcode\" data-id=\"5ff65b7d\" data-element_type=\"widget\" data-widget_type=\"shortcode.default\">\n\t\t\t\t<div class=\"elementor-widget-container\">\n\t\t\t\t\t<div class=\"elementor-shortcode\"><a href=\"javascript:history.back(1)\" target=\"_self\"><img decoding=\"async\" src=\"..\/wp-content\/uploads\/2023\/05\/bot-voltar.png\" widht=\"103\" height=\"28\" border=\"0\"><\/a> <\/div>\n\t\t\t\t<\/div>\n\t\t\t\t<\/div>\n\t\t\t\t<\/div>\n\t\t<div class=\"elementor-element elementor-element-edb335d e-con-full e-flex e-con\" data-id=\"edb335d\" data-element_type=\"container\" data-settings=\"{&quot;content_width&quot;:&quot;full&quot;}\">\n\t\t\t\t<\/div>\n\t\t\t\t<\/div>\n\t\t\t\t\t\t\t<\/div>\n\t\t","protected":false},"excerpt":{"rendered":"<p>Menu Neodent, Expertise Regenera\u00e7\u00e3o \u00f3ssea guiada em regi\u00e3o anterior est\u00e9tica com a utiliza\u00e7\u00e3o de malha de tit\u00e2nio ID Trabalho: 1108897 Autores: LUIZ ANTONIO BORELLI BARROS FILHO<span class=\"excerpt-hellip\"> [\u2026]<\/span><\/p>\n","protected":false},"author":1,"featured_media":0,"parent":0,"menu_order":0,"comment_status":"closed","ping_status":"closed","template":"","meta":[],"_links":{"self":[{"href":"https:\/\/anaisneodentcongress.com.br\/2023\/wp-json\/wp\/v2\/pages\/588"}],"collection":[{"href":"https:\/\/anaisneodentcongress.com.br\/2023\/wp-json\/wp\/v2\/pages"}],"about":[{"href":"https:\/\/anaisneodentcongress.com.br\/2023\/wp-json\/wp\/v2\/types\/page"}],"author":[{"embeddable":true,"href":"https:\/\/anaisneodentcongress.com.br\/2023\/wp-json\/wp\/v2\/users\/1"}],"replies":[{"embeddable":true,"href":"https:\/\/anaisneodentcongress.com.br\/2023\/wp-json\/wp\/v2\/comments?post=588"}],"version-history":[{"count":10,"href":"https:\/\/anaisneodentcongress.com.br\/2023\/wp-json\/wp\/v2\/pages\/588\/revisions"}],"predecessor-version":[{"id":1686,"href":"https:\/\/anaisneodentcongress.com.br\/2023\/wp-json\/wp\/v2\/pages\/588\/revisions\/1686"}],"wp:attachment":[{"href":"https:\/\/anaisneodentcongress.com.br\/2023\/wp-json\/wp\/v2\/media?parent=588"}],"curies":[{"name":"wp","href":"https:\/\/api.w.org\/{rel}","templated":true}]}}