{"id":542,"date":"2023-05-11T17:21:37","date_gmt":"2023-05-11T20:21:37","guid":{"rendered":"https:\/\/anaisneodentcongress.com.br\/2023\/?page_id=542"},"modified":"2023-05-17T17:06:26","modified_gmt":"2023-05-17T20:06:26","slug":"implante-imediato-em-area-estetica-com-sitio-infectado-relato-de-caso-follow-up-9-anos","status":"publish","type":"page","link":"https:\/\/anaisneodentcongress.com.br\/2023\/implante-imediato-em-area-estetica-com-sitio-infectado-relato-de-caso-follow-up-9-anos\/","title":{"rendered":"Implante imediato em \u00e1rea est\u00e9tica com s\u00edtio infectado: relato de caso. Follow-up &#8211; 9 anos"},"content":{"rendered":"\t\t<div data-elementor-type=\"wp-page\" data-elementor-id=\"542\" class=\"elementor elementor-542\">\n\t\t\t\t\t\t\t<div class=\"elementor-element elementor-element-2b85a4a8 e-con-full e-flex e-con\" data-id=\"2b85a4a8\" data-element_type=\"container\" data-settings=\"{&quot;content_width&quot;:&quot;full&quot;,&quot;background_background&quot;:&quot;classic&quot;}\">\n\t\t<div class=\"elementor-element elementor-element-78ce804 e-con-full e-flex e-con\" data-id=\"78ce804\" data-element_type=\"container\" data-settings=\"{&quot;content_width&quot;:&quot;full&quot;}\">\n\t\t\t\t<\/div>\n\t\t<div class=\"elementor-element elementor-element-27cae181 e-con-full e-flex e-con\" data-id=\"27cae181\" data-element_type=\"container\" data-settings=\"{&quot;content_width&quot;:&quot;full&quot;,&quot;background_background&quot;:&quot;classic&quot;}\">\n\t\t<div class=\"elementor-element elementor-element-26c96f5 e-con-boxed e-flex e-con\" data-id=\"26c96f5\" data-element_type=\"container\" data-settings=\"{&quot;content_width&quot;:&quot;boxed&quot;}\">\n\t\t\t\t\t<div class=\"e-con-inner\">\n\t\t\t\t<div class=\"elementor-element elementor-element-507fca2e elementor-widget elementor-widget-heading\" data-id=\"507fca2e\" data-element_type=\"widget\" data-widget_type=\"heading.default\">\n\t\t\t\t<div class=\"elementor-widget-container\">\n\t\t\t<style>\/*! elementor - v3.13.2 - 11-05-2023 *\/\n.elementor-heading-title{padding:0;margin:0;line-height:1}.elementor-widget-heading .elementor-heading-title[class*=elementor-size-]>a{color:inherit;font-size:inherit;line-height:inherit}.elementor-widget-heading .elementor-heading-title.elementor-size-small{font-size:15px}.elementor-widget-heading .elementor-heading-title.elementor-size-medium{font-size:19px}.elementor-widget-heading .elementor-heading-title.elementor-size-large{font-size:29px}.elementor-widget-heading .elementor-heading-title.elementor-size-xl{font-size:39px}.elementor-widget-heading .elementor-heading-title.elementor-size-xxl{font-size:59px}<\/style><h2 class=\"elementor-heading-title elementor-size-default\"><a href=\"\/2023\/menu-neodent-caso-clinico\/\">Menu<\/a><\/h2>\t\t<\/div>\n\t\t\t\t<\/div>\n\t\t\t\t<div class=\"elementor-element elementor-element-7697f190 elementor-widget elementor-widget-heading\" data-id=\"7697f190\" data-element_type=\"widget\" data-widget_type=\"heading.default\">\n\t\t\t\t<div class=\"elementor-widget-container\">\n\t\t\t<h2 class=\"elementor-heading-title elementor-size-default\"><a href=\"\/2023\/menu-neodent-caso-clinico\/\">Neodent, Caso Cl\u00ednico<\/a><\/h2>\t\t<\/div>\n\t\t\t\t<\/div>\n\t\t\t\t\t<\/div>\n\t\t\t\t<\/div>\n\t\t<div class=\"elementor-element elementor-element-3345e2e8 e-con-boxed e-flex e-con\" data-id=\"3345e2e8\" data-element_type=\"container\" data-settings=\"{&quot;content_width&quot;:&quot;boxed&quot;}\">\n\t\t\t\t\t<div class=\"e-con-inner\">\n\t\t\t\t<div class=\"elementor-element elementor-element-7d8d800f elementor-widget elementor-widget-heading\" data-id=\"7d8d800f\" data-element_type=\"widget\" data-widget_type=\"heading.default\">\n\t\t\t\t<div class=\"elementor-widget-container\">\n\t\t\t<h2 class=\"elementor-heading-title elementor-size-default\">Implante imediato em \u00e1rea est\u00e9tica com s\u00edtio infectado: relato de caso. Follow-up - 9 anos<\/h2>\t\t<\/div>\n\t\t\t\t<\/div>\n\t\t\t\t\t<\/div>\n\t\t\t\t<\/div>\n\t\t\t\t<div class=\"elementor-element elementor-element-26758602 elementor-widget elementor-widget-text-editor\" data-id=\"26758602\" data-element_type=\"widget\" data-widget_type=\"text-editor.default\">\n\t\t\t\t<div class=\"elementor-widget-container\">\n\t\t\t<style>\/*! elementor - v3.13.2 - 11-05-2023 *\/\n.elementor-widget-text-editor.elementor-drop-cap-view-stacked .elementor-drop-cap{background-color:#69727d;color:#fff}.elementor-widget-text-editor.elementor-drop-cap-view-framed .elementor-drop-cap{color:#69727d;border:3px solid;background-color:transparent}.elementor-widget-text-editor:not(.elementor-drop-cap-view-default) .elementor-drop-cap{margin-top:8px}.elementor-widget-text-editor:not(.elementor-drop-cap-view-default) .elementor-drop-cap-letter{width:1em;height:1em}.elementor-widget-text-editor .elementor-drop-cap{float:left;text-align:center;line-height:1;font-size:50px}.elementor-widget-text-editor .elementor-drop-cap-letter{display:inline-block}<\/style>\t\t\t\t<p><span style=\"color: #e8307c;\"><strong>ID Trabalho:<\/strong> 1108882<\/span><\/p><p><strong>Autores: <\/strong>HIROMI IKEDA BIF (FACULDADE ILAPEO &#8211; CURITIBA &#8211; PR &#8211; Brasil)<\/p><p><strong>Institui\u00e7\u00f5es dos autores:<\/strong> FACULDADE ILAPEO &#8211; CURITIBA &#8211; PR &#8211; Brasil<\/p><p><strong>Introdu\u00e7\u00e3o: <\/strong>A instala\u00e7\u00e3o de implante imediato em \u00e1rea est\u00e9tica \u00e9 um procedimento previs\u00edvel, por\u00e9m s\u00edtios infectados podem interferir no sucesso do tratamento. \u00c9 necess\u00e1rio seguir um protocolo pr\u00e9, trans e p\u00f3s-cir\u00fargico para garantir a sobreviv\u00eancia dessa reabilita\u00e7\u00e3o a curto e a longo prazo.<\/p><p><strong>Relato do caso: <\/strong>Este caso cl\u00ednico relata o controle de 9 anos da instala\u00e7\u00e3o do implante Cone Morse Drive Acqua 4.3 x 16mm (Neodent, Curitiba, Brasil) em s\u00edtio contaminado, imediato \u00e0 exodontia do elemento 21 que apresentava fratura longitudinal acompanhada de abscesso na regi\u00e3o apical devido a fratura e reabsor\u00e7\u00e3o interna com abscesso vestibular. Foi administrado o uso de Amoxicilina e Metronidazol como profilaxia antibi\u00f3tica 5 dias antes da cirurgia, para controle da infec\u00e7\u00e3o aguda. Utilizando a filosofia da carga imediata, o implante foi instalado e o gap preenchido com Boneceramic (Straumann, Basel, Sui\u00e7a) promovendo a preserva\u00e7\u00e3o da estrutura anat\u00f4mica dentoalveolar em um \u00fanico procedimento cir\u00fargico sem retalho, com a manuten\u00e7\u00e3o do contorno da margem gengival e redu\u00e7\u00e3o da morbidade.<\/p><p><strong>Conclus\u00e3o ou considera\u00e7\u00f5es finais: <\/strong>A instala\u00e7\u00e3o imediata de implante em s\u00edtio infectado cronicamente \u00e9 um procedimento previs\u00edvel com alta taxa de sobreviv\u00eancia desde que todas as medidas pr\u00e9 e p\u00f3s-operat\u00f3rias, bem como durante a cirurgia, sejam rigorosamente obedecidas e se utilize recursos como a antibioticoterapia profil\u00e1tica. Pode-se concluir que ap\u00f3s 9 anos de acompanhamento peri-implantar foi preservada.<\/p><p><strong>Palavras chave: \u00a0&#8211; <\/strong><\/p>\t\t\t\t\t\t<\/div>\n\t\t\t\t<\/div>\n\t\t\t\t<div class=\"elementor-element elementor-element-1e55e679 elementor-widget elementor-widget-shortcode\" data-id=\"1e55e679\" data-element_type=\"widget\" data-widget_type=\"shortcode.default\">\n\t\t\t\t<div class=\"elementor-widget-container\">\n\t\t\t\t\t<div class=\"elementor-shortcode\"><a href=\"javascript:history.back(1)\" target=\"_self\"><img decoding=\"async\" src=\"..\/wp-content\/uploads\/2023\/05\/bot-voltar.png\" widht=\"103\" height=\"28\" border=\"0\"><\/a> <\/div>\n\t\t\t\t<\/div>\n\t\t\t\t<\/div>\n\t\t\t\t<\/div>\n\t\t<div class=\"elementor-element elementor-element-7a5cfbcd e-con-full e-flex e-con\" data-id=\"7a5cfbcd\" data-element_type=\"container\" data-settings=\"{&quot;content_width&quot;:&quot;full&quot;}\">\n\t\t\t\t<\/div>\n\t\t\t\t<\/div>\n\t\t\t\t\t\t\t<\/div>\n\t\t","protected":false},"excerpt":{"rendered":"<p>Menu Neodent, Caso Cl\u00ednico Implante imediato em \u00e1rea est\u00e9tica com s\u00edtio infectado: relato de caso. Follow-up &#8211; 9 anos ID Trabalho: 1108882 Autores: HIROMI IKEDA BIF<span class=\"excerpt-hellip\"> [\u2026]<\/span><\/p>\n","protected":false},"author":1,"featured_media":0,"parent":0,"menu_order":0,"comment_status":"closed","ping_status":"closed","template":"","meta":[],"_links":{"self":[{"href":"https:\/\/anaisneodentcongress.com.br\/2023\/wp-json\/wp\/v2\/pages\/542"}],"collection":[{"href":"https:\/\/anaisneodentcongress.com.br\/2023\/wp-json\/wp\/v2\/pages"}],"about":[{"href":"https:\/\/anaisneodentcongress.com.br\/2023\/wp-json\/wp\/v2\/types\/page"}],"author":[{"embeddable":true,"href":"https:\/\/anaisneodentcongress.com.br\/2023\/wp-json\/wp\/v2\/users\/1"}],"replies":[{"embeddable":true,"href":"https:\/\/anaisneodentcongress.com.br\/2023\/wp-json\/wp\/v2\/comments?post=542"}],"version-history":[{"count":10,"href":"https:\/\/anaisneodentcongress.com.br\/2023\/wp-json\/wp\/v2\/pages\/542\/revisions"}],"predecessor-version":[{"id":1626,"href":"https:\/\/anaisneodentcongress.com.br\/2023\/wp-json\/wp\/v2\/pages\/542\/revisions\/1626"}],"wp:attachment":[{"href":"https:\/\/anaisneodentcongress.com.br\/2023\/wp-json\/wp\/v2\/media?parent=542"}],"curies":[{"name":"wp","href":"https:\/\/api.w.org\/{rel}","templated":true}]}}