{"id":530,"date":"2023-05-11T17:19:39","date_gmt":"2023-05-11T20:19:39","guid":{"rendered":"https:\/\/anaisneodentcongress.com.br\/2023\/?page_id=530"},"modified":"2023-05-17T17:00:00","modified_gmt":"2023-05-17T20:00:00","slug":"escaneamento-intraoral-abrindo-possibilidades-na-reabilitacao-oral","status":"publish","type":"page","link":"https:\/\/anaisneodentcongress.com.br\/2023\/escaneamento-intraoral-abrindo-possibilidades-na-reabilitacao-oral\/","title":{"rendered":"Escaneamento Intraoral abrindo possibilidades na reabilita\u00e7\u00e3o oral"},"content":{"rendered":"\t\t<div data-elementor-type=\"wp-page\" data-elementor-id=\"530\" class=\"elementor elementor-530\">\n\t\t\t\t\t\t\t<div class=\"elementor-element elementor-element-3ff446dd e-con-full e-flex e-con\" data-id=\"3ff446dd\" data-element_type=\"container\" data-settings=\"{&quot;content_width&quot;:&quot;full&quot;,&quot;background_background&quot;:&quot;classic&quot;}\">\n\t\t<div class=\"elementor-element elementor-element-9a41011 e-con-full e-flex e-con\" data-id=\"9a41011\" data-element_type=\"container\" data-settings=\"{&quot;content_width&quot;:&quot;full&quot;}\">\n\t\t\t\t<\/div>\n\t\t<div class=\"elementor-element elementor-element-34018ecc e-con-full e-flex e-con\" data-id=\"34018ecc\" data-element_type=\"container\" data-settings=\"{&quot;content_width&quot;:&quot;full&quot;,&quot;background_background&quot;:&quot;classic&quot;}\">\n\t\t<div class=\"elementor-element elementor-element-280d9977 e-con-boxed e-flex e-con\" data-id=\"280d9977\" data-element_type=\"container\" data-settings=\"{&quot;content_width&quot;:&quot;boxed&quot;}\">\n\t\t\t\t\t<div class=\"e-con-inner\">\n\t\t\t\t<div class=\"elementor-element elementor-element-6472dcf9 elementor-widget elementor-widget-heading\" data-id=\"6472dcf9\" data-element_type=\"widget\" data-widget_type=\"heading.default\">\n\t\t\t\t<div class=\"elementor-widget-container\">\n\t\t\t<style>\/*! elementor - v3.13.2 - 11-05-2023 *\/\n.elementor-heading-title{padding:0;margin:0;line-height:1}.elementor-widget-heading .elementor-heading-title[class*=elementor-size-]>a{color:inherit;font-size:inherit;line-height:inherit}.elementor-widget-heading .elementor-heading-title.elementor-size-small{font-size:15px}.elementor-widget-heading .elementor-heading-title.elementor-size-medium{font-size:19px}.elementor-widget-heading .elementor-heading-title.elementor-size-large{font-size:29px}.elementor-widget-heading .elementor-heading-title.elementor-size-xl{font-size:39px}.elementor-widget-heading .elementor-heading-title.elementor-size-xxl{font-size:59px}<\/style><h2 class=\"elementor-heading-title elementor-size-default\"><a href=\"\/2023\/menu-neodent-expertise\/\">Menu<\/a><\/h2>\t\t<\/div>\n\t\t\t\t<\/div>\n\t\t\t\t<div class=\"elementor-element elementor-element-29454e48 elementor-widget elementor-widget-heading\" data-id=\"29454e48\" data-element_type=\"widget\" data-widget_type=\"heading.default\">\n\t\t\t\t<div class=\"elementor-widget-container\">\n\t\t\t<h2 class=\"elementor-heading-title elementor-size-default\"><a href=\"\/2023\/menu-neodent-expertise\/\">Neodent, Expertise<\/a><\/h2>\t\t<\/div>\n\t\t\t\t<\/div>\n\t\t\t\t\t<\/div>\n\t\t\t\t<\/div>\n\t\t<div class=\"elementor-element elementor-element-69dbbb e-con-boxed e-flex e-con\" data-id=\"69dbbb\" data-element_type=\"container\" data-settings=\"{&quot;content_width&quot;:&quot;boxed&quot;}\">\n\t\t\t\t\t<div class=\"e-con-inner\">\n\t\t\t\t<div class=\"elementor-element elementor-element-709710a0 elementor-widget elementor-widget-heading\" data-id=\"709710a0\" data-element_type=\"widget\" data-widget_type=\"heading.default\">\n\t\t\t\t<div class=\"elementor-widget-container\">\n\t\t\t<h2 class=\"elementor-heading-title elementor-size-default\">Escaneamento Intraoral abrindo possibilidades na reabilita\u00e7\u00e3o oral<\/h2>\t\t<\/div>\n\t\t\t\t<\/div>\n\t\t\t\t\t<\/div>\n\t\t\t\t<\/div>\n\t\t\t\t<div class=\"elementor-element elementor-element-114834d6 elementor-widget elementor-widget-text-editor\" data-id=\"114834d6\" data-element_type=\"widget\" data-widget_type=\"text-editor.default\">\n\t\t\t\t<div class=\"elementor-widget-container\">\n\t\t\t<style>\/*! elementor - v3.13.2 - 11-05-2023 *\/\n.elementor-widget-text-editor.elementor-drop-cap-view-stacked .elementor-drop-cap{background-color:#69727d;color:#fff}.elementor-widget-text-editor.elementor-drop-cap-view-framed .elementor-drop-cap{color:#69727d;border:3px solid;background-color:transparent}.elementor-widget-text-editor:not(.elementor-drop-cap-view-default) .elementor-drop-cap{margin-top:8px}.elementor-widget-text-editor:not(.elementor-drop-cap-view-default) .elementor-drop-cap-letter{width:1em;height:1em}.elementor-widget-text-editor .elementor-drop-cap{float:left;text-align:center;line-height:1;font-size:50px}.elementor-widget-text-editor .elementor-drop-cap-letter{display:inline-block}<\/style>\t\t\t\t<p><span style=\"color: #e8307c;\"><strong>ID Trabalho:<\/strong> 1108866<\/span><\/p><p><strong>Autores: <\/strong>ADRIANA TRACZINSKI (Faculdade Ilapeo &#8211; Curitiba &#8211; PR &#8211; Brasil)<\/p><p><strong>Institui\u00e7\u00f5es dos autores:<\/strong> Faculdade Ilapeo &#8211; Curitiba &#8211; PR &#8211; Brasil<\/p><p><strong>Introdu\u00e7\u00e3o: <\/strong>H\u00e1 muitos anos no campo da reabilita\u00e7\u00e3o oral se conhece o benef\u00edcio de ter uma pr\u00f3tese provis\u00f3ria bem ajustada. No fluxo de trabalho anal\u00f3gico a t\u00e9cnica para transferir estas caracter\u00edsticas j\u00e1 foi muito bem descrita, mas \u00e9 um tanto laboriosa. O escaneamento intraoral, \u00e9 uma ferramenta potencialmente capaz de reproduzir os par\u00e2metros obtidos nas pr\u00f3teses provis\u00f3rias de uma maneira mais simplificada, r\u00e1pida e equacionada.<\/p><p><strong>Relato do caso: <\/strong>Um paciente de sexo masculino de 58 anos, portador de uma pr\u00f3tese fixa provis\u00f3ria implanto suportada dento gengival de arco maxilar completo ajustada e que atendia os par\u00e2metros est\u00e9ticos funcionais, foi reproduzida em zirc\u00f4nia monol\u00edtica com uso de escaneamento intraoral. Um gabarito de verifica\u00e7\u00e3o foi confeccionado para conferir o assentamento passivo da pe\u00e7a em laborat\u00f3rio. E um prot\u00f3tipo da pr\u00f3tese final foi confeccionado em PEEK e provado em boca para conferir os par\u00e2metros est\u00e9ticos funcionais. Ap\u00f3s serem verificados o assentamento passivo e todos os par\u00e2metros est\u00e9ticos funcionais, a pr\u00f3tese final em zirc\u00f4nia monol\u00edtica foi confeccionada e instalada em boca.<\/p><p><strong>Conclus\u00e3o ou considera\u00e7\u00f5es finais: <\/strong>Este relato de caso mostra que o escaneamento intraoral \u00e9 uma ferramenta potencial e interessante para reprodu\u00e7\u00e3o dos aspectos est\u00e9ticos funcionais das pr\u00f3teses fixa implanto suportada provis\u00f3rias de arco completo, pois pode dar efetividade ao fluxo de trabalho, diminuindo o n\u00famero de consultas necess\u00e1rias para a confec\u00e7\u00e3o das pr\u00f3teses definitivas e tornando o tratamento mais agrad\u00e1vel aos pacientes.<\/p><p><strong>Palavras chave: <\/strong>Escaneamento intraoral; pr\u00f3tese provis\u00f3ria; reabilita\u00e7\u00f5es implanto suportadas; zirc\u00f4nia.<\/p>\t\t\t\t\t\t<\/div>\n\t\t\t\t<\/div>\n\t\t\t\t<div class=\"elementor-element elementor-element-2da6be2e elementor-widget elementor-widget-shortcode\" data-id=\"2da6be2e\" data-element_type=\"widget\" data-widget_type=\"shortcode.default\">\n\t\t\t\t<div class=\"elementor-widget-container\">\n\t\t\t\t\t<div class=\"elementor-shortcode\"><a href=\"javascript:history.back(1)\" target=\"_self\"><img decoding=\"async\" src=\"..\/wp-content\/uploads\/2023\/05\/bot-voltar.png\" widht=\"103\" height=\"28\" border=\"0\"><\/a> <\/div>\n\t\t\t\t<\/div>\n\t\t\t\t<\/div>\n\t\t\t\t<\/div>\n\t\t<div class=\"elementor-element elementor-element-40267821 e-con-full e-flex e-con\" data-id=\"40267821\" data-element_type=\"container\" data-settings=\"{&quot;content_width&quot;:&quot;full&quot;}\">\n\t\t\t\t<\/div>\n\t\t\t\t<\/div>\n\t\t\t\t\t\t\t<\/div>\n\t\t","protected":false},"excerpt":{"rendered":"<p>Menu Neodent, Expertise Escaneamento Intraoral abrindo possibilidades na reabilita\u00e7\u00e3o oral ID Trabalho: 1108866 Autores: ADRIANA TRACZINSKI (Faculdade Ilapeo &#8211; Curitiba &#8211; PR &#8211; Brasil) Institui\u00e7\u00f5es dos<span class=\"excerpt-hellip\"> [\u2026]<\/span><\/p>\n","protected":false},"author":1,"featured_media":0,"parent":0,"menu_order":0,"comment_status":"closed","ping_status":"closed","template":"","meta":[],"_links":{"self":[{"href":"https:\/\/anaisneodentcongress.com.br\/2023\/wp-json\/wp\/v2\/pages\/530"}],"collection":[{"href":"https:\/\/anaisneodentcongress.com.br\/2023\/wp-json\/wp\/v2\/pages"}],"about":[{"href":"https:\/\/anaisneodentcongress.com.br\/2023\/wp-json\/wp\/v2\/types\/page"}],"author":[{"embeddable":true,"href":"https:\/\/anaisneodentcongress.com.br\/2023\/wp-json\/wp\/v2\/users\/1"}],"replies":[{"embeddable":true,"href":"https:\/\/anaisneodentcongress.com.br\/2023\/wp-json\/wp\/v2\/comments?post=530"}],"version-history":[{"count":10,"href":"https:\/\/anaisneodentcongress.com.br\/2023\/wp-json\/wp\/v2\/pages\/530\/revisions"}],"predecessor-version":[{"id":1608,"href":"https:\/\/anaisneodentcongress.com.br\/2023\/wp-json\/wp\/v2\/pages\/530\/revisions\/1608"}],"wp:attachment":[{"href":"https:\/\/anaisneodentcongress.com.br\/2023\/wp-json\/wp\/v2\/media?parent=530"}],"curies":[{"name":"wp","href":"https:\/\/api.w.org\/{rel}","templated":true}]}}