{"id":496,"date":"2023-05-11T17:13:39","date_gmt":"2023-05-11T20:13:39","guid":{"rendered":"https:\/\/anaisneodentcongress.com.br\/2023\/?page_id=496"},"modified":"2023-05-17T17:29:09","modified_gmt":"2023-05-17T20:29:09","slug":"terapia-com-alinhadores-clearcorrect-em-pacientes-com-necessidade-de-reabilitacoes-implantossuportadas","status":"publish","type":"page","link":"https:\/\/anaisneodentcongress.com.br\/2023\/terapia-com-alinhadores-clearcorrect-em-pacientes-com-necessidade-de-reabilitacoes-implantossuportadas\/","title":{"rendered":"Terapia com alinhadores ClearCorrect em pacientes com necessidade de reabilita\u00e7\u00f5es Implantossuportadas"},"content":{"rendered":"\t\t<div data-elementor-type=\"wp-page\" data-elementor-id=\"496\" class=\"elementor elementor-496\">\n\t\t\t\t\t\t\t<div class=\"elementor-element elementor-element-7e5b4b6d e-con-full e-flex e-con\" data-id=\"7e5b4b6d\" data-element_type=\"container\" data-settings=\"{&quot;content_width&quot;:&quot;full&quot;,&quot;background_background&quot;:&quot;classic&quot;}\">\n\t\t<div class=\"elementor-element elementor-element-1901a0d4 e-con-full e-flex e-con\" data-id=\"1901a0d4\" data-element_type=\"container\" data-settings=\"{&quot;content_width&quot;:&quot;full&quot;}\">\n\t\t\t\t<\/div>\n\t\t<div class=\"elementor-element elementor-element-7642f2a8 e-con-full e-flex e-con\" data-id=\"7642f2a8\" data-element_type=\"container\" data-settings=\"{&quot;content_width&quot;:&quot;full&quot;,&quot;background_background&quot;:&quot;classic&quot;}\">\n\t\t<div class=\"elementor-element elementor-element-5b64b0f5 e-con-boxed e-flex e-con\" data-id=\"5b64b0f5\" data-element_type=\"container\" data-settings=\"{&quot;content_width&quot;:&quot;boxed&quot;}\">\n\t\t\t\t\t<div class=\"e-con-inner\">\n\t\t\t\t<div class=\"elementor-element elementor-element-7a3d59a6 elementor-widget elementor-widget-heading\" data-id=\"7a3d59a6\" data-element_type=\"widget\" data-widget_type=\"heading.default\">\n\t\t\t\t<div class=\"elementor-widget-container\">\n\t\t\t<style>\/*! elementor - v3.13.2 - 11-05-2023 *\/\n.elementor-heading-title{padding:0;margin:0;line-height:1}.elementor-widget-heading .elementor-heading-title[class*=elementor-size-]>a{color:inherit;font-size:inherit;line-height:inherit}.elementor-widget-heading .elementor-heading-title.elementor-size-small{font-size:15px}.elementor-widget-heading .elementor-heading-title.elementor-size-medium{font-size:19px}.elementor-widget-heading .elementor-heading-title.elementor-size-large{font-size:29px}.elementor-widget-heading .elementor-heading-title.elementor-size-xl{font-size:39px}.elementor-widget-heading .elementor-heading-title.elementor-size-xxl{font-size:59px}<\/style><h2 class=\"elementor-heading-title elementor-size-default\"><a href=\"\/2023\/menu-neodent-expertise\/\">Menu<\/a><\/h2>\t\t<\/div>\n\t\t\t\t<\/div>\n\t\t\t\t<div class=\"elementor-element elementor-element-243a849e elementor-widget elementor-widget-heading\" data-id=\"243a849e\" data-element_type=\"widget\" data-widget_type=\"heading.default\">\n\t\t\t\t<div class=\"elementor-widget-container\">\n\t\t\t<h2 class=\"elementor-heading-title elementor-size-default\"><a href=\"\/2023\/menu-neodent-expertise\/\">Neodent, Expertise<\/a><\/h2>\t\t<\/div>\n\t\t\t\t<\/div>\n\t\t\t\t\t<\/div>\n\t\t\t\t<\/div>\n\t\t<div class=\"elementor-element elementor-element-7c704b79 e-con-boxed e-flex e-con\" data-id=\"7c704b79\" data-element_type=\"container\" data-settings=\"{&quot;content_width&quot;:&quot;boxed&quot;}\">\n\t\t\t\t\t<div class=\"e-con-inner\">\n\t\t\t\t<div class=\"elementor-element elementor-element-742a4cd5 elementor-widget elementor-widget-heading\" data-id=\"742a4cd5\" data-element_type=\"widget\" data-widget_type=\"heading.default\">\n\t\t\t\t<div class=\"elementor-widget-container\">\n\t\t\t<h2 class=\"elementor-heading-title elementor-size-default\">Terapia com alinhadores ClearCorrect em pacientes com necessidade de reabilita\u00e7\u00f5es Implantossuportadas<\/h2>\t\t<\/div>\n\t\t\t\t<\/div>\n\t\t\t\t\t<\/div>\n\t\t\t\t<\/div>\n\t\t\t\t<div class=\"elementor-element elementor-element-38d2e4cb elementor-widget elementor-widget-text-editor\" data-id=\"38d2e4cb\" data-element_type=\"widget\" data-widget_type=\"text-editor.default\">\n\t\t\t\t<div class=\"elementor-widget-container\">\n\t\t\t<style>\/*! elementor - v3.13.2 - 11-05-2023 *\/\n.elementor-widget-text-editor.elementor-drop-cap-view-stacked .elementor-drop-cap{background-color:#69727d;color:#fff}.elementor-widget-text-editor.elementor-drop-cap-view-framed .elementor-drop-cap{color:#69727d;border:3px solid;background-color:transparent}.elementor-widget-text-editor:not(.elementor-drop-cap-view-default) .elementor-drop-cap{margin-top:8px}.elementor-widget-text-editor:not(.elementor-drop-cap-view-default) .elementor-drop-cap-letter{width:1em;height:1em}.elementor-widget-text-editor .elementor-drop-cap{float:left;text-align:center;line-height:1;font-size:50px}.elementor-widget-text-editor .elementor-drop-cap-letter{display:inline-block}<\/style>\t\t\t\t<p><span style=\"color: #e8307c;\"><strong>ID Trabalho:<\/strong> 1108861<\/span><\/p><p><strong>Autores: <\/strong>JUNI MURICI FUJISHIMA (ILAPEO &#8211; CURITIBA &#8211; PR &#8211; Brasil)<\/p><p><strong>Institui\u00e7\u00f5es dos autores:<\/strong> ILAPEO &#8211; CURITIBA &#8211; PR &#8211; Brasil<\/p><p><strong>Introdu\u00e7\u00e3o: <\/strong>Apesar de ter sido inicialmente indicado para casos de m\u00e1s oclus\u00f5es leves a moderadas, os alinhadores transparentes t\u00eam se mostrado uma alternativa vi\u00e1vel para casos complexos, que incluem a necessidade de reabilita\u00e7\u00f5es implatossuportadas. O objetivo deste trabalho \u00e9 apresentar dois casos cl\u00ednicos de pacientes nos quais foi realizado o tratamento de m\u00e1s oclus\u00f5es combinado a terapia com alinhadores (ClearCorrect), implantes osseointegrados (unit\u00e1rio\/m\u00faltiplos &#8211; Neodent) e pr\u00f3teses dent\u00e1rias sobre implantes na Faculdade Ilapeo.<\/p><p><strong>Relato do caso: <\/strong>A primeira paciente, apresentava Classe II esquel\u00e9tica, desvio de linha m\u00e9dia inferior de 2 mm, aus\u00eancia do dente 25 e indica\u00e7\u00e3o de extra\u00e7\u00e3o de raiz na regi\u00e3o do 15. Foi planejado a distaliza\u00e7\u00e3o dos molares, para adequa\u00e7\u00e3o dos espa\u00e7os prot\u00e9ticos para os implantes, e retra\u00e7\u00e3o dos dentes anteriores. O tratamento ortod\u00f4ntico foi finalizado em 8 meses e imediatamente seguido pela reabilita\u00e7\u00e3o oral, devolvendo a fun\u00e7\u00e3o e est\u00e9tica do paciente. O segundo paciente, um rapaz de 29 anos, com perdas m\u00faltiplas tanto no arco inferior lado esquerdo como no superior direito, desvio de linha m\u00e9dia, mordida de topo anterior e espa\u00e7amentos generalizados. O planejamento ortod\u00f4ntico virtual indicou 29 etapas, o que representa 14 meses e meio de tratamento. Ao final da movimenta\u00e7\u00e3o ortod\u00f4ntica foram realizados os implantes dent\u00e1rios e instala\u00e7\u00e3o das pr\u00f3teses provis\u00f3rias implantossuportadas.<\/p><p><strong>Conclus\u00e3o ou considera\u00e7\u00f5es finais: <\/strong>Em ambos os casos o tratamento interdisciplinar foi bem-sucedido, melhorando significativamente a oclus\u00e3o, est\u00e9tica, e qualidade mastigat\u00f3ria dos pacientes em curto tempo de tratamento. O uso dos alinhadores \u00e9 uma abordagem simples e eficiente para tratamentos de m\u00e1s oclus\u00f5es associado a reabilita\u00e7\u00f5es orais implantossuportadas.<\/p><p><strong>Palavras chave: <\/strong>Reabilita\u00e7\u00e3o Oral; Ortodontia; Alinhadores Transparentes; Implantes Dent\u00e1rios<\/p>\t\t\t\t\t\t<\/div>\n\t\t\t\t<\/div>\n\t\t\t\t<div class=\"elementor-element elementor-element-25d44214 elementor-widget elementor-widget-shortcode\" data-id=\"25d44214\" data-element_type=\"widget\" data-widget_type=\"shortcode.default\">\n\t\t\t\t<div class=\"elementor-widget-container\">\n\t\t\t\t\t<div class=\"elementor-shortcode\"><a href=\"javascript:history.back(1)\" target=\"_self\"><img decoding=\"async\" src=\"..\/wp-content\/uploads\/2023\/05\/bot-voltar.png\" widht=\"103\" height=\"28\" border=\"0\"><\/a> <\/div>\n\t\t\t\t<\/div>\n\t\t\t\t<\/div>\n\t\t\t\t<\/div>\n\t\t<div class=\"elementor-element elementor-element-5569fd6c e-con-full e-flex e-con\" data-id=\"5569fd6c\" data-element_type=\"container\" data-settings=\"{&quot;content_width&quot;:&quot;full&quot;}\">\n\t\t\t\t<\/div>\n\t\t\t\t<\/div>\n\t\t\t\t\t\t\t<\/div>\n\t\t","protected":false},"excerpt":{"rendered":"<p>Menu Neodent, Expertise Terapia com alinhadores ClearCorrect em pacientes com necessidade de reabilita\u00e7\u00f5es Implantossuportadas ID Trabalho: 1108861 Autores: JUNI MURICI FUJISHIMA (ILAPEO &#8211; CURITIBA &#8211; PR<span class=\"excerpt-hellip\"> [\u2026]<\/span><\/p>\n","protected":false},"author":1,"featured_media":0,"parent":0,"menu_order":0,"comment_status":"closed","ping_status":"closed","template":"","meta":[],"_links":{"self":[{"href":"https:\/\/anaisneodentcongress.com.br\/2023\/wp-json\/wp\/v2\/pages\/496"}],"collection":[{"href":"https:\/\/anaisneodentcongress.com.br\/2023\/wp-json\/wp\/v2\/pages"}],"about":[{"href":"https:\/\/anaisneodentcongress.com.br\/2023\/wp-json\/wp\/v2\/types\/page"}],"author":[{"embeddable":true,"href":"https:\/\/anaisneodentcongress.com.br\/2023\/wp-json\/wp\/v2\/users\/1"}],"replies":[{"embeddable":true,"href":"https:\/\/anaisneodentcongress.com.br\/2023\/wp-json\/wp\/v2\/comments?post=496"}],"version-history":[{"count":10,"href":"https:\/\/anaisneodentcongress.com.br\/2023\/wp-json\/wp\/v2\/pages\/496\/revisions"}],"predecessor-version":[{"id":1695,"href":"https:\/\/anaisneodentcongress.com.br\/2023\/wp-json\/wp\/v2\/pages\/496\/revisions\/1695"}],"wp:attachment":[{"href":"https:\/\/anaisneodentcongress.com.br\/2023\/wp-json\/wp\/v2\/media?parent=496"}],"curies":[{"name":"wp","href":"https:\/\/api.w.org\/{rel}","templated":true}]}}