{"id":486,"date":"2023-05-11T17:10:50","date_gmt":"2023-05-11T20:10:50","guid":{"rendered":"https:\/\/anaisneodentcongress.com.br\/2023\/?page_id=486"},"modified":"2023-05-17T16:46:23","modified_gmt":"2023-05-17T19:46:23","slug":"area-estetica-com-lesoes-cisticas-abordagem-seriada-com-enxerto-e-implante","status":"publish","type":"page","link":"https:\/\/anaisneodentcongress.com.br\/2023\/area-estetica-com-lesoes-cisticas-abordagem-seriada-com-enxerto-e-implante\/","title":{"rendered":"\u00c1rea est\u00e9tica com les\u00f5es c\u00edsticas: abordagem seriada com enxerto e implante"},"content":{"rendered":"\t\t<div data-elementor-type=\"wp-page\" data-elementor-id=\"486\" class=\"elementor elementor-486\">\n\t\t\t\t\t\t\t<div class=\"elementor-element elementor-element-41f6e978 e-con-full e-flex e-con\" data-id=\"41f6e978\" data-element_type=\"container\" data-settings=\"{&quot;content_width&quot;:&quot;full&quot;,&quot;background_background&quot;:&quot;classic&quot;}\">\n\t\t<div class=\"elementor-element elementor-element-22b4d3f e-con-full e-flex e-con\" data-id=\"22b4d3f\" data-element_type=\"container\" data-settings=\"{&quot;content_width&quot;:&quot;full&quot;}\">\n\t\t\t\t<\/div>\n\t\t<div class=\"elementor-element elementor-element-6d16c2b0 e-con-full e-flex e-con\" data-id=\"6d16c2b0\" data-element_type=\"container\" data-settings=\"{&quot;content_width&quot;:&quot;full&quot;,&quot;background_background&quot;:&quot;classic&quot;}\">\n\t\t<div class=\"elementor-element elementor-element-95644ff e-con-boxed e-flex e-con\" data-id=\"95644ff\" data-element_type=\"container\" data-settings=\"{&quot;content_width&quot;:&quot;boxed&quot;}\">\n\t\t\t\t\t<div class=\"e-con-inner\">\n\t\t\t\t<div class=\"elementor-element elementor-element-574ee216 elementor-widget elementor-widget-heading\" data-id=\"574ee216\" data-element_type=\"widget\" data-widget_type=\"heading.default\">\n\t\t\t\t<div class=\"elementor-widget-container\">\n\t\t\t<style>\/*! elementor - v3.13.2 - 11-05-2023 *\/\n.elementor-heading-title{padding:0;margin:0;line-height:1}.elementor-widget-heading .elementor-heading-title[class*=elementor-size-]>a{color:inherit;font-size:inherit;line-height:inherit}.elementor-widget-heading .elementor-heading-title.elementor-size-small{font-size:15px}.elementor-widget-heading .elementor-heading-title.elementor-size-medium{font-size:19px}.elementor-widget-heading .elementor-heading-title.elementor-size-large{font-size:29px}.elementor-widget-heading .elementor-heading-title.elementor-size-xl{font-size:39px}.elementor-widget-heading .elementor-heading-title.elementor-size-xxl{font-size:59px}<\/style><h2 class=\"elementor-heading-title elementor-size-default\"><a href=\"\/2023\/menu-neodent-expertise\/\">Menu<\/a><\/h2>\t\t<\/div>\n\t\t\t\t<\/div>\n\t\t\t\t<div class=\"elementor-element elementor-element-74a47066 elementor-widget elementor-widget-heading\" data-id=\"74a47066\" data-element_type=\"widget\" data-widget_type=\"heading.default\">\n\t\t\t\t<div class=\"elementor-widget-container\">\n\t\t\t<h2 class=\"elementor-heading-title elementor-size-default\"><a href=\"\/2023\/menu-neodent-expertise\/\">Neodent, Expertise<\/a><\/h2>\t\t<\/div>\n\t\t\t\t<\/div>\n\t\t\t\t\t<\/div>\n\t\t\t\t<\/div>\n\t\t<div class=\"elementor-element elementor-element-4d08631b e-con-boxed e-flex e-con\" data-id=\"4d08631b\" data-element_type=\"container\" data-settings=\"{&quot;content_width&quot;:&quot;boxed&quot;}\">\n\t\t\t\t\t<div class=\"e-con-inner\">\n\t\t\t\t<div class=\"elementor-element elementor-element-2efeea98 elementor-widget elementor-widget-heading\" data-id=\"2efeea98\" data-element_type=\"widget\" data-widget_type=\"heading.default\">\n\t\t\t\t<div class=\"elementor-widget-container\">\n\t\t\t<h2 class=\"elementor-heading-title elementor-size-default\">\u00c1rea est\u00e9tica com les\u00f5es c\u00edsticas: abordagem seriada com enxerto e implante<\/h2>\t\t<\/div>\n\t\t\t\t<\/div>\n\t\t\t\t\t<\/div>\n\t\t\t\t<\/div>\n\t\t\t\t<div class=\"elementor-element elementor-element-33420aa3 elementor-widget elementor-widget-text-editor\" data-id=\"33420aa3\" data-element_type=\"widget\" data-widget_type=\"text-editor.default\">\n\t\t\t\t<div class=\"elementor-widget-container\">\n\t\t\t<style>\/*! elementor - v3.13.2 - 11-05-2023 *\/\n.elementor-widget-text-editor.elementor-drop-cap-view-stacked .elementor-drop-cap{background-color:#69727d;color:#fff}.elementor-widget-text-editor.elementor-drop-cap-view-framed .elementor-drop-cap{color:#69727d;border:3px solid;background-color:transparent}.elementor-widget-text-editor:not(.elementor-drop-cap-view-default) .elementor-drop-cap{margin-top:8px}.elementor-widget-text-editor:not(.elementor-drop-cap-view-default) .elementor-drop-cap-letter{width:1em;height:1em}.elementor-widget-text-editor .elementor-drop-cap{float:left;text-align:center;line-height:1;font-size:50px}.elementor-widget-text-editor .elementor-drop-cap-letter{display:inline-block}<\/style>\t\t\t\t<p><span style=\"color: #e8307c;\"><strong>ID Trabalho:<\/strong> 1108848<\/span><\/p><p><strong>Autores: <\/strong>THALES DE CASTRO (ilapeo &#8211; BRAS\u00cdLIA &#8211; DF &#8211; Brasil)<\/p><p><strong>Institui\u00e7\u00f5es dos autores:<\/strong> ilapeo &#8211; BRAS\u00cdLIA &#8211; DF &#8211; Brasil<\/p><p><strong>Introdu\u00e7\u00e3o: <\/strong>Acidentes em crian\u00e7as e jovens \u00e9 algo n\u00e3o raro e que nunca deixar\u00e3o de existir na odontologia. Podemos destacar diversos tipos de les\u00f5es que podem acometer a regi\u00e3o orofacial. Na denti\u00e7\u00e3o permanente, a les\u00e3o dent\u00e1ria mais grave pode ser considerada a perda dent\u00e1ria com perda de estrutura \u00f3ssea alveolar circundante.<\/p><p><strong>Relato do caso: <\/strong>O objetivo deste trabalho \u00e9 relatar um caso de uma paciente do sexo feminino, 18 anos com acometimento de uma les\u00e3o c\u00edstica p\u00f3s trauma envolvendo a regi\u00e3o dos dentes 11, 12 e 13, com grande perda de estrutura alveolar. Para este caso foi sugerido a extra\u00e7\u00e3o de maneira seriada para evitar mais perda de estrutura \u00f3ssea. O plano de tratamento foi iniciado com a extra\u00e7\u00e3o do dente 12 associado a Regenera\u00e7\u00e3o \u00d3ssea Guiada com enxerto 100% xen\u00f3geno (Cerabone, Straumann) e membrana absorv\u00edvel (Jason, Straumann). Ap\u00f3s 6 meses realizou-se a instala\u00e7\u00e3o do implante na regi\u00e3o do dente 12. O dente 11 tamb\u00e9m seria removido, mas neste momento foi observado que houve forma\u00e7\u00e3o \u00f3ssea com o enxerto realizado para o dente 12. Ap\u00f3s 2 anos, foi feito aumento de coroa cl\u00ednica para finaliza\u00e7\u00e3o est\u00e9tica, e foi evidenciado a reconstru\u00e7\u00e3o total de uma nova parede \u00f3ssea e a prov\u00e1vel forma\u00e7\u00e3o de anquilose no elemento 11.<\/p><p><strong>Conclus\u00e3o ou considera\u00e7\u00f5es finais: <\/strong>Conclu\u00edmos que a abordagem utilizada de tratamentos conservadores, seriados, regenerativos e com uso de bons biomateriais, podem e devem ser levados em considera\u00e7\u00e3o, e que nem sempre os tratamentos em \u00fanico estagio \u00e9 onde conseguimos os melhores progn\u00f3sticos e resultados.<\/p><p><strong>Palavras chave: <\/strong>enxerto \u00f3sseos, implante \u00e1rea estetica, tratamento seriado, aumento de coroa cl\u00ednica.<\/p>\t\t\t\t\t\t<\/div>\n\t\t\t\t<\/div>\n\t\t\t\t<div class=\"elementor-element elementor-element-5b34bc5c elementor-widget elementor-widget-shortcode\" data-id=\"5b34bc5c\" data-element_type=\"widget\" data-widget_type=\"shortcode.default\">\n\t\t\t\t<div class=\"elementor-widget-container\">\n\t\t\t\t\t<div class=\"elementor-shortcode\"><a href=\"javascript:history.back(1)\" target=\"_self\"><img decoding=\"async\" src=\"..\/wp-content\/uploads\/2023\/05\/bot-voltar.png\" widht=\"103\" height=\"28\" border=\"0\"><\/a> <\/div>\n\t\t\t\t<\/div>\n\t\t\t\t<\/div>\n\t\t\t\t<\/div>\n\t\t<div class=\"elementor-element elementor-element-34e2d7b1 e-con-full e-flex e-con\" data-id=\"34e2d7b1\" data-element_type=\"container\" data-settings=\"{&quot;content_width&quot;:&quot;full&quot;}\">\n\t\t\t\t<\/div>\n\t\t\t\t<\/div>\n\t\t\t\t\t\t\t<\/div>\n\t\t","protected":false},"excerpt":{"rendered":"<p>Menu Neodent, Expertise \u00c1rea est\u00e9tica com les\u00f5es c\u00edsticas: abordagem seriada com enxerto e implante ID Trabalho: 1108848 Autores: THALES DE CASTRO (ilapeo &#8211; BRAS\u00cdLIA &#8211; DF<span class=\"excerpt-hellip\"> [\u2026]<\/span><\/p>\n","protected":false},"author":1,"featured_media":0,"parent":0,"menu_order":0,"comment_status":"closed","ping_status":"closed","template":"","meta":[],"_links":{"self":[{"href":"https:\/\/anaisneodentcongress.com.br\/2023\/wp-json\/wp\/v2\/pages\/486"}],"collection":[{"href":"https:\/\/anaisneodentcongress.com.br\/2023\/wp-json\/wp\/v2\/pages"}],"about":[{"href":"https:\/\/anaisneodentcongress.com.br\/2023\/wp-json\/wp\/v2\/types\/page"}],"author":[{"embeddable":true,"href":"https:\/\/anaisneodentcongress.com.br\/2023\/wp-json\/wp\/v2\/users\/1"}],"replies":[{"embeddable":true,"href":"https:\/\/anaisneodentcongress.com.br\/2023\/wp-json\/wp\/v2\/comments?post=486"}],"version-history":[{"count":7,"href":"https:\/\/anaisneodentcongress.com.br\/2023\/wp-json\/wp\/v2\/pages\/486\/revisions"}],"predecessor-version":[{"id":1563,"href":"https:\/\/anaisneodentcongress.com.br\/2023\/wp-json\/wp\/v2\/pages\/486\/revisions\/1563"}],"wp:attachment":[{"href":"https:\/\/anaisneodentcongress.com.br\/2023\/wp-json\/wp\/v2\/media?parent=486"}],"curies":[{"name":"wp","href":"https:\/\/api.w.org\/{rel}","templated":true}]}}