{"id":480,"date":"2023-05-11T17:09:02","date_gmt":"2023-05-11T20:09:02","guid":{"rendered":"https:\/\/anaisneodentcongress.com.br\/2023\/?page_id=480"},"modified":"2023-05-17T16:53:37","modified_gmt":"2023-05-17T19:53:37","slug":"carga-oclusal-inmediata-de-implante-unitario-neodent-gm-con-pilar-gm-en-zona-inferior-posterior","status":"publish","type":"page","link":"https:\/\/anaisneodentcongress.com.br\/2023\/carga-oclusal-inmediata-de-implante-unitario-neodent-gm-con-pilar-gm-en-zona-inferior-posterior\/","title":{"rendered":"Carga oclusal inmediata de implante unitario Neodent GM con Pilar GM en zona inferior posterior"},"content":{"rendered":"\t\t<div data-elementor-type=\"wp-page\" data-elementor-id=\"480\" class=\"elementor elementor-480\">\n\t\t\t\t\t\t\t<div class=\"elementor-element elementor-element-7382ba9d e-con-full e-flex e-con\" data-id=\"7382ba9d\" data-element_type=\"container\" data-settings=\"{&quot;content_width&quot;:&quot;full&quot;,&quot;background_background&quot;:&quot;classic&quot;}\">\n\t\t<div class=\"elementor-element elementor-element-7b6817ca e-con-full e-flex e-con\" data-id=\"7b6817ca\" data-element_type=\"container\" data-settings=\"{&quot;content_width&quot;:&quot;full&quot;}\">\n\t\t\t\t<\/div>\n\t\t<div class=\"elementor-element elementor-element-5cd84b28 e-con-full e-flex e-con\" data-id=\"5cd84b28\" data-element_type=\"container\" data-settings=\"{&quot;content_width&quot;:&quot;full&quot;,&quot;background_background&quot;:&quot;classic&quot;}\">\n\t\t<div class=\"elementor-element elementor-element-238b4a00 e-con-boxed e-flex e-con\" data-id=\"238b4a00\" data-element_type=\"container\" data-settings=\"{&quot;content_width&quot;:&quot;boxed&quot;}\">\n\t\t\t\t\t<div class=\"e-con-inner\">\n\t\t\t\t<div class=\"elementor-element elementor-element-616e8fc6 elementor-widget elementor-widget-heading\" data-id=\"616e8fc6\" data-element_type=\"widget\" data-widget_type=\"heading.default\">\n\t\t\t\t<div class=\"elementor-widget-container\">\n\t\t\t<style>\/*! elementor - v3.13.2 - 11-05-2023 *\/\n.elementor-heading-title{padding:0;margin:0;line-height:1}.elementor-widget-heading .elementor-heading-title[class*=elementor-size-]>a{color:inherit;font-size:inherit;line-height:inherit}.elementor-widget-heading .elementor-heading-title.elementor-size-small{font-size:15px}.elementor-widget-heading .elementor-heading-title.elementor-size-medium{font-size:19px}.elementor-widget-heading .elementor-heading-title.elementor-size-large{font-size:29px}.elementor-widget-heading .elementor-heading-title.elementor-size-xl{font-size:39px}.elementor-widget-heading .elementor-heading-title.elementor-size-xxl{font-size:59px}<\/style><h2 class=\"elementor-heading-title elementor-size-default\"><a href=\"\/2023\/menu-neodent-caso-clinico\/\">Menu<\/a><\/h2>\t\t<\/div>\n\t\t\t\t<\/div>\n\t\t\t\t<div class=\"elementor-element elementor-element-67ac5a97 elementor-widget elementor-widget-heading\" data-id=\"67ac5a97\" data-element_type=\"widget\" data-widget_type=\"heading.default\">\n\t\t\t\t<div class=\"elementor-widget-container\">\n\t\t\t<h2 class=\"elementor-heading-title elementor-size-default\"><a href=\"\/2023\/menu-neodent-caso-clinico\/\">Neodent, Caso Cl\u00ednico<\/a><\/h2>\t\t<\/div>\n\t\t\t\t<\/div>\n\t\t\t\t\t<\/div>\n\t\t\t\t<\/div>\n\t\t<div class=\"elementor-element elementor-element-60e6744f e-con-boxed e-flex e-con\" data-id=\"60e6744f\" data-element_type=\"container\" data-settings=\"{&quot;content_width&quot;:&quot;boxed&quot;}\">\n\t\t\t\t\t<div class=\"e-con-inner\">\n\t\t\t\t<div class=\"elementor-element elementor-element-13ba3d3a elementor-widget elementor-widget-heading\" data-id=\"13ba3d3a\" data-element_type=\"widget\" data-widget_type=\"heading.default\">\n\t\t\t\t<div class=\"elementor-widget-container\">\n\t\t\t<h2 class=\"elementor-heading-title elementor-size-default\">Carga oclusal inmediata de implante unitario Neodent GM con Pilar GM en zona inferior posterior<\/h2>\t\t<\/div>\n\t\t\t\t<\/div>\n\t\t\t\t\t<\/div>\n\t\t\t\t<\/div>\n\t\t\t\t<div class=\"elementor-element elementor-element-2d7864d5 elementor-widget elementor-widget-text-editor\" data-id=\"2d7864d5\" data-element_type=\"widget\" data-widget_type=\"text-editor.default\">\n\t\t\t\t<div class=\"elementor-widget-container\">\n\t\t\t<style>\/*! elementor - v3.13.2 - 11-05-2023 *\/\n.elementor-widget-text-editor.elementor-drop-cap-view-stacked .elementor-drop-cap{background-color:#69727d;color:#fff}.elementor-widget-text-editor.elementor-drop-cap-view-framed .elementor-drop-cap{color:#69727d;border:3px solid;background-color:transparent}.elementor-widget-text-editor:not(.elementor-drop-cap-view-default) .elementor-drop-cap{margin-top:8px}.elementor-widget-text-editor:not(.elementor-drop-cap-view-default) .elementor-drop-cap-letter{width:1em;height:1em}.elementor-widget-text-editor .elementor-drop-cap{float:left;text-align:center;line-height:1;font-size:50px}.elementor-widget-text-editor .elementor-drop-cap-letter{display:inline-block}<\/style>\t\t\t\t<p><span style=\"color: #e8307c;\"><strong>ID Trabalho:<\/strong> 1108847<\/span><\/p><p><strong>Autores: <\/strong>LINA CAMILA ARENAZA LEAL (ILAPEO &#8211; Col\u00f4mbia)<\/p><p><strong>Institui\u00e7\u00f5es dos autores:<\/strong> ILAPEO &#8211; Col\u00f4mbia<\/p><p><strong>Introdu\u00e7\u00e3o: <\/strong>En Colombia 53.96% de la poblaci\u00f3n ha perdido en promedio 1.07 dientes en el sector posterior inferior, porcentaje con aumento directamente proporcional a la edad seg\u00fan el IV Estudio Nacional de Salud Bucal (ENSAB IV); consecuente con esto, uno de los motivos de consulta m\u00e1s frecuentes es la rehabilitaci\u00f3n de zonas posteriores inferiores en sitios cicatrizados.\u00a0 Teniendo en cuenta las caracter\u00edsticas de cada paciente, la cirug\u00eda de implantes guiada prot\u00e9sicamente constituye un punto de vista crucial en la rehabilitaci\u00f3n con implantes.<\/p><p><strong>Relato do caso: <\/strong>Paciente femenina de 68 a\u00f1os de edad, sin antecedentes m\u00e9dicos de importancia, que asiste a consulta solicitando cambio de corona en 37 con cantilever mesial, se indica corona individual dentosoportada en 37 y colocaci\u00f3n de implante en zona de 36 con carga inmediata definitiva; se realiza planeaci\u00f3n digital, cirug\u00eda guiada para colocaci\u00f3n de implante Neodent GM Helix Acqua y carga inmediata con Pilar GM, toma de impresi\u00f3n an\u00e1loga y dise\u00f1o de coronas digital.<\/p><p><strong>Conclus\u00e3o ou considera\u00e7\u00f5es finais: <\/strong>Se establece un flujo de trabajo mixto para la f\u00e1cil implementaci\u00f3n en consulta, adem\u00e1s, se evidencia que la planeaci\u00f3n quir\u00fargica prot\u00e9sicamente guiada permite un adecuado posicionamiento y angulaci\u00f3n del implante y la consecuente elaboraci\u00f3n de la supraestructura prot\u00e9sica seg\u00fan los requerimientos e indicaciones de la planeaci\u00f3n inicial.<\/p><p><strong>Palavras chave: <\/strong>Cirug\u00eda guiada, carga inmediata, implante unitario<\/p>\t\t\t\t\t\t<\/div>\n\t\t\t\t<\/div>\n\t\t\t\t<div class=\"elementor-element elementor-element-592d464e elementor-widget elementor-widget-shortcode\" data-id=\"592d464e\" data-element_type=\"widget\" data-widget_type=\"shortcode.default\">\n\t\t\t\t<div class=\"elementor-widget-container\">\n\t\t\t\t\t<div class=\"elementor-shortcode\"><a href=\"javascript:history.back(1)\" target=\"_self\"><img decoding=\"async\" src=\"..\/wp-content\/uploads\/2023\/05\/bot-voltar.png\" widht=\"103\" height=\"28\" border=\"0\"><\/a> <\/div>\n\t\t\t\t<\/div>\n\t\t\t\t<\/div>\n\t\t\t\t<\/div>\n\t\t<div class=\"elementor-element elementor-element-6b5be265 e-con-full e-flex e-con\" data-id=\"6b5be265\" data-element_type=\"container\" data-settings=\"{&quot;content_width&quot;:&quot;full&quot;}\">\n\t\t\t\t<\/div>\n\t\t\t\t<\/div>\n\t\t\t\t\t\t\t<\/div>\n\t\t","protected":false},"excerpt":{"rendered":"<p>Menu Neodent, Caso Cl\u00ednico Carga oclusal inmediata de implante unitario Neodent GM con Pilar GM en zona inferior posterior ID Trabalho: 1108847 Autores: LINA CAMILA ARENAZA<span class=\"excerpt-hellip\"> [\u2026]<\/span><\/p>\n","protected":false},"author":1,"featured_media":0,"parent":0,"menu_order":0,"comment_status":"closed","ping_status":"closed","template":"","meta":[],"_links":{"self":[{"href":"https:\/\/anaisneodentcongress.com.br\/2023\/wp-json\/wp\/v2\/pages\/480"}],"collection":[{"href":"https:\/\/anaisneodentcongress.com.br\/2023\/wp-json\/wp\/v2\/pages"}],"about":[{"href":"https:\/\/anaisneodentcongress.com.br\/2023\/wp-json\/wp\/v2\/types\/page"}],"author":[{"embeddable":true,"href":"https:\/\/anaisneodentcongress.com.br\/2023\/wp-json\/wp\/v2\/users\/1"}],"replies":[{"embeddable":true,"href":"https:\/\/anaisneodentcongress.com.br\/2023\/wp-json\/wp\/v2\/comments?post=480"}],"version-history":[{"count":7,"href":"https:\/\/anaisneodentcongress.com.br\/2023\/wp-json\/wp\/v2\/pages\/480\/revisions"}],"predecessor-version":[{"id":1587,"href":"https:\/\/anaisneodentcongress.com.br\/2023\/wp-json\/wp\/v2\/pages\/480\/revisions\/1587"}],"wp:attachment":[{"href":"https:\/\/anaisneodentcongress.com.br\/2023\/wp-json\/wp\/v2\/media?parent=480"}],"curies":[{"name":"wp","href":"https:\/\/api.w.org\/{rel}","templated":true}]}}