{"id":450,"date":"2023-05-11T16:23:45","date_gmt":"2023-05-11T19:23:45","guid":{"rendered":"https:\/\/anaisneodentcongress.com.br\/2023\/?page_id=450"},"modified":"2023-05-17T17:13:59","modified_gmt":"2023-05-17T20:13:59","slug":"mucosa-queratinizada-peri-implantar-imprescindivel-ao-longo-do-tempo","status":"publish","type":"page","link":"https:\/\/anaisneodentcongress.com.br\/2023\/mucosa-queratinizada-peri-implantar-imprescindivel-ao-longo-do-tempo\/","title":{"rendered":"Mucosa queratinizada peri-implantar: imprescind\u00edvel ao longo do tempo?"},"content":{"rendered":"\t\t<div data-elementor-type=\"wp-page\" data-elementor-id=\"450\" class=\"elementor elementor-450\">\n\t\t\t\t\t\t\t<div class=\"elementor-element elementor-element-31e10674 e-con-full e-flex e-con\" data-id=\"31e10674\" data-element_type=\"container\" data-settings=\"{&quot;content_width&quot;:&quot;full&quot;,&quot;background_background&quot;:&quot;classic&quot;}\">\n\t\t<div class=\"elementor-element elementor-element-77cedf0f e-con-full e-flex e-con\" data-id=\"77cedf0f\" data-element_type=\"container\" data-settings=\"{&quot;content_width&quot;:&quot;full&quot;}\">\n\t\t\t\t<\/div>\n\t\t<div class=\"elementor-element elementor-element-1194a1a9 e-con-full e-flex e-con\" data-id=\"1194a1a9\" data-element_type=\"container\" data-settings=\"{&quot;content_width&quot;:&quot;full&quot;,&quot;background_background&quot;:&quot;classic&quot;}\">\n\t\t<div class=\"elementor-element elementor-element-602733db e-con-boxed e-flex e-con\" data-id=\"602733db\" data-element_type=\"container\" data-settings=\"{&quot;content_width&quot;:&quot;boxed&quot;}\">\n\t\t\t\t\t<div class=\"e-con-inner\">\n\t\t\t\t<div class=\"elementor-element elementor-element-65750014 elementor-widget elementor-widget-heading\" data-id=\"65750014\" data-element_type=\"widget\" data-widget_type=\"heading.default\">\n\t\t\t\t<div class=\"elementor-widget-container\">\n\t\t\t<style>\/*! elementor - v3.13.2 - 11-05-2023 *\/\n.elementor-heading-title{padding:0;margin:0;line-height:1}.elementor-widget-heading .elementor-heading-title[class*=elementor-size-]>a{color:inherit;font-size:inherit;line-height:inherit}.elementor-widget-heading .elementor-heading-title.elementor-size-small{font-size:15px}.elementor-widget-heading .elementor-heading-title.elementor-size-medium{font-size:19px}.elementor-widget-heading .elementor-heading-title.elementor-size-large{font-size:29px}.elementor-widget-heading .elementor-heading-title.elementor-size-xl{font-size:39px}.elementor-widget-heading .elementor-heading-title.elementor-size-xxl{font-size:59px}<\/style><h2 class=\"elementor-heading-title elementor-size-default\"><a href=\"\/2023\/menu-neodent-caso-clinico\/\">Menu<\/a><\/h2>\t\t<\/div>\n\t\t\t\t<\/div>\n\t\t\t\t<div class=\"elementor-element elementor-element-464850f2 elementor-widget elementor-widget-heading\" data-id=\"464850f2\" data-element_type=\"widget\" data-widget_type=\"heading.default\">\n\t\t\t\t<div class=\"elementor-widget-container\">\n\t\t\t<h2 class=\"elementor-heading-title elementor-size-default\"><a href=\"\/2023\/menu-neodent-caso-clinico\/\">Neodent, Caso Cl\u00ednico<\/a><\/h2>\t\t<\/div>\n\t\t\t\t<\/div>\n\t\t\t\t\t<\/div>\n\t\t\t\t<\/div>\n\t\t<div class=\"elementor-element elementor-element-5b69b9a2 e-con-boxed e-flex e-con\" data-id=\"5b69b9a2\" data-element_type=\"container\" data-settings=\"{&quot;content_width&quot;:&quot;boxed&quot;}\">\n\t\t\t\t\t<div class=\"e-con-inner\">\n\t\t\t\t<div class=\"elementor-element elementor-element-4ae681de elementor-widget elementor-widget-heading\" data-id=\"4ae681de\" data-element_type=\"widget\" data-widget_type=\"heading.default\">\n\t\t\t\t<div class=\"elementor-widget-container\">\n\t\t\t<h2 class=\"elementor-heading-title elementor-size-default\">Mucosa queratinizada peri-implantar: imprescind\u00edvel ao longo do tempo?<\/h2>\t\t<\/div>\n\t\t\t\t<\/div>\n\t\t\t\t\t<\/div>\n\t\t\t\t<\/div>\n\t\t\t\t<div class=\"elementor-element elementor-element-17e277c1 elementor-widget elementor-widget-text-editor\" data-id=\"17e277c1\" data-element_type=\"widget\" data-widget_type=\"text-editor.default\">\n\t\t\t\t<div class=\"elementor-widget-container\">\n\t\t\t<style>\/*! elementor - v3.13.2 - 11-05-2023 *\/\n.elementor-widget-text-editor.elementor-drop-cap-view-stacked .elementor-drop-cap{background-color:#69727d;color:#fff}.elementor-widget-text-editor.elementor-drop-cap-view-framed .elementor-drop-cap{color:#69727d;border:3px solid;background-color:transparent}.elementor-widget-text-editor:not(.elementor-drop-cap-view-default) .elementor-drop-cap{margin-top:8px}.elementor-widget-text-editor:not(.elementor-drop-cap-view-default) .elementor-drop-cap-letter{width:1em;height:1em}.elementor-widget-text-editor .elementor-drop-cap{float:left;text-align:center;line-height:1;font-size:50px}.elementor-widget-text-editor .elementor-drop-cap-letter{display:inline-block}<\/style>\t\t\t\t<p><span style=\"color: #e8307c;\"><strong>ID Trabalho:<\/strong> 1108843<\/span><\/p><p><strong>Autores: <\/strong>DENNIS MALTA GUIMARAES (Ilapeo\u00a0 &#8211; Bh &#8211; MG &#8211; Brasil)<\/p><p><strong>Institui\u00e7\u00f5es dos autores:<\/strong> Ilapeo\u00a0 &#8211; Bh &#8211; MG &#8211; Brasil<\/p><p><strong>Introdu\u00e7\u00e3o: <\/strong>O tecido queratinizado ao redor de dentes j\u00e1 tem a sua import\u00e2ncia consolidada na literatura e, at\u00e9 pouco tempo atr\u00e1s, a relev\u00e2ncia da presen\u00e7a deste tecido ao redor de implantes ainda era controversa. Com uma revis\u00e3o da literatura nas bases de pesquisa comprova-se, por meio de cinco revis\u00f5es sistem\u00e1ticas com metan\u00e1lise nos \u00faltimos cinco anos, que n\u00e3o h\u00e1 mais d\u00favida a respeito dos cr\u00e9ditos dados ao tecido queratinizado peri-implantar. Tais benef\u00edcios chegam at\u00e9 a favorecer a biomec\u00e2nica a longo prazo por minimizar a remodela\u00e7\u00e3o \u00f3ssea ao redor dos implantes. A apresenta\u00e7\u00e3o contempla tamb\u00e9m uma discuss\u00e3o a respeito das t\u00e9cnicas e dos tipos de enxertos (livre, desepitelizado e subepitelial) e os resultados apontados pela literatura.<\/p><p><strong>Relato do caso: <\/strong>Neste caso cl\u00ednico, com documenta\u00e7\u00e3o fotogr\u00e1fica do pr\u00e9, trans e p\u00f3s-cir\u00fargico com acompanhamento de um ano, fizemos enxertos gengivais tanto livre (epit\u00e9lio e conjuntivo) quanto desepitelizado (conjuntivo) por vestibular e tamb\u00e9m ao redor (360\u00ba) dos implantes. A paciente se queixava de sensibilidade no tecido mole durante a mastiga\u00e7\u00e3o e higieniza\u00e7\u00e3o nos cinco implantes instalados na regi\u00e3o posterior da mand\u00edbula.<\/p><p><strong>Conclus\u00e3o ou considera\u00e7\u00f5es finais: <\/strong>Este t\u00edtulo foi mantido da palestra que ministrei no Summit em dezembro de 2022 na disciplina de Biomec\u00e2nica do doutorado (ILAPEO), que tem como respons\u00e1vel a professora Dra. Ivete Sartori.<\/p><p><strong>Palavras chave: <\/strong>mucosa peri-implantar, enxerto de tecido conjuntivo, enxerto gengival livre, sa\u00fade peri-implantar<\/p>\t\t\t\t\t\t<\/div>\n\t\t\t\t<\/div>\n\t\t\t\t<div class=\"elementor-element elementor-element-5222c016 elementor-widget elementor-widget-shortcode\" data-id=\"5222c016\" data-element_type=\"widget\" data-widget_type=\"shortcode.default\">\n\t\t\t\t<div class=\"elementor-widget-container\">\n\t\t\t\t\t<div class=\"elementor-shortcode\"><a href=\"javascript:history.back(1)\" target=\"_self\"><img decoding=\"async\" src=\"..\/wp-content\/uploads\/2023\/05\/bot-voltar.png\" widht=\"103\" height=\"28\" border=\"0\"><\/a> <\/div>\n\t\t\t\t<\/div>\n\t\t\t\t<\/div>\n\t\t\t\t<\/div>\n\t\t<div class=\"elementor-element elementor-element-57b1e062 e-con-full e-flex e-con\" data-id=\"57b1e062\" data-element_type=\"container\" data-settings=\"{&quot;content_width&quot;:&quot;full&quot;}\">\n\t\t\t\t<\/div>\n\t\t\t\t<\/div>\n\t\t\t\t\t\t\t<\/div>\n\t\t","protected":false},"excerpt":{"rendered":"<p>Menu Neodent, Caso Cl\u00ednico Mucosa queratinizada peri-implantar: imprescind\u00edvel ao longo do tempo? ID Trabalho: 1108843 Autores: DENNIS MALTA GUIMARAES (Ilapeo\u00a0 &#8211; Bh &#8211; MG &#8211; Brasil)<span class=\"excerpt-hellip\"> [\u2026]<\/span><\/p>\n","protected":false},"author":1,"featured_media":0,"parent":0,"menu_order":0,"comment_status":"closed","ping_status":"closed","template":"","meta":[],"_links":{"self":[{"href":"https:\/\/anaisneodentcongress.com.br\/2023\/wp-json\/wp\/v2\/pages\/450"}],"collection":[{"href":"https:\/\/anaisneodentcongress.com.br\/2023\/wp-json\/wp\/v2\/pages"}],"about":[{"href":"https:\/\/anaisneodentcongress.com.br\/2023\/wp-json\/wp\/v2\/types\/page"}],"author":[{"embeddable":true,"href":"https:\/\/anaisneodentcongress.com.br\/2023\/wp-json\/wp\/v2\/users\/1"}],"replies":[{"embeddable":true,"href":"https:\/\/anaisneodentcongress.com.br\/2023\/wp-json\/wp\/v2\/comments?post=450"}],"version-history":[{"count":10,"href":"https:\/\/anaisneodentcongress.com.br\/2023\/wp-json\/wp\/v2\/pages\/450\/revisions"}],"predecessor-version":[{"id":1650,"href":"https:\/\/anaisneodentcongress.com.br\/2023\/wp-json\/wp\/v2\/pages\/450\/revisions\/1650"}],"wp:attachment":[{"href":"https:\/\/anaisneodentcongress.com.br\/2023\/wp-json\/wp\/v2\/media?parent=450"}],"curies":[{"name":"wp","href":"https:\/\/api.w.org\/{rel}","templated":true}]}}