{"id":438,"date":"2023-05-11T16:20:25","date_gmt":"2023-05-11T19:20:25","guid":{"rendered":"https:\/\/anaisneodentcongress.com.br\/2023\/?page_id=438"},"modified":"2023-05-17T17:01:20","modified_gmt":"2023-05-17T20:01:20","slug":"estetica-del-segmento-anterior-optimizando-la-carga-inmediata-con-cirugia-guiada-y-odontologia-digital","status":"publish","type":"page","link":"https:\/\/anaisneodentcongress.com.br\/2023\/estetica-del-segmento-anterior-optimizando-la-carga-inmediata-con-cirugia-guiada-y-odontologia-digital\/","title":{"rendered":"Est\u00e9tica del segmento anterior, optimizando la carga inmediata con cirug\u00eda guiada y odontolog\u00eda digital"},"content":{"rendered":"\t\t<div data-elementor-type=\"wp-page\" data-elementor-id=\"438\" class=\"elementor elementor-438\">\n\t\t\t\t\t\t\t<div class=\"elementor-element elementor-element-40bfc8c3 e-con-full e-flex e-con\" data-id=\"40bfc8c3\" data-element_type=\"container\" data-settings=\"{&quot;content_width&quot;:&quot;full&quot;,&quot;background_background&quot;:&quot;classic&quot;}\">\n\t\t<div class=\"elementor-element elementor-element-1e2f300 e-con-full e-flex e-con\" data-id=\"1e2f300\" data-element_type=\"container\" data-settings=\"{&quot;content_width&quot;:&quot;full&quot;}\">\n\t\t\t\t<\/div>\n\t\t<div class=\"elementor-element elementor-element-7a720154 e-con-full e-flex e-con\" data-id=\"7a720154\" data-element_type=\"container\" data-settings=\"{&quot;content_width&quot;:&quot;full&quot;,&quot;background_background&quot;:&quot;classic&quot;}\">\n\t\t<div class=\"elementor-element elementor-element-711730ca e-con-boxed e-flex e-con\" data-id=\"711730ca\" data-element_type=\"container\" data-settings=\"{&quot;content_width&quot;:&quot;boxed&quot;}\">\n\t\t\t\t\t<div class=\"e-con-inner\">\n\t\t\t\t<div class=\"elementor-element elementor-element-367f6e6a elementor-widget elementor-widget-heading\" data-id=\"367f6e6a\" data-element_type=\"widget\" data-widget_type=\"heading.default\">\n\t\t\t\t<div class=\"elementor-widget-container\">\n\t\t\t<style>\/*! elementor - v3.13.2 - 11-05-2023 *\/\n.elementor-heading-title{padding:0;margin:0;line-height:1}.elementor-widget-heading .elementor-heading-title[class*=elementor-size-]>a{color:inherit;font-size:inherit;line-height:inherit}.elementor-widget-heading .elementor-heading-title.elementor-size-small{font-size:15px}.elementor-widget-heading .elementor-heading-title.elementor-size-medium{font-size:19px}.elementor-widget-heading .elementor-heading-title.elementor-size-large{font-size:29px}.elementor-widget-heading .elementor-heading-title.elementor-size-xl{font-size:39px}.elementor-widget-heading .elementor-heading-title.elementor-size-xxl{font-size:59px}<\/style><h2 class=\"elementor-heading-title elementor-size-default\"><a href=\"\/2023\/menu-neodent-caso-clinico\/\">Menu<\/a><\/h2>\t\t<\/div>\n\t\t\t\t<\/div>\n\t\t\t\t<div class=\"elementor-element elementor-element-2a0a673b elementor-widget elementor-widget-heading\" data-id=\"2a0a673b\" data-element_type=\"widget\" data-widget_type=\"heading.default\">\n\t\t\t\t<div class=\"elementor-widget-container\">\n\t\t\t<h2 class=\"elementor-heading-title elementor-size-default\"><a href=\"\/2023\/menu-neodent-caso-clinico\/\">Neodent, Caso Cl\u00ednico<\/a><\/h2>\t\t<\/div>\n\t\t\t\t<\/div>\n\t\t\t\t\t<\/div>\n\t\t\t\t<\/div>\n\t\t<div class=\"elementor-element elementor-element-f2bc5d2 e-con-boxed e-flex e-con\" data-id=\"f2bc5d2\" data-element_type=\"container\" data-settings=\"{&quot;content_width&quot;:&quot;boxed&quot;}\">\n\t\t\t\t\t<div class=\"e-con-inner\">\n\t\t\t\t<div class=\"elementor-element elementor-element-46af4d7a elementor-widget elementor-widget-heading\" data-id=\"46af4d7a\" data-element_type=\"widget\" data-widget_type=\"heading.default\">\n\t\t\t\t<div class=\"elementor-widget-container\">\n\t\t\t<h2 class=\"elementor-heading-title elementor-size-default\">Est\u00e9tica del segmento anterior, optimizando la carga inmediata con cirug\u00eda guiada y odontolog\u00eda digital<\/h2>\t\t<\/div>\n\t\t\t\t<\/div>\n\t\t\t\t\t<\/div>\n\t\t\t\t<\/div>\n\t\t\t\t<div class=\"elementor-element elementor-element-1e0f1b04 elementor-widget elementor-widget-text-editor\" data-id=\"1e0f1b04\" data-element_type=\"widget\" data-widget_type=\"text-editor.default\">\n\t\t\t\t<div class=\"elementor-widget-container\">\n\t\t\t<style>\/*! elementor - v3.13.2 - 11-05-2023 *\/\n.elementor-widget-text-editor.elementor-drop-cap-view-stacked .elementor-drop-cap{background-color:#69727d;color:#fff}.elementor-widget-text-editor.elementor-drop-cap-view-framed .elementor-drop-cap{color:#69727d;border:3px solid;background-color:transparent}.elementor-widget-text-editor:not(.elementor-drop-cap-view-default) .elementor-drop-cap{margin-top:8px}.elementor-widget-text-editor:not(.elementor-drop-cap-view-default) .elementor-drop-cap-letter{width:1em;height:1em}.elementor-widget-text-editor .elementor-drop-cap{float:left;text-align:center;line-height:1;font-size:50px}.elementor-widget-text-editor .elementor-drop-cap-letter{display:inline-block}<\/style>\t\t\t\t<p><span style=\"color: #e8307c;\"><strong>ID Trabalho:<\/strong> 1108840<\/span><\/p><p><strong>Autores: <\/strong>AMILKAR ROCHA (ILAPEO &#8211; Bol\u00edvia)<\/p><p><strong>Institui\u00e7\u00f5es dos autores:<\/strong> ILAPEO &#8211; Bol\u00edvia<\/p><p><strong>Introdu\u00e7\u00e3o: <\/strong>El tratamiento de dientes unitarios con implantes de carga inmediata en la zona est\u00e9tica anterior es muy desafiante, debemos considerar la preservaci\u00f3n de tejidos duros y blandos, la est\u00e9tica, las expectativas del paciente y otros factores para favorecer el \u00e9xito.<\/p><p><strong>Relato do caso: <\/strong>Dientes anteriores y superiores con indicaci\u00f3n de extracci\u00f3n fueron escogidos para este trabajo,\u00a0 se gener\u00f3 un flujo pensando en la planificaci\u00f3n quir\u00fargica y prot\u00e9tica previa, a trav\u00e9s de un software de planificaci\u00f3n en cirug\u00eda guiada (3Shape Implant Studio\u2122 ) se realiz\u00f3 la extracci\u00f3n virtual, la colocaci\u00f3n del implante, la previsi\u00f3n del provisorio y la generaci\u00f3n de una gu\u00eda impresa. S\u00f3lo en ese momento se realiz\u00f3 la extracci\u00f3n del diente y la colocaci\u00f3n del implante por cirug\u00eda guiada (Neodent\u00ae EasyGuide) procediendo tambi\u00e9n a la sustituci\u00f3n del tejido \u00f3seo ( Straumann-Cerabone) y del tejido blando a trav\u00e9s de matriz t\u00e9rmica al celular de origen porcino (Straumann-Mucoderm) las pr\u00f3tesis provisorias y definitivos fueron redise\u00f1adas en un sistema Cad Cam (Exocad) para mantener la arquitectura \u00f3sea y gingival todo el tiempo.<\/p><p><strong>Conclus\u00e3o ou considera\u00e7\u00f5es finais: <\/strong>A trav\u00e9s de este flujo de trabajo se optimizaron y simplificaron los resultados obteniendo una cirug\u00eda m\u00e1s r\u00e1pida, menos m\u00f3rbida y con previsibilidad de mantenimiento de la estructura \u00f3sea, gingival y est\u00e9tica dentro de los par\u00e1metros de la literatura internacional, estudios a largo plazo y seguimiento de los casos son necesarios.<\/p><p><strong>Palavras chave: <\/strong>Est\u00e9tica en implantes, Carga inmediata, cirug\u00eda\u00a0 guiada, mucoderm, odontolog\u00eda digital<\/p>\t\t\t\t\t\t<\/div>\n\t\t\t\t<\/div>\n\t\t\t\t<div class=\"elementor-element elementor-element-73967440 elementor-widget elementor-widget-shortcode\" data-id=\"73967440\" data-element_type=\"widget\" data-widget_type=\"shortcode.default\">\n\t\t\t\t<div class=\"elementor-widget-container\">\n\t\t\t\t\t<div class=\"elementor-shortcode\"><a href=\"javascript:history.back(1)\" target=\"_self\"><img decoding=\"async\" src=\"..\/wp-content\/uploads\/2023\/05\/bot-voltar.png\" widht=\"103\" height=\"28\" border=\"0\"><\/a> <\/div>\n\t\t\t\t<\/div>\n\t\t\t\t<\/div>\n\t\t\t\t<\/div>\n\t\t<div class=\"elementor-element elementor-element-7c6bd599 e-con-full e-flex e-con\" data-id=\"7c6bd599\" data-element_type=\"container\" data-settings=\"{&quot;content_width&quot;:&quot;full&quot;}\">\n\t\t\t\t<\/div>\n\t\t\t\t<\/div>\n\t\t\t\t\t\t\t<\/div>\n\t\t","protected":false},"excerpt":{"rendered":"<p>Menu Neodent, Caso Cl\u00ednico Est\u00e9tica del segmento anterior, optimizando la carga inmediata con cirug\u00eda guiada y odontolog\u00eda digital ID Trabalho: 1108840 Autores: AMILKAR ROCHA (ILAPEO &#8211;<span class=\"excerpt-hellip\"> [\u2026]<\/span><\/p>\n","protected":false},"author":1,"featured_media":0,"parent":0,"menu_order":0,"comment_status":"closed","ping_status":"closed","template":"","meta":[],"_links":{"self":[{"href":"https:\/\/anaisneodentcongress.com.br\/2023\/wp-json\/wp\/v2\/pages\/438"}],"collection":[{"href":"https:\/\/anaisneodentcongress.com.br\/2023\/wp-json\/wp\/v2\/pages"}],"about":[{"href":"https:\/\/anaisneodentcongress.com.br\/2023\/wp-json\/wp\/v2\/types\/page"}],"author":[{"embeddable":true,"href":"https:\/\/anaisneodentcongress.com.br\/2023\/wp-json\/wp\/v2\/users\/1"}],"replies":[{"embeddable":true,"href":"https:\/\/anaisneodentcongress.com.br\/2023\/wp-json\/wp\/v2\/comments?post=438"}],"version-history":[{"count":10,"href":"https:\/\/anaisneodentcongress.com.br\/2023\/wp-json\/wp\/v2\/pages\/438\/revisions"}],"predecessor-version":[{"id":1611,"href":"https:\/\/anaisneodentcongress.com.br\/2023\/wp-json\/wp\/v2\/pages\/438\/revisions\/1611"}],"wp:attachment":[{"href":"https:\/\/anaisneodentcongress.com.br\/2023\/wp-json\/wp\/v2\/media?parent=438"}],"curies":[{"name":"wp","href":"https:\/\/api.w.org\/{rel}","templated":true}]}}