{"id":390,"date":"2023-05-11T15:59:19","date_gmt":"2023-05-11T18:59:19","guid":{"rendered":"https:\/\/anaisneodentcongress.com.br\/2023\/?page_id=390"},"modified":"2023-05-17T16:49:01","modified_gmt":"2023-05-17T19:49:01","slug":"attachments-na-distalizacao-do-canino-superior-com-alinhadores-ortodonticos-analise-pelo-metodo-de-elementos-finitos","status":"publish","type":"page","link":"https:\/\/anaisneodentcongress.com.br\/2023\/attachments-na-distalizacao-do-canino-superior-com-alinhadores-ortodonticos-analise-pelo-metodo-de-elementos-finitos\/","title":{"rendered":"Attachments na distaliza\u00e7\u00e3o do canino superior com alinhadores ortod\u00f4nticos \u2013 an\u00e1lise pelo M\u00e9todo de Elementos Finitos"},"content":{"rendered":"\t\t<div data-elementor-type=\"wp-page\" data-elementor-id=\"390\" class=\"elementor elementor-390\">\n\t\t\t\t\t\t\t<div class=\"elementor-element elementor-element-1f686713 e-con-full e-flex e-con\" data-id=\"1f686713\" data-element_type=\"container\" data-settings=\"{&quot;content_width&quot;:&quot;full&quot;,&quot;background_background&quot;:&quot;classic&quot;}\">\n\t\t<div class=\"elementor-element elementor-element-103bc00d e-con-full e-flex e-con\" data-id=\"103bc00d\" data-element_type=\"container\" data-settings=\"{&quot;content_width&quot;:&quot;full&quot;}\">\n\t\t\t\t<\/div>\n\t\t<div class=\"elementor-element elementor-element-6104c035 e-con-full e-flex e-con\" data-id=\"6104c035\" data-element_type=\"container\" data-settings=\"{&quot;content_width&quot;:&quot;full&quot;,&quot;background_background&quot;:&quot;classic&quot;}\">\n\t\t<div class=\"elementor-element elementor-element-18f414a3 e-con-boxed e-flex e-con\" data-id=\"18f414a3\" data-element_type=\"container\" data-settings=\"{&quot;content_width&quot;:&quot;boxed&quot;}\">\n\t\t\t\t\t<div class=\"e-con-inner\">\n\t\t\t\t<div class=\"elementor-element elementor-element-5fd35886 elementor-widget elementor-widget-heading\" data-id=\"5fd35886\" data-element_type=\"widget\" data-widget_type=\"heading.default\">\n\t\t\t\t<div class=\"elementor-widget-container\">\n\t\t\t<style>\/*! elementor - v3.13.2 - 11-05-2023 *\/\n.elementor-heading-title{padding:0;margin:0;line-height:1}.elementor-widget-heading .elementor-heading-title[class*=elementor-size-]>a{color:inherit;font-size:inherit;line-height:inherit}.elementor-widget-heading .elementor-heading-title.elementor-size-small{font-size:15px}.elementor-widget-heading .elementor-heading-title.elementor-size-medium{font-size:19px}.elementor-widget-heading .elementor-heading-title.elementor-size-large{font-size:29px}.elementor-widget-heading .elementor-heading-title.elementor-size-xl{font-size:39px}.elementor-widget-heading .elementor-heading-title.elementor-size-xxl{font-size:59px}<\/style><h2 class=\"elementor-heading-title elementor-size-default\"><a href=\"\/2023\/menu-clearcorrect\/\">Menu<\/a><\/h2>\t\t<\/div>\n\t\t\t\t<\/div>\n\t\t\t\t<div class=\"elementor-element elementor-element-17b3a115 elementor-widget elementor-widget-heading\" data-id=\"17b3a115\" data-element_type=\"widget\" data-widget_type=\"heading.default\">\n\t\t\t\t<div class=\"elementor-widget-container\">\n\t\t\t<h2 class=\"elementor-heading-title elementor-size-default\"><a href=\"\/2023\/menu-clearcorrect\/\">ClearCorrect<\/a><\/h2>\t\t<\/div>\n\t\t\t\t<\/div>\n\t\t\t\t\t<\/div>\n\t\t\t\t<\/div>\n\t\t<div class=\"elementor-element elementor-element-73a1f0d9 e-con-boxed e-flex e-con\" data-id=\"73a1f0d9\" data-element_type=\"container\" data-settings=\"{&quot;content_width&quot;:&quot;boxed&quot;}\">\n\t\t\t\t\t<div class=\"e-con-inner\">\n\t\t\t\t<div class=\"elementor-element elementor-element-6b680343 elementor-widget elementor-widget-heading\" data-id=\"6b680343\" data-element_type=\"widget\" data-widget_type=\"heading.default\">\n\t\t\t\t<div class=\"elementor-widget-container\">\n\t\t\t<h2 class=\"elementor-heading-title elementor-size-default\">Attachments na distaliza\u00e7\u00e3o do canino superior com alinhadores ortod\u00f4nticos \u2013 an\u00e1lise pelo M\u00e9todo de Elementos Finitos<\/h2>\t\t<\/div>\n\t\t\t\t<\/div>\n\t\t\t\t\t<\/div>\n\t\t\t\t<\/div>\n\t\t\t\t<div class=\"elementor-element elementor-element-fe5ff03 elementor-widget elementor-widget-text-editor\" data-id=\"fe5ff03\" data-element_type=\"widget\" data-widget_type=\"text-editor.default\">\n\t\t\t\t<div class=\"elementor-widget-container\">\n\t\t\t<style>\/*! elementor - v3.13.2 - 11-05-2023 *\/\n.elementor-widget-text-editor.elementor-drop-cap-view-stacked .elementor-drop-cap{background-color:#69727d;color:#fff}.elementor-widget-text-editor.elementor-drop-cap-view-framed .elementor-drop-cap{color:#69727d;border:3px solid;background-color:transparent}.elementor-widget-text-editor:not(.elementor-drop-cap-view-default) .elementor-drop-cap{margin-top:8px}.elementor-widget-text-editor:not(.elementor-drop-cap-view-default) .elementor-drop-cap-letter{width:1em;height:1em}.elementor-widget-text-editor .elementor-drop-cap{float:left;text-align:center;line-height:1;font-size:50px}.elementor-widget-text-editor .elementor-drop-cap-letter{display:inline-block}<\/style>\t\t\t\t<p><span style=\"color: #e8307c;\"><strong>ID Trabalho:<\/strong> 1108946<\/span><\/p><p><strong>Autores: <\/strong>CAROLINA DALLANORA (ILAPEO &#8211; CURITIBA &#8211; PR &#8211; Brasil)<\/p><p><strong>Institui\u00e7\u00f5es dos autores:<\/strong> ILAPEO &#8211; CURITIBA &#8211; PR &#8211; Brasil<\/p><p><strong>Introdu\u00e7\u00e3o: <\/strong>O sistema dos alinhadores termoplastificados evoluiu muito nos \u00faltimos anos e conhecer a sua biomec\u00e2nica \u00e9 fundamental para o sucesso do tratamento.<\/p><p><strong>Objetivos: <\/strong>O objetivo deste estudo foi avaliar, pelo m\u00e9todo de elementos finitos, o efeito de dois tipos de attachments no controle da distaliza\u00e7\u00e3o do canino superior com alinhadores ortod\u00f4nticos transparentes.<\/p><p><strong>Material e m\u00e9todos: <\/strong>Para a movimenta\u00e7\u00e3o do canino, um deslocamento de 0,33mm foi aplicado e um alinhador com 0,75mm de espessura (ClearCorrect\u2122) foi simulado em um modelo tridimensional constru\u00eddo a partir de uma imagem tomogr\u00e1fica. Neste estudo dois attachments foram estudados: canino com um attachment duplo e canino com um attachment retangular vertical com bisel mesial. Um canino sem nenhum attachment tamb\u00e9m foi avaliado para compara\u00e7\u00e3o.<\/p><p><strong>Resultados: <\/strong>A ocorr\u00eancia de inclina\u00e7\u00e3o dent\u00e1ria durante a distaliza\u00e7\u00e3o foi observada nos caninos dos tr\u00eas modelos estudados, no entanto, com o uso do attachment retangular vertical \u00fanico esse efeito tende a ser menor. Tamb\u00e9m foi observada menor tend\u00eancia \u00e0 rota\u00e7\u00e3o da coroa no dente com o attachment retangular vertical \u00fanico, em compara\u00e7\u00e3o ao n\u00e3o uso do attachment. O attachment duplo obteve resultado semelhante ao attachment retangular, com deslocamento para distal mais uniforme, por\u00e9m este apresentou, assim como o dente sem attachment, tend\u00eancia \u00e0 intrus\u00e3o e vestibulariza\u00e7\u00e3o durante o movimento para distal, enquanto que o attachment retangular apresentou pequena extrus\u00e3o.<\/p><p><strong>Conclus\u00e3o: <\/strong>Os resultados mostraram que os attachments podem afetar positivamente a movimenta\u00e7\u00e3o dent\u00e1ria com alinhadores ortod\u00f4nticos, embora n\u00e3o tenham sido capazes de evitar completamente os efeitos colaterais no movimento de distaliza\u00e7\u00e3o.<\/p><p><strong>N\u00famero do protocolo de pesquisa: \u00a0&#8211;<\/strong><\/p>\t\t\t\t\t\t<\/div>\n\t\t\t\t<\/div>\n\t\t\t\t<div class=\"elementor-element elementor-element-5ebffbc7 elementor-widget elementor-widget-shortcode\" data-id=\"5ebffbc7\" data-element_type=\"widget\" data-widget_type=\"shortcode.default\">\n\t\t\t\t<div class=\"elementor-widget-container\">\n\t\t\t\t\t<div class=\"elementor-shortcode\"><a href=\"javascript:history.back(1)\" target=\"_self\"><img decoding=\"async\" src=\"..\/wp-content\/uploads\/2023\/05\/bot-voltar.png\" widht=\"103\" height=\"28\" border=\"0\"><\/a> <\/div>\n\t\t\t\t<\/div>\n\t\t\t\t<\/div>\n\t\t\t\t<\/div>\n\t\t<div class=\"elementor-element elementor-element-7918aa10 e-con-full e-flex e-con\" data-id=\"7918aa10\" data-element_type=\"container\" data-settings=\"{&quot;content_width&quot;:&quot;full&quot;}\">\n\t\t\t\t<\/div>\n\t\t\t\t<\/div>\n\t\t\t\t\t\t\t<\/div>\n\t\t","protected":false},"excerpt":{"rendered":"<p>Menu ClearCorrect Attachments na distaliza\u00e7\u00e3o do canino superior com alinhadores ortod\u00f4nticos \u2013 an\u00e1lise pelo M\u00e9todo de Elementos Finitos ID Trabalho: 1108946 Autores: CAROLINA DALLANORA (ILAPEO &#8211;<span class=\"excerpt-hellip\"> [\u2026]<\/span><\/p>\n","protected":false},"author":1,"featured_media":0,"parent":0,"menu_order":0,"comment_status":"closed","ping_status":"closed","template":"","meta":[],"_links":{"self":[{"href":"https:\/\/anaisneodentcongress.com.br\/2023\/wp-json\/wp\/v2\/pages\/390"}],"collection":[{"href":"https:\/\/anaisneodentcongress.com.br\/2023\/wp-json\/wp\/v2\/pages"}],"about":[{"href":"https:\/\/anaisneodentcongress.com.br\/2023\/wp-json\/wp\/v2\/types\/page"}],"author":[{"embeddable":true,"href":"https:\/\/anaisneodentcongress.com.br\/2023\/wp-json\/wp\/v2\/users\/1"}],"replies":[{"embeddable":true,"href":"https:\/\/anaisneodentcongress.com.br\/2023\/wp-json\/wp\/v2\/comments?post=390"}],"version-history":[{"count":10,"href":"https:\/\/anaisneodentcongress.com.br\/2023\/wp-json\/wp\/v2\/pages\/390\/revisions"}],"predecessor-version":[{"id":1572,"href":"https:\/\/anaisneodentcongress.com.br\/2023\/wp-json\/wp\/v2\/pages\/390\/revisions\/1572"}],"wp:attachment":[{"href":"https:\/\/anaisneodentcongress.com.br\/2023\/wp-json\/wp\/v2\/media?parent=390"}],"curies":[{"name":"wp","href":"https:\/\/api.w.org\/{rel}","templated":true}]}}