{"id":350,"date":"2023-05-11T15:05:17","date_gmt":"2023-05-11T18:05:17","guid":{"rendered":"https:\/\/anaisneodentcongress.com.br\/2023\/?page_id=350"},"modified":"2023-05-17T17:25:37","modified_gmt":"2023-05-17T20:25:37","slug":"reconstrucao-ossea-com-bloco-e-enxerto-particulado-associado-a-instalacao-de-implantes-imediatos-e-reabilitacao-protetica-digital-um-relato-de-caso","status":"publish","type":"page","link":"https:\/\/anaisneodentcongress.com.br\/2023\/reconstrucao-ossea-com-bloco-e-enxerto-particulado-associado-a-instalacao-de-implantes-imediatos-e-reabilitacao-protetica-digital-um-relato-de-caso\/","title":{"rendered":"Reconstru\u00e7\u00e3o \u00f3ssea com bloco e enxerto particulado associado a instala\u00e7\u00e3o de implantes imediatos e reabilita\u00e7\u00e3o prot\u00e9tica digital &#8211; um relato de caso"},"content":{"rendered":"\t\t<div data-elementor-type=\"wp-page\" data-elementor-id=\"350\" class=\"elementor elementor-350\">\n\t\t\t\t\t\t\t<div class=\"elementor-element elementor-element-5044f2d7 e-con-full e-flex e-con\" data-id=\"5044f2d7\" data-element_type=\"container\" data-settings=\"{&quot;content_width&quot;:&quot;full&quot;,&quot;background_background&quot;:&quot;classic&quot;}\">\n\t\t<div class=\"elementor-element elementor-element-5955718e e-con-full e-flex e-con\" data-id=\"5955718e\" data-element_type=\"container\" data-settings=\"{&quot;content_width&quot;:&quot;full&quot;}\">\n\t\t\t\t<\/div>\n\t\t<div class=\"elementor-element elementor-element-77d9fd6e e-con-full e-flex e-con\" data-id=\"77d9fd6e\" data-element_type=\"container\" data-settings=\"{&quot;content_width&quot;:&quot;full&quot;,&quot;background_background&quot;:&quot;classic&quot;}\">\n\t\t<div class=\"elementor-element elementor-element-6cbbd577 e-con-boxed e-flex e-con\" data-id=\"6cbbd577\" data-element_type=\"container\" data-settings=\"{&quot;content_width&quot;:&quot;boxed&quot;}\">\n\t\t\t\t\t<div class=\"e-con-inner\">\n\t\t\t\t<div class=\"elementor-element elementor-element-44d039ba elementor-widget elementor-widget-heading\" data-id=\"44d039ba\" data-element_type=\"widget\" data-widget_type=\"heading.default\">\n\t\t\t\t<div class=\"elementor-widget-container\">\n\t\t\t<style>\/*! elementor - v3.13.2 - 11-05-2023 *\/\n.elementor-heading-title{padding:0;margin:0;line-height:1}.elementor-widget-heading .elementor-heading-title[class*=elementor-size-]>a{color:inherit;font-size:inherit;line-height:inherit}.elementor-widget-heading .elementor-heading-title.elementor-size-small{font-size:15px}.elementor-widget-heading .elementor-heading-title.elementor-size-medium{font-size:19px}.elementor-widget-heading .elementor-heading-title.elementor-size-large{font-size:29px}.elementor-widget-heading .elementor-heading-title.elementor-size-xl{font-size:39px}.elementor-widget-heading .elementor-heading-title.elementor-size-xxl{font-size:59px}<\/style><h2 class=\"elementor-heading-title elementor-size-default\"><a href=\"\/2023\/menu-neodent-caso-clinico\/\">Menu<\/a><\/h2>\t\t<\/div>\n\t\t\t\t<\/div>\n\t\t\t\t<div class=\"elementor-element elementor-element-4bc19d2a elementor-widget elementor-widget-heading\" data-id=\"4bc19d2a\" data-element_type=\"widget\" data-widget_type=\"heading.default\">\n\t\t\t\t<div class=\"elementor-widget-container\">\n\t\t\t<h2 class=\"elementor-heading-title elementor-size-default\"><a href=\"\/2023\/menu-neodent-caso-clinico\/\">Neodent, Caso Cl\u00ednico<\/a><\/h2>\t\t<\/div>\n\t\t\t\t<\/div>\n\t\t\t\t\t<\/div>\n\t\t\t\t<\/div>\n\t\t<div class=\"elementor-element elementor-element-4d3e6e1d e-con-boxed e-flex e-con\" data-id=\"4d3e6e1d\" data-element_type=\"container\" data-settings=\"{&quot;content_width&quot;:&quot;boxed&quot;}\">\n\t\t\t\t\t<div class=\"e-con-inner\">\n\t\t\t\t<div class=\"elementor-element elementor-element-6c8747ef elementor-widget elementor-widget-heading\" data-id=\"6c8747ef\" data-element_type=\"widget\" data-widget_type=\"heading.default\">\n\t\t\t\t<div class=\"elementor-widget-container\">\n\t\t\t<h2 class=\"elementor-heading-title elementor-size-default\">Reconstru\u00e7\u00e3o \u00f3ssea com bloco e enxerto particulado associado a instala\u00e7\u00e3o de implantes imediatos e reabilita\u00e7\u00e3o prot\u00e9tica digital - um relato de caso<\/h2>\t\t<\/div>\n\t\t\t\t<\/div>\n\t\t\t\t\t<\/div>\n\t\t\t\t<\/div>\n\t\t\t\t<div class=\"elementor-element elementor-element-1f219406 elementor-widget elementor-widget-text-editor\" data-id=\"1f219406\" data-element_type=\"widget\" data-widget_type=\"text-editor.default\">\n\t\t\t\t<div class=\"elementor-widget-container\">\n\t\t\t<style>\/*! elementor - v3.13.2 - 11-05-2023 *\/\n.elementor-widget-text-editor.elementor-drop-cap-view-stacked .elementor-drop-cap{background-color:#69727d;color:#fff}.elementor-widget-text-editor.elementor-drop-cap-view-framed .elementor-drop-cap{color:#69727d;border:3px solid;background-color:transparent}.elementor-widget-text-editor:not(.elementor-drop-cap-view-default) .elementor-drop-cap{margin-top:8px}.elementor-widget-text-editor:not(.elementor-drop-cap-view-default) .elementor-drop-cap-letter{width:1em;height:1em}.elementor-widget-text-editor .elementor-drop-cap{float:left;text-align:center;line-height:1;font-size:50px}.elementor-widget-text-editor .elementor-drop-cap-letter{display:inline-block}<\/style>\t\t\t\t<p><span style=\"color: #e8307c;\"><strong>ID Trabalho:<\/strong> 1108987<\/span><\/p><p><strong>Autores: <\/strong>Rafael Perdomo\u00a0 Felix (Universidade Feevale &#8211; Novo Hamburgo &#8211; RS &#8211; Brasil), Juliano Cardoso (Universidade Feevale &#8211; Novo Hamburgo &#8211; RS &#8211; Brasil)<\/p><p><strong>Institui\u00e7\u00f5es dos autores:<\/strong> Universidade Feevale &#8211; Novo Hamburgo &#8211; RS &#8211; Brasil<\/p><p><strong>Introdu\u00e7\u00e3o: <\/strong>As reabilita\u00e7\u00f5es com implantes dent\u00e1rios em regi\u00e3o anterior continuam sendo um desafio no planejamento est\u00e9tico funcional, devido ao fato de envolver est\u00e9tica branca e rosa em um espa\u00e7o limitado, com comportamentos teciduais diferentes. A odontologia digital contribui muito tanto para a reconstru\u00e7\u00e3o \u00f3ssea como a reabilita\u00e7\u00e3o est\u00e9tica posterior do caso, tornando o caso mais previs\u00edvel e com mais naturalidade no resultado final.<\/p><p><strong>Relato de caso:<\/strong> O presente caso envolveu um defeito \u00f3sseo horizontal na regi\u00e3o dos dentes 11 e 12 ausentes, onde o espa\u00e7o era limitado e o rebordo na regi\u00e3o vestibular j\u00e1 possu\u00eda uma reabsor\u00e7\u00e3o que comprometia um resultado est\u00e9tico satisfat\u00f3rio. A paciente utilizava aparelho ortod\u00f4ntico realizado em outra cl\u00ednica, para o planejamento foi feito o escaneamento do caso com o scanner IteroRM, TCFC e enceramento diagn\u00f3stico da regi\u00e3o com aus\u00eancias 15 e 23 al\u00e9m dos defeitos no 11 12. Os implantes Neodent GM foram instalados nas regi\u00f5es ed\u00eandetulas do 15 e 23, e posteriormente 20 dias depois foi feito enxerto em bloco Orthogen Criteria na vestibular da regi\u00e3o do 11 e 12 com instala\u00e7\u00e3o imediata dos implantes Neodent GM e HE respectivamente neste local. A segunda fase cir\u00fargica foi feita 4 meses ap\u00f3s a instala\u00e7\u00e3o dos implantes e confec\u00e7\u00e3o de provis\u00f3rios imediatos unidos e parafusados no 11 e 12. Ap\u00f3s 2 meses as pr\u00f3teses sobre implantes foram instaladas em zirc\u00f4nia parafusadas.<\/p><p><strong>Conclus\u00e3o ou considera\u00e7\u00f5es finais:<\/strong> Um caso desafiador que foi corrigido o defeito est\u00e9tico anterior, sendo um sucesso e trazendo seguran\u00e7a e satisfa\u00e7\u00e3o para a paciente, al\u00e9m da naturalidade.<\/p><p><strong>Palavras chave:<\/strong> Implantes dent\u00e1rios, CAD\/CAM, Defeito \u00f3sseo anterior<\/p>\t\t\t\t\t\t<\/div>\n\t\t\t\t<\/div>\n\t\t\t\t<div class=\"elementor-element elementor-element-467cb02d elementor-widget elementor-widget-shortcode\" data-id=\"467cb02d\" data-element_type=\"widget\" data-widget_type=\"shortcode.default\">\n\t\t\t\t<div class=\"elementor-widget-container\">\n\t\t\t\t\t<div class=\"elementor-shortcode\"><a href=\"javascript:history.back(1)\" target=\"_self\"><img decoding=\"async\" src=\"..\/wp-content\/uploads\/2023\/05\/bot-voltar.png\" widht=\"103\" height=\"28\" border=\"0\"><\/a> <\/div>\n\t\t\t\t<\/div>\n\t\t\t\t<\/div>\n\t\t\t\t<\/div>\n\t\t<div class=\"elementor-element elementor-element-764da0d1 e-con-full e-flex e-con\" data-id=\"764da0d1\" data-element_type=\"container\" data-settings=\"{&quot;content_width&quot;:&quot;full&quot;}\">\n\t\t\t\t<\/div>\n\t\t\t\t<\/div>\n\t\t\t\t\t\t\t<\/div>\n\t\t","protected":false},"excerpt":{"rendered":"<p>Menu Neodent, Caso Cl\u00ednico Reconstru\u00e7\u00e3o \u00f3ssea com bloco e enxerto particulado associado a instala\u00e7\u00e3o de implantes imediatos e reabilita\u00e7\u00e3o prot\u00e9tica digital &#8211; um relato de caso<span class=\"excerpt-hellip\"> [\u2026]<\/span><\/p>\n","protected":false},"author":1,"featured_media":0,"parent":0,"menu_order":0,"comment_status":"closed","ping_status":"closed","template":"","meta":[],"_links":{"self":[{"href":"https:\/\/anaisneodentcongress.com.br\/2023\/wp-json\/wp\/v2\/pages\/350"}],"collection":[{"href":"https:\/\/anaisneodentcongress.com.br\/2023\/wp-json\/wp\/v2\/pages"}],"about":[{"href":"https:\/\/anaisneodentcongress.com.br\/2023\/wp-json\/wp\/v2\/types\/page"}],"author":[{"embeddable":true,"href":"https:\/\/anaisneodentcongress.com.br\/2023\/wp-json\/wp\/v2\/users\/1"}],"replies":[{"embeddable":true,"href":"https:\/\/anaisneodentcongress.com.br\/2023\/wp-json\/wp\/v2\/comments?post=350"}],"version-history":[{"count":7,"href":"https:\/\/anaisneodentcongress.com.br\/2023\/wp-json\/wp\/v2\/pages\/350\/revisions"}],"predecessor-version":[{"id":1683,"href":"https:\/\/anaisneodentcongress.com.br\/2023\/wp-json\/wp\/v2\/pages\/350\/revisions\/1683"}],"wp:attachment":[{"href":"https:\/\/anaisneodentcongress.com.br\/2023\/wp-json\/wp\/v2\/media?parent=350"}],"curies":[{"name":"wp","href":"https:\/\/api.w.org\/{rel}","templated":true}]}}