{"id":335,"date":"2023-05-11T14:56:27","date_gmt":"2023-05-11T17:56:27","guid":{"rendered":"https:\/\/anaisneodentcongress.com.br\/2023\/?page_id=335"},"modified":"2023-05-17T17:21:39","modified_gmt":"2023-05-17T20:21:39","slug":"reabilitacao-em-regiao-de-dente-anterior-com-implante-zirconia","status":"publish","type":"page","link":"https:\/\/anaisneodentcongress.com.br\/2023\/reabilitacao-em-regiao-de-dente-anterior-com-implante-zirconia\/","title":{"rendered":"Reabilita\u00e7\u00e3o em regi\u00e3o de dente anterior com implante zirc\u00f4nia"},"content":{"rendered":"\t\t<div data-elementor-type=\"wp-page\" data-elementor-id=\"335\" class=\"elementor elementor-335\">\n\t\t\t\t\t\t\t<div class=\"elementor-element elementor-element-5da75a25 e-con-full e-flex e-con\" data-id=\"5da75a25\" data-element_type=\"container\" data-settings=\"{&quot;content_width&quot;:&quot;full&quot;,&quot;background_background&quot;:&quot;classic&quot;}\">\n\t\t<div class=\"elementor-element elementor-element-64d66c47 e-con-full e-flex e-con\" data-id=\"64d66c47\" data-element_type=\"container\" data-settings=\"{&quot;content_width&quot;:&quot;full&quot;}\">\n\t\t\t\t<\/div>\n\t\t<div class=\"elementor-element elementor-element-7f3056b5 e-con-full e-flex e-con\" data-id=\"7f3056b5\" data-element_type=\"container\" data-settings=\"{&quot;content_width&quot;:&quot;full&quot;,&quot;background_background&quot;:&quot;classic&quot;}\">\n\t\t<div class=\"elementor-element elementor-element-5ff44b1f e-con-boxed e-flex e-con\" data-id=\"5ff44b1f\" data-element_type=\"container\" data-settings=\"{&quot;content_width&quot;:&quot;boxed&quot;}\">\n\t\t\t\t\t<div class=\"e-con-inner\">\n\t\t\t\t<div class=\"elementor-element elementor-element-4b4462b7 elementor-widget elementor-widget-heading\" data-id=\"4b4462b7\" data-element_type=\"widget\" data-widget_type=\"heading.default\">\n\t\t\t\t<div class=\"elementor-widget-container\">\n\t\t\t<style>\/*! elementor - v3.13.2 - 11-05-2023 *\/\n.elementor-heading-title{padding:0;margin:0;line-height:1}.elementor-widget-heading .elementor-heading-title[class*=elementor-size-]>a{color:inherit;font-size:inherit;line-height:inherit}.elementor-widget-heading .elementor-heading-title.elementor-size-small{font-size:15px}.elementor-widget-heading .elementor-heading-title.elementor-size-medium{font-size:19px}.elementor-widget-heading .elementor-heading-title.elementor-size-large{font-size:29px}.elementor-widget-heading .elementor-heading-title.elementor-size-xl{font-size:39px}.elementor-widget-heading .elementor-heading-title.elementor-size-xxl{font-size:59px}<\/style><h2 class=\"elementor-heading-title elementor-size-default\"><a href=\"\/2023\/menu-neodent-caso-clinico\/\">Menu<\/a><\/h2>\t\t<\/div>\n\t\t\t\t<\/div>\n\t\t\t\t<div class=\"elementor-element elementor-element-45b4506b elementor-widget elementor-widget-heading\" data-id=\"45b4506b\" data-element_type=\"widget\" data-widget_type=\"heading.default\">\n\t\t\t\t<div class=\"elementor-widget-container\">\n\t\t\t<h2 class=\"elementor-heading-title elementor-size-default\"><a href=\"\/2023\/menu-neodent-caso-clinico\/\">Neodent, Caso Cl\u00ednico<\/a><\/h2>\t\t<\/div>\n\t\t\t\t<\/div>\n\t\t\t\t\t<\/div>\n\t\t\t\t<\/div>\n\t\t<div class=\"elementor-element elementor-element-4b397ea1 e-con-boxed e-flex e-con\" data-id=\"4b397ea1\" data-element_type=\"container\" data-settings=\"{&quot;content_width&quot;:&quot;boxed&quot;}\">\n\t\t\t\t\t<div class=\"e-con-inner\">\n\t\t\t\t<div class=\"elementor-element elementor-element-328aeaa2 elementor-widget elementor-widget-heading\" data-id=\"328aeaa2\" data-element_type=\"widget\" data-widget_type=\"heading.default\">\n\t\t\t\t<div class=\"elementor-widget-container\">\n\t\t\t<h2 class=\"elementor-heading-title elementor-size-default\">Reabilita\u00e7\u00e3o em regi\u00e3o de dente anterior com implante zirc\u00f4nia<\/h2>\t\t<\/div>\n\t\t\t\t<\/div>\n\t\t\t\t\t<\/div>\n\t\t\t\t<\/div>\n\t\t\t\t<div class=\"elementor-element elementor-element-165b5559 elementor-widget elementor-widget-text-editor\" data-id=\"165b5559\" data-element_type=\"widget\" data-widget_type=\"text-editor.default\">\n\t\t\t\t<div class=\"elementor-widget-container\">\n\t\t\t<style>\/*! elementor - v3.13.2 - 11-05-2023 *\/\n.elementor-widget-text-editor.elementor-drop-cap-view-stacked .elementor-drop-cap{background-color:#69727d;color:#fff}.elementor-widget-text-editor.elementor-drop-cap-view-framed .elementor-drop-cap{color:#69727d;border:3px solid;background-color:transparent}.elementor-widget-text-editor:not(.elementor-drop-cap-view-default) .elementor-drop-cap{margin-top:8px}.elementor-widget-text-editor:not(.elementor-drop-cap-view-default) .elementor-drop-cap-letter{width:1em;height:1em}.elementor-widget-text-editor .elementor-drop-cap{float:left;text-align:center;line-height:1;font-size:50px}.elementor-widget-text-editor .elementor-drop-cap-letter{display:inline-block}<\/style>\t\t\t\t<p><span style=\"color: #e8307c;\"><strong>ID Trabalho:<\/strong> 1108981<\/span><\/p><p><strong>Autores: <\/strong>Jackeline\u00a0 Jackeline Jarzynski (ILAPEO &#8211; Curitiba &#8211; PR &#8211; Brasil), Wanessa de Souza Abreu (ILAPEO &#8211; Curitiba &#8211; PR &#8211; Brasil), Mariana Schaffer Brackmann (ILAPEO &#8211; Curitiba &#8211; PR &#8211; Brasil), Rafael Ferreira de Souza Bezerra Ara\u00fajo (ILAPEO &#8211; Curitiba &#8211; PR &#8211; Brasil), Tatiana Miranda\u00a0 Deliberador\u00a0 (ILAPEO &#8211; Curitiba &#8211; PR &#8211; Brasil), Rubens\u00a0 Moreno de\u00a0 Freitas (ILAPEO &#8211; Curitiba &#8211; PR &#8211; Brasil)<\/p><p><strong>Institui\u00e7\u00f5es dos autores:<\/strong> ILAPEO &#8211; Curitiba &#8211; PR &#8211; Brasil<\/p><p><strong>Introdu\u00e7\u00e3o: <\/strong>As reabilita\u00e7\u00f5es dent\u00e1rias em \u00e1reas anteriores s\u00e3o consideradas um grande desafio para o cirurgi\u00e3o dentista, tendo visto a alta exig\u00eancia est\u00e9tica dos pacientes, as frequentes defici\u00eancias \u00f3sseas ap\u00f3s a perda dent\u00e1ria e os diferentes fen\u00f3tipos gengivais. Implantes de zirc\u00f4nia s\u00e3o uma excelente op\u00e7\u00e3o para situa\u00e7\u00f5es onde a demanda est\u00e9tica \u00e9 alta. Estes implantes apresentam uma dureza similar ao tit\u00e2nio e mimetizam com maior perfei\u00e7\u00e3o a colora\u00e7\u00e3o natural dos tecidos, evitando a pigmenta\u00e7\u00e3o acinzentada na margem. A estabilidade prim\u00e1ria \u00e9 obtida pelo design c\u00f4nico da pe\u00e7a e desenho das roscas que foram projetadas para o imediatismo previs\u00edvel em todos os tipos de osso<\/p><p><strong>Relato de caso:<\/strong> Paciente do g\u00eanero masculino, sem comorbidades sist\u00eamicas, procurou a Faculdade Ilapeo para recoloca\u00e7\u00e3o de implante perdido em 11\/2022 do elemento 21 .Realizamos avalia\u00e7\u00e3o cl\u00ednica, radiogr\u00e1fica e fotogr\u00e1fica para instala\u00e7\u00e3o de implante de zirc\u00f4nia com carga imediata, sendo selecionado o implante de medida 3,75mm x 11,5mm para ser instalado\u00a0 ap\u00f3s realizada a exposi\u00e7\u00e3o do leito \u00f3sseo e perfura\u00e7\u00e3o do leito receptor com as fresas do kit especifico seguindo as recomenda\u00e7\u00f5es do fabricante, o osso na perfura\u00e7\u00e3o se apresentou tipo 3, a instala\u00e7\u00e3o do implante foi realizada com o aux\u00edlio de catraca tendo um torque final de 32 N ,torque suficiente para a confec\u00e7\u00e3o de provis\u00f3rio imediato.<\/p><p><strong>Conclus\u00e3o ou considera\u00e7\u00f5es finais:<\/strong> O implante de zirc\u00f4nia \u00e9 uma excelente op\u00e7\u00e3o para reabilita\u00e7\u00e3o em regi\u00e3o est\u00e9tica, apresentando alta previsibilidade e confiabilidade.<\/p><p><strong>Palavras chave:<\/strong> &#8211;<\/p>\t\t\t\t\t\t<\/div>\n\t\t\t\t<\/div>\n\t\t\t\t<div class=\"elementor-element elementor-element-75062d7f elementor-widget elementor-widget-shortcode\" data-id=\"75062d7f\" data-element_type=\"widget\" data-widget_type=\"shortcode.default\">\n\t\t\t\t<div class=\"elementor-widget-container\">\n\t\t\t\t\t<div class=\"elementor-shortcode\"><a href=\"javascript:history.back(1)\" target=\"_self\"><img decoding=\"async\" src=\"..\/wp-content\/uploads\/2023\/05\/bot-voltar.png\" widht=\"103\" height=\"28\" border=\"0\"><\/a> <\/div>\n\t\t\t\t<\/div>\n\t\t\t\t<\/div>\n\t\t\t\t<\/div>\n\t\t<div class=\"elementor-element elementor-element-7bc1217d e-con-full e-flex e-con\" data-id=\"7bc1217d\" data-element_type=\"container\" data-settings=\"{&quot;content_width&quot;:&quot;full&quot;}\">\n\t\t\t\t<\/div>\n\t\t\t\t<\/div>\n\t\t\t\t\t\t\t<\/div>\n\t\t","protected":false},"excerpt":{"rendered":"<p>Menu Neodent, Caso Cl\u00ednico Reabilita\u00e7\u00e3o em regi\u00e3o de dente anterior com implante zirc\u00f4nia ID Trabalho: 1108981 Autores: Jackeline\u00a0 Jackeline Jarzynski (ILAPEO &#8211; Curitiba &#8211; PR &#8211;<span class=\"excerpt-hellip\"> [\u2026]<\/span><\/p>\n","protected":false},"author":1,"featured_media":0,"parent":0,"menu_order":0,"comment_status":"closed","ping_status":"closed","template":"","meta":[],"_links":{"self":[{"href":"https:\/\/anaisneodentcongress.com.br\/2023\/wp-json\/wp\/v2\/pages\/335"}],"collection":[{"href":"https:\/\/anaisneodentcongress.com.br\/2023\/wp-json\/wp\/v2\/pages"}],"about":[{"href":"https:\/\/anaisneodentcongress.com.br\/2023\/wp-json\/wp\/v2\/types\/page"}],"author":[{"embeddable":true,"href":"https:\/\/anaisneodentcongress.com.br\/2023\/wp-json\/wp\/v2\/users\/1"}],"replies":[{"embeddable":true,"href":"https:\/\/anaisneodentcongress.com.br\/2023\/wp-json\/wp\/v2\/comments?post=335"}],"version-history":[{"count":7,"href":"https:\/\/anaisneodentcongress.com.br\/2023\/wp-json\/wp\/v2\/pages\/335\/revisions"}],"predecessor-version":[{"id":1671,"href":"https:\/\/anaisneodentcongress.com.br\/2023\/wp-json\/wp\/v2\/pages\/335\/revisions\/1671"}],"wp:attachment":[{"href":"https:\/\/anaisneodentcongress.com.br\/2023\/wp-json\/wp\/v2\/media?parent=335"}],"curies":[{"name":"wp","href":"https:\/\/api.w.org\/{rel}","templated":true}]}}