{"id":177,"date":"2023-05-11T12:22:07","date_gmt":"2023-05-11T15:22:07","guid":{"rendered":"https:\/\/anaisneodentcongress.com.br\/2023\/?page_id=177"},"modified":"2023-05-17T17:05:51","modified_gmt":"2023-05-17T20:05:51","slug":"implante-de-zirconia-de-duas-pecas-na-reabilitacao-de-um-pre-molar-superior-relato-de-caso","status":"publish","type":"page","link":"https:\/\/anaisneodentcongress.com.br\/2023\/implante-de-zirconia-de-duas-pecas-na-reabilitacao-de-um-pre-molar-superior-relato-de-caso\/","title":{"rendered":"Implante de zirc\u00f4nia de duas pe\u00e7as na reabilita\u00e7\u00e3o de um pr\u00e9-molar superior: relato de caso"},"content":{"rendered":"\t\t<div data-elementor-type=\"wp-page\" data-elementor-id=\"177\" class=\"elementor elementor-177\">\n\t\t\t\t\t\t\t<div class=\"elementor-element elementor-element-3609ba0e e-con-full e-flex e-con\" data-id=\"3609ba0e\" data-element_type=\"container\" data-settings=\"{&quot;content_width&quot;:&quot;full&quot;,&quot;background_background&quot;:&quot;classic&quot;}\">\n\t\t<div class=\"elementor-element elementor-element-58ef220b e-con-full e-flex e-con\" data-id=\"58ef220b\" data-element_type=\"container\" data-settings=\"{&quot;content_width&quot;:&quot;full&quot;}\">\n\t\t\t\t<\/div>\n\t\t<div class=\"elementor-element elementor-element-5857cb2d e-con-full e-flex e-con\" data-id=\"5857cb2d\" data-element_type=\"container\" data-settings=\"{&quot;content_width&quot;:&quot;full&quot;,&quot;background_background&quot;:&quot;classic&quot;}\">\n\t\t<div class=\"elementor-element elementor-element-0595923 e-con-boxed e-flex e-con\" data-id=\"0595923\" data-element_type=\"container\" data-settings=\"{&quot;content_width&quot;:&quot;boxed&quot;}\">\n\t\t\t\t\t<div class=\"e-con-inner\">\n\t\t\t\t<div class=\"elementor-element elementor-element-1a966af elementor-widget elementor-widget-heading\" data-id=\"1a966af\" data-element_type=\"widget\" data-widget_type=\"heading.default\">\n\t\t\t\t<div class=\"elementor-widget-container\">\n\t\t\t<style>\/*! elementor - v3.13.2 - 11-05-2023 *\/\n.elementor-heading-title{padding:0;margin:0;line-height:1}.elementor-widget-heading .elementor-heading-title[class*=elementor-size-]>a{color:inherit;font-size:inherit;line-height:inherit}.elementor-widget-heading .elementor-heading-title.elementor-size-small{font-size:15px}.elementor-widget-heading .elementor-heading-title.elementor-size-medium{font-size:19px}.elementor-widget-heading .elementor-heading-title.elementor-size-large{font-size:29px}.elementor-widget-heading .elementor-heading-title.elementor-size-xl{font-size:39px}.elementor-widget-heading .elementor-heading-title.elementor-size-xxl{font-size:59px}<\/style><h2 class=\"elementor-heading-title elementor-size-default\"><a href=\"\/2023\/menu-neodent-caso-clinico\/\">Menu<\/a><\/h2>\t\t<\/div>\n\t\t\t\t<\/div>\n\t\t\t\t<div class=\"elementor-element elementor-element-07e1638 elementor-widget elementor-widget-heading\" data-id=\"07e1638\" data-element_type=\"widget\" data-widget_type=\"heading.default\">\n\t\t\t\t<div class=\"elementor-widget-container\">\n\t\t\t<h2 class=\"elementor-heading-title elementor-size-default\"><a href=\"\/2023\/menu-neodent-caso-clinico\/\">Neodent, Caso Cl\u00ednico<\/a><\/h2>\t\t<\/div>\n\t\t\t\t<\/div>\n\t\t\t\t\t<\/div>\n\t\t\t\t<\/div>\n\t\t<div class=\"elementor-element elementor-element-19fc8a6 e-con-boxed e-flex e-con\" data-id=\"19fc8a6\" data-element_type=\"container\" data-settings=\"{&quot;content_width&quot;:&quot;boxed&quot;}\">\n\t\t\t\t\t<div class=\"e-con-inner\">\n\t\t\t\t<div class=\"elementor-element elementor-element-7f83caeb elementor-widget elementor-widget-heading\" data-id=\"7f83caeb\" data-element_type=\"widget\" data-widget_type=\"heading.default\">\n\t\t\t\t<div class=\"elementor-widget-container\">\n\t\t\t<h2 class=\"elementor-heading-title elementor-size-default\"> Implante de zirc\u00f4nia de duas pe\u00e7as na reabilita\u00e7\u00e3o de um pr\u00e9-molar superior: relato de caso<\/h2>\t\t<\/div>\n\t\t\t\t<\/div>\n\t\t\t\t\t<\/div>\n\t\t\t\t<\/div>\n\t\t\t\t<div class=\"elementor-element elementor-element-8152d6e elementor-widget elementor-widget-text-editor\" data-id=\"8152d6e\" data-element_type=\"widget\" data-widget_type=\"text-editor.default\">\n\t\t\t\t<div class=\"elementor-widget-container\">\n\t\t\t<style>\/*! elementor - v3.13.2 - 11-05-2023 *\/\n.elementor-widget-text-editor.elementor-drop-cap-view-stacked .elementor-drop-cap{background-color:#69727d;color:#fff}.elementor-widget-text-editor.elementor-drop-cap-view-framed .elementor-drop-cap{color:#69727d;border:3px solid;background-color:transparent}.elementor-widget-text-editor:not(.elementor-drop-cap-view-default) .elementor-drop-cap{margin-top:8px}.elementor-widget-text-editor:not(.elementor-drop-cap-view-default) .elementor-drop-cap-letter{width:1em;height:1em}.elementor-widget-text-editor .elementor-drop-cap{float:left;text-align:center;line-height:1;font-size:50px}.elementor-widget-text-editor .elementor-drop-cap-letter{display:inline-block}<\/style>\t\t\t\t<p><span style=\"color: #e8307c;\"><strong>ID Trabalho:<\/strong> 1108818<\/span><\/p><p><strong>Autores: <\/strong>Alexandre\u00a0 Marques Paes\u00a0 Silva (UERJ &#8211; Rio de Janeiro &#8211; RJ &#8211; Brasil), Francisco\u00a0 Augusto Horta dos Santos (UVA-RJ &#8211; Rio de Janeiro &#8211; BA &#8211; Brasil), Lissya Tomaz da Costa\u00a0 Gon\u00e7alves (UERJ &#8211; Rio de Janeiro &#8211; RJ &#8211; Brasil), Dennis\u00a0 de Carvalho\u00a0 Ferreira (UNESA-RJ &#8211; Rio de Janeiro &#8211; RJ &#8211; Brasil), Daniel de Moraes Telles (UERJ &#8211; Rio de Janeiro &#8211; RJ &#8211; Brasil), Eduardo Jos\u00e9 Veras Louren\u00e7o (UERJ &#8211; Rio de Janeiro &#8211; RJ &#8211; Brasil)<\/p><p><strong>Institui\u00e7\u00f5es dos autores:<\/strong> UERJ &#8211; Rio de Janeiro &#8211; RJ &#8211; Brasil,UNESA-RJ &#8211; Rio de Janeiro &#8211; RJ &#8211; Brasil,UVA-RJ &#8211; Rio de Janeiro &#8211; BA &#8211; Brasil<\/p><p><strong>Introdu\u00e7\u00e3o: <\/strong>Os implantes cer\u00e2micos de duas pe\u00e7as foram desenvolvidos como uma alternativa aos implantes de tit\u00e2nio. Nesse sentido, a Zirc\u00f4nia possui alta resist\u00eancia \u00e0 flex\u00e3o, boa tenacidade, resist\u00eancia ao desgaste mec\u00e2nico, al\u00e9m de ser\u00a0 biocompat\u00edvel e apresentar baixa afinidade \u00e0 coloniza\u00e7\u00e3o bacteriana. O objetivo do presente trabalho foi analisar o desempenho cl\u00ednico e radiogr\u00e1fico de um implante de zirc\u00f4nia (Neodent Zi) instalado na regi\u00e3o do primeiro pr\u00e9-molar superior esquerdo (CAAE: 60496822.7.0000.5259).<\/p><p><strong>Relato de caso:<\/strong> Paciente do sexo feminino, 42 anos, saud\u00e1vel, relatou dor e incha\u00e7o na arcada superior esquerda. O exame cl\u00ednico mostrou mobilidade e presen\u00e7a de f\u00edstula associada ao \u00e1pice do dente 24. O exame tomogr\u00e1fico sugeriu poss\u00edvel fratura radicular. A exodontia foi realizada, seguida da instala\u00e7\u00e3o de um implante de zirc\u00f4nia (Neodent Zi-4.3x13mm) com um torque de 45 Ncm e a utiliza\u00e7\u00e3o de um Pilar CR em zirc\u00f4nia para receber uma provis\u00f3ria imediata. Para o preenchimento dos &#8220;gaps&#8221; n alv\u00e9olo foi utilizado substituto \u00f3sseo Maxresorb\u00ae (Straumann\u00ae). Ap\u00f3s 3 meses, uma coroa de dissilicato de l\u00edtio foi confeccionada e cimentada com cimento resinoso (Dual RelyX\u2122).<\/p><p><strong>Conclus\u00e3o ou considera\u00e7\u00f5es finais:<\/strong> Em 7 meses de acompanhamento, nenhum tipo de complica\u00e7\u00e3o cl\u00ednica o biol\u00f3gica foi observada. Os implantes cer\u00e2micos de duas pe\u00e7as s\u00e3o uma op\u00e7\u00e3o vi\u00e1vel aos implantes de tit\u00e2nio em regi\u00e3o de pr\u00e9-molares, no entanto, deve-se a sele\u00e7\u00e3o dos casos e um planejamento rigoroso s\u00e3o cruciais para o sucesso do tratamento.<\/p><p><strong>Palavras chave:<\/strong> Implantes cer\u00e2micos; Zirc\u00f4nia; Carga imediata<\/p>\t\t\t\t\t\t<\/div>\n\t\t\t\t<\/div>\n\t\t\t\t<div class=\"elementor-element elementor-element-7db5e70 elementor-widget elementor-widget-shortcode\" data-id=\"7db5e70\" data-element_type=\"widget\" data-widget_type=\"shortcode.default\">\n\t\t\t\t<div class=\"elementor-widget-container\">\n\t\t\t\t\t<div class=\"elementor-shortcode\"><a href=\"javascript:history.back(1)\" target=\"_self\"><img decoding=\"async\" src=\"..\/wp-content\/uploads\/2023\/05\/bot-voltar.png\" widht=\"103\" height=\"28\" border=\"0\"><\/a> <\/div>\n\t\t\t\t<\/div>\n\t\t\t\t<\/div>\n\t\t\t\t<\/div>\n\t\t<div class=\"elementor-element elementor-element-ff83ca9 e-con-full e-flex e-con\" data-id=\"ff83ca9\" data-element_type=\"container\" data-settings=\"{&quot;content_width&quot;:&quot;full&quot;}\">\n\t\t\t\t<\/div>\n\t\t\t\t<\/div>\n\t\t\t\t\t\t\t<\/div>\n\t\t","protected":false},"excerpt":{"rendered":"<p>Menu Neodent, Caso Cl\u00ednico Implante de zirc\u00f4nia de duas pe\u00e7as na reabilita\u00e7\u00e3o de um pr\u00e9-molar superior: relato de caso ID Trabalho: 1108818 Autores: Alexandre\u00a0 Marques Paes\u00a0<span class=\"excerpt-hellip\"> [\u2026]<\/span><\/p>\n","protected":false},"author":1,"featured_media":0,"parent":0,"menu_order":0,"comment_status":"closed","ping_status":"closed","template":"","meta":[],"_links":{"self":[{"href":"https:\/\/anaisneodentcongress.com.br\/2023\/wp-json\/wp\/v2\/pages\/177"}],"collection":[{"href":"https:\/\/anaisneodentcongress.com.br\/2023\/wp-json\/wp\/v2\/pages"}],"about":[{"href":"https:\/\/anaisneodentcongress.com.br\/2023\/wp-json\/wp\/v2\/types\/page"}],"author":[{"embeddable":true,"href":"https:\/\/anaisneodentcongress.com.br\/2023\/wp-json\/wp\/v2\/users\/1"}],"replies":[{"embeddable":true,"href":"https:\/\/anaisneodentcongress.com.br\/2023\/wp-json\/wp\/v2\/comments?post=177"}],"version-history":[{"count":62,"href":"https:\/\/anaisneodentcongress.com.br\/2023\/wp-json\/wp\/v2\/pages\/177\/revisions"}],"predecessor-version":[{"id":1623,"href":"https:\/\/anaisneodentcongress.com.br\/2023\/wp-json\/wp\/v2\/pages\/177\/revisions\/1623"}],"wp:attachment":[{"href":"https:\/\/anaisneodentcongress.com.br\/2023\/wp-json\/wp\/v2\/media?parent=177"}],"curies":[{"name":"wp","href":"https:\/\/api.w.org\/{rel}","templated":true}]}}