{"id":1466,"date":"2023-05-17T08:23:40","date_gmt":"2023-05-17T11:23:40","guid":{"rendered":"https:\/\/anaisneodentcongress.com.br\/2023\/?page_id=1466"},"modified":"2023-05-17T08:29:48","modified_gmt":"2023-05-17T11:29:48","slug":"palavra-do-diretor-cientifico-do-neodent-congress","status":"publish","type":"page","link":"https:\/\/anaisneodentcongress.com.br\/2023\/palavra-do-diretor-cientifico-do-neodent-congress\/","title":{"rendered":"Palavra do Diretor Cient\u00edfico do Neodent Congress"},"content":{"rendered":"\t\t<div data-elementor-type=\"wp-page\" data-elementor-id=\"1466\" class=\"elementor elementor-1466\">\n\t\t\t\t\t\t\t<div class=\"elementor-element elementor-element-d468635 e-con-full e-flex e-con\" data-id=\"d468635\" data-element_type=\"container\" data-settings=\"{&quot;content_width&quot;:&quot;full&quot;,&quot;background_background&quot;:&quot;classic&quot;}\">\n\t\t<div class=\"elementor-element elementor-element-8365fb4 e-con-full e-flex e-con\" data-id=\"8365fb4\" data-element_type=\"container\" data-settings=\"{&quot;content_width&quot;:&quot;full&quot;}\">\n\t\t\t\t<\/div>\n\t\t<div class=\"elementor-element elementor-element-92f62f8 e-con-full e-flex e-con\" data-id=\"92f62f8\" data-element_type=\"container\" data-settings=\"{&quot;content_width&quot;:&quot;full&quot;,&quot;background_background&quot;:&quot;classic&quot;}\">\n\t\t\t\t<div class=\"elementor-element elementor-element-711256c elementor-widget elementor-widget-image\" data-id=\"711256c\" data-element_type=\"widget\" data-widget_type=\"image.default\">\n\t\t\t\t<div class=\"elementor-widget-container\">\n\t\t\t<style>\/*! elementor - v3.13.2 - 11-05-2023 *\/\n.elementor-widget-image{text-align:center}.elementor-widget-image a{display:inline-block}.elementor-widget-image a img[src$=\".svg\"]{width:48px}.elementor-widget-image img{vertical-align:middle;display:inline-block}<\/style>\t\t\t\t\t\t\t\t\t\t\t\t<img decoding=\"async\" src=\"https:\/\/anaisneodentcongress.com.br\/2023\/wp-content\/uploads\/elementor\/thumbs\/img_sergio-rocha2-q6inc60d1nfrrckhh8pb3bv8d8o9z8di5sq6nsnklc.png\" title=\"img_sergio-rocha2\" alt=\"img_sergio-rocha2\" loading=\"lazy\" \/>\t\t\t\t\t\t\t\t\t\t\t\t\t\t\t<\/div>\n\t\t\t\t<\/div>\n\t\t\t\t<div class=\"elementor-element elementor-element-2158bd8 elementor-widget elementor-widget-heading\" data-id=\"2158bd8\" data-element_type=\"widget\" data-widget_type=\"heading.default\">\n\t\t\t\t<div class=\"elementor-widget-container\">\n\t\t\t<style>\/*! elementor - v3.13.2 - 11-05-2023 *\/\n.elementor-heading-title{padding:0;margin:0;line-height:1}.elementor-widget-heading .elementor-heading-title[class*=elementor-size-]>a{color:inherit;font-size:inherit;line-height:inherit}.elementor-widget-heading .elementor-heading-title.elementor-size-small{font-size:15px}.elementor-widget-heading .elementor-heading-title.elementor-size-medium{font-size:19px}.elementor-widget-heading .elementor-heading-title.elementor-size-large{font-size:29px}.elementor-widget-heading .elementor-heading-title.elementor-size-xl{font-size:39px}.elementor-widget-heading .elementor-heading-title.elementor-size-xxl{font-size:59px}<\/style><h2 class=\"elementor-heading-title elementor-size-default\">Sergio Rocha Bernardes<\/h2>\t\t<\/div>\n\t\t\t\t<\/div>\n\t\t\t\t<div class=\"elementor-element elementor-element-f428f14 elementor-widget elementor-widget-heading\" data-id=\"f428f14\" data-element_type=\"widget\" data-widget_type=\"heading.default\">\n\t\t\t\t<div class=\"elementor-widget-container\">\n\t\t\t<h2 class=\"elementor-heading-title elementor-size-default\">Diretor Cient\u00edfico do 6\u00ba Neodent Congress<\/h2>\t\t<\/div>\n\t\t\t\t<\/div>\n\t\t\t\t<div class=\"elementor-element elementor-element-710ead4 elementor-widget elementor-widget-text-editor\" data-id=\"710ead4\" data-element_type=\"widget\" data-widget_type=\"text-editor.default\">\n\t\t\t\t<div class=\"elementor-widget-container\">\n\t\t\t<style>\/*! elementor - v3.13.2 - 11-05-2023 *\/\n.elementor-widget-text-editor.elementor-drop-cap-view-stacked .elementor-drop-cap{background-color:#69727d;color:#fff}.elementor-widget-text-editor.elementor-drop-cap-view-framed .elementor-drop-cap{color:#69727d;border:3px solid;background-color:transparent}.elementor-widget-text-editor:not(.elementor-drop-cap-view-default) .elementor-drop-cap{margin-top:8px}.elementor-widget-text-editor:not(.elementor-drop-cap-view-default) .elementor-drop-cap-letter{width:1em;height:1em}.elementor-widget-text-editor .elementor-drop-cap{float:left;text-align:center;line-height:1;font-size:50px}.elementor-widget-text-editor .elementor-drop-cap-letter{display:inline-block}<\/style>\t\t\t\t<p>A \u201ccoroa\u00e7\u00e3o\u201d de um trabalho de pesquisa \u00e9 publica\u00e7\u00e3o em uma revista\/jornal de car\u00e1ter cient\u00edfico depois da revis\u00e3o por pares independentes. Esse \u00e9 o fruto de uma longa jornada, \u00e1rdua, de um pesquisador que inicia seu estudo atrav\u00e9s da montagem de um projeto de pesquisa inicial com um cronograma de a\u00e7\u00f5es e metas a serem cumpridas.<\/p>\n<p>Congressos cient\u00edficos rotineiramente oferecem aos pesquisadores uma oportunidade \u00fanica: a de receberem uma an\u00e1lise cr\u00edtica por um comit\u00ea nomeado pela sua experiencia acad\u00eamica, t\u00e9cnica e cientifica. Normalmente os trabalhos s\u00e3o expostos publicamente atrav\u00e9s de pain\u00e9is que apresentam um resumo sobre uma pesquisa ou a\u00e7\u00f5es cl\u00ednicas que est\u00e3o em realiza\u00e7\u00e3o ou foram rec\u00e9m finalizadas.<\/p>\n<p>Desta forma a avalia\u00e7\u00e3o da futura publica\u00e7\u00e3o sofre um contato inicial com um grupo de lideres de opini\u00f5es, experts na \u00e1rea, que tem como objetivo apresentar ao l\u00edder do projeto de forma construtiva as vantagens e desvantagens do trabalho exposto. Com isso alguns direcionamentos s\u00e3o dados, sendo essa a primeira avalia\u00e7\u00e3o sobre o assunto que pode levar a mudan\u00e7as ou melhorias no direcionamento, antes da escrita cientifica ter iniciada.<\/p>\n<p>Os Anais de um congresso cient\u00edfico, s\u00e3o as publica\u00e7\u00f5es cientificas que apresentam so resumos desses trabalhos, s\u00e3o uma fonte de consulta daquilo que no futuro ser\u00e1 uma publica\u00e7\u00e3o. Sua import\u00e2ncia \u00e9 gigante para que os pesquisadores cient\u00edficos que formalizem a fase de desenvolvimento de uma pesquisa, antes mesmo do come\u00e7o da escrita cient\u00edfica.<\/p>\t\t\t\t\t\t<\/div>\n\t\t\t\t<\/div>\n\t\t\t\t<div class=\"elementor-element elementor-element-684891d elementor-widget elementor-widget-heading\" data-id=\"684891d\" data-element_type=\"widget\" data-widget_type=\"heading.default\">\n\t\t\t\t<div class=\"elementor-widget-container\">\n\t\t\t<h2 class=\"elementor-heading-title elementor-size-default\"><a href=\"\/2023\/palavra-do-ceo-neodent\/\">Palavra do CEO da Neodent &amp; EVP StraumannGroup LATAM \u2192<\/a><\/h2>\t\t<\/div>\n\t\t\t\t<\/div>\n\t\t\t\t<div class=\"elementor-element elementor-element-db7a45a elementor-widget elementor-widget-heading\" data-id=\"db7a45a\" data-element_type=\"widget\" data-widget_type=\"heading.default\">\n\t\t\t\t<div class=\"elementor-widget-container\">\n\t\t\t<h2 class=\"elementor-heading-title elementor-size-default\"><a href=\"\/2023\/palavra-do-presidente-do-neodent-congress\/\">Palavra do Presidente do 6\u00ba Neodent International Congress \u2192<\/a><\/h2>\t\t<\/div>\n\t\t\t\t<\/div>\n\t\t\t\t<\/div>\n\t\t<div class=\"elementor-element elementor-element-5ec12c8 e-con-full e-flex e-con\" data-id=\"5ec12c8\" data-element_type=\"container\" data-settings=\"{&quot;content_width&quot;:&quot;full&quot;}\">\n\t\t\t\t<\/div>\n\t\t\t\t<\/div>\n\t\t\t\t\t\t\t<\/div>\n\t\t","protected":false},"excerpt":{"rendered":"<p>Sergio Rocha Bernardes Diretor Cient\u00edfico do 6\u00ba Neodent Congress A \u201ccoroa\u00e7\u00e3o\u201d de um trabalho de pesquisa \u00e9 publica\u00e7\u00e3o em uma revista\/jornal de car\u00e1ter cient\u00edfico depois da<span class=\"excerpt-hellip\"> [\u2026]<\/span><\/p>\n","protected":false},"author":1,"featured_media":0,"parent":0,"menu_order":0,"comment_status":"closed","ping_status":"closed","template":"","meta":[],"_links":{"self":[{"href":"https:\/\/anaisneodentcongress.com.br\/2023\/wp-json\/wp\/v2\/pages\/1466"}],"collection":[{"href":"https:\/\/anaisneodentcongress.com.br\/2023\/wp-json\/wp\/v2\/pages"}],"about":[{"href":"https:\/\/anaisneodentcongress.com.br\/2023\/wp-json\/wp\/v2\/types\/page"}],"author":[{"embeddable":true,"href":"https:\/\/anaisneodentcongress.com.br\/2023\/wp-json\/wp\/v2\/users\/1"}],"replies":[{"embeddable":true,"href":"https:\/\/anaisneodentcongress.com.br\/2023\/wp-json\/wp\/v2\/comments?post=1466"}],"version-history":[{"count":4,"href":"https:\/\/anaisneodentcongress.com.br\/2023\/wp-json\/wp\/v2\/pages\/1466\/revisions"}],"predecessor-version":[{"id":1472,"href":"https:\/\/anaisneodentcongress.com.br\/2023\/wp-json\/wp\/v2\/pages\/1466\/revisions\/1472"}],"wp:attachment":[{"href":"https:\/\/anaisneodentcongress.com.br\/2023\/wp-json\/wp\/v2\/media?parent=1466"}],"curies":[{"name":"wp","href":"https:\/\/api.w.org\/{rel}","templated":true}]}}