{"id":1351,"date":"2023-05-12T17:40:21","date_gmt":"2023-05-12T20:40:21","guid":{"rendered":"https:\/\/anaisneodentcongress.com.br\/2023\/?page_id=1351"},"modified":"2023-05-12T17:41:09","modified_gmt":"2023-05-12T20:41:09","slug":"proposta-tecnica-para-obter-tecido-ceratinizado-em-implantes-zigomaticos","status":"publish","type":"page","link":"https:\/\/anaisneodentcongress.com.br\/2023\/proposta-tecnica-para-obter-tecido-ceratinizado-em-implantes-zigomaticos\/","title":{"rendered":"Proposta t\u00e9cnica para obter tecido ceratinizado em implantes zigom\u00e1ticos"},"content":{"rendered":"\t\t<div data-elementor-type=\"wp-page\" data-elementor-id=\"1351\" class=\"elementor elementor-1351\">\n\t\t\t\t\t\t\t<div class=\"elementor-element elementor-element-108f6833 e-con-full e-flex e-con\" data-id=\"108f6833\" data-element_type=\"container\" data-settings=\"{&quot;content_width&quot;:&quot;full&quot;,&quot;background_background&quot;:&quot;classic&quot;}\">\n\t\t<div class=\"elementor-element elementor-element-22e1e6f3 e-con-full e-flex e-con\" data-id=\"22e1e6f3\" data-element_type=\"container\" data-settings=\"{&quot;content_width&quot;:&quot;full&quot;}\">\n\t\t\t\t<\/div>\n\t\t<div class=\"elementor-element elementor-element-21407f4f e-con-full e-flex e-con\" data-id=\"21407f4f\" data-element_type=\"container\" data-settings=\"{&quot;content_width&quot;:&quot;full&quot;,&quot;background_background&quot;:&quot;classic&quot;}\">\n\t\t<div class=\"elementor-element elementor-element-108c02cf e-con-boxed e-flex e-con\" data-id=\"108c02cf\" data-element_type=\"container\" data-settings=\"{&quot;content_width&quot;:&quot;boxed&quot;}\">\n\t\t\t\t\t<div class=\"e-con-inner\">\n\t\t\t\t<div class=\"elementor-element elementor-element-49fd8946 elementor-widget elementor-widget-heading\" data-id=\"49fd8946\" data-element_type=\"widget\" data-widget_type=\"heading.default\">\n\t\t\t\t<div class=\"elementor-widget-container\">\n\t\t\t<style>\/*! elementor - v3.13.2 - 11-05-2023 *\/\n.elementor-heading-title{padding:0;margin:0;line-height:1}.elementor-widget-heading .elementor-heading-title[class*=elementor-size-]>a{color:inherit;font-size:inherit;line-height:inherit}.elementor-widget-heading .elementor-heading-title.elementor-size-small{font-size:15px}.elementor-widget-heading .elementor-heading-title.elementor-size-medium{font-size:19px}.elementor-widget-heading .elementor-heading-title.elementor-size-large{font-size:29px}.elementor-widget-heading .elementor-heading-title.elementor-size-xl{font-size:39px}.elementor-widget-heading .elementor-heading-title.elementor-size-xxl{font-size:59px}<\/style><h2 class=\"elementor-heading-title elementor-size-default\"><a href=\"\/2023\/menu-neodent-caso-clinico\/\">Menu<\/a><\/h2>\t\t<\/div>\n\t\t\t\t<\/div>\n\t\t\t\t<div class=\"elementor-element elementor-element-6c10989c elementor-widget elementor-widget-heading\" data-id=\"6c10989c\" data-element_type=\"widget\" data-widget_type=\"heading.default\">\n\t\t\t\t<div class=\"elementor-widget-container\">\n\t\t\t<h2 class=\"elementor-heading-title elementor-size-default\"><a href=\"\/2023\/menu-neodent-caso-clinico\/\">Neodent, Caso Cl\u00ednico<\/a><\/h2>\t\t<\/div>\n\t\t\t\t<\/div>\n\t\t\t\t\t<\/div>\n\t\t\t\t<\/div>\n\t\t<div class=\"elementor-element elementor-element-203326c0 e-con-boxed e-flex e-con\" data-id=\"203326c0\" data-element_type=\"container\" data-settings=\"{&quot;content_width&quot;:&quot;boxed&quot;}\">\n\t\t\t\t\t<div class=\"e-con-inner\">\n\t\t\t\t<div class=\"elementor-element elementor-element-1dcbe961 elementor-widget elementor-widget-heading\" data-id=\"1dcbe961\" data-element_type=\"widget\" data-widget_type=\"heading.default\">\n\t\t\t\t<div class=\"elementor-widget-container\">\n\t\t\t<h2 class=\"elementor-heading-title elementor-size-default\">Proposta t\u00e9cnica para obter tecido ceratinizado em implantes zigom\u00e1ticos<\/h2>\t\t<\/div>\n\t\t\t\t<\/div>\n\t\t\t\t\t<\/div>\n\t\t\t\t<\/div>\n\t\t\t\t<div class=\"elementor-element elementor-element-6daf334 elementor-widget elementor-widget-text-editor\" data-id=\"6daf334\" data-element_type=\"widget\" data-widget_type=\"text-editor.default\">\n\t\t\t\t<div class=\"elementor-widget-container\">\n\t\t\t<style>\/*! elementor - v3.13.2 - 11-05-2023 *\/\n.elementor-widget-text-editor.elementor-drop-cap-view-stacked .elementor-drop-cap{background-color:#69727d;color:#fff}.elementor-widget-text-editor.elementor-drop-cap-view-framed .elementor-drop-cap{color:#69727d;border:3px solid;background-color:transparent}.elementor-widget-text-editor:not(.elementor-drop-cap-view-default) .elementor-drop-cap{margin-top:8px}.elementor-widget-text-editor:not(.elementor-drop-cap-view-default) .elementor-drop-cap-letter{width:1em;height:1em}.elementor-widget-text-editor .elementor-drop-cap{float:left;text-align:center;line-height:1;font-size:50px}.elementor-widget-text-editor .elementor-drop-cap-letter{display:inline-block}<\/style>\t\t\t\t<p><span style=\"color: #e8307c;\"><strong>ID Trabalho:<\/strong> 1108978<\/span><\/p><p><strong>Autores: <\/strong>MARCIO ELIAS BRITO FRANC\u00caS (FACULDADE ILAPEO &#8211; CURITIBA &#8211; PR &#8211; Brasil), JAMILE COELHO FRANC\u00caS BRITO MIRANDA (FACULDADE ILAPEO &#8211; CURITIBA &#8211; PR &#8211; Brasil)<\/p><p><strong>Institui\u00e7\u00f5es dos autores:<\/strong> FACULDADE ILAPEO &#8211; CURITIBA &#8211; PR &#8211; Brasil<\/p><p><strong>Introdu\u00e7\u00e3o: <\/strong>Os implantes zigom\u00e1ticos t\u00eam se mostrado uma alternativa segura no tratamento de maxilas atr\u00f3ficas. Quando a t\u00e9cnica original \u00e9 utilizada, a posi\u00e7\u00e3o dos implantes fica desfavor\u00e1vel para a pr\u00f3tese, mas, em condi\u00e7\u00f5es de ceratiniza\u00e7\u00e3o. J\u00e1, na t\u00e9cnica exteriorizada, \u00e9 favor\u00e1vel para a pr\u00f3tese, por\u00e9m, desfavor\u00e1vel para manter a gengiva ceratinizada. O objetivo deste relato de caso cl\u00ednico \u00e9 apresentar uma manobra de sutura que permita a manuten\u00e7\u00e3o do tecido ceratinizado em torno do implante zigom\u00e1tico mais distal.<\/p><p><strong>Relato do caso: <\/strong>Paciente do sexo feminino, 56 anos, apresenta atresia severa da maxila e anatomicamente as paredes deste osso possuem uma concavidade acentuada. Para esta condi\u00e7\u00e3o, a t\u00e9cnica exteriorizada de instala\u00e7\u00e3o de implantes zigom\u00e1ticos foi eleita a melhor op\u00e7\u00e3o para a reabilita\u00e7\u00e3o. Com o objetivo de reduzir tens\u00f5es durante a sutura sobre os componentes prot\u00e9ticos, foi realizado o deslocamento anterior do retalho e uma rota\u00e7\u00e3o da mucosa para fechar a por\u00e7\u00e3o cruenta, garantindo aus\u00eancia de tens\u00e3o da gengiva deslocada para vestibular sobre o componente o minipilar, passividade no fechamento e manuten\u00e7\u00e3o da gengiva ceratinizada em torno dos implantes distais. Ap\u00f3s 90 dias o resultado foi a manuten\u00e7\u00e3o desse tecido ceratinizado.<\/p><p><strong>Conclus\u00e3o ou considera\u00e7\u00f5es finais: <\/strong>No caso apresentado, foi observado que por meio de um fechamento sem tens\u00e3o sobre os componentes prot\u00e9ticos dos implantes zigom\u00e1ticos a gengiva ceratinizada se manteve, garantindo assim a sa\u00fade peri implantar.<\/p><p><strong>Discuss\u00e3o e conclus\u00f5es: <\/strong><\/p><p><strong>Palavras chave: <\/strong>Implantes zigom\u00e1ticos, gengiva ceratinizada, maxilas atr\u00f3ficas<\/p>\t\t\t\t\t\t<\/div>\n\t\t\t\t<\/div>\n\t\t\t\t<div class=\"elementor-element elementor-element-276353c4 elementor-widget elementor-widget-shortcode\" data-id=\"276353c4\" data-element_type=\"widget\" data-widget_type=\"shortcode.default\">\n\t\t\t\t<div class=\"elementor-widget-container\">\n\t\t\t\t\t<div class=\"elementor-shortcode\"><a href=\"javascript:history.back(1)\" target=\"_self\"><img decoding=\"async\" src=\"..\/wp-content\/uploads\/2023\/05\/bot-voltar.png\" widht=\"103\" height=\"28\" border=\"0\"><\/a> <\/div>\n\t\t\t\t<\/div>\n\t\t\t\t<\/div>\n\t\t\t\t<\/div>\n\t\t<div class=\"elementor-element elementor-element-56795725 e-con-full e-flex e-con\" data-id=\"56795725\" data-element_type=\"container\" data-settings=\"{&quot;content_width&quot;:&quot;full&quot;}\">\n\t\t\t\t<\/div>\n\t\t\t\t<\/div>\n\t\t\t\t\t\t\t<\/div>\n\t\t","protected":false},"excerpt":{"rendered":"<p>Menu Neodent, Caso Cl\u00ednico Proposta t\u00e9cnica para obter tecido ceratinizado em implantes zigom\u00e1ticos ID Trabalho: 1108978 Autores: MARCIO ELIAS BRITO FRANC\u00caS (FACULDADE ILAPEO &#8211; CURITIBA &#8211;<span class=\"excerpt-hellip\"> [\u2026]<\/span><\/p>\n","protected":false},"author":1,"featured_media":0,"parent":0,"menu_order":0,"comment_status":"closed","ping_status":"closed","template":"","meta":[],"_links":{"self":[{"href":"https:\/\/anaisneodentcongress.com.br\/2023\/wp-json\/wp\/v2\/pages\/1351"}],"collection":[{"href":"https:\/\/anaisneodentcongress.com.br\/2023\/wp-json\/wp\/v2\/pages"}],"about":[{"href":"https:\/\/anaisneodentcongress.com.br\/2023\/wp-json\/wp\/v2\/types\/page"}],"author":[{"embeddable":true,"href":"https:\/\/anaisneodentcongress.com.br\/2023\/wp-json\/wp\/v2\/users\/1"}],"replies":[{"embeddable":true,"href":"https:\/\/anaisneodentcongress.com.br\/2023\/wp-json\/wp\/v2\/comments?post=1351"}],"version-history":[{"count":7,"href":"https:\/\/anaisneodentcongress.com.br\/2023\/wp-json\/wp\/v2\/pages\/1351\/revisions"}],"predecessor-version":[{"id":1359,"href":"https:\/\/anaisneodentcongress.com.br\/2023\/wp-json\/wp\/v2\/pages\/1351\/revisions\/1359"}],"wp:attachment":[{"href":"https:\/\/anaisneodentcongress.com.br\/2023\/wp-json\/wp\/v2\/media?parent=1351"}],"curies":[{"name":"wp","href":"https:\/\/api.w.org\/{rel}","templated":true}]}}