{"id":1324,"date":"2023-05-12T17:32:55","date_gmt":"2023-05-12T20:32:55","guid":{"rendered":"https:\/\/anaisneodentcongress.com.br\/2023\/?page_id=1324"},"modified":"2023-05-12T17:33:45","modified_gmt":"2023-05-12T20:33:45","slug":"implante-postextraccion-de-zirconio-en-zona-anterior-optimizacion-de-fenotipo-gingival-y-con-carga-inmediata","status":"publish","type":"page","link":"https:\/\/anaisneodentcongress.com.br\/2023\/implante-postextraccion-de-zirconio-en-zona-anterior-optimizacion-de-fenotipo-gingival-y-con-carga-inmediata\/","title":{"rendered":"Implante postextracci\u00f3n de zirconio en zona anterior, optimizaci\u00f3n de fenotipo gingival y con carga inmediata"},"content":{"rendered":"\t\t<div data-elementor-type=\"wp-page\" data-elementor-id=\"1324\" class=\"elementor elementor-1324\">\n\t\t\t\t\t\t\t<div class=\"elementor-element elementor-element-755750a9 e-con-full e-flex e-con\" data-id=\"755750a9\" data-element_type=\"container\" data-settings=\"{&quot;content_width&quot;:&quot;full&quot;,&quot;background_background&quot;:&quot;classic&quot;}\">\n\t\t<div class=\"elementor-element elementor-element-734b52ce e-con-full e-flex e-con\" data-id=\"734b52ce\" data-element_type=\"container\" data-settings=\"{&quot;content_width&quot;:&quot;full&quot;}\">\n\t\t\t\t<\/div>\n\t\t<div class=\"elementor-element elementor-element-1aada7f1 e-con-full e-flex e-con\" data-id=\"1aada7f1\" data-element_type=\"container\" data-settings=\"{&quot;content_width&quot;:&quot;full&quot;,&quot;background_background&quot;:&quot;classic&quot;}\">\n\t\t<div class=\"elementor-element elementor-element-4dd4f6d5 e-con-boxed e-flex e-con\" data-id=\"4dd4f6d5\" data-element_type=\"container\" data-settings=\"{&quot;content_width&quot;:&quot;boxed&quot;}\">\n\t\t\t\t\t<div class=\"e-con-inner\">\n\t\t\t\t<div class=\"elementor-element elementor-element-78d89b4a elementor-widget elementor-widget-heading\" data-id=\"78d89b4a\" data-element_type=\"widget\" data-widget_type=\"heading.default\">\n\t\t\t\t<div class=\"elementor-widget-container\">\n\t\t\t<style>\/*! elementor - v3.13.2 - 11-05-2023 *\/\n.elementor-heading-title{padding:0;margin:0;line-height:1}.elementor-widget-heading .elementor-heading-title[class*=elementor-size-]>a{color:inherit;font-size:inherit;line-height:inherit}.elementor-widget-heading .elementor-heading-title.elementor-size-small{font-size:15px}.elementor-widget-heading .elementor-heading-title.elementor-size-medium{font-size:19px}.elementor-widget-heading .elementor-heading-title.elementor-size-large{font-size:29px}.elementor-widget-heading .elementor-heading-title.elementor-size-xl{font-size:39px}.elementor-widget-heading .elementor-heading-title.elementor-size-xxl{font-size:59px}<\/style><h2 class=\"elementor-heading-title elementor-size-default\"><a href=\"\/2023\/menu-neodent-caso-clinico\/\">Menu<\/a><\/h2>\t\t<\/div>\n\t\t\t\t<\/div>\n\t\t\t\t<div class=\"elementor-element elementor-element-385cebc5 elementor-widget elementor-widget-heading\" data-id=\"385cebc5\" data-element_type=\"widget\" data-widget_type=\"heading.default\">\n\t\t\t\t<div class=\"elementor-widget-container\">\n\t\t\t<h2 class=\"elementor-heading-title elementor-size-default\"><a href=\"\/2023\/menu-neodent-caso-clinico\/\">Neodent, Caso Cl\u00ednico<\/a><\/h2>\t\t<\/div>\n\t\t\t\t<\/div>\n\t\t\t\t\t<\/div>\n\t\t\t\t<\/div>\n\t\t<div class=\"elementor-element elementor-element-4cdf74c e-con-boxed e-flex e-con\" data-id=\"4cdf74c\" data-element_type=\"container\" data-settings=\"{&quot;content_width&quot;:&quot;boxed&quot;}\">\n\t\t\t\t\t<div class=\"e-con-inner\">\n\t\t\t\t<div class=\"elementor-element elementor-element-364cf462 elementor-widget elementor-widget-heading\" data-id=\"364cf462\" data-element_type=\"widget\" data-widget_type=\"heading.default\">\n\t\t\t\t<div class=\"elementor-widget-container\">\n\t\t\t<h2 class=\"elementor-heading-title elementor-size-default\">Implante postextracci\u00f3n de zirconio en zona anterior, optimizaci\u00f3n de fenotipo gingival y con carga inmediata<\/h2>\t\t<\/div>\n\t\t\t\t<\/div>\n\t\t\t\t\t<\/div>\n\t\t\t\t<\/div>\n\t\t\t\t<div class=\"elementor-element elementor-element-e642cf elementor-widget elementor-widget-text-editor\" data-id=\"e642cf\" data-element_type=\"widget\" data-widget_type=\"text-editor.default\">\n\t\t\t\t<div class=\"elementor-widget-container\">\n\t\t\t<style>\/*! elementor - v3.13.2 - 11-05-2023 *\/\n.elementor-widget-text-editor.elementor-drop-cap-view-stacked .elementor-drop-cap{background-color:#69727d;color:#fff}.elementor-widget-text-editor.elementor-drop-cap-view-framed .elementor-drop-cap{color:#69727d;border:3px solid;background-color:transparent}.elementor-widget-text-editor:not(.elementor-drop-cap-view-default) .elementor-drop-cap{margin-top:8px}.elementor-widget-text-editor:not(.elementor-drop-cap-view-default) .elementor-drop-cap-letter{width:1em;height:1em}.elementor-widget-text-editor .elementor-drop-cap{float:left;text-align:center;line-height:1;font-size:50px}.elementor-widget-text-editor .elementor-drop-cap-letter{display:inline-block}<\/style>\t\t\t\t<p><span style=\"color: #e8307c;\"><strong>ID Trabalho:<\/strong> 1108975<\/span><\/p><p><strong>Autores: <\/strong>AMERICA GARCIA GUERRERO (ILAPEO &#8211; M\u00e9xico)<\/p><p><strong>Institui\u00e7\u00f5es dos autores:<\/strong> ILAPEO &#8211; M\u00e9xico<\/p><p><strong>Introdu\u00e7\u00e3o: <\/strong>La est\u00e9tica facial y dental ha ganado relevancia debido a las consecuencias en cuanto a t\u00e9rminos de calidad de vida y salud mental, desde hace m\u00e1s de 20 a\u00f1os. La opci\u00f3n de implante inmediato en zonas anteriores que presentan dientes con mal pron\u00f3stico, se ha vuelto m\u00e1s dominante y exigente, pues el criterio \u00e9xito de estos tratamientos se ha abierto ya que la naturalidad del resultado se ha vuelto un factor cr\u00edtico en la evaluaci\u00f3n del resultado quir\u00fargico y prot\u00e9sico, por lo que los implantes en zirconio, que ofrecen mayor est\u00e9tica ahora son una de las opciones m\u00e1s cotizadas por dentistas y pacientes. As\u00ed como el manejo adecuado de los tejidos blandos para preservar y a\u00fan mejorar la est\u00e9tica de los tejidos periimplantares.<\/p><p><strong>Relato do caso: <\/strong>Paciente femenina de 56 a\u00f1os de edad, sin antecedentes m\u00e9dicos de importancia, fumadora pesada; que acude a consulta debido a mal pron\u00f3stico en diente 22 debido a secuela de enfermedad periodontal, solicitando una soluci\u00f3n est\u00e9tica para dicha situaci\u00f3n. Se realiza extracci\u00f3n atraum\u00e1tica, implante en zirconio inmediato, injerto de tejido conectivo subepitelial con t\u00e9cnica de colgajo desplazado coronal, se coloc\u00f3 pilar definitivo de zirconio, se escane\u00f3 a la paciente, se confecciona provisional en PMMA con su casquete provisorio, para colocaci\u00f3n de temporal 18 horas despu\u00e9s.<\/p><p><strong>Conclus\u00e3o ou considera\u00e7\u00f5es finais: <\/strong>Se plantea el abordaje de implante inmediato de zirconio con manejo de tejido blando y carga inmediata como una estrategia para casos de alto compromiso est\u00e9tico y prontitud.<\/p><p><strong>Discuss\u00e3o e conclus\u00f5es: <\/strong><\/p><p><strong>Palavras chave: <\/strong>Zirconia implant,\u00a0 immediate implant, conjuctive tissue graft, intraoral scan<\/p>\t\t\t\t\t\t<\/div>\n\t\t\t\t<\/div>\n\t\t\t\t<div class=\"elementor-element elementor-element-3bb5fc43 elementor-widget elementor-widget-shortcode\" data-id=\"3bb5fc43\" data-element_type=\"widget\" data-widget_type=\"shortcode.default\">\n\t\t\t\t<div class=\"elementor-widget-container\">\n\t\t\t\t\t<div class=\"elementor-shortcode\"><a href=\"javascript:history.back(1)\" target=\"_self\"><img decoding=\"async\" src=\"..\/wp-content\/uploads\/2023\/05\/bot-voltar.png\" widht=\"103\" height=\"28\" border=\"0\"><\/a> <\/div>\n\t\t\t\t<\/div>\n\t\t\t\t<\/div>\n\t\t\t\t<\/div>\n\t\t<div class=\"elementor-element elementor-element-595982a6 e-con-full e-flex e-con\" data-id=\"595982a6\" data-element_type=\"container\" data-settings=\"{&quot;content_width&quot;:&quot;full&quot;}\">\n\t\t\t\t<\/div>\n\t\t\t\t<\/div>\n\t\t\t\t\t\t\t<\/div>\n\t\t","protected":false},"excerpt":{"rendered":"<p>Menu Neodent, Caso Cl\u00ednico Implante postextracci\u00f3n de zirconio en zona anterior, optimizaci\u00f3n de fenotipo gingival y con carga inmediata ID Trabalho: 1108975 Autores: AMERICA GARCIA GUERRERO<span class=\"excerpt-hellip\"> [\u2026]<\/span><\/p>\n","protected":false},"author":1,"featured_media":0,"parent":0,"menu_order":0,"comment_status":"closed","ping_status":"closed","template":"","meta":[],"_links":{"self":[{"href":"https:\/\/anaisneodentcongress.com.br\/2023\/wp-json\/wp\/v2\/pages\/1324"}],"collection":[{"href":"https:\/\/anaisneodentcongress.com.br\/2023\/wp-json\/wp\/v2\/pages"}],"about":[{"href":"https:\/\/anaisneodentcongress.com.br\/2023\/wp-json\/wp\/v2\/types\/page"}],"author":[{"embeddable":true,"href":"https:\/\/anaisneodentcongress.com.br\/2023\/wp-json\/wp\/v2\/users\/1"}],"replies":[{"embeddable":true,"href":"https:\/\/anaisneodentcongress.com.br\/2023\/wp-json\/wp\/v2\/comments?post=1324"}],"version-history":[{"count":7,"href":"https:\/\/anaisneodentcongress.com.br\/2023\/wp-json\/wp\/v2\/pages\/1324\/revisions"}],"predecessor-version":[{"id":1332,"href":"https:\/\/anaisneodentcongress.com.br\/2023\/wp-json\/wp\/v2\/pages\/1324\/revisions\/1332"}],"wp:attachment":[{"href":"https:\/\/anaisneodentcongress.com.br\/2023\/wp-json\/wp\/v2\/media?parent=1324"}],"curies":[{"name":"wp","href":"https:\/\/api.w.org\/{rel}","templated":true}]}}