{"id":1312,"date":"2023-05-12T17:30:40","date_gmt":"2023-05-12T20:30:40","guid":{"rendered":"https:\/\/anaisneodentcongress.com.br\/2023\/?page_id=1312"},"modified":"2023-05-12T17:31:37","modified_gmt":"2023-05-12T20:31:37","slug":"reabilitacao-em-regiao-de-dente-anterior-com-implante-zirconia-neodent","status":"publish","type":"page","link":"https:\/\/anaisneodentcongress.com.br\/2023\/reabilitacao-em-regiao-de-dente-anterior-com-implante-zirconia-neodent\/","title":{"rendered":"Reabilita\u00e7\u00e3o em regi\u00e3o de dente anterior com implante zirc\u00f4nia Neodent"},"content":{"rendered":"\t\t<div data-elementor-type=\"wp-page\" data-elementor-id=\"1312\" class=\"elementor elementor-1312\">\n\t\t\t\t\t\t\t<div class=\"elementor-element elementor-element-590bffab e-con-full e-flex e-con\" data-id=\"590bffab\" data-element_type=\"container\" data-settings=\"{&quot;content_width&quot;:&quot;full&quot;,&quot;background_background&quot;:&quot;classic&quot;}\">\n\t\t<div class=\"elementor-element elementor-element-ba97e36 e-con-full e-flex e-con\" data-id=\"ba97e36\" data-element_type=\"container\" data-settings=\"{&quot;content_width&quot;:&quot;full&quot;}\">\n\t\t\t\t<\/div>\n\t\t<div class=\"elementor-element elementor-element-50043a26 e-con-full e-flex e-con\" data-id=\"50043a26\" data-element_type=\"container\" data-settings=\"{&quot;content_width&quot;:&quot;full&quot;,&quot;background_background&quot;:&quot;classic&quot;}\">\n\t\t<div class=\"elementor-element elementor-element-46227993 e-con-boxed e-flex e-con\" data-id=\"46227993\" data-element_type=\"container\" data-settings=\"{&quot;content_width&quot;:&quot;boxed&quot;}\">\n\t\t\t\t\t<div class=\"e-con-inner\">\n\t\t\t\t<div class=\"elementor-element elementor-element-5b3fc4d elementor-widget elementor-widget-heading\" data-id=\"5b3fc4d\" data-element_type=\"widget\" data-widget_type=\"heading.default\">\n\t\t\t\t<div class=\"elementor-widget-container\">\n\t\t\t<style>\/*! elementor - v3.13.2 - 11-05-2023 *\/\n.elementor-heading-title{padding:0;margin:0;line-height:1}.elementor-widget-heading .elementor-heading-title[class*=elementor-size-]>a{color:inherit;font-size:inherit;line-height:inherit}.elementor-widget-heading .elementor-heading-title.elementor-size-small{font-size:15px}.elementor-widget-heading .elementor-heading-title.elementor-size-medium{font-size:19px}.elementor-widget-heading .elementor-heading-title.elementor-size-large{font-size:29px}.elementor-widget-heading .elementor-heading-title.elementor-size-xl{font-size:39px}.elementor-widget-heading .elementor-heading-title.elementor-size-xxl{font-size:59px}<\/style><h2 class=\"elementor-heading-title elementor-size-default\"><a href=\"\/2023\/menu-neodent-caso-clinico\/\">Menu<\/a><\/h2>\t\t<\/div>\n\t\t\t\t<\/div>\n\t\t\t\t<div class=\"elementor-element elementor-element-112d01bd elementor-widget elementor-widget-heading\" data-id=\"112d01bd\" data-element_type=\"widget\" data-widget_type=\"heading.default\">\n\t\t\t\t<div class=\"elementor-widget-container\">\n\t\t\t<h2 class=\"elementor-heading-title elementor-size-default\"><a href=\"\/2023\/menu-neodent-caso-clinico\/\">Neodent, Caso Cl\u00ednico<\/a><\/h2>\t\t<\/div>\n\t\t\t\t<\/div>\n\t\t\t\t\t<\/div>\n\t\t\t\t<\/div>\n\t\t<div class=\"elementor-element elementor-element-37e2fb3c e-con-boxed e-flex e-con\" data-id=\"37e2fb3c\" data-element_type=\"container\" data-settings=\"{&quot;content_width&quot;:&quot;boxed&quot;}\">\n\t\t\t\t\t<div class=\"e-con-inner\">\n\t\t\t\t<div class=\"elementor-element elementor-element-16701455 elementor-widget elementor-widget-heading\" data-id=\"16701455\" data-element_type=\"widget\" data-widget_type=\"heading.default\">\n\t\t\t\t<div class=\"elementor-widget-container\">\n\t\t\t<h2 class=\"elementor-heading-title elementor-size-default\">Reabilita\u00e7\u00e3o em regi\u00e3o de dente anterior com implante zirc\u00f4nia Neodent<\/h2>\t\t<\/div>\n\t\t\t\t<\/div>\n\t\t\t\t\t<\/div>\n\t\t\t\t<\/div>\n\t\t\t\t<div class=\"elementor-element elementor-element-3408cf52 elementor-widget elementor-widget-text-editor\" data-id=\"3408cf52\" data-element_type=\"widget\" data-widget_type=\"text-editor.default\">\n\t\t\t\t<div class=\"elementor-widget-container\">\n\t\t\t<style>\/*! elementor - v3.13.2 - 11-05-2023 *\/\n.elementor-widget-text-editor.elementor-drop-cap-view-stacked .elementor-drop-cap{background-color:#69727d;color:#fff}.elementor-widget-text-editor.elementor-drop-cap-view-framed .elementor-drop-cap{color:#69727d;border:3px solid;background-color:transparent}.elementor-widget-text-editor:not(.elementor-drop-cap-view-default) .elementor-drop-cap{margin-top:8px}.elementor-widget-text-editor:not(.elementor-drop-cap-view-default) .elementor-drop-cap-letter{width:1em;height:1em}.elementor-widget-text-editor .elementor-drop-cap{float:left;text-align:center;line-height:1;font-size:50px}.elementor-widget-text-editor .elementor-drop-cap-letter{display:inline-block}<\/style>\t\t\t\t<p><span style=\"color: #e8307c;\"><strong>ID Trabalho:<\/strong> 1108974<\/span><\/p><p><strong>Autores: <\/strong>Jackeline\u00a0 Jarzynski (Faculdade Ilapeo &#8211; Curitiba &#8211; PR &#8211; Brasil)<\/p><p><strong>Institui\u00e7\u00f5es dos autores:<\/strong> Faculdade Ilapeo &#8211; Curitiba &#8211; PR &#8211; Brasil<\/p><p><strong>Introdu\u00e7\u00e3o: <\/strong>As reabilita\u00e7\u00f5es dent\u00e1rias em \u00e1reas anteriores s\u00e3o consideradas um grande desafio para o cirurgi\u00e3o dentista, tendo visto a alta exig\u00eancia est\u00e9tica dos pacientes, as frequentes defici\u00eancias \u00f3sseas ap\u00f3s a perda dent\u00e1ria e os diferentes fen\u00f3tipos gengivais. Os implantes de zirc\u00f4nia s\u00e3o uma excelente op\u00e7\u00e3o para situa\u00e7\u00f5es onde a demanda est\u00e9tica \u00e9 alta. Estes implantes apresentam uma dureza similar ao tit\u00e2nio e mimetizam com maior perfei\u00e7\u00e3o a colora\u00e7\u00e3o natural dos tecidos, evitando a pigmenta\u00e7\u00e3o acinzentada na margem. A estabilidade prim\u00e1ria \u00e9 obtida pelo design c\u00f4nico da pe\u00e7a e desenho das roscas que foram projetadas para o imediatismo previs\u00edvel em todos os tipos de ossos<\/p><p><strong>Relato do caso: <\/strong>No ano de 2023, paciente do g\u00eanero masculino, sem comorbidades sist\u00eamicas, procurou a Faculdade Ilapeo para recoloca\u00e7\u00e3o de implante perdido em 11\/2022 do elemento 21.Realizamos avalia\u00e7\u00e3o cl\u00ednica, radiogr\u00e1fica e fotogr\u00e1fica para instala\u00e7\u00e3o de implante de zirc\u00f4nia com carga imediata\u00a0 nesta regi\u00e3o sendo selecionado o implante de medida 3,75mm x 11,5mm para ser instalado\u00a0 ap\u00f3s realizada a exposi\u00e7\u00e3o do leito \u00f3sseo e perfura\u00e7\u00e3o do leito receptor com as fresas do kit especifico seguindo as recomenda\u00e7\u00f5es do fabricante, a instala\u00e7\u00e3o do implante foi realizada com o aux\u00edlio de catraca tendo um torque final de 32 N ,torque suficiente para a confec\u00e7\u00e3o de provis\u00f3rio imediato sobre munh\u00e3o CR em peek zirc\u00f4nia estreito altura 2,5 com coroa de dente de estoque adaptada sobre o componente.<\/p><p><strong>Conclus\u00e3o ou considera\u00e7\u00f5es finais: <\/strong>O implante de zirc\u00f4nia apresentou-se como uma excelente op\u00e7\u00e3o para reabilita\u00e7\u00e3o com carga imediata em regi\u00e3o est\u00e9tica, apresentando alta previsibilidade e confiabilidade.<\/p><p><strong>Discuss\u00e3o e conclus\u00f5es: &#8211;<\/strong><\/p><p><strong>Palavras chave: \u00a0&#8211;<\/strong><\/p>\t\t\t\t\t\t<\/div>\n\t\t\t\t<\/div>\n\t\t\t\t<div class=\"elementor-element elementor-element-12c8711f elementor-widget elementor-widget-shortcode\" data-id=\"12c8711f\" data-element_type=\"widget\" data-widget_type=\"shortcode.default\">\n\t\t\t\t<div class=\"elementor-widget-container\">\n\t\t\t\t\t<div class=\"elementor-shortcode\"><a href=\"javascript:history.back(1)\" target=\"_self\"><img decoding=\"async\" src=\"..\/wp-content\/uploads\/2023\/05\/bot-voltar.png\" widht=\"103\" height=\"28\" border=\"0\"><\/a> <\/div>\n\t\t\t\t<\/div>\n\t\t\t\t<\/div>\n\t\t\t\t<\/div>\n\t\t<div class=\"elementor-element elementor-element-419bd4a0 e-con-full e-flex e-con\" data-id=\"419bd4a0\" data-element_type=\"container\" data-settings=\"{&quot;content_width&quot;:&quot;full&quot;}\">\n\t\t\t\t<\/div>\n\t\t\t\t<\/div>\n\t\t\t\t\t\t\t<\/div>\n\t\t","protected":false},"excerpt":{"rendered":"<p>Menu Neodent, Caso Cl\u00ednico Reabilita\u00e7\u00e3o em regi\u00e3o de dente anterior com implante zirc\u00f4nia Neodent ID Trabalho: 1108974 Autores: Jackeline\u00a0 Jarzynski (Faculdade Ilapeo &#8211; Curitiba &#8211; PR<span class=\"excerpt-hellip\"> [\u2026]<\/span><\/p>\n","protected":false},"author":1,"featured_media":0,"parent":0,"menu_order":0,"comment_status":"closed","ping_status":"closed","template":"","meta":[],"_links":{"self":[{"href":"https:\/\/anaisneodentcongress.com.br\/2023\/wp-json\/wp\/v2\/pages\/1312"}],"collection":[{"href":"https:\/\/anaisneodentcongress.com.br\/2023\/wp-json\/wp\/v2\/pages"}],"about":[{"href":"https:\/\/anaisneodentcongress.com.br\/2023\/wp-json\/wp\/v2\/types\/page"}],"author":[{"embeddable":true,"href":"https:\/\/anaisneodentcongress.com.br\/2023\/wp-json\/wp\/v2\/users\/1"}],"replies":[{"embeddable":true,"href":"https:\/\/anaisneodentcongress.com.br\/2023\/wp-json\/wp\/v2\/comments?post=1312"}],"version-history":[{"count":7,"href":"https:\/\/anaisneodentcongress.com.br\/2023\/wp-json\/wp\/v2\/pages\/1312\/revisions"}],"predecessor-version":[{"id":1320,"href":"https:\/\/anaisneodentcongress.com.br\/2023\/wp-json\/wp\/v2\/pages\/1312\/revisions\/1320"}],"wp:attachment":[{"href":"https:\/\/anaisneodentcongress.com.br\/2023\/wp-json\/wp\/v2\/media?parent=1312"}],"curies":[{"name":"wp","href":"https:\/\/api.w.org\/{rel}","templated":true}]}}