{"id":1299,"date":"2023-05-12T17:28:42","date_gmt":"2023-05-12T20:28:42","guid":{"rendered":"https:\/\/anaisneodentcongress.com.br\/2023\/?page_id=1299"},"modified":"2023-05-12T17:29:35","modified_gmt":"2023-05-12T20:29:35","slug":"reabilitacao-de-area-estetica-com-implante-ceramico-stick-bone-e-fibrina-ricas-em-plaquetas","status":"publish","type":"page","link":"https:\/\/anaisneodentcongress.com.br\/2023\/reabilitacao-de-area-estetica-com-implante-ceramico-stick-bone-e-fibrina-ricas-em-plaquetas\/","title":{"rendered":"Reabilita\u00e7\u00e3o de \u00e1rea est\u00e9tica com implante cer\u00e2mico, stick bone e fibrina ricas em plaquetas"},"content":{"rendered":"\t\t<div data-elementor-type=\"wp-page\" data-elementor-id=\"1299\" class=\"elementor elementor-1299\">\n\t\t\t\t\t\t\t<div class=\"elementor-element elementor-element-55628874 e-con-full e-flex e-con\" data-id=\"55628874\" data-element_type=\"container\" data-settings=\"{&quot;content_width&quot;:&quot;full&quot;,&quot;background_background&quot;:&quot;classic&quot;}\">\n\t\t<div class=\"elementor-element elementor-element-b19a392 e-con-full e-flex e-con\" data-id=\"b19a392\" data-element_type=\"container\" data-settings=\"{&quot;content_width&quot;:&quot;full&quot;}\">\n\t\t\t\t<\/div>\n\t\t<div class=\"elementor-element elementor-element-2b0f6f79 e-con-full e-flex e-con\" data-id=\"2b0f6f79\" data-element_type=\"container\" data-settings=\"{&quot;content_width&quot;:&quot;full&quot;,&quot;background_background&quot;:&quot;classic&quot;}\">\n\t\t<div class=\"elementor-element elementor-element-1e89ab16 e-con-boxed e-flex e-con\" data-id=\"1e89ab16\" data-element_type=\"container\" data-settings=\"{&quot;content_width&quot;:&quot;boxed&quot;}\">\n\t\t\t\t\t<div class=\"e-con-inner\">\n\t\t\t\t<div class=\"elementor-element elementor-element-315e7ede elementor-widget elementor-widget-heading\" data-id=\"315e7ede\" data-element_type=\"widget\" data-widget_type=\"heading.default\">\n\t\t\t\t<div class=\"elementor-widget-container\">\n\t\t\t<style>\/*! elementor - v3.13.2 - 11-05-2023 *\/\n.elementor-heading-title{padding:0;margin:0;line-height:1}.elementor-widget-heading .elementor-heading-title[class*=elementor-size-]>a{color:inherit;font-size:inherit;line-height:inherit}.elementor-widget-heading .elementor-heading-title.elementor-size-small{font-size:15px}.elementor-widget-heading .elementor-heading-title.elementor-size-medium{font-size:19px}.elementor-widget-heading .elementor-heading-title.elementor-size-large{font-size:29px}.elementor-widget-heading .elementor-heading-title.elementor-size-xl{font-size:39px}.elementor-widget-heading .elementor-heading-title.elementor-size-xxl{font-size:59px}<\/style><h2 class=\"elementor-heading-title elementor-size-default\"><a href=\"\/2023\/menu-neodent-caso-clinico\/\">Menu<\/a><\/h2>\t\t<\/div>\n\t\t\t\t<\/div>\n\t\t\t\t<div class=\"elementor-element elementor-element-7377dea2 elementor-widget elementor-widget-heading\" data-id=\"7377dea2\" data-element_type=\"widget\" data-widget_type=\"heading.default\">\n\t\t\t\t<div class=\"elementor-widget-container\">\n\t\t\t<h2 class=\"elementor-heading-title elementor-size-default\"><a href=\"\/2023\/menu-neodent-caso-clinico\/\">Neodent, Caso Cl\u00ednico<\/a><\/h2>\t\t<\/div>\n\t\t\t\t<\/div>\n\t\t\t\t\t<\/div>\n\t\t\t\t<\/div>\n\t\t<div class=\"elementor-element elementor-element-2696a209 e-con-boxed e-flex e-con\" data-id=\"2696a209\" data-element_type=\"container\" data-settings=\"{&quot;content_width&quot;:&quot;boxed&quot;}\">\n\t\t\t\t\t<div class=\"e-con-inner\">\n\t\t\t\t<div class=\"elementor-element elementor-element-7e47d35d elementor-widget elementor-widget-heading\" data-id=\"7e47d35d\" data-element_type=\"widget\" data-widget_type=\"heading.default\">\n\t\t\t\t<div class=\"elementor-widget-container\">\n\t\t\t<h2 class=\"elementor-heading-title elementor-size-default\">Reabilita\u00e7\u00e3o de \u00e1rea est\u00e9tica com implante cer\u00e2mico, stick bone e fibrina ricas em plaquetas<\/h2>\t\t<\/div>\n\t\t\t\t<\/div>\n\t\t\t\t\t<\/div>\n\t\t\t\t<\/div>\n\t\t\t\t<div class=\"elementor-element elementor-element-28b6c4d elementor-widget elementor-widget-text-editor\" data-id=\"28b6c4d\" data-element_type=\"widget\" data-widget_type=\"text-editor.default\">\n\t\t\t\t<div class=\"elementor-widget-container\">\n\t\t\t<style>\/*! elementor - v3.13.2 - 11-05-2023 *\/\n.elementor-widget-text-editor.elementor-drop-cap-view-stacked .elementor-drop-cap{background-color:#69727d;color:#fff}.elementor-widget-text-editor.elementor-drop-cap-view-framed .elementor-drop-cap{color:#69727d;border:3px solid;background-color:transparent}.elementor-widget-text-editor:not(.elementor-drop-cap-view-default) .elementor-drop-cap{margin-top:8px}.elementor-widget-text-editor:not(.elementor-drop-cap-view-default) .elementor-drop-cap-letter{width:1em;height:1em}.elementor-widget-text-editor .elementor-drop-cap{float:left;text-align:center;line-height:1;font-size:50px}.elementor-widget-text-editor .elementor-drop-cap-letter{display:inline-block}<\/style>\t\t\t\t<p><span style=\"color: #e8307c;\"><strong>ID Trabalho:<\/strong> 1108973<\/span><\/p><p><strong>Autores: <\/strong>Gustavo Moreno\u00a0 Braga (Faculdade ILAPEO &#8211; Curitiba\u00a0 &#8211; PR &#8211; Brasil), Marcelo Noboru Tanizaka\u00a0 (Faculdade ILAPEO &#8211; Curitiba\u00a0 &#8211; PR &#8211; Brasil), Luis Eduardo Marques\u00a0 Padovan (Faculdade ILAPEO &#8211; Curitiba\u00a0 &#8211; PR &#8211; Brasil)<\/p><p><strong>Institui\u00e7\u00f5es dos autores:<\/strong> Faculdade ILAPEO &#8211; Curitiba\u00a0 &#8211; PR &#8211; Brasil<\/p><p><strong>Introdu\u00e7\u00e3o: <\/strong>Os implantes dent\u00e1rios de tit\u00e2nio s\u00e3o uma forma de tratamento padr\u00e3o para pacientes parcial ou totalmente desdentados. Oferecem excelente biocompatibilidade e diversas formas de tratamento. No entanto, algumas exig\u00eancias contempor\u00e2neas como uma alta exig\u00eancia est\u00e9tica e receio em rela\u00e7\u00e3o a sensibilidade ao tit\u00e2nio trouxeram os implantes cer\u00e2micos de zirc\u00f4nia como uma alternativa de tratamento vi\u00e1vel. O material de escolha \u00e9 o policristal de zirc\u00f4nia tetragonal estabilizado com \u00edtria (YTZP) que reduz a propaga\u00e7\u00e3o de trincas, apresenta alta resist\u00eancia a flex\u00e3o e tenacidade \u00e0 fratura, alta resist\u00eancia ao desgaste mec\u00e2nico, alta biocompatibilidade e baixa afinidade a coloniza\u00e7\u00e3o bacteriana.<\/p><p><strong>Relato do caso: <\/strong>Este relato de caso descreve o tratamento de uma paciente com implante de zirc\u00f4nia, associado a t\u00e9cnica de Stick bone e PRF, na regi\u00e3o do dente 22 em que havia comprometimento endod\u00f4ntico e les\u00e3o periapical extensa. Oito meses ap\u00f3s o procedimento cir\u00fargico foi confeccionada a pr\u00f3tese definitiva por meio do fluxo de trabalho digital. Ap\u00f3s 12 meses foi observado sucesso cl\u00ednico e radiogr\u00e1fico do implante, observando uma estabilidade \u00f3ssea marginal e de tecidos moles.<\/p><p><strong>Conclus\u00e3o ou considera\u00e7\u00f5es finais: <\/strong>O implante de zirc\u00f4nia se mostrou como uma alternativa promissora ao implante de tit\u00e2nio, demonstrando um resultado est\u00e9tico superior, alta biocompatibilidade e manuten\u00e7\u00e3o \u00f3ssea e gengival ap\u00f3s 1 ano de tratamento.<\/p><p><strong>Discuss\u00e3o e conclus\u00f5es: &#8211;<\/strong><\/p><p><strong>Palavras chave: \u00a0&#8211;<\/strong><\/p>\t\t\t\t\t\t<\/div>\n\t\t\t\t<\/div>\n\t\t\t\t<div class=\"elementor-element elementor-element-32d37a5c elementor-widget elementor-widget-shortcode\" data-id=\"32d37a5c\" data-element_type=\"widget\" data-widget_type=\"shortcode.default\">\n\t\t\t\t<div class=\"elementor-widget-container\">\n\t\t\t\t\t<div class=\"elementor-shortcode\"><a href=\"javascript:history.back(1)\" target=\"_self\"><img decoding=\"async\" src=\"..\/wp-content\/uploads\/2023\/05\/bot-voltar.png\" widht=\"103\" height=\"28\" border=\"0\"><\/a> <\/div>\n\t\t\t\t<\/div>\n\t\t\t\t<\/div>\n\t\t\t\t<\/div>\n\t\t<div class=\"elementor-element elementor-element-62d272ef e-con-full e-flex e-con\" data-id=\"62d272ef\" data-element_type=\"container\" data-settings=\"{&quot;content_width&quot;:&quot;full&quot;}\">\n\t\t\t\t<\/div>\n\t\t\t\t<\/div>\n\t\t\t\t\t\t\t<\/div>\n\t\t","protected":false},"excerpt":{"rendered":"<p>Menu Neodent, Caso Cl\u00ednico Reabilita\u00e7\u00e3o de \u00e1rea est\u00e9tica com implante cer\u00e2mico, stick bone e fibrina ricas em plaquetas ID Trabalho: 1108973 Autores: Gustavo Moreno\u00a0 Braga (Faculdade<span class=\"excerpt-hellip\"> [\u2026]<\/span><\/p>\n","protected":false},"author":1,"featured_media":0,"parent":0,"menu_order":0,"comment_status":"closed","ping_status":"closed","template":"","meta":[],"_links":{"self":[{"href":"https:\/\/anaisneodentcongress.com.br\/2023\/wp-json\/wp\/v2\/pages\/1299"}],"collection":[{"href":"https:\/\/anaisneodentcongress.com.br\/2023\/wp-json\/wp\/v2\/pages"}],"about":[{"href":"https:\/\/anaisneodentcongress.com.br\/2023\/wp-json\/wp\/v2\/types\/page"}],"author":[{"embeddable":true,"href":"https:\/\/anaisneodentcongress.com.br\/2023\/wp-json\/wp\/v2\/users\/1"}],"replies":[{"embeddable":true,"href":"https:\/\/anaisneodentcongress.com.br\/2023\/wp-json\/wp\/v2\/comments?post=1299"}],"version-history":[{"count":7,"href":"https:\/\/anaisneodentcongress.com.br\/2023\/wp-json\/wp\/v2\/pages\/1299\/revisions"}],"predecessor-version":[{"id":1307,"href":"https:\/\/anaisneodentcongress.com.br\/2023\/wp-json\/wp\/v2\/pages\/1299\/revisions\/1307"}],"wp:attachment":[{"href":"https:\/\/anaisneodentcongress.com.br\/2023\/wp-json\/wp\/v2\/media?parent=1299"}],"curies":[{"name":"wp","href":"https:\/\/api.w.org\/{rel}","templated":true}]}}