{"id":1287,"date":"2023-05-12T17:26:51","date_gmt":"2023-05-12T20:26:51","guid":{"rendered":"https:\/\/anaisneodentcongress.com.br\/2023\/?page_id=1287"},"modified":"2023-05-12T17:27:42","modified_gmt":"2023-05-12T20:27:42","slug":"implante-unitario-imediato-para-reabilitacao-de-area-estetica","status":"publish","type":"page","link":"https:\/\/anaisneodentcongress.com.br\/2023\/implante-unitario-imediato-para-reabilitacao-de-area-estetica\/","title":{"rendered":"Implante Unit\u00e1rio Imediato Para Reabilita\u00e7\u00e3o de \u00c1rea Est\u00e9tica"},"content":{"rendered":"\t\t<div data-elementor-type=\"wp-page\" data-elementor-id=\"1287\" class=\"elementor elementor-1287\">\n\t\t\t\t\t\t\t<div class=\"elementor-element elementor-element-28ec7a2c e-con-full e-flex e-con\" data-id=\"28ec7a2c\" data-element_type=\"container\" data-settings=\"{&quot;content_width&quot;:&quot;full&quot;,&quot;background_background&quot;:&quot;classic&quot;}\">\n\t\t<div class=\"elementor-element elementor-element-5095224 e-con-full e-flex e-con\" data-id=\"5095224\" data-element_type=\"container\" data-settings=\"{&quot;content_width&quot;:&quot;full&quot;}\">\n\t\t\t\t<\/div>\n\t\t<div class=\"elementor-element elementor-element-bb55c25 e-con-full e-flex e-con\" data-id=\"bb55c25\" data-element_type=\"container\" data-settings=\"{&quot;content_width&quot;:&quot;full&quot;,&quot;background_background&quot;:&quot;classic&quot;}\">\n\t\t<div class=\"elementor-element elementor-element-3880f0be e-con-boxed e-flex e-con\" data-id=\"3880f0be\" data-element_type=\"container\" data-settings=\"{&quot;content_width&quot;:&quot;boxed&quot;}\">\n\t\t\t\t\t<div class=\"e-con-inner\">\n\t\t\t\t<div class=\"elementor-element elementor-element-6fab4fa4 elementor-widget elementor-widget-heading\" data-id=\"6fab4fa4\" data-element_type=\"widget\" data-widget_type=\"heading.default\">\n\t\t\t\t<div class=\"elementor-widget-container\">\n\t\t\t<style>\/*! elementor - v3.13.2 - 11-05-2023 *\/\n.elementor-heading-title{padding:0;margin:0;line-height:1}.elementor-widget-heading .elementor-heading-title[class*=elementor-size-]>a{color:inherit;font-size:inherit;line-height:inherit}.elementor-widget-heading .elementor-heading-title.elementor-size-small{font-size:15px}.elementor-widget-heading .elementor-heading-title.elementor-size-medium{font-size:19px}.elementor-widget-heading .elementor-heading-title.elementor-size-large{font-size:29px}.elementor-widget-heading .elementor-heading-title.elementor-size-xl{font-size:39px}.elementor-widget-heading .elementor-heading-title.elementor-size-xxl{font-size:59px}<\/style><h2 class=\"elementor-heading-title elementor-size-default\"><a href=\"\/2023\/menu-neodent-caso-clinico\/\">Menu<\/a><\/h2>\t\t<\/div>\n\t\t\t\t<\/div>\n\t\t\t\t<div class=\"elementor-element elementor-element-77b98d4d elementor-widget elementor-widget-heading\" data-id=\"77b98d4d\" data-element_type=\"widget\" data-widget_type=\"heading.default\">\n\t\t\t\t<div class=\"elementor-widget-container\">\n\t\t\t<h2 class=\"elementor-heading-title elementor-size-default\"><a href=\"\/2023\/menu-neodent-caso-clinico\/\">Neodent, Caso Cl\u00ednico<\/a><\/h2>\t\t<\/div>\n\t\t\t\t<\/div>\n\t\t\t\t\t<\/div>\n\t\t\t\t<\/div>\n\t\t<div class=\"elementor-element elementor-element-26bb5e79 e-con-boxed e-flex e-con\" data-id=\"26bb5e79\" data-element_type=\"container\" data-settings=\"{&quot;content_width&quot;:&quot;boxed&quot;}\">\n\t\t\t\t\t<div class=\"e-con-inner\">\n\t\t\t\t<div class=\"elementor-element elementor-element-712535dc elementor-widget elementor-widget-heading\" data-id=\"712535dc\" data-element_type=\"widget\" data-widget_type=\"heading.default\">\n\t\t\t\t<div class=\"elementor-widget-container\">\n\t\t\t<h2 class=\"elementor-heading-title elementor-size-default\">Implante Unit\u00e1rio Imediato Para Reabilita\u00e7\u00e3o de \u00c1rea Est\u00e9tica<\/h2>\t\t<\/div>\n\t\t\t\t<\/div>\n\t\t\t\t\t<\/div>\n\t\t\t\t<\/div>\n\t\t\t\t<div class=\"elementor-element elementor-element-1294dbc6 elementor-widget elementor-widget-text-editor\" data-id=\"1294dbc6\" data-element_type=\"widget\" data-widget_type=\"text-editor.default\">\n\t\t\t\t<div class=\"elementor-widget-container\">\n\t\t\t<style>\/*! elementor - v3.13.2 - 11-05-2023 *\/\n.elementor-widget-text-editor.elementor-drop-cap-view-stacked .elementor-drop-cap{background-color:#69727d;color:#fff}.elementor-widget-text-editor.elementor-drop-cap-view-framed .elementor-drop-cap{color:#69727d;border:3px solid;background-color:transparent}.elementor-widget-text-editor:not(.elementor-drop-cap-view-default) .elementor-drop-cap{margin-top:8px}.elementor-widget-text-editor:not(.elementor-drop-cap-view-default) .elementor-drop-cap-letter{width:1em;height:1em}.elementor-widget-text-editor .elementor-drop-cap{float:left;text-align:center;line-height:1;font-size:50px}.elementor-widget-text-editor .elementor-drop-cap-letter{display:inline-block}<\/style>\t\t\t\t<p><span style=\"color: #e8307c;\"><strong>ID Trabalho:<\/strong> 1108972<\/span><\/p><p><strong>Autores: <\/strong>YOHANNA CAMPOS D`AMICO (FACULDADE ILAPEO &#8211; CURITIBA &#8211; PR &#8211; Brasil), ELISA MATTIAS SARTORI (FACULDADE ILAPEO &#8211; CURITIBA &#8211; PR &#8211; Brasil), IVETE\u00a0 APARECIDA DE MATTIAS SARTORI (FACULDADE ILAPEO &#8211; CURITIBA &#8211; PR &#8211; Brasil), PEDRO\u00a0 HENRIQUE DE ALENCAR E\u00a0 SILVA (FACULDADE ILAPEO &#8211; CURITIBA &#8211; PR &#8211; Brasil)<\/p><p><strong>Institui\u00e7\u00f5es dos autores:<\/strong> FACULDADE ILAPEO &#8211; CURITIBA &#8211; PR &#8211; Brasil<\/p><p><strong>Introdu\u00e7\u00e3o: <\/strong>A instala\u00e7\u00e3o de um implante dent\u00e1rio pode ser realizada em diferentes momentos sendo classificado como imediato, precoce ou tardio. A t\u00e9cnica cir\u00fargica de exodontia, para posterior instala\u00e7\u00e3o de um implante imediato, deve ser muito delicada, preservando-se a t\u00e1bua \u00f3ssea vestibular, sendo este um dos principais fatores para sucesso do tratamento, ainda mais por se tratar de setor anterior da maxila que apresenta uma espessura \u00f3ssea fina e por ser uma \u00e1rea est\u00e9tica.<\/p><p><strong>Relato do caso: <\/strong>Ap\u00f3s realiza\u00e7\u00e3o de exame de imagem (RX periapical) da regi\u00e3o do elemento 22 foi constatada uma fratura importante e les\u00e3o apical, paciente relatava descolamento frequente de n\u00facleo e coroa. Como proposta de tratamento foi realizado exodontia atraum\u00e1tica do elemento dent\u00e1rio e instala\u00e7\u00e3o de um implante Helix GM (Neodent) 3.5x13mm com torque de 45Ncm, possibilitando a escolha do intermedi\u00e1rio e instala\u00e7\u00e3o de um munh\u00e3o universal de 3.3x6x4.5mm, e confec\u00e7\u00e3o da pr\u00f3tese provis\u00f3ria e cimenta\u00e7\u00e3o imediata. Paciente retornou ap\u00f3s 15 dias em que foi poss\u00edvel constatar preserva\u00e7\u00e3o do tecido gengival, estabilidade e cicatriza\u00e7\u00e3o adequada. Ap\u00f3s 4 meses foi realizado o tratamento reabilitador dos dentes anteriores e a cimenta\u00e7\u00e3o da coroa cer\u00e2mica.<\/p><p><strong>Conclus\u00e3o ou considera\u00e7\u00f5es finais: <\/strong>A t\u00e9cnica imediata tem se mostrado uma das melhores op\u00e7\u00f5es de tratamento para instala\u00e7\u00e3o de implantes em \u00e1reas est\u00e9ticas, de maneira r\u00e1pida e atraum\u00e1tica, com \u00f3tima preserva\u00e7\u00e3o da margem gengival e da t\u00e1bua \u00f3ssea, promovendo um tratamento de sucesso, apresentando tamb\u00e9m uma menor morbidade e resultados est\u00e9ticos imediatos com fun\u00e7\u00e3o adequada.<\/p><p><strong>Discuss\u00e3o e conclus\u00f5es: <\/strong><\/p><p><strong>Palavras chave: <\/strong>Implantes Dent\u00e1rios; Implante imediato em \u00e1rea est\u00e9tica; Preserva\u00e7\u00e3o de tabua \u00f3ssea; Reabilita\u00e7\u00e3o Bucal; Reparo tecidual<\/p>\t\t\t\t\t\t<\/div>\n\t\t\t\t<\/div>\n\t\t\t\t<div class=\"elementor-element elementor-element-4c83bd8f elementor-widget elementor-widget-shortcode\" data-id=\"4c83bd8f\" data-element_type=\"widget\" data-widget_type=\"shortcode.default\">\n\t\t\t\t<div class=\"elementor-widget-container\">\n\t\t\t\t\t<div class=\"elementor-shortcode\"><a href=\"javascript:history.back(1)\" target=\"_self\"><img decoding=\"async\" src=\"..\/wp-content\/uploads\/2023\/05\/bot-voltar.png\" widht=\"103\" height=\"28\" border=\"0\"><\/a> <\/div>\n\t\t\t\t<\/div>\n\t\t\t\t<\/div>\n\t\t\t\t<\/div>\n\t\t<div class=\"elementor-element elementor-element-13c293c e-con-full e-flex e-con\" data-id=\"13c293c\" data-element_type=\"container\" data-settings=\"{&quot;content_width&quot;:&quot;full&quot;}\">\n\t\t\t\t<\/div>\n\t\t\t\t<\/div>\n\t\t\t\t\t\t\t<\/div>\n\t\t","protected":false},"excerpt":{"rendered":"<p>Menu Neodent, Caso Cl\u00ednico Implante Unit\u00e1rio Imediato Para Reabilita\u00e7\u00e3o de \u00c1rea Est\u00e9tica ID Trabalho: 1108972 Autores: YOHANNA CAMPOS D`AMICO (FACULDADE ILAPEO &#8211; CURITIBA &#8211; PR &#8211;<span class=\"excerpt-hellip\"> [\u2026]<\/span><\/p>\n","protected":false},"author":1,"featured_media":0,"parent":0,"menu_order":0,"comment_status":"closed","ping_status":"closed","template":"","meta":[],"_links":{"self":[{"href":"https:\/\/anaisneodentcongress.com.br\/2023\/wp-json\/wp\/v2\/pages\/1287"}],"collection":[{"href":"https:\/\/anaisneodentcongress.com.br\/2023\/wp-json\/wp\/v2\/pages"}],"about":[{"href":"https:\/\/anaisneodentcongress.com.br\/2023\/wp-json\/wp\/v2\/types\/page"}],"author":[{"embeddable":true,"href":"https:\/\/anaisneodentcongress.com.br\/2023\/wp-json\/wp\/v2\/users\/1"}],"replies":[{"embeddable":true,"href":"https:\/\/anaisneodentcongress.com.br\/2023\/wp-json\/wp\/v2\/comments?post=1287"}],"version-history":[{"count":7,"href":"https:\/\/anaisneodentcongress.com.br\/2023\/wp-json\/wp\/v2\/pages\/1287\/revisions"}],"predecessor-version":[{"id":1295,"href":"https:\/\/anaisneodentcongress.com.br\/2023\/wp-json\/wp\/v2\/pages\/1287\/revisions\/1295"}],"wp:attachment":[{"href":"https:\/\/anaisneodentcongress.com.br\/2023\/wp-json\/wp\/v2\/media?parent=1287"}],"curies":[{"name":"wp","href":"https:\/\/api.w.org\/{rel}","templated":true}]}}