{"id":1275,"date":"2023-05-12T17:25:05","date_gmt":"2023-05-12T20:25:05","guid":{"rendered":"https:\/\/anaisneodentcongress.com.br\/2023\/?page_id=1275"},"modified":"2023-05-12T17:25:52","modified_gmt":"2023-05-12T20:25:52","slug":"manipulacao-tecidual-peri-implantar-tecnica-do-rolo-e-enxerto-conjuntivo-relato-de-caso-clinico","status":"publish","type":"page","link":"https:\/\/anaisneodentcongress.com.br\/2023\/manipulacao-tecidual-peri-implantar-tecnica-do-rolo-e-enxerto-conjuntivo-relato-de-caso-clinico\/","title":{"rendered":"Manipula\u00e7\u00e3o tecidual peri-implantar: t\u00e9cnica do rolo e enxerto conjuntivo &#8211; Relato de caso cl\u00ednico"},"content":{"rendered":"\t\t<div data-elementor-type=\"wp-page\" data-elementor-id=\"1275\" class=\"elementor elementor-1275\">\n\t\t\t\t\t\t\t<div class=\"elementor-element elementor-element-3dcc44b7 e-con-full e-flex e-con\" data-id=\"3dcc44b7\" data-element_type=\"container\" data-settings=\"{&quot;content_width&quot;:&quot;full&quot;,&quot;background_background&quot;:&quot;classic&quot;}\">\n\t\t<div class=\"elementor-element elementor-element-43caa401 e-con-full e-flex e-con\" data-id=\"43caa401\" data-element_type=\"container\" data-settings=\"{&quot;content_width&quot;:&quot;full&quot;}\">\n\t\t\t\t<\/div>\n\t\t<div class=\"elementor-element elementor-element-4bf31902 e-con-full e-flex e-con\" data-id=\"4bf31902\" data-element_type=\"container\" data-settings=\"{&quot;content_width&quot;:&quot;full&quot;,&quot;background_background&quot;:&quot;classic&quot;}\">\n\t\t<div class=\"elementor-element elementor-element-39c19f29 e-con-boxed e-flex e-con\" data-id=\"39c19f29\" data-element_type=\"container\" data-settings=\"{&quot;content_width&quot;:&quot;boxed&quot;}\">\n\t\t\t\t\t<div class=\"e-con-inner\">\n\t\t\t\t<div class=\"elementor-element elementor-element-3b6e369e elementor-widget elementor-widget-heading\" data-id=\"3b6e369e\" data-element_type=\"widget\" data-widget_type=\"heading.default\">\n\t\t\t\t<div class=\"elementor-widget-container\">\n\t\t\t<style>\/*! elementor - v3.13.2 - 11-05-2023 *\/\n.elementor-heading-title{padding:0;margin:0;line-height:1}.elementor-widget-heading .elementor-heading-title[class*=elementor-size-]>a{color:inherit;font-size:inherit;line-height:inherit}.elementor-widget-heading .elementor-heading-title.elementor-size-small{font-size:15px}.elementor-widget-heading .elementor-heading-title.elementor-size-medium{font-size:19px}.elementor-widget-heading .elementor-heading-title.elementor-size-large{font-size:29px}.elementor-widget-heading .elementor-heading-title.elementor-size-xl{font-size:39px}.elementor-widget-heading .elementor-heading-title.elementor-size-xxl{font-size:59px}<\/style><h2 class=\"elementor-heading-title elementor-size-default\"><a href=\"\/2023\/menu-neodent-caso-clinico\/\">Menu<\/a><\/h2>\t\t<\/div>\n\t\t\t\t<\/div>\n\t\t\t\t<div class=\"elementor-element elementor-element-11996a5d elementor-widget elementor-widget-heading\" data-id=\"11996a5d\" data-element_type=\"widget\" data-widget_type=\"heading.default\">\n\t\t\t\t<div class=\"elementor-widget-container\">\n\t\t\t<h2 class=\"elementor-heading-title elementor-size-default\"><a href=\"\/2023\/menu-neodent-caso-clinico\/\">Neodent, Caso Cl\u00ednico<\/a><\/h2>\t\t<\/div>\n\t\t\t\t<\/div>\n\t\t\t\t\t<\/div>\n\t\t\t\t<\/div>\n\t\t<div class=\"elementor-element elementor-element-1c5438ba e-con-boxed e-flex e-con\" data-id=\"1c5438ba\" data-element_type=\"container\" data-settings=\"{&quot;content_width&quot;:&quot;boxed&quot;}\">\n\t\t\t\t\t<div class=\"e-con-inner\">\n\t\t\t\t<div class=\"elementor-element elementor-element-22e955ce elementor-widget elementor-widget-heading\" data-id=\"22e955ce\" data-element_type=\"widget\" data-widget_type=\"heading.default\">\n\t\t\t\t<div class=\"elementor-widget-container\">\n\t\t\t<h2 class=\"elementor-heading-title elementor-size-default\">Manipula\u00e7\u00e3o tecidual peri-implantar: t\u00e9cnica do rolo e enxerto conjuntivo - Relato de caso cl\u00ednico<\/h2>\t\t<\/div>\n\t\t\t\t<\/div>\n\t\t\t\t\t<\/div>\n\t\t\t\t<\/div>\n\t\t\t\t<div class=\"elementor-element elementor-element-e1feb20 elementor-widget elementor-widget-text-editor\" data-id=\"e1feb20\" data-element_type=\"widget\" data-widget_type=\"text-editor.default\">\n\t\t\t\t<div class=\"elementor-widget-container\">\n\t\t\t<style>\/*! elementor - v3.13.2 - 11-05-2023 *\/\n.elementor-widget-text-editor.elementor-drop-cap-view-stacked .elementor-drop-cap{background-color:#69727d;color:#fff}.elementor-widget-text-editor.elementor-drop-cap-view-framed .elementor-drop-cap{color:#69727d;border:3px solid;background-color:transparent}.elementor-widget-text-editor:not(.elementor-drop-cap-view-default) .elementor-drop-cap{margin-top:8px}.elementor-widget-text-editor:not(.elementor-drop-cap-view-default) .elementor-drop-cap-letter{width:1em;height:1em}.elementor-widget-text-editor .elementor-drop-cap{float:left;text-align:center;line-height:1;font-size:50px}.elementor-widget-text-editor .elementor-drop-cap-letter{display:inline-block}<\/style>\t\t\t\t<p><span style=\"color: #e8307c;\"><strong>ID Trabalho:<\/strong> 1108970<\/span><\/p><p><strong>Autores: <\/strong>Ana Paula Azevedo\u00a0 Penteado (Ilapeo &#8211; Curitiba &#8211; PR &#8211; Brasil), Telma Blanca Lombardo Bedran (Ilapeo &#8211; Curitiba &#8211; PR &#8211; Brasil)<\/p><p><strong>Institui\u00e7\u00f5es dos autores:<\/strong> Ilapeo &#8211; Curitiba &#8211; PR &#8211; Brasil<\/p><p><strong>Introdu\u00e7\u00e3o: <\/strong>A manipula\u00e7\u00e3o tecidual em implantes visa uma melhora no fen\u00f3tipo da mucosa peri-implantar. Existem t\u00e9cnicas para este procedimento, como o enxerto de tecido conjuntivo, que possibilita a corre\u00e7\u00f5es de grandes defeitos, por\u00e9m, necessidade de um segundo s\u00edtio cir\u00fargico. J\u00e1 a t\u00e9cnica do rolo modificada, n\u00e3o \u00e9 necess\u00e1rio um segundo s\u00edtio cir\u00fargico e consiste na movimenta\u00e7\u00e3o vestibular do tecido conjuntivo palatino, esta t\u00e9cnica \u00e9 indicada para corre\u00e7\u00f5es de pequenas defeitos. O objetivo do presente relato de caso cl\u00ednico foi comparar clinicamente as t\u00e9cnicas de enxerto de tecido conjuntivo subepitelial e a t\u00e9cnica do rolo modificada para altera\u00e7\u00e3o do fen\u00f3tipo da mucosa peri-implantar no momento da reabertura<\/p><p><strong>Relato do caso: <\/strong>Paciente do sexo masculino, 57 anos de idade, sistemicamente saud\u00e1vel, compareceu a cl\u00ednica da ILAPEO para realizar implantes na regi\u00e3o dos dentes 24 e 14\/15. Foram instalados implantes Helix Grand Morse de 3,75x13mm na regi\u00e3o do dente 24 e 2 implantes de 3,5x13mm nas regi\u00f5es dos dentes 14 e 15, todos os implantes obtiveram 32N de torque. Ap\u00f3s 1 ano e 2 meses foi realizada a reabertura na regi\u00e3o dos dentes 14 e 15 com instala\u00e7\u00e3o de provis\u00f3rio e enxerto de tecido conjuntivo e no dente 24 foi realizada a reabertura ap\u00f3s 4 meses pela t\u00e9cnica do rolo modificada com instala\u00e7\u00e3o de provis\u00f3rio imediato. O paciente foi acompanhado durante 1, 2 e 3 meses.<\/p><p><strong>Conclus\u00e3o ou considera\u00e7\u00f5es finais: <\/strong>Ambas as t\u00e9cnicas foram eficazes para melhorar o fen\u00f3tipo da mucosa peri-implantar, entretanto a t\u00e9cnica do rolo modificada gerou menos morbidade.<\/p><p><strong>Discuss\u00e3o e conclus\u00f5es: &#8211;<\/strong><\/p><p><strong>Palavras chave: \u00a0&#8211;<\/strong><\/p>\t\t\t\t\t\t<\/div>\n\t\t\t\t<\/div>\n\t\t\t\t<div class=\"elementor-element elementor-element-2ddf010c elementor-widget elementor-widget-shortcode\" data-id=\"2ddf010c\" data-element_type=\"widget\" data-widget_type=\"shortcode.default\">\n\t\t\t\t<div class=\"elementor-widget-container\">\n\t\t\t\t\t<div class=\"elementor-shortcode\"><a href=\"javascript:history.back(1)\" target=\"_self\"><img decoding=\"async\" src=\"..\/wp-content\/uploads\/2023\/05\/bot-voltar.png\" widht=\"103\" height=\"28\" border=\"0\"><\/a> <\/div>\n\t\t\t\t<\/div>\n\t\t\t\t<\/div>\n\t\t\t\t<\/div>\n\t\t<div class=\"elementor-element elementor-element-7889638e e-con-full e-flex e-con\" data-id=\"7889638e\" data-element_type=\"container\" data-settings=\"{&quot;content_width&quot;:&quot;full&quot;}\">\n\t\t\t\t<\/div>\n\t\t\t\t<\/div>\n\t\t\t\t\t\t\t<\/div>\n\t\t","protected":false},"excerpt":{"rendered":"<p>Menu Neodent, Caso Cl\u00ednico Manipula\u00e7\u00e3o tecidual peri-implantar: t\u00e9cnica do rolo e enxerto conjuntivo &#8211; Relato de caso cl\u00ednico ID Trabalho: 1108970 Autores: Ana Paula Azevedo\u00a0 Penteado<span class=\"excerpt-hellip\"> [\u2026]<\/span><\/p>\n","protected":false},"author":1,"featured_media":0,"parent":0,"menu_order":0,"comment_status":"closed","ping_status":"closed","template":"","meta":[],"_links":{"self":[{"href":"https:\/\/anaisneodentcongress.com.br\/2023\/wp-json\/wp\/v2\/pages\/1275"}],"collection":[{"href":"https:\/\/anaisneodentcongress.com.br\/2023\/wp-json\/wp\/v2\/pages"}],"about":[{"href":"https:\/\/anaisneodentcongress.com.br\/2023\/wp-json\/wp\/v2\/types\/page"}],"author":[{"embeddable":true,"href":"https:\/\/anaisneodentcongress.com.br\/2023\/wp-json\/wp\/v2\/users\/1"}],"replies":[{"embeddable":true,"href":"https:\/\/anaisneodentcongress.com.br\/2023\/wp-json\/wp\/v2\/comments?post=1275"}],"version-history":[{"count":7,"href":"https:\/\/anaisneodentcongress.com.br\/2023\/wp-json\/wp\/v2\/pages\/1275\/revisions"}],"predecessor-version":[{"id":1283,"href":"https:\/\/anaisneodentcongress.com.br\/2023\/wp-json\/wp\/v2\/pages\/1275\/revisions\/1283"}],"wp:attachment":[{"href":"https:\/\/anaisneodentcongress.com.br\/2023\/wp-json\/wp\/v2\/media?parent=1275"}],"curies":[{"name":"wp","href":"https:\/\/api.w.org\/{rel}","templated":true}]}}