{"id":1263,"date":"2023-05-12T17:23:21","date_gmt":"2023-05-12T20:23:21","guid":{"rendered":"https:\/\/anaisneodentcongress.com.br\/2023\/?page_id=1263"},"modified":"2023-05-12T17:24:10","modified_gmt":"2023-05-12T20:24:10","slug":"uso-de-enxerto-conjuntivo-pela-tecnica-da-dermoabrasao-para-melhora-de-area-estetica","status":"publish","type":"page","link":"https:\/\/anaisneodentcongress.com.br\/2023\/uso-de-enxerto-conjuntivo-pela-tecnica-da-dermoabrasao-para-melhora-de-area-estetica\/","title":{"rendered":"Uso de enxerto conjuntivo pela t\u00e9cnica da dermoabras\u00e3o para melhora de \u00e1rea est\u00e9tica"},"content":{"rendered":"\t\t<div data-elementor-type=\"wp-page\" data-elementor-id=\"1263\" class=\"elementor elementor-1263\">\n\t\t\t\t\t\t\t<div class=\"elementor-element elementor-element-544ab0b7 e-con-full e-flex e-con\" data-id=\"544ab0b7\" data-element_type=\"container\" data-settings=\"{&quot;content_width&quot;:&quot;full&quot;,&quot;background_background&quot;:&quot;classic&quot;}\">\n\t\t<div class=\"elementor-element elementor-element-209fbeaa e-con-full e-flex e-con\" data-id=\"209fbeaa\" data-element_type=\"container\" data-settings=\"{&quot;content_width&quot;:&quot;full&quot;}\">\n\t\t\t\t<\/div>\n\t\t<div class=\"elementor-element elementor-element-4552a595 e-con-full e-flex e-con\" data-id=\"4552a595\" data-element_type=\"container\" data-settings=\"{&quot;content_width&quot;:&quot;full&quot;,&quot;background_background&quot;:&quot;classic&quot;}\">\n\t\t<div class=\"elementor-element elementor-element-3c226218 e-con-boxed e-flex e-con\" data-id=\"3c226218\" data-element_type=\"container\" data-settings=\"{&quot;content_width&quot;:&quot;boxed&quot;}\">\n\t\t\t\t\t<div class=\"e-con-inner\">\n\t\t\t\t<div class=\"elementor-element elementor-element-d3a0798 elementor-widget elementor-widget-heading\" data-id=\"d3a0798\" data-element_type=\"widget\" data-widget_type=\"heading.default\">\n\t\t\t\t<div class=\"elementor-widget-container\">\n\t\t\t<style>\/*! elementor - v3.13.2 - 11-05-2023 *\/\n.elementor-heading-title{padding:0;margin:0;line-height:1}.elementor-widget-heading .elementor-heading-title[class*=elementor-size-]>a{color:inherit;font-size:inherit;line-height:inherit}.elementor-widget-heading .elementor-heading-title.elementor-size-small{font-size:15px}.elementor-widget-heading .elementor-heading-title.elementor-size-medium{font-size:19px}.elementor-widget-heading .elementor-heading-title.elementor-size-large{font-size:29px}.elementor-widget-heading .elementor-heading-title.elementor-size-xl{font-size:39px}.elementor-widget-heading .elementor-heading-title.elementor-size-xxl{font-size:59px}<\/style><h2 class=\"elementor-heading-title elementor-size-default\"><a href=\"\/2023\/menu-neodent-caso-clinico\/\">Menu<\/a><\/h2>\t\t<\/div>\n\t\t\t\t<\/div>\n\t\t\t\t<div class=\"elementor-element elementor-element-7017b8b7 elementor-widget elementor-widget-heading\" data-id=\"7017b8b7\" data-element_type=\"widget\" data-widget_type=\"heading.default\">\n\t\t\t\t<div class=\"elementor-widget-container\">\n\t\t\t<h2 class=\"elementor-heading-title elementor-size-default\"><a href=\"\/2023\/menu-neodent-caso-clinico\/\">Neodent, Caso Cl\u00ednico<\/a><\/h2>\t\t<\/div>\n\t\t\t\t<\/div>\n\t\t\t\t\t<\/div>\n\t\t\t\t<\/div>\n\t\t<div class=\"elementor-element elementor-element-7ebd20cf e-con-boxed e-flex e-con\" data-id=\"7ebd20cf\" data-element_type=\"container\" data-settings=\"{&quot;content_width&quot;:&quot;boxed&quot;}\">\n\t\t\t\t\t<div class=\"e-con-inner\">\n\t\t\t\t<div class=\"elementor-element elementor-element-11d2bee2 elementor-widget elementor-widget-heading\" data-id=\"11d2bee2\" data-element_type=\"widget\" data-widget_type=\"heading.default\">\n\t\t\t\t<div class=\"elementor-widget-container\">\n\t\t\t<h2 class=\"elementor-heading-title elementor-size-default\">Uso de enxerto conjuntivo pela t\u00e9cnica da dermoabras\u00e3o para melhora de \u00e1rea est\u00e9tica<\/h2>\t\t<\/div>\n\t\t\t\t<\/div>\n\t\t\t\t\t<\/div>\n\t\t\t\t<\/div>\n\t\t\t\t<div class=\"elementor-element elementor-element-72bd3144 elementor-widget elementor-widget-text-editor\" data-id=\"72bd3144\" data-element_type=\"widget\" data-widget_type=\"text-editor.default\">\n\t\t\t\t<div class=\"elementor-widget-container\">\n\t\t\t<style>\/*! elementor - v3.13.2 - 11-05-2023 *\/\n.elementor-widget-text-editor.elementor-drop-cap-view-stacked .elementor-drop-cap{background-color:#69727d;color:#fff}.elementor-widget-text-editor.elementor-drop-cap-view-framed .elementor-drop-cap{color:#69727d;border:3px solid;background-color:transparent}.elementor-widget-text-editor:not(.elementor-drop-cap-view-default) .elementor-drop-cap{margin-top:8px}.elementor-widget-text-editor:not(.elementor-drop-cap-view-default) .elementor-drop-cap-letter{width:1em;height:1em}.elementor-widget-text-editor .elementor-drop-cap{float:left;text-align:center;line-height:1;font-size:50px}.elementor-widget-text-editor .elementor-drop-cap-letter{display:inline-block}<\/style>\t\t\t\t<p><span style=\"color: #e8307c;\"><strong>ID Trabalho:<\/strong> 1108968<\/span><\/p><p><strong>Autores: <\/strong>Marcio\u00a0 Andr\u00e9 de\u00a0 Lira (Rede NOA\/Ilapeo\u00a0 &#8211; Macei\u00f3 &#8211; AL &#8211; Brasil), Augusto\u00a0 Moura\u00a0 Junior (Rede NOA\/Ilapeo &#8211; Macei\u00f3 &#8211; AL &#8211; Brasil), Reinaldo\u00a0 Cavalcanti da Silva Junior (Rede NOA\/Ilapeo &#8211; Macei\u00f3 &#8211; AL &#8211; Brasil), Pedro\u00a0 Henrique de Alecar e Silva Leite (Rede NOA\/Ilapeo &#8211; Macei\u00f3 &#8211; AL &#8211; Brasil), H\u00e9lvio\u00a0 Henrique Ara\u00fajo de\u00a0 Almeida (Rede NOA\/Ilapeo &#8211; Macei\u00f3 &#8211; AL &#8211; Brasil), Elisa\u00a0 Mattias\u00a0 Sartori (Rede NOA\/Ilapeo &#8211; Curitiba &#8211; PR &#8211; Brasil)<\/p><p><strong>Institui\u00e7\u00f5es dos autores:<\/strong> Rede NOA\/Ilapeo\u00a0 &#8211; Macei\u00f3 &#8211; AL &#8211; Brasil,Rede NOA\/Ilapeo &#8211; Curitiba &#8211; PR &#8211; Brasil,Rede NOA\/Ilapeo &#8211; Macei\u00f3 &#8211; AL &#8211; Brasil<\/p><p><strong>Introdu\u00e7\u00e3o: <\/strong>O uso de enxerto conjuntivo tem o objetivo de compensar a perda de volume gengival e promover tecido queratinizado em \u00e1reas est\u00e9ticas, melhorando o contorno da \u00e1rea afetada, favorecendo assim o perfil de emerg\u00eancia, estabilizando a margem gengival atrav\u00e9s de um biotipo gengival espesso e uma melhor higieniza\u00e7\u00e3o da \u00e1rea.<\/p><p><strong>Relato do caso: <\/strong>Paciente com perda no volume do tecido gengival na regi\u00e3o de implante, foi realizado a remo\u00e7\u00e3o do tecido conjuntivo na regi\u00e3o de palato duro pela t\u00e9cnica da dermoabras\u00e3o e imediata reloca\u00e7\u00e3o do tecido na \u00e1rea do elemento 12. Na regi\u00e3o doadora foi realizado sutura em X com fio 5-0 da Techsuture e preenchimento com esponja de fibrina e resina flow. Foi removido a sutura ap\u00f3s 15 dias nas duas regi\u00f5es e com 30 dias realizado corre\u00e7\u00e3o do perfil de emerg\u00eancia da coroa provis\u00f3ria.<\/p><p><strong>Conclus\u00e3o ou considera\u00e7\u00f5es finais: <\/strong>Com o procedimento foi poss\u00edvel restabelecer um tecido gengival queratinizado com volume apropriado, gerando a possibilidade de melhor higieniza\u00e7\u00e3o e ganho est\u00e9tico da regi\u00e3o. A desvantagem \u00e9 o risco hemorr\u00e1gico e a cicatriza\u00e7\u00e3o por segunda inten\u00e7\u00e3o do s\u00edtio doador com p\u00f3s-operat\u00f3rio doloroso.<\/p><p><strong>Discuss\u00e3o e conclus\u00f5es: <\/strong>Outra op\u00e7\u00e3o para esse caso cl\u00ednico seria o enxerto pela t\u00e9cnica gengival livre que tamb\u00e9m possibilita resultados satisfat\u00f3rios. A t\u00e9cnica mostrou-se de simples execu\u00e7\u00e3o com resultado previs\u00edvel e o paciente apresentou-se satisfeito com o resultado final.<\/p><p><strong>Palavras chave: <\/strong>Est\u00e9tica gengival; Volume gengival; Enxerto de conjuntivo; Est\u00e9tica Dent\u00e1ria<\/p>\t\t\t\t\t\t<\/div>\n\t\t\t\t<\/div>\n\t\t\t\t<div class=\"elementor-element elementor-element-3e01d170 elementor-widget elementor-widget-shortcode\" data-id=\"3e01d170\" data-element_type=\"widget\" data-widget_type=\"shortcode.default\">\n\t\t\t\t<div class=\"elementor-widget-container\">\n\t\t\t\t\t<div class=\"elementor-shortcode\"><a href=\"javascript:history.back(1)\" target=\"_self\"><img decoding=\"async\" src=\"..\/wp-content\/uploads\/2023\/05\/bot-voltar.png\" widht=\"103\" height=\"28\" border=\"0\"><\/a> <\/div>\n\t\t\t\t<\/div>\n\t\t\t\t<\/div>\n\t\t\t\t<\/div>\n\t\t<div class=\"elementor-element elementor-element-493a7028 e-con-full e-flex e-con\" data-id=\"493a7028\" data-element_type=\"container\" data-settings=\"{&quot;content_width&quot;:&quot;full&quot;}\">\n\t\t\t\t<\/div>\n\t\t\t\t<\/div>\n\t\t\t\t\t\t\t<\/div>\n\t\t","protected":false},"excerpt":{"rendered":"<p>Menu Neodent, Caso Cl\u00ednico Uso de enxerto conjuntivo pela t\u00e9cnica da dermoabras\u00e3o para melhora de \u00e1rea est\u00e9tica ID Trabalho: 1108968 Autores: Marcio\u00a0 Andr\u00e9 de\u00a0 Lira (Rede<span class=\"excerpt-hellip\"> [\u2026]<\/span><\/p>\n","protected":false},"author":1,"featured_media":0,"parent":0,"menu_order":0,"comment_status":"closed","ping_status":"closed","template":"","meta":[],"_links":{"self":[{"href":"https:\/\/anaisneodentcongress.com.br\/2023\/wp-json\/wp\/v2\/pages\/1263"}],"collection":[{"href":"https:\/\/anaisneodentcongress.com.br\/2023\/wp-json\/wp\/v2\/pages"}],"about":[{"href":"https:\/\/anaisneodentcongress.com.br\/2023\/wp-json\/wp\/v2\/types\/page"}],"author":[{"embeddable":true,"href":"https:\/\/anaisneodentcongress.com.br\/2023\/wp-json\/wp\/v2\/users\/1"}],"replies":[{"embeddable":true,"href":"https:\/\/anaisneodentcongress.com.br\/2023\/wp-json\/wp\/v2\/comments?post=1263"}],"version-history":[{"count":7,"href":"https:\/\/anaisneodentcongress.com.br\/2023\/wp-json\/wp\/v2\/pages\/1263\/revisions"}],"predecessor-version":[{"id":1271,"href":"https:\/\/anaisneodentcongress.com.br\/2023\/wp-json\/wp\/v2\/pages\/1263\/revisions\/1271"}],"wp:attachment":[{"href":"https:\/\/anaisneodentcongress.com.br\/2023\/wp-json\/wp\/v2\/media?parent=1263"}],"curies":[{"name":"wp","href":"https:\/\/api.w.org\/{rel}","templated":true}]}}