{"id":1227,"date":"2023-05-12T17:17:16","date_gmt":"2023-05-12T20:17:16","guid":{"rendered":"https:\/\/anaisneodentcongress.com.br\/2023\/?page_id=1227"},"modified":"2023-05-12T17:18:18","modified_gmt":"2023-05-12T20:18:18","slug":"resolucao-de-insucesso-de-implante-em-regiao-estetica-atraves-do-fluxo-digital","status":"publish","type":"page","link":"https:\/\/anaisneodentcongress.com.br\/2023\/resolucao-de-insucesso-de-implante-em-regiao-estetica-atraves-do-fluxo-digital\/","title":{"rendered":"Resolu\u00e7\u00e3o de insucesso de implante em regi\u00e3o est\u00e9tica atrav\u00e9s do fluxo digital"},"content":{"rendered":"\t\t<div data-elementor-type=\"wp-page\" data-elementor-id=\"1227\" class=\"elementor elementor-1227\">\n\t\t\t\t\t\t\t<div class=\"elementor-element elementor-element-64ebfa08 e-con-full e-flex e-con\" data-id=\"64ebfa08\" data-element_type=\"container\" data-settings=\"{&quot;content_width&quot;:&quot;full&quot;,&quot;background_background&quot;:&quot;classic&quot;}\">\n\t\t<div class=\"elementor-element elementor-element-33412e45 e-con-full e-flex e-con\" data-id=\"33412e45\" data-element_type=\"container\" data-settings=\"{&quot;content_width&quot;:&quot;full&quot;}\">\n\t\t\t\t<\/div>\n\t\t<div class=\"elementor-element elementor-element-5720290b e-con-full e-flex e-con\" data-id=\"5720290b\" data-element_type=\"container\" data-settings=\"{&quot;content_width&quot;:&quot;full&quot;,&quot;background_background&quot;:&quot;classic&quot;}\">\n\t\t<div class=\"elementor-element elementor-element-2e0fd7a7 e-con-boxed e-flex e-con\" data-id=\"2e0fd7a7\" data-element_type=\"container\" data-settings=\"{&quot;content_width&quot;:&quot;boxed&quot;}\">\n\t\t\t\t\t<div class=\"e-con-inner\">\n\t\t\t\t<div class=\"elementor-element elementor-element-37756fe1 elementor-widget elementor-widget-heading\" data-id=\"37756fe1\" data-element_type=\"widget\" data-widget_type=\"heading.default\">\n\t\t\t\t<div class=\"elementor-widget-container\">\n\t\t\t<style>\/*! elementor - v3.13.2 - 11-05-2023 *\/\n.elementor-heading-title{padding:0;margin:0;line-height:1}.elementor-widget-heading .elementor-heading-title[class*=elementor-size-]>a{color:inherit;font-size:inherit;line-height:inherit}.elementor-widget-heading .elementor-heading-title.elementor-size-small{font-size:15px}.elementor-widget-heading .elementor-heading-title.elementor-size-medium{font-size:19px}.elementor-widget-heading .elementor-heading-title.elementor-size-large{font-size:29px}.elementor-widget-heading .elementor-heading-title.elementor-size-xl{font-size:39px}.elementor-widget-heading .elementor-heading-title.elementor-size-xxl{font-size:59px}<\/style><h2 class=\"elementor-heading-title elementor-size-default\"><a href=\"\/2023\/menu-neodent-caso-clinico\/\">Menu<\/a><\/h2>\t\t<\/div>\n\t\t\t\t<\/div>\n\t\t\t\t<div class=\"elementor-element elementor-element-9048e1f elementor-widget elementor-widget-heading\" data-id=\"9048e1f\" data-element_type=\"widget\" data-widget_type=\"heading.default\">\n\t\t\t\t<div class=\"elementor-widget-container\">\n\t\t\t<h2 class=\"elementor-heading-title elementor-size-default\"><a href=\"\/2023\/menu-neodent-caso-clinico\/\">Neodent, Caso Cl\u00ednico<\/a><\/h2>\t\t<\/div>\n\t\t\t\t<\/div>\n\t\t\t\t\t<\/div>\n\t\t\t\t<\/div>\n\t\t<div class=\"elementor-element elementor-element-32e64dd e-con-boxed e-flex e-con\" data-id=\"32e64dd\" data-element_type=\"container\" data-settings=\"{&quot;content_width&quot;:&quot;boxed&quot;}\">\n\t\t\t\t\t<div class=\"e-con-inner\">\n\t\t\t\t<div class=\"elementor-element elementor-element-12444a59 elementor-widget elementor-widget-heading\" data-id=\"12444a59\" data-element_type=\"widget\" data-widget_type=\"heading.default\">\n\t\t\t\t<div class=\"elementor-widget-container\">\n\t\t\t<h2 class=\"elementor-heading-title elementor-size-default\">Resolu\u00e7\u00e3o de insucesso de implante em regi\u00e3o est\u00e9tica atrav\u00e9s do fluxo digital<\/h2>\t\t<\/div>\n\t\t\t\t<\/div>\n\t\t\t\t\t<\/div>\n\t\t\t\t<\/div>\n\t\t\t\t<div class=\"elementor-element elementor-element-478e4fa7 elementor-widget elementor-widget-text-editor\" data-id=\"478e4fa7\" data-element_type=\"widget\" data-widget_type=\"text-editor.default\">\n\t\t\t\t<div class=\"elementor-widget-container\">\n\t\t\t<style>\/*! elementor - v3.13.2 - 11-05-2023 *\/\n.elementor-widget-text-editor.elementor-drop-cap-view-stacked .elementor-drop-cap{background-color:#69727d;color:#fff}.elementor-widget-text-editor.elementor-drop-cap-view-framed .elementor-drop-cap{color:#69727d;border:3px solid;background-color:transparent}.elementor-widget-text-editor:not(.elementor-drop-cap-view-default) .elementor-drop-cap{margin-top:8px}.elementor-widget-text-editor:not(.elementor-drop-cap-view-default) .elementor-drop-cap-letter{width:1em;height:1em}.elementor-widget-text-editor .elementor-drop-cap{float:left;text-align:center;line-height:1;font-size:50px}.elementor-widget-text-editor .elementor-drop-cap-letter{display:inline-block}<\/style>\t\t\t\t<p><span style=\"color: #e8307c;\"><strong>ID Trabalho:<\/strong> 1108965<\/span><\/p><p><strong>Autores: <\/strong>GABRIELA NACER (ILAPEO &#8211; CURITIBA &#8211; PR &#8211; Brasil), IVETE SARTORI (ILAPEO &#8211; CURITIBA &#8211; PR &#8211; Brasil), TATIANA DELIBERADOR (ILAPEO &#8211; CURITIBA &#8211; PR &#8211; Brasil), ROGERIA ACEDO (ILAPEO &#8211; CURITIBA &#8211; PR &#8211; Brasil), ELISA SARTORI (ILAPEO &#8211; CURITIBA &#8211; PR &#8211; Brasil)<\/p><p><strong>Institui\u00e7\u00f5es dos autores:<\/strong> ILAPEO &#8211; CURITIBA &#8211; PR &#8211; Brasil<\/p><p><strong>Introdu\u00e7\u00e3o: <\/strong>Apesar da alta taxa de sucesso dos implantes, os insucessos podem ocorrer. Realizar o planejamento utilizando esc\u00e2neres intraorais e softwares \u00e9 uma \u00f3tima alternativa para obten\u00e7\u00e3o do ideal posicionamento do implante e assim a melhora da reabilita\u00e7\u00e3o prot\u00e9tica, promovendo um resultado est\u00e9tico de excel\u00eancia e longevidade.<\/p><p><strong>Relato do caso: <\/strong>Paciente apresentou a perda do implante na regi\u00e3o do 22, relatou que h\u00e1 3 meses o mesmo havia sido removido devido a mobilidade. Foi proposto o planejamento virtual cir\u00fargico do implante e da reabilita\u00e7\u00e3o prot\u00e9tica, atrav\u00e9s de escaneamento intraoral (VirtuoVivo) e tomografia computadorizada. O planejamento cir\u00fargico foi realizado no software CoDiagnostiX e o prot\u00e9tico no software Exocad. Foi instalado um implante Helix GM (Neodent) pela t\u00e9cnica guiada, sem abertura de retalho, com bom travamento prim\u00e1rio, sendo instalado um munh\u00e3o universal e a cimenta\u00e7\u00e3o da coroa provis\u00f3ria imediatamente. Em seguida, para melhorar a condi\u00e7\u00e3o da mucosa, foi realizado um enxerto de tecido conjuntivo pela t\u00e9cnica da tuneliza\u00e7\u00e3o. No controle p\u00f3s operat\u00f3rio o tratamento mostrou-se est\u00e1vel e o tecido gengival com bom aspecto de cicatriza\u00e7\u00e3o e saud\u00e1vel. A paciente relatou satisfa\u00e7\u00e3o com o tratamento principalmente pelo curto tempo e rapidez, al\u00e9m da est\u00e9tica alcan\u00e7ada.<\/p><p><strong>Conclus\u00e3o ou considera\u00e7\u00f5es finais: <\/strong>O sucesso no tratamento com implantes em regi\u00e3o est\u00e9tica depende de diversos fatores, sendo dependente do correto diagn\u00f3stico e planejamento.<\/p><p><strong>Discuss\u00e3o e conclus\u00f5es: <\/strong>O\u00a0 fluxo digital diminui o n\u00famero de atendimentos, al\u00e9m de tornar a cirurgia mais r\u00e1pida e tornar o tratamento mais preciso, tanto cirurgicamente quanto proteticamente, proporcionando al\u00e9m da reabilita\u00e7\u00e3o est\u00e9tica da \u00e1rea, um maior conforto para o paciente.<\/p><p><strong>Palavras chave: <\/strong>Carga Imediata em Implante Dent\u00e1rio; Planejamento de Pr\u00f3tese Dent\u00e1ria; Planejamento Digital; Cirurgia Virtual Guiada<\/p>\t\t\t\t\t\t<\/div>\n\t\t\t\t<\/div>\n\t\t\t\t<div class=\"elementor-element elementor-element-506c623b elementor-widget elementor-widget-shortcode\" data-id=\"506c623b\" data-element_type=\"widget\" data-widget_type=\"shortcode.default\">\n\t\t\t\t<div class=\"elementor-widget-container\">\n\t\t\t\t\t<div class=\"elementor-shortcode\"><a href=\"javascript:history.back(1)\" target=\"_self\"><img decoding=\"async\" src=\"..\/wp-content\/uploads\/2023\/05\/bot-voltar.png\" widht=\"103\" height=\"28\" border=\"0\"><\/a> <\/div>\n\t\t\t\t<\/div>\n\t\t\t\t<\/div>\n\t\t\t\t<\/div>\n\t\t<div class=\"elementor-element elementor-element-51c2a633 e-con-full e-flex e-con\" data-id=\"51c2a633\" data-element_type=\"container\" data-settings=\"{&quot;content_width&quot;:&quot;full&quot;}\">\n\t\t\t\t<\/div>\n\t\t\t\t<\/div>\n\t\t\t\t\t\t\t<\/div>\n\t\t","protected":false},"excerpt":{"rendered":"<p>Menu Neodent, Caso Cl\u00ednico Resolu\u00e7\u00e3o de insucesso de implante em regi\u00e3o est\u00e9tica atrav\u00e9s do fluxo digital ID Trabalho: 1108965 Autores: GABRIELA NACER (ILAPEO &#8211; CURITIBA &#8211;<span class=\"excerpt-hellip\"> [\u2026]<\/span><\/p>\n","protected":false},"author":1,"featured_media":0,"parent":0,"menu_order":0,"comment_status":"closed","ping_status":"closed","template":"","meta":[],"_links":{"self":[{"href":"https:\/\/anaisneodentcongress.com.br\/2023\/wp-json\/wp\/v2\/pages\/1227"}],"collection":[{"href":"https:\/\/anaisneodentcongress.com.br\/2023\/wp-json\/wp\/v2\/pages"}],"about":[{"href":"https:\/\/anaisneodentcongress.com.br\/2023\/wp-json\/wp\/v2\/types\/page"}],"author":[{"embeddable":true,"href":"https:\/\/anaisneodentcongress.com.br\/2023\/wp-json\/wp\/v2\/users\/1"}],"replies":[{"embeddable":true,"href":"https:\/\/anaisneodentcongress.com.br\/2023\/wp-json\/wp\/v2\/comments?post=1227"}],"version-history":[{"count":7,"href":"https:\/\/anaisneodentcongress.com.br\/2023\/wp-json\/wp\/v2\/pages\/1227\/revisions"}],"predecessor-version":[{"id":1235,"href":"https:\/\/anaisneodentcongress.com.br\/2023\/wp-json\/wp\/v2\/pages\/1227\/revisions\/1235"}],"wp:attachment":[{"href":"https:\/\/anaisneodentcongress.com.br\/2023\/wp-json\/wp\/v2\/media?parent=1227"}],"curies":[{"name":"wp","href":"https:\/\/api.w.org\/{rel}","templated":true}]}}