{"id":1128,"date":"2023-05-12T16:54:20","date_gmt":"2023-05-12T19:54:20","guid":{"rendered":"https:\/\/anaisneodentcongress.com.br\/2023\/?page_id=1128"},"modified":"2023-05-12T16:55:06","modified_gmt":"2023-05-12T19:55:06","slug":"acompanhamento-de-15-anos-de-cirurgia-guiada-em-area-estetica-em-carga-imediata","status":"publish","type":"page","link":"https:\/\/anaisneodentcongress.com.br\/2023\/acompanhamento-de-15-anos-de-cirurgia-guiada-em-area-estetica-em-carga-imediata\/","title":{"rendered":"Acompanhamento de 15 anos de Cirurgia Guiada em \u00c1rea Est\u00e9tica em Carga imediata"},"content":{"rendered":"\t\t<div data-elementor-type=\"wp-page\" data-elementor-id=\"1128\" class=\"elementor elementor-1128\">\n\t\t\t\t\t\t\t<div class=\"elementor-element elementor-element-56649d1a e-con-full e-flex e-con\" data-id=\"56649d1a\" data-element_type=\"container\" data-settings=\"{&quot;content_width&quot;:&quot;full&quot;,&quot;background_background&quot;:&quot;classic&quot;}\">\n\t\t<div class=\"elementor-element elementor-element-1acdfbd2 e-con-full e-flex e-con\" data-id=\"1acdfbd2\" data-element_type=\"container\" data-settings=\"{&quot;content_width&quot;:&quot;full&quot;}\">\n\t\t\t\t<\/div>\n\t\t<div class=\"elementor-element elementor-element-403b94e1 e-con-full e-flex e-con\" data-id=\"403b94e1\" data-element_type=\"container\" data-settings=\"{&quot;content_width&quot;:&quot;full&quot;,&quot;background_background&quot;:&quot;classic&quot;}\">\n\t\t<div class=\"elementor-element elementor-element-7ec6836f e-con-boxed e-flex e-con\" data-id=\"7ec6836f\" data-element_type=\"container\" data-settings=\"{&quot;content_width&quot;:&quot;boxed&quot;}\">\n\t\t\t\t\t<div class=\"e-con-inner\">\n\t\t\t\t<div class=\"elementor-element elementor-element-90562b3 elementor-widget elementor-widget-heading\" data-id=\"90562b3\" data-element_type=\"widget\" data-widget_type=\"heading.default\">\n\t\t\t\t<div class=\"elementor-widget-container\">\n\t\t\t<style>\/*! elementor - v3.13.2 - 11-05-2023 *\/\n.elementor-heading-title{padding:0;margin:0;line-height:1}.elementor-widget-heading .elementor-heading-title[class*=elementor-size-]>a{color:inherit;font-size:inherit;line-height:inherit}.elementor-widget-heading .elementor-heading-title.elementor-size-small{font-size:15px}.elementor-widget-heading .elementor-heading-title.elementor-size-medium{font-size:19px}.elementor-widget-heading .elementor-heading-title.elementor-size-large{font-size:29px}.elementor-widget-heading .elementor-heading-title.elementor-size-xl{font-size:39px}.elementor-widget-heading .elementor-heading-title.elementor-size-xxl{font-size:59px}<\/style><h2 class=\"elementor-heading-title elementor-size-default\"><a href=\"\/2023\/menu-neodent-caso-clinico\/\">Menu<\/a><\/h2>\t\t<\/div>\n\t\t\t\t<\/div>\n\t\t\t\t<div class=\"elementor-element elementor-element-42677e4e elementor-widget elementor-widget-heading\" data-id=\"42677e4e\" data-element_type=\"widget\" data-widget_type=\"heading.default\">\n\t\t\t\t<div class=\"elementor-widget-container\">\n\t\t\t<h2 class=\"elementor-heading-title elementor-size-default\"><a href=\"\/2023\/menu-neodent-caso-clinico\/\">Neodent, Caso Cl\u00ednico<\/a><\/h2>\t\t<\/div>\n\t\t\t\t<\/div>\n\t\t\t\t\t<\/div>\n\t\t\t\t<\/div>\n\t\t<div class=\"elementor-element elementor-element-46a5927 e-con-boxed e-flex e-con\" data-id=\"46a5927\" data-element_type=\"container\" data-settings=\"{&quot;content_width&quot;:&quot;boxed&quot;}\">\n\t\t\t\t\t<div class=\"e-con-inner\">\n\t\t\t\t<div class=\"elementor-element elementor-element-97dcd36 elementor-widget elementor-widget-heading\" data-id=\"97dcd36\" data-element_type=\"widget\" data-widget_type=\"heading.default\">\n\t\t\t\t<div class=\"elementor-widget-container\">\n\t\t\t<h2 class=\"elementor-heading-title elementor-size-default\">Acompanhamento de 15 anos de Cirurgia Guiada em \u00c1rea Est\u00e9tica em Carga imediata<\/h2>\t\t<\/div>\n\t\t\t\t<\/div>\n\t\t\t\t\t<\/div>\n\t\t\t\t<\/div>\n\t\t\t\t<div class=\"elementor-element elementor-element-7dbe5945 elementor-widget elementor-widget-text-editor\" data-id=\"7dbe5945\" data-element_type=\"widget\" data-widget_type=\"text-editor.default\">\n\t\t\t\t<div class=\"elementor-widget-container\">\n\t\t\t<style>\/*! elementor - v3.13.2 - 11-05-2023 *\/\n.elementor-widget-text-editor.elementor-drop-cap-view-stacked .elementor-drop-cap{background-color:#69727d;color:#fff}.elementor-widget-text-editor.elementor-drop-cap-view-framed .elementor-drop-cap{color:#69727d;border:3px solid;background-color:transparent}.elementor-widget-text-editor:not(.elementor-drop-cap-view-default) .elementor-drop-cap{margin-top:8px}.elementor-widget-text-editor:not(.elementor-drop-cap-view-default) .elementor-drop-cap-letter{width:1em;height:1em}.elementor-widget-text-editor .elementor-drop-cap{float:left;text-align:center;line-height:1;font-size:50px}.elementor-widget-text-editor .elementor-drop-cap-letter{display:inline-block}<\/style>\t\t\t\t<p><span style=\"color: #e8307c;\"><strong>ID Trabalho:<\/strong> 1108932<\/span><\/p><p><strong>Autores: <\/strong>Mary\u00a0 Stella Kivel Dias Vit\u00f3rio (Faculdade Ilapeo &#8211; Curitiba &#8211; PR &#8211; Brasil), Esteban Arroyo (Faculdade Ilapeo &#8211; Curitiba &#8211; PR &#8211; Brasil), S\u00e9rgio Rocha Bernardes (Faculdade Ilapeo &#8211; Curitiba &#8211; PR &#8211; Brasil), Geninho Thom\u00e9 (Faculdade Ilapeo &#8211; Curitiba &#8211; PR &#8211; Brasil), Ivete\u00a0 Aparecida de Mattias Sartori (Faculdade Ilapeo &#8211; Curitiba &#8211; PR &#8211; Brasil), Elisa Mattias Sartori (Faculdade Ilapeo &#8211; Curitiba &#8211; PR &#8211; Brasil)<\/p><p><strong>Institui\u00e7\u00f5es dos autores:<\/strong> Faculdade Ilapeo &#8211; Curitiba &#8211; PR &#8211; Brasil<\/p><p><strong>Introdu\u00e7\u00e3o: <\/strong>O sucesso de reabilita\u00e7\u00f5es em \u00e1rea est\u00e9tica a longo prazo associado a tecnologia tem sido uma alternativa eficaz na implantodontia. A t\u00e9cnica de cirurgia guiada por computador, sem retalhos, est\u00e1 sendo muito utilizada para facilitar o planejamento, reduzir a possibilidade de erros e dar mais conforto durante e p\u00f3s procedimentos aos pacientes.<\/p><p><strong>Relato do caso: <\/strong>No ano de 2007, paciente do g\u00eanero masculino, sem comorbilidades sist\u00eamicas, procurou a Faculdade Ilapeo para tratamento de aus\u00eancia de elemento dent\u00e1rio na regi\u00e3o anterior de maxila. Foi realizado avalia\u00e7\u00e3o cl\u00ednica, radiogr\u00e1fica e fotogr\u00e1fica para instala\u00e7\u00e3o de implante com a t\u00e9cnica de cirurgia virtual guiada em carga imediata. Foi realizado a tratamento reabilitador prot\u00e9tico, ap\u00f3s o per\u00edodo cicatricial. Com 15 anos de acompanhamento cl\u00ednico e radiogr\u00e1fico, o paciente encontra-se totalmente satisfeito com a reabilita\u00e7\u00e3o, e nota-se manuten\u00e7\u00e3o dos tecidos moles incluindo papilas dent\u00e1rias e estabilidade do tecido \u00f3sseo.<\/p><p><strong>Conclus\u00e3o ou considera\u00e7\u00f5es finais: <\/strong>Os resultados est\u00e9ticos e funcionais foram obtidos de acordo com o planejamento inicial h\u00e1 15 anos, o acompanhamento radiogr\u00e1fico e cl\u00ednico mostrou-se extremamente importante e comprova o restabelecimento da qualidade de vida e sa\u00fade do paciente.<\/p><p><strong>Discuss\u00e3o e conclus\u00f5es: <\/strong>O uso da cirurgia virtual guiada mostrou estabilidade do tratamento reabilitador em \u00e1rea est\u00e9tica ao longo do acompanhamento cl\u00ednico e radiogr\u00e1fico de 15 anos, mostrando o a correta indica\u00e7\u00e3o da t\u00e9cnica no caso cl\u00ednico descrito.<\/p><p><strong>Palavras chave: <\/strong>Carga Imediata em Implante Dent\u00e1rio; Planejamento de Pr\u00f3tese Dent\u00e1ria; Pr\u00f3tese Dent\u00e1ria Fixada por Implante; Reabilita\u00e7\u00e3o Bucal<\/p>\t\t\t\t\t\t<\/div>\n\t\t\t\t<\/div>\n\t\t\t\t<div class=\"elementor-element elementor-element-728b0e53 elementor-widget elementor-widget-shortcode\" data-id=\"728b0e53\" data-element_type=\"widget\" data-widget_type=\"shortcode.default\">\n\t\t\t\t<div class=\"elementor-widget-container\">\n\t\t\t\t\t<div class=\"elementor-shortcode\"><a href=\"javascript:history.back(1)\" target=\"_self\"><img decoding=\"async\" src=\"..\/wp-content\/uploads\/2023\/05\/bot-voltar.png\" widht=\"103\" height=\"28\" border=\"0\"><\/a> <\/div>\n\t\t\t\t<\/div>\n\t\t\t\t<\/div>\n\t\t\t\t<\/div>\n\t\t<div class=\"elementor-element elementor-element-57de3f87 e-con-full e-flex e-con\" data-id=\"57de3f87\" data-element_type=\"container\" data-settings=\"{&quot;content_width&quot;:&quot;full&quot;}\">\n\t\t\t\t<\/div>\n\t\t\t\t<\/div>\n\t\t\t\t\t\t\t<\/div>\n\t\t","protected":false},"excerpt":{"rendered":"<p>Menu Neodent, Caso Cl\u00ednico Acompanhamento de 15 anos de Cirurgia Guiada em \u00c1rea Est\u00e9tica em Carga imediata ID Trabalho: 1108932 Autores: Mary\u00a0 Stella Kivel Dias Vit\u00f3rio<span class=\"excerpt-hellip\"> [\u2026]<\/span><\/p>\n","protected":false},"author":1,"featured_media":0,"parent":0,"menu_order":0,"comment_status":"closed","ping_status":"closed","template":"","meta":[],"_links":{"self":[{"href":"https:\/\/anaisneodentcongress.com.br\/2023\/wp-json\/wp\/v2\/pages\/1128"}],"collection":[{"href":"https:\/\/anaisneodentcongress.com.br\/2023\/wp-json\/wp\/v2\/pages"}],"about":[{"href":"https:\/\/anaisneodentcongress.com.br\/2023\/wp-json\/wp\/v2\/types\/page"}],"author":[{"embeddable":true,"href":"https:\/\/anaisneodentcongress.com.br\/2023\/wp-json\/wp\/v2\/users\/1"}],"replies":[{"embeddable":true,"href":"https:\/\/anaisneodentcongress.com.br\/2023\/wp-json\/wp\/v2\/comments?post=1128"}],"version-history":[{"count":7,"href":"https:\/\/anaisneodentcongress.com.br\/2023\/wp-json\/wp\/v2\/pages\/1128\/revisions"}],"predecessor-version":[{"id":1136,"href":"https:\/\/anaisneodentcongress.com.br\/2023\/wp-json\/wp\/v2\/pages\/1128\/revisions\/1136"}],"wp:attachment":[{"href":"https:\/\/anaisneodentcongress.com.br\/2023\/wp-json\/wp\/v2\/media?parent=1128"}],"curies":[{"name":"wp","href":"https:\/\/api.w.org\/{rel}","templated":true}]}}