{"id":1104,"date":"2023-05-12T16:50:55","date_gmt":"2023-05-12T19:50:55","guid":{"rendered":"https:\/\/anaisneodentcongress.com.br\/2023\/?page_id=1104"},"modified":"2023-05-12T16:51:40","modified_gmt":"2023-05-12T19:51:40","slug":"overdenture-acessibilidade-a-funcao-mastigatoria-de-forma-simplificada","status":"publish","type":"page","link":"https:\/\/anaisneodentcongress.com.br\/2023\/overdenture-acessibilidade-a-funcao-mastigatoria-de-forma-simplificada\/","title":{"rendered":"Overdenture, acessibilidade a fun\u00e7\u00e3o mastigat\u00f3ria de forma simplificada"},"content":{"rendered":"\t\t<div data-elementor-type=\"wp-page\" data-elementor-id=\"1104\" class=\"elementor elementor-1104\">\n\t\t\t\t\t\t\t<div class=\"elementor-element elementor-element-3680b52 e-con-full e-flex e-con\" data-id=\"3680b52\" data-element_type=\"container\" data-settings=\"{&quot;content_width&quot;:&quot;full&quot;,&quot;background_background&quot;:&quot;classic&quot;}\">\n\t\t<div class=\"elementor-element elementor-element-34218dd5 e-con-full e-flex e-con\" data-id=\"34218dd5\" data-element_type=\"container\" data-settings=\"{&quot;content_width&quot;:&quot;full&quot;}\">\n\t\t\t\t<\/div>\n\t\t<div class=\"elementor-element elementor-element-7ed101f6 e-con-full e-flex e-con\" data-id=\"7ed101f6\" data-element_type=\"container\" data-settings=\"{&quot;content_width&quot;:&quot;full&quot;,&quot;background_background&quot;:&quot;classic&quot;}\">\n\t\t<div class=\"elementor-element elementor-element-60bcccb1 e-con-boxed e-flex e-con\" data-id=\"60bcccb1\" data-element_type=\"container\" data-settings=\"{&quot;content_width&quot;:&quot;boxed&quot;}\">\n\t\t\t\t\t<div class=\"e-con-inner\">\n\t\t\t\t<div class=\"elementor-element elementor-element-4df00b3 elementor-widget elementor-widget-heading\" data-id=\"4df00b3\" data-element_type=\"widget\" data-widget_type=\"heading.default\">\n\t\t\t\t<div class=\"elementor-widget-container\">\n\t\t\t<style>\/*! elementor - v3.13.2 - 11-05-2023 *\/\n.elementor-heading-title{padding:0;margin:0;line-height:1}.elementor-widget-heading .elementor-heading-title[class*=elementor-size-]>a{color:inherit;font-size:inherit;line-height:inherit}.elementor-widget-heading .elementor-heading-title.elementor-size-small{font-size:15px}.elementor-widget-heading .elementor-heading-title.elementor-size-medium{font-size:19px}.elementor-widget-heading .elementor-heading-title.elementor-size-large{font-size:29px}.elementor-widget-heading .elementor-heading-title.elementor-size-xl{font-size:39px}.elementor-widget-heading .elementor-heading-title.elementor-size-xxl{font-size:59px}<\/style><h2 class=\"elementor-heading-title elementor-size-default\"><a href=\"\/2023\/menu-neodent-caso-clinico\/\">Menu<\/a><\/h2>\t\t<\/div>\n\t\t\t\t<\/div>\n\t\t\t\t<div class=\"elementor-element elementor-element-1d183a79 elementor-widget elementor-widget-heading\" data-id=\"1d183a79\" data-element_type=\"widget\" data-widget_type=\"heading.default\">\n\t\t\t\t<div class=\"elementor-widget-container\">\n\t\t\t<h2 class=\"elementor-heading-title elementor-size-default\"><a href=\"\/2023\/menu-neodent-caso-clinico\/\">Neodent, Caso Cl\u00ednico<\/a><\/h2>\t\t<\/div>\n\t\t\t\t<\/div>\n\t\t\t\t\t<\/div>\n\t\t\t\t<\/div>\n\t\t<div class=\"elementor-element elementor-element-553e5742 e-con-boxed e-flex e-con\" data-id=\"553e5742\" data-element_type=\"container\" data-settings=\"{&quot;content_width&quot;:&quot;boxed&quot;}\">\n\t\t\t\t\t<div class=\"e-con-inner\">\n\t\t\t\t<div class=\"elementor-element elementor-element-646defdc elementor-widget elementor-widget-heading\" data-id=\"646defdc\" data-element_type=\"widget\" data-widget_type=\"heading.default\">\n\t\t\t\t<div class=\"elementor-widget-container\">\n\t\t\t<h2 class=\"elementor-heading-title elementor-size-default\">Overdenture, acessibilidade a fun\u00e7\u00e3o mastigat\u00f3ria de forma simplificada<\/h2>\t\t<\/div>\n\t\t\t\t<\/div>\n\t\t\t\t\t<\/div>\n\t\t\t\t<\/div>\n\t\t\t\t<div class=\"elementor-element elementor-element-2095ff3e elementor-widget elementor-widget-text-editor\" data-id=\"2095ff3e\" data-element_type=\"widget\" data-widget_type=\"text-editor.default\">\n\t\t\t\t<div class=\"elementor-widget-container\">\n\t\t\t<style>\/*! elementor - v3.13.2 - 11-05-2023 *\/\n.elementor-widget-text-editor.elementor-drop-cap-view-stacked .elementor-drop-cap{background-color:#69727d;color:#fff}.elementor-widget-text-editor.elementor-drop-cap-view-framed .elementor-drop-cap{color:#69727d;border:3px solid;background-color:transparent}.elementor-widget-text-editor:not(.elementor-drop-cap-view-default) .elementor-drop-cap{margin-top:8px}.elementor-widget-text-editor:not(.elementor-drop-cap-view-default) .elementor-drop-cap-letter{width:1em;height:1em}.elementor-widget-text-editor .elementor-drop-cap{float:left;text-align:center;line-height:1;font-size:50px}.elementor-widget-text-editor .elementor-drop-cap-letter{display:inline-block}<\/style>\t\t\t\t<p><span style=\"color: #e8307c;\"><strong>ID Trabalho:<\/strong> 1108922<\/span><\/p><p><strong>Autores: <\/strong>Paulo Ricardo\u00a0 Neves Franco (ILAPEO &#8211; Ibaiti &#8211; PR &#8211; Brasil), Valdir\u00a0 Gouveia\u00a0 Garcia (Ilapeo\u00a0 &#8211; Ara\u00e7atuba &#8211; SP &#8211; Brasil)<\/p><p><strong>Institui\u00e7\u00f5es dos autores:<\/strong> Ilapeo\u00a0 &#8211; Ara\u00e7atuba &#8211; SP &#8211; Brasil,ILAPEO &#8211; Ibaiti &#8211; PR &#8211; Brasil<\/p><p><strong>Introdu\u00e7\u00e3o: <\/strong>Overdentures retidas por implantes s\u00e3o uma op\u00e7\u00e3o de tratamento que possui vantagens e desvantagens frente a reabilita\u00e7\u00e3o fixa. O presente trabalho tem por objetivo explanar sobre os benef\u00edcios da t\u00e9cnica e suas limita\u00e7\u00f5es atrav\u00e9s de um caso cl\u00ednico de paciente reabilitado por meio de overdenture. O paciente procurou atendimento particular para fazer a substitui\u00e7\u00e3o da pr\u00f3tese total superior e realizar tratamento na arcada inferior relatando que os dentes estavam com mobilidade e n\u00e3o conseguia utilizar pr\u00f3tese parcial remov\u00edvel.<\/p><p><strong>Relato do caso: <\/strong>O caso consiste num paciente ed\u00eantulo superior e desdentado parcial inferior com progn\u00f3stico periodontal desfavor\u00e1vel, as condi\u00e7\u00f5es biol\u00f3gicas e socioecon\u00f4micas do paciente levaram a escolha de pr\u00f3tese total superior e overdenture inferior. Foi realizado o planejamento prot\u00e9tico para obten\u00e7\u00e3o de pr\u00f3teses est\u00e9ticas e funcionalmente satisfat\u00f3rias. Logo ap\u00f3s foi iniciada fase cir\u00fargica, realizando as extra\u00e7\u00f5es dentarias e coloca\u00e7\u00e3o dos implantes imediatos com torque m\u00ednimo de inser\u00e7\u00e3o em 45 Ncm para realiza\u00e7\u00e3o da carga imediata, a regi\u00e3o selecionada para a instala\u00e7\u00e3o dos implantes foram entre laterais e caninos. Em seguida foram capturados os componentes prot\u00e9ticos com resina acr\u00edlica Pattern Resin LS- GC na pr\u00f3tese previamente preparada.<\/p><p><strong>Conclus\u00e3o ou considera\u00e7\u00f5es finais: <\/strong>As reabilita\u00e7\u00f5es do tipo overdenture, quando bem indicadas, s\u00e3o uma alternativa que proporciona conforto e seguran\u00e7a compar\u00e1veis com a reabilita\u00e7\u00e3o\u00a0 fixa de arco total, sendo uma op\u00e7\u00e3o menos invasiva e de menor custo financeiro para pacientes mais idosos ou com comprometimento sist\u00eamico.<\/p><p><strong>Discuss\u00e3o e conclus\u00f5es: <\/strong><\/p><p><strong>Palavras chave: <\/strong>Overdenture, Implantes Helix Grand Morse, Carga imediata em Overdenture<\/p>\t\t\t\t\t\t<\/div>\n\t\t\t\t<\/div>\n\t\t\t\t<div class=\"elementor-element elementor-element-211b5e46 elementor-widget elementor-widget-shortcode\" data-id=\"211b5e46\" data-element_type=\"widget\" data-widget_type=\"shortcode.default\">\n\t\t\t\t<div class=\"elementor-widget-container\">\n\t\t\t\t\t<div class=\"elementor-shortcode\"><a href=\"javascript:history.back(1)\" target=\"_self\"><img decoding=\"async\" src=\"..\/wp-content\/uploads\/2023\/05\/bot-voltar.png\" widht=\"103\" height=\"28\" border=\"0\"><\/a> <\/div>\n\t\t\t\t<\/div>\n\t\t\t\t<\/div>\n\t\t\t\t<\/div>\n\t\t<div class=\"elementor-element elementor-element-2ac7a4b8 e-con-full e-flex e-con\" data-id=\"2ac7a4b8\" data-element_type=\"container\" data-settings=\"{&quot;content_width&quot;:&quot;full&quot;}\">\n\t\t\t\t<\/div>\n\t\t\t\t<\/div>\n\t\t\t\t\t\t\t<\/div>\n\t\t","protected":false},"excerpt":{"rendered":"<p>Menu Neodent, Caso Cl\u00ednico Overdenture, acessibilidade a fun\u00e7\u00e3o mastigat\u00f3ria de forma simplificada ID Trabalho: 1108922 Autores: Paulo Ricardo\u00a0 Neves Franco (ILAPEO &#8211; Ibaiti &#8211; PR &#8211;<span class=\"excerpt-hellip\"> [\u2026]<\/span><\/p>\n","protected":false},"author":1,"featured_media":0,"parent":0,"menu_order":0,"comment_status":"closed","ping_status":"closed","template":"","meta":[],"_links":{"self":[{"href":"https:\/\/anaisneodentcongress.com.br\/2023\/wp-json\/wp\/v2\/pages\/1104"}],"collection":[{"href":"https:\/\/anaisneodentcongress.com.br\/2023\/wp-json\/wp\/v2\/pages"}],"about":[{"href":"https:\/\/anaisneodentcongress.com.br\/2023\/wp-json\/wp\/v2\/types\/page"}],"author":[{"embeddable":true,"href":"https:\/\/anaisneodentcongress.com.br\/2023\/wp-json\/wp\/v2\/users\/1"}],"replies":[{"embeddable":true,"href":"https:\/\/anaisneodentcongress.com.br\/2023\/wp-json\/wp\/v2\/comments?post=1104"}],"version-history":[{"count":7,"href":"https:\/\/anaisneodentcongress.com.br\/2023\/wp-json\/wp\/v2\/pages\/1104\/revisions"}],"predecessor-version":[{"id":1112,"href":"https:\/\/anaisneodentcongress.com.br\/2023\/wp-json\/wp\/v2\/pages\/1104\/revisions\/1112"}],"wp:attachment":[{"href":"https:\/\/anaisneodentcongress.com.br\/2023\/wp-json\/wp\/v2\/media?parent=1104"}],"curies":[{"name":"wp","href":"https:\/\/api.w.org\/{rel}","templated":true}]}}