{"id":1083,"date":"2023-05-12T16:47:29","date_gmt":"2023-05-12T19:47:29","guid":{"rendered":"https:\/\/anaisneodentcongress.com.br\/2023\/?page_id=1083"},"modified":"2023-05-12T16:48:14","modified_gmt":"2023-05-12T19:48:14","slug":"acompanhamento-de-4-anos-de-reabilitacao-em-maxila-atrofica-com-a-utilizacao-de-implantes-longos-inclinados","status":"publish","type":"page","link":"https:\/\/anaisneodentcongress.com.br\/2023\/acompanhamento-de-4-anos-de-reabilitacao-em-maxila-atrofica-com-a-utilizacao-de-implantes-longos-inclinados\/","title":{"rendered":"Acompanhamento de 4 anos de reabilita\u00e7\u00e3o em maxila atr\u00f3fica com a utiliza\u00e7\u00e3o de implantes longos inclinados"},"content":{"rendered":"\t\t<div data-elementor-type=\"wp-page\" data-elementor-id=\"1083\" class=\"elementor elementor-1083\">\n\t\t\t\t\t\t\t<div class=\"elementor-element elementor-element-6069237d e-con-full e-flex e-con\" data-id=\"6069237d\" data-element_type=\"container\" data-settings=\"{&quot;content_width&quot;:&quot;full&quot;,&quot;background_background&quot;:&quot;classic&quot;}\">\n\t\t<div class=\"elementor-element elementor-element-b400f79 e-con-full e-flex e-con\" data-id=\"b400f79\" data-element_type=\"container\" data-settings=\"{&quot;content_width&quot;:&quot;full&quot;}\">\n\t\t\t\t<\/div>\n\t\t<div class=\"elementor-element elementor-element-2d0aba57 e-con-full e-flex e-con\" data-id=\"2d0aba57\" data-element_type=\"container\" data-settings=\"{&quot;content_width&quot;:&quot;full&quot;,&quot;background_background&quot;:&quot;classic&quot;}\">\n\t\t<div class=\"elementor-element elementor-element-7779ec83 e-con-boxed e-flex e-con\" data-id=\"7779ec83\" data-element_type=\"container\" data-settings=\"{&quot;content_width&quot;:&quot;boxed&quot;}\">\n\t\t\t\t\t<div class=\"e-con-inner\">\n\t\t\t\t<div class=\"elementor-element elementor-element-7bd0c0c1 elementor-widget elementor-widget-heading\" data-id=\"7bd0c0c1\" data-element_type=\"widget\" data-widget_type=\"heading.default\">\n\t\t\t\t<div class=\"elementor-widget-container\">\n\t\t\t<style>\/*! elementor - v3.13.2 - 11-05-2023 *\/\n.elementor-heading-title{padding:0;margin:0;line-height:1}.elementor-widget-heading .elementor-heading-title[class*=elementor-size-]>a{color:inherit;font-size:inherit;line-height:inherit}.elementor-widget-heading .elementor-heading-title.elementor-size-small{font-size:15px}.elementor-widget-heading .elementor-heading-title.elementor-size-medium{font-size:19px}.elementor-widget-heading .elementor-heading-title.elementor-size-large{font-size:29px}.elementor-widget-heading .elementor-heading-title.elementor-size-xl{font-size:39px}.elementor-widget-heading .elementor-heading-title.elementor-size-xxl{font-size:59px}<\/style><h2 class=\"elementor-heading-title elementor-size-default\"><a href=\"\/2023\/menu-neodent-caso-clinico\/\">Menu<\/a><\/h2>\t\t<\/div>\n\t\t\t\t<\/div>\n\t\t\t\t<div class=\"elementor-element elementor-element-4af1bcb6 elementor-widget elementor-widget-heading\" data-id=\"4af1bcb6\" data-element_type=\"widget\" data-widget_type=\"heading.default\">\n\t\t\t\t<div class=\"elementor-widget-container\">\n\t\t\t<h2 class=\"elementor-heading-title elementor-size-default\"><a href=\"\/2023\/menu-neodent-caso-clinico\/\">Neodent, Caso Cl\u00ednico<\/a><\/h2>\t\t<\/div>\n\t\t\t\t<\/div>\n\t\t\t\t\t<\/div>\n\t\t\t\t<\/div>\n\t\t<div class=\"elementor-element elementor-element-567da6d4 e-con-boxed e-flex e-con\" data-id=\"567da6d4\" data-element_type=\"container\" data-settings=\"{&quot;content_width&quot;:&quot;boxed&quot;}\">\n\t\t\t\t\t<div class=\"e-con-inner\">\n\t\t\t\t<div class=\"elementor-element elementor-element-10e98072 elementor-widget elementor-widget-heading\" data-id=\"10e98072\" data-element_type=\"widget\" data-widget_type=\"heading.default\">\n\t\t\t\t<div class=\"elementor-widget-container\">\n\t\t\t<h2 class=\"elementor-heading-title elementor-size-default\">Acompanhamento de 4 anos de reabilita\u00e7\u00e3o em maxila atr\u00f3fica com a utiliza\u00e7\u00e3o de implantes longos inclinados<\/h2>\t\t<\/div>\n\t\t\t\t<\/div>\n\t\t\t\t\t<\/div>\n\t\t\t\t<\/div>\n\t\t\t\t<div class=\"elementor-element elementor-element-39c16bf8 elementor-widget elementor-widget-text-editor\" data-id=\"39c16bf8\" data-element_type=\"widget\" data-widget_type=\"text-editor.default\">\n\t\t\t\t<div class=\"elementor-widget-container\">\n\t\t\t<style>\/*! elementor - v3.13.2 - 11-05-2023 *\/\n.elementor-widget-text-editor.elementor-drop-cap-view-stacked .elementor-drop-cap{background-color:#69727d;color:#fff}.elementor-widget-text-editor.elementor-drop-cap-view-framed .elementor-drop-cap{color:#69727d;border:3px solid;background-color:transparent}.elementor-widget-text-editor:not(.elementor-drop-cap-view-default) .elementor-drop-cap{margin-top:8px}.elementor-widget-text-editor:not(.elementor-drop-cap-view-default) .elementor-drop-cap-letter{width:1em;height:1em}.elementor-widget-text-editor .elementor-drop-cap{float:left;text-align:center;line-height:1;font-size:50px}.elementor-widget-text-editor .elementor-drop-cap-letter{display:inline-block}<\/style>\t\t\t\t<p><span style=\"color: #e8307c;\"><strong>ID Trabalho:<\/strong> 1108917<\/span><\/p><p><strong>Autores: <\/strong>Leonardo Coser (ILAPEO &#8211; Curitiba &#8211; PR &#8211; Brasil), Geninho\u00a0 Thome (ILAPEO &#8211; Curitiba &#8211; PR &#8211; Brasil), Marcos Boaventura de Moura (ILAPEO &#8211; Curitiba &#8211; PR &#8211; Brasil), Carolina Accorsi Cartelli (ILAPEO &#8211; Curitiba &#8211; PR &#8211; Brasil), Erton Massamitsu Miyasawa (ILAPEO &#8211; Curitiba &#8211; PR &#8211; Brasil), Luiz Eduardo Marques Padovan (ILAPEO &#8211; Curitib &#8211; PR &#8211; Brasil)<\/p><p><strong>Institui\u00e7\u00f5es dos autores:<\/strong> ILAPEO &#8211; Curitib &#8211; PR &#8211; Brasil,ILAPEO &#8211; Curitiba &#8211; PR &#8211; Brasil<\/p><p><strong>Introdu\u00e7\u00e3o: <\/strong>A reabilita\u00e7\u00e3o de maxilas atr\u00f3ficas com implantes inclinados tem se tornado uma alternativa \u00e0 tratamentos mais invasivos que necessitam de regenera\u00e7\u00e3o \u00f3ssea e enxertos previamente \u00e0 instala\u00e7\u00e3o de implantes axiais convencionais.<\/p><p><strong>Relato do caso: <\/strong>O alto \u00edndice de sucesso e previsibilidade dessa t\u00e9cnica proporciona uma redu\u00e7\u00e3o de custos, tempo de tratamento e morbidade do paciente. A utiliza\u00e7\u00e3o de implantes longos, possibilita o alcance de pilares \u00f3sseos mais distantes do rebordo alveolar e obten\u00e7\u00e3o de estabilidade prim\u00e1ria necess\u00e1ria para a reabilita\u00e7\u00e3o em carga imediata. Nesse relato de caso cl\u00ednico, um paciente de 67 anos de idade compareceu na Faculdade ILAPEO para reabilita\u00e7\u00e3o da maxila com implantes pois n\u00e3o se adaptava mais com a utiliza\u00e7\u00e3o de pr\u00f3tese parcial remov\u00edvel. Ap\u00f3s a exodontia dos dentes remanescentes, foram instalados dois implantes longos de 20mm e dois convencionais de 16mm seguindo a t\u00e9cnica de utiliza\u00e7\u00e3o de implantes inclinados all-on-four, e em seguida realizada a reabilita\u00e7\u00e3o em carga imediata.<\/p><p><strong>Conclus\u00e3o ou considera\u00e7\u00f5es finais: <\/strong>O paciente permanece sob acompanhamento h\u00e1 4 anos e verificamos o sucesso da reabilita\u00e7\u00e3o atrav\u00e9s de exames cl\u00ednicos e radiogr\u00e1ficos onde se observa sa\u00fade dos tecidos moles periimplantares e aus\u00eancia de perda \u00f3ssea ao redor dos implantes.<\/p><p><strong>Discuss\u00e3o e conclus\u00f5es: <\/strong>Podemos verificar atrav\u00e9s do acompanhamento de 4 anos desse caso cl\u00ednico que a utiliza\u00e7\u00e3o de implantes longos inclinados pode ser uma alternativa vi\u00e1vel para a reabilita\u00e7\u00e3o de maxilas atr\u00f3ficas com alta previsibilidade.<\/p><p><strong>Palavras chave: <\/strong>Palavras chave: maxila atr\u00f3fica, implantes inclinados, implantes longos, carga imediata<\/p>\t\t\t\t\t\t<\/div>\n\t\t\t\t<\/div>\n\t\t\t\t<div class=\"elementor-element elementor-element-38432d41 elementor-widget elementor-widget-shortcode\" data-id=\"38432d41\" data-element_type=\"widget\" data-widget_type=\"shortcode.default\">\n\t\t\t\t<div class=\"elementor-widget-container\">\n\t\t\t\t\t<div class=\"elementor-shortcode\"><a href=\"javascript:history.back(1)\" target=\"_self\"><img decoding=\"async\" src=\"..\/wp-content\/uploads\/2023\/05\/bot-voltar.png\" widht=\"103\" height=\"28\" border=\"0\"><\/a> <\/div>\n\t\t\t\t<\/div>\n\t\t\t\t<\/div>\n\t\t\t\t<\/div>\n\t\t<div class=\"elementor-element elementor-element-8e8695f e-con-full e-flex e-con\" data-id=\"8e8695f\" data-element_type=\"container\" data-settings=\"{&quot;content_width&quot;:&quot;full&quot;}\">\n\t\t\t\t<\/div>\n\t\t\t\t<\/div>\n\t\t\t\t\t\t\t<\/div>\n\t\t","protected":false},"excerpt":{"rendered":"<p>Menu Neodent, Caso Cl\u00ednico Acompanhamento de 4 anos de reabilita\u00e7\u00e3o em maxila atr\u00f3fica com a utiliza\u00e7\u00e3o de implantes longos inclinados ID Trabalho: 1108917 Autores: Leonardo Coser<span class=\"excerpt-hellip\"> [\u2026]<\/span><\/p>\n","protected":false},"author":1,"featured_media":0,"parent":0,"menu_order":0,"comment_status":"closed","ping_status":"closed","template":"","meta":[],"_links":{"self":[{"href":"https:\/\/anaisneodentcongress.com.br\/2023\/wp-json\/wp\/v2\/pages\/1083"}],"collection":[{"href":"https:\/\/anaisneodentcongress.com.br\/2023\/wp-json\/wp\/v2\/pages"}],"about":[{"href":"https:\/\/anaisneodentcongress.com.br\/2023\/wp-json\/wp\/v2\/types\/page"}],"author":[{"embeddable":true,"href":"https:\/\/anaisneodentcongress.com.br\/2023\/wp-json\/wp\/v2\/users\/1"}],"replies":[{"embeddable":true,"href":"https:\/\/anaisneodentcongress.com.br\/2023\/wp-json\/wp\/v2\/comments?post=1083"}],"version-history":[{"count":7,"href":"https:\/\/anaisneodentcongress.com.br\/2023\/wp-json\/wp\/v2\/pages\/1083\/revisions"}],"predecessor-version":[{"id":1091,"href":"https:\/\/anaisneodentcongress.com.br\/2023\/wp-json\/wp\/v2\/pages\/1083\/revisions\/1091"}],"wp:attachment":[{"href":"https:\/\/anaisneodentcongress.com.br\/2023\/wp-json\/wp\/v2\/media?parent=1083"}],"curies":[{"name":"wp","href":"https:\/\/api.w.org\/{rel}","templated":true}]}}