{"id":1068,"date":"2023-05-12T16:44:59","date_gmt":"2023-05-12T19:44:59","guid":{"rendered":"https:\/\/anaisneodentcongress.com.br\/2023\/?page_id=1068"},"modified":"2023-05-12T16:45:54","modified_gmt":"2023-05-12T19:45:54","slug":"fluxo-digital-na-reabilitacao-maxilar-total-com-cirurgia-guiada-e-protese-provisoria-dentaria-em-pmma","status":"publish","type":"page","link":"https:\/\/anaisneodentcongress.com.br\/2023\/fluxo-digital-na-reabilitacao-maxilar-total-com-cirurgia-guiada-e-protese-provisoria-dentaria-em-pmma\/","title":{"rendered":"Fluxo digital na reabilita\u00e7\u00e3o maxilar total com cirurgia guiada e pr\u00f3tese provis\u00f3ria dent\u00e1ria em PMMA"},"content":{"rendered":"\t\t<div data-elementor-type=\"wp-page\" data-elementor-id=\"1068\" class=\"elementor elementor-1068\">\n\t\t\t\t\t\t\t<div class=\"elementor-element elementor-element-1fb91b8c e-con-full e-flex e-con\" data-id=\"1fb91b8c\" data-element_type=\"container\" data-settings=\"{&quot;content_width&quot;:&quot;full&quot;,&quot;background_background&quot;:&quot;classic&quot;}\">\n\t\t<div class=\"elementor-element elementor-element-d21c96c e-con-full e-flex e-con\" data-id=\"d21c96c\" data-element_type=\"container\" data-settings=\"{&quot;content_width&quot;:&quot;full&quot;}\">\n\t\t\t\t<\/div>\n\t\t<div class=\"elementor-element elementor-element-2a3c716a e-con-full e-flex e-con\" data-id=\"2a3c716a\" data-element_type=\"container\" data-settings=\"{&quot;content_width&quot;:&quot;full&quot;,&quot;background_background&quot;:&quot;classic&quot;}\">\n\t\t<div class=\"elementor-element elementor-element-2f56dcea e-con-boxed e-flex e-con\" data-id=\"2f56dcea\" data-element_type=\"container\" data-settings=\"{&quot;content_width&quot;:&quot;boxed&quot;}\">\n\t\t\t\t\t<div class=\"e-con-inner\">\n\t\t\t\t<div class=\"elementor-element elementor-element-257e7f05 elementor-widget elementor-widget-heading\" data-id=\"257e7f05\" data-element_type=\"widget\" data-widget_type=\"heading.default\">\n\t\t\t\t<div class=\"elementor-widget-container\">\n\t\t\t<style>\/*! elementor - v3.13.2 - 11-05-2023 *\/\n.elementor-heading-title{padding:0;margin:0;line-height:1}.elementor-widget-heading .elementor-heading-title[class*=elementor-size-]>a{color:inherit;font-size:inherit;line-height:inherit}.elementor-widget-heading .elementor-heading-title.elementor-size-small{font-size:15px}.elementor-widget-heading .elementor-heading-title.elementor-size-medium{font-size:19px}.elementor-widget-heading .elementor-heading-title.elementor-size-large{font-size:29px}.elementor-widget-heading .elementor-heading-title.elementor-size-xl{font-size:39px}.elementor-widget-heading .elementor-heading-title.elementor-size-xxl{font-size:59px}<\/style><h2 class=\"elementor-heading-title elementor-size-default\"><a href=\"\/2023\/menu-neodent-caso-clinico\/\">Menu<\/a><\/h2>\t\t<\/div>\n\t\t\t\t<\/div>\n\t\t\t\t<div class=\"elementor-element elementor-element-172cc874 elementor-widget elementor-widget-heading\" data-id=\"172cc874\" data-element_type=\"widget\" data-widget_type=\"heading.default\">\n\t\t\t\t<div class=\"elementor-widget-container\">\n\t\t\t<h2 class=\"elementor-heading-title elementor-size-default\"><a href=\"\/2023\/menu-neodent-caso-clinico\/\">Neodent, Caso Cl\u00ednico<\/a><\/h2>\t\t<\/div>\n\t\t\t\t<\/div>\n\t\t\t\t\t<\/div>\n\t\t\t\t<\/div>\n\t\t<div class=\"elementor-element elementor-element-debee96 e-con-boxed e-flex e-con\" data-id=\"debee96\" data-element_type=\"container\" data-settings=\"{&quot;content_width&quot;:&quot;boxed&quot;}\">\n\t\t\t\t\t<div class=\"e-con-inner\">\n\t\t\t\t<div class=\"elementor-element elementor-element-5f4caac2 elementor-widget elementor-widget-heading\" data-id=\"5f4caac2\" data-element_type=\"widget\" data-widget_type=\"heading.default\">\n\t\t\t\t<div class=\"elementor-widget-container\">\n\t\t\t<h2 class=\"elementor-heading-title elementor-size-default\">Fluxo digital na reabilita\u00e7\u00e3o maxilar total com cirurgia guiada e pr\u00f3tese provis\u00f3ria dent\u00e1ria em PMMA<\/h2>\t\t<\/div>\n\t\t\t\t<\/div>\n\t\t\t\t\t<\/div>\n\t\t\t\t<\/div>\n\t\t\t\t<div class=\"elementor-element elementor-element-5ee7e410 elementor-widget elementor-widget-text-editor\" data-id=\"5ee7e410\" data-element_type=\"widget\" data-widget_type=\"text-editor.default\">\n\t\t\t\t<div class=\"elementor-widget-container\">\n\t\t\t<style>\/*! elementor - v3.13.2 - 11-05-2023 *\/\n.elementor-widget-text-editor.elementor-drop-cap-view-stacked .elementor-drop-cap{background-color:#69727d;color:#fff}.elementor-widget-text-editor.elementor-drop-cap-view-framed .elementor-drop-cap{color:#69727d;border:3px solid;background-color:transparent}.elementor-widget-text-editor:not(.elementor-drop-cap-view-default) .elementor-drop-cap{margin-top:8px}.elementor-widget-text-editor:not(.elementor-drop-cap-view-default) .elementor-drop-cap-letter{width:1em;height:1em}.elementor-widget-text-editor .elementor-drop-cap{float:left;text-align:center;line-height:1;font-size:50px}.elementor-widget-text-editor .elementor-drop-cap-letter{display:inline-block}<\/style>\t\t\t\t<p><span style=\"color: #e8307c;\"><strong>ID Trabalho:<\/strong> 1108912<\/span><\/p><p><strong>Autores: <\/strong>Eduardo Appel Kormann (ILAPEO &#8211; Curitiba &#8211; PR &#8211; Brasil), Elisa Mattias Sartori (ilapeo &#8211; Curitiba &#8211; PR &#8211; Brasil), Carlos Stutz (ilapeo &#8211; Curitiba &#8211; PR &#8211; Brasil), Lucas Vilela (ilapeo &#8211; Curitiba &#8211; PR &#8211; Brasil), Ivete Mattias Sartori (ilapeo &#8211; Curitiba &#8211; PR &#8211; Brasil)<\/p><p><strong>Institui\u00e7\u00f5es dos autores:<\/strong> ILAPEO &#8211; Curitiba &#8211; PR &#8211; Brasil<\/p><p><strong>Introdu\u00e7\u00e3o: <\/strong>A carga imediata em reabilita\u00e7\u00f5es de arcos totais sobre implantes tornou-se uma pr\u00e1tica rotineira no tratamento de pacientes ed\u00eantulos. A combina\u00e7\u00e3o de cirurgia de implantes virtualmente guiada e fluxo de trabalho prot\u00e9tico digital pode diminuir etapas do tratamento e otimizar a entrega de pr\u00f3teses. O objetivo deste trabalho \u00e9 relatar um caso cl\u00ednico de reabilita\u00e7\u00e3o maxilar com pr\u00f3tese provis\u00f3ria fresada em PMMA utilizando o fluxo digital e cirurgia guiada.<\/p><p><strong>Relato do caso: <\/strong>Paciente do g\u00eanero feminino, 77 anos, procurou a cl\u00ednica da Faculdade Ilapeo, tendo como queixas principais a dificuldade de alimenta\u00e7\u00e3o e est\u00e9tica do sorriso. Foi realizado exame cl\u00ednico e solicitado tomografias cone beam bimaxilares. O preparo pr\u00e9-prot\u00e9tico foi iniciado com o escaneamento intraoral com esc\u00e2ner VirtuoVivo. Para restabelecimento da dimens\u00e3o vertical de oclus\u00e3o foi instalado um JIG funcional e est\u00e9tico e realizado o escaneamento oclusal. Seis implantes Helix GM foram instalados na maxila atrav\u00e9s da t\u00e9cnica Neodent Guided Surgery. Os torques obtidos nos quatro implantes anteriores foram pr\u00f3ximos a 60 Ncm, os posteriores 20 Ncm, sendo\u00a0 instalada a pr\u00f3tese provis\u00f3ria em PMMA imediatamente. Com base no exame cl\u00ednico, fotogr\u00e1fico e de imagem foi feito o planejamento digital e realizado o tratamento reabilitador atrav\u00e9s de uma pr\u00f3tese dent\u00e1ria em zirc\u00f4nia sobre os implantes.<\/p><p><strong>Conclus\u00e3o ou considera\u00e7\u00f5es finais: <\/strong>Nos casos de planejamento para pr\u00f3teses dent\u00e1rias sobre implantes, essa otimiza\u00e7\u00e3o de etapas pode contribuir para a manuten\u00e7\u00e3o e condicionamento do arcabou\u00e7o gengival, e reduzir o tempo de tratamento.<\/p><p><strong>Discuss\u00e3o e conclus\u00f5es: <\/strong>Neste caso cl\u00ednico a pr\u00f3tese provis\u00f3ria fresada em PMMA pr\u00e9-fabricada digitalmente para carga imediata maxilar associada a instala\u00e7\u00e3o guiada dos implantes mostrou ser uma modalidade de tratamento eficaz.<\/p><p><strong>Palavras chave: <\/strong>Carga Imediata em Implante Dent\u00e1rio; Planejamento de Pr\u00f3tese Dent\u00e1ria; Pr\u00f3tese Dent\u00e1ria Fixada por Implante; Reabilita\u00e7\u00e3o Bucal<\/p>\t\t\t\t\t\t<\/div>\n\t\t\t\t<\/div>\n\t\t\t\t<div class=\"elementor-element elementor-element-4e1d2eca elementor-widget elementor-widget-shortcode\" data-id=\"4e1d2eca\" data-element_type=\"widget\" data-widget_type=\"shortcode.default\">\n\t\t\t\t<div class=\"elementor-widget-container\">\n\t\t\t\t\t<div class=\"elementor-shortcode\"><a href=\"javascript:history.back(1)\" target=\"_self\"><img decoding=\"async\" src=\"..\/wp-content\/uploads\/2023\/05\/bot-voltar.png\" widht=\"103\" height=\"28\" border=\"0\"><\/a> <\/div>\n\t\t\t\t<\/div>\n\t\t\t\t<\/div>\n\t\t\t\t<\/div>\n\t\t<div class=\"elementor-element elementor-element-5be15f2d e-con-full e-flex e-con\" data-id=\"5be15f2d\" data-element_type=\"container\" data-settings=\"{&quot;content_width&quot;:&quot;full&quot;}\">\n\t\t\t\t<\/div>\n\t\t\t\t<\/div>\n\t\t\t\t\t\t\t<\/div>\n\t\t","protected":false},"excerpt":{"rendered":"<p>Menu Neodent, Caso Cl\u00ednico Fluxo digital na reabilita\u00e7\u00e3o maxilar total com cirurgia guiada e pr\u00f3tese provis\u00f3ria dent\u00e1ria em PMMA ID Trabalho: 1108912 Autores: Eduardo Appel Kormann<span class=\"excerpt-hellip\"> [\u2026]<\/span><\/p>\n","protected":false},"author":1,"featured_media":0,"parent":0,"menu_order":0,"comment_status":"closed","ping_status":"closed","template":"","meta":[],"_links":{"self":[{"href":"https:\/\/anaisneodentcongress.com.br\/2023\/wp-json\/wp\/v2\/pages\/1068"}],"collection":[{"href":"https:\/\/anaisneodentcongress.com.br\/2023\/wp-json\/wp\/v2\/pages"}],"about":[{"href":"https:\/\/anaisneodentcongress.com.br\/2023\/wp-json\/wp\/v2\/types\/page"}],"author":[{"embeddable":true,"href":"https:\/\/anaisneodentcongress.com.br\/2023\/wp-json\/wp\/v2\/users\/1"}],"replies":[{"embeddable":true,"href":"https:\/\/anaisneodentcongress.com.br\/2023\/wp-json\/wp\/v2\/comments?post=1068"}],"version-history":[{"count":10,"href":"https:\/\/anaisneodentcongress.com.br\/2023\/wp-json\/wp\/v2\/pages\/1068\/revisions"}],"predecessor-version":[{"id":1079,"href":"https:\/\/anaisneodentcongress.com.br\/2023\/wp-json\/wp\/v2\/pages\/1068\/revisions\/1079"}],"wp:attachment":[{"href":"https:\/\/anaisneodentcongress.com.br\/2023\/wp-json\/wp\/v2\/media?parent=1068"}],"curies":[{"name":"wp","href":"https:\/\/api.w.org\/{rel}","templated":true}]}}