{"id":1041,"date":"2023-05-12T16:39:33","date_gmt":"2023-05-12T19:39:33","guid":{"rendered":"https:\/\/anaisneodentcongress.com.br\/2023\/?page_id=1041"},"modified":"2023-05-12T16:40:23","modified_gmt":"2023-05-12T19:40:23","slug":"estetica-imediata-de-incisvo-lateral-superior-com-o-novo-sistema-de-implante-ceramico-neodent-zi","status":"publish","type":"page","link":"https:\/\/anaisneodentcongress.com.br\/2023\/estetica-imediata-de-incisvo-lateral-superior-com-o-novo-sistema-de-implante-ceramico-neodent-zi\/","title":{"rendered":"Est\u00e9tica imediata de incisvo lateral superior com o novo sistema de implante cer\u00e2mico Neodent Zi"},"content":{"rendered":"\t\t<div data-elementor-type=\"wp-page\" data-elementor-id=\"1041\" class=\"elementor elementor-1041\">\n\t\t\t\t\t\t\t<div class=\"elementor-element elementor-element-47db0cc2 e-con-full e-flex e-con\" data-id=\"47db0cc2\" data-element_type=\"container\" data-settings=\"{&quot;content_width&quot;:&quot;full&quot;,&quot;background_background&quot;:&quot;classic&quot;}\">\n\t\t<div class=\"elementor-element elementor-element-34e57e9f e-con-full e-flex e-con\" data-id=\"34e57e9f\" data-element_type=\"container\" data-settings=\"{&quot;content_width&quot;:&quot;full&quot;}\">\n\t\t\t\t<\/div>\n\t\t<div class=\"elementor-element elementor-element-2c9785ed e-con-full e-flex e-con\" data-id=\"2c9785ed\" data-element_type=\"container\" data-settings=\"{&quot;content_width&quot;:&quot;full&quot;,&quot;background_background&quot;:&quot;classic&quot;}\">\n\t\t<div class=\"elementor-element elementor-element-65978032 e-con-boxed e-flex e-con\" data-id=\"65978032\" data-element_type=\"container\" data-settings=\"{&quot;content_width&quot;:&quot;boxed&quot;}\">\n\t\t\t\t\t<div class=\"e-con-inner\">\n\t\t\t\t<div class=\"elementor-element elementor-element-439fac4e elementor-widget elementor-widget-heading\" data-id=\"439fac4e\" data-element_type=\"widget\" data-widget_type=\"heading.default\">\n\t\t\t\t<div class=\"elementor-widget-container\">\n\t\t\t<style>\/*! elementor - v3.13.2 - 11-05-2023 *\/\n.elementor-heading-title{padding:0;margin:0;line-height:1}.elementor-widget-heading .elementor-heading-title[class*=elementor-size-]>a{color:inherit;font-size:inherit;line-height:inherit}.elementor-widget-heading .elementor-heading-title.elementor-size-small{font-size:15px}.elementor-widget-heading .elementor-heading-title.elementor-size-medium{font-size:19px}.elementor-widget-heading .elementor-heading-title.elementor-size-large{font-size:29px}.elementor-widget-heading .elementor-heading-title.elementor-size-xl{font-size:39px}.elementor-widget-heading .elementor-heading-title.elementor-size-xxl{font-size:59px}<\/style><h2 class=\"elementor-heading-title elementor-size-default\"><a href=\"\/2023\/menu-neodent-caso-clinico\/\">Menu<\/a><\/h2>\t\t<\/div>\n\t\t\t\t<\/div>\n\t\t\t\t<div class=\"elementor-element elementor-element-50980074 elementor-widget elementor-widget-heading\" data-id=\"50980074\" data-element_type=\"widget\" data-widget_type=\"heading.default\">\n\t\t\t\t<div class=\"elementor-widget-container\">\n\t\t\t<h2 class=\"elementor-heading-title elementor-size-default\"><a href=\"\/2023\/menu-neodent-caso-clinico\/\">Neodent, Caso Cl\u00ednico<\/a><\/h2>\t\t<\/div>\n\t\t\t\t<\/div>\n\t\t\t\t\t<\/div>\n\t\t\t\t<\/div>\n\t\t<div class=\"elementor-element elementor-element-79180e9 e-con-boxed e-flex e-con\" data-id=\"79180e9\" data-element_type=\"container\" data-settings=\"{&quot;content_width&quot;:&quot;boxed&quot;}\">\n\t\t\t\t\t<div class=\"e-con-inner\">\n\t\t\t\t<div class=\"elementor-element elementor-element-652b8b2d elementor-widget elementor-widget-heading\" data-id=\"652b8b2d\" data-element_type=\"widget\" data-widget_type=\"heading.default\">\n\t\t\t\t<div class=\"elementor-widget-container\">\n\t\t\t<h2 class=\"elementor-heading-title elementor-size-default\">Est\u00e9tica imediata de incisvo lateral superior com o novo sistema de implante cer\u00e2mico Neodent Zi<\/h2>\t\t<\/div>\n\t\t\t\t<\/div>\n\t\t\t\t\t<\/div>\n\t\t\t\t<\/div>\n\t\t\t\t<div class=\"elementor-element elementor-element-347567f elementor-widget elementor-widget-text-editor\" data-id=\"347567f\" data-element_type=\"widget\" data-widget_type=\"text-editor.default\">\n\t\t\t\t<div class=\"elementor-widget-container\">\n\t\t\t<style>\/*! elementor - v3.13.2 - 11-05-2023 *\/\n.elementor-widget-text-editor.elementor-drop-cap-view-stacked .elementor-drop-cap{background-color:#69727d;color:#fff}.elementor-widget-text-editor.elementor-drop-cap-view-framed .elementor-drop-cap{color:#69727d;border:3px solid;background-color:transparent}.elementor-widget-text-editor:not(.elementor-drop-cap-view-default) .elementor-drop-cap{margin-top:8px}.elementor-widget-text-editor:not(.elementor-drop-cap-view-default) .elementor-drop-cap-letter{width:1em;height:1em}.elementor-widget-text-editor .elementor-drop-cap{float:left;text-align:center;line-height:1;font-size:50px}.elementor-widget-text-editor .elementor-drop-cap-letter{display:inline-block}<\/style>\t\t\t\t<p><span style=\"color: #e8307c;\"><strong>ID Trabalho:<\/strong> 1108892<\/span><\/p><p><strong>Autores: <\/strong>Rafael Zago S\u00e1 Fortes (Instituto Latino Americano de Pesquisa e Ensino Odontol\u00f3gic &#8211; Florian\u00f3polis &#8211; SC &#8211; Brasil), Guilherme Lobo Speck (Instituto Latino Americano de Pesquisa e Ensino Odontol\u00f3gic &#8211; Florian\u00f3polis &#8211; SC &#8211; Brasil)<\/p><p><strong>Institui\u00e7\u00f5es dos autores:<\/strong> Instituto Latino Americano de Pesquisa e Ensino Odontol\u00f3gic &#8211; Florian\u00f3polis &#8211; SC &#8211; Brasil<\/p><p><strong>Introdu\u00e7\u00e3o: <\/strong>O novo implante de zirc\u00f4nia da Neodent, o Zi, foi projetado com uma conex\u00e3o prot\u00e9tica chamada ZiLock\u00ae, permitindo uma flexibilidade na sele\u00e7\u00e3o de componentes. \u00c9 composto por Y-TZP (zirc\u00f4nia tetragonal policristalina estabilizada por \u00edtria) com propriedades mec\u00e2nicas e potencial de osseointegra\u00e7\u00e3o semelhantes ao tit\u00e2nio. Seu diferencial \u00e9 a sua manufatura &#8211; um moderno m\u00e9todo de inje\u00e7\u00e3o, isto implica para a sua fabrica\u00e7\u00e3o uma maior escalabilidade e menor custo para o cirurgi\u00e3o.<\/p><p><strong>Relato do caso: <\/strong>Paciente do sexo feminino, 42 anos, apresentou-se na cl\u00ednica odontol\u00f3gica com um incisivo lateral superior direito com reabsor\u00e7\u00e3o radicular interna, sem sintomatologia, com mobilidade grau II, com a presen\u00e7a extensa de material restaurador na por\u00e7\u00e3o coronal e bom volume \u00f3sseo remanescente. Foi indicado a paciente a exodontia e o uso de um implante de zirc\u00f4nia com um est\u00e9tica imediata. Ap\u00f3s o dente ser removido, foi feito a fresagem, instala\u00e7\u00e3o do implante Neodent Zi 3.75 x 13 mm com torque de 45 N\/cm e preenchimento do alv\u00e9olo com o material xen\u00f3geno Cerabone (0,5-1,0 mm) e um provis\u00f3rio imediato sobre um componente Peek de 1.5 mm de altura.<\/p><p><strong>Conclus\u00e3o ou considera\u00e7\u00f5es finais: <\/strong>O Neodent Zi se torna uma excelente op\u00e7\u00e3o para caso de dentes anteriores, com macrogeometria favorecendo a carga imediata e com um desenho e \u00e1pice c\u00f4nico. Atualmente existe uma tend\u00eancia do mercado a oferecer solu\u00e7\u00f5es livres de metal, neste contexto, o Neodent Zi com uma biocompatibilidade comprovada, resist\u00eancia e superioridade \u00f3tica em rela\u00e7\u00e3o ao tit\u00e2nio, nos d\u00e1 seguran\u00e7a para realizarmos tratamentos reabilitadores em elementos unit\u00e1rios.<\/p><p><strong>Discuss\u00e3o e conclus\u00f5es: <\/strong><\/p><p><strong>Palavras chave: <\/strong>Zirc\u00f4nia, Implantes cer\u00e2micos, Carga imediata, Est\u00e9tica imediata, Neodent Zi<\/p>\t\t\t\t\t\t<\/div>\n\t\t\t\t<\/div>\n\t\t\t\t<div class=\"elementor-element elementor-element-2141416d elementor-widget elementor-widget-shortcode\" data-id=\"2141416d\" data-element_type=\"widget\" data-widget_type=\"shortcode.default\">\n\t\t\t\t<div class=\"elementor-widget-container\">\n\t\t\t\t\t<div class=\"elementor-shortcode\"><a href=\"javascript:history.back(1)\" target=\"_self\"><img decoding=\"async\" src=\"..\/wp-content\/uploads\/2023\/05\/bot-voltar.png\" widht=\"103\" height=\"28\" border=\"0\"><\/a> <\/div>\n\t\t\t\t<\/div>\n\t\t\t\t<\/div>\n\t\t\t\t<\/div>\n\t\t<div class=\"elementor-element elementor-element-6cd3bf68 e-con-full e-flex e-con\" data-id=\"6cd3bf68\" data-element_type=\"container\" data-settings=\"{&quot;content_width&quot;:&quot;full&quot;}\">\n\t\t\t\t<\/div>\n\t\t\t\t<\/div>\n\t\t\t\t\t\t\t<\/div>\n\t\t","protected":false},"excerpt":{"rendered":"<p>Menu Neodent, Caso Cl\u00ednico Est\u00e9tica imediata de incisvo lateral superior com o novo sistema de implante cer\u00e2mico Neodent Zi ID Trabalho: 1108892 Autores: Rafael Zago S\u00e1<span class=\"excerpt-hellip\"> [\u2026]<\/span><\/p>\n","protected":false},"author":1,"featured_media":0,"parent":0,"menu_order":0,"comment_status":"closed","ping_status":"closed","template":"","meta":[],"_links":{"self":[{"href":"https:\/\/anaisneodentcongress.com.br\/2023\/wp-json\/wp\/v2\/pages\/1041"}],"collection":[{"href":"https:\/\/anaisneodentcongress.com.br\/2023\/wp-json\/wp\/v2\/pages"}],"about":[{"href":"https:\/\/anaisneodentcongress.com.br\/2023\/wp-json\/wp\/v2\/types\/page"}],"author":[{"embeddable":true,"href":"https:\/\/anaisneodentcongress.com.br\/2023\/wp-json\/wp\/v2\/users\/1"}],"replies":[{"embeddable":true,"href":"https:\/\/anaisneodentcongress.com.br\/2023\/wp-json\/wp\/v2\/comments?post=1041"}],"version-history":[{"count":4,"href":"https:\/\/anaisneodentcongress.com.br\/2023\/wp-json\/wp\/v2\/pages\/1041\/revisions"}],"predecessor-version":[{"id":1046,"href":"https:\/\/anaisneodentcongress.com.br\/2023\/wp-json\/wp\/v2\/pages\/1041\/revisions\/1046"}],"wp:attachment":[{"href":"https:\/\/anaisneodentcongress.com.br\/2023\/wp-json\/wp\/v2\/media?parent=1041"}],"curies":[{"name":"wp","href":"https:\/\/api.w.org\/{rel}","templated":true}]}}