{"id":1032,"date":"2023-05-12T16:37:54","date_gmt":"2023-05-12T19:37:54","guid":{"rendered":"https:\/\/anaisneodentcongress.com.br\/2023\/?page_id=1032"},"modified":"2023-05-12T16:38:42","modified_gmt":"2023-05-12T19:38:42","slug":"exodontia-do-36-com-instalacao-de-implante-imediato-em-carga-imediata-relato-de-caso-clinico","status":"publish","type":"page","link":"https:\/\/anaisneodentcongress.com.br\/2023\/exodontia-do-36-com-instalacao-de-implante-imediato-em-carga-imediata-relato-de-caso-clinico\/","title":{"rendered":"Exodontia do 36 com instala\u00e7\u00e3o de implante imediato em carga imediata: relato de caso cl\u00ednico"},"content":{"rendered":"\t\t<div data-elementor-type=\"wp-page\" data-elementor-id=\"1032\" class=\"elementor elementor-1032\">\n\t\t\t\t\t\t\t<div class=\"elementor-element elementor-element-d9ded5a e-con-full e-flex e-con\" data-id=\"d9ded5a\" data-element_type=\"container\" data-settings=\"{&quot;content_width&quot;:&quot;full&quot;,&quot;background_background&quot;:&quot;classic&quot;}\">\n\t\t<div class=\"elementor-element elementor-element-109a7c14 e-con-full e-flex e-con\" data-id=\"109a7c14\" data-element_type=\"container\" data-settings=\"{&quot;content_width&quot;:&quot;full&quot;}\">\n\t\t\t\t<\/div>\n\t\t<div class=\"elementor-element elementor-element-2c269d2 e-con-full e-flex e-con\" data-id=\"2c269d2\" data-element_type=\"container\" data-settings=\"{&quot;content_width&quot;:&quot;full&quot;,&quot;background_background&quot;:&quot;classic&quot;}\">\n\t\t<div class=\"elementor-element elementor-element-7549eca9 e-con-boxed e-flex e-con\" data-id=\"7549eca9\" data-element_type=\"container\" data-settings=\"{&quot;content_width&quot;:&quot;boxed&quot;}\">\n\t\t\t\t\t<div class=\"e-con-inner\">\n\t\t\t\t<div class=\"elementor-element elementor-element-44c272f5 elementor-widget elementor-widget-heading\" data-id=\"44c272f5\" data-element_type=\"widget\" data-widget_type=\"heading.default\">\n\t\t\t\t<div class=\"elementor-widget-container\">\n\t\t\t<style>\/*! elementor - v3.13.2 - 11-05-2023 *\/\n.elementor-heading-title{padding:0;margin:0;line-height:1}.elementor-widget-heading .elementor-heading-title[class*=elementor-size-]>a{color:inherit;font-size:inherit;line-height:inherit}.elementor-widget-heading .elementor-heading-title.elementor-size-small{font-size:15px}.elementor-widget-heading .elementor-heading-title.elementor-size-medium{font-size:19px}.elementor-widget-heading .elementor-heading-title.elementor-size-large{font-size:29px}.elementor-widget-heading .elementor-heading-title.elementor-size-xl{font-size:39px}.elementor-widget-heading .elementor-heading-title.elementor-size-xxl{font-size:59px}<\/style><h2 class=\"elementor-heading-title elementor-size-default\"><a href=\"\/2023\/menu-neodent-caso-clinico\/\">Menu<\/a><\/h2>\t\t<\/div>\n\t\t\t\t<\/div>\n\t\t\t\t<div class=\"elementor-element elementor-element-37aaad7f elementor-widget elementor-widget-heading\" data-id=\"37aaad7f\" data-element_type=\"widget\" data-widget_type=\"heading.default\">\n\t\t\t\t<div class=\"elementor-widget-container\">\n\t\t\t<h2 class=\"elementor-heading-title elementor-size-default\"><a href=\"\/2023\/menu-neodent-caso-clinico\/\">Neodent, Caso Cl\u00ednico<\/a><\/h2>\t\t<\/div>\n\t\t\t\t<\/div>\n\t\t\t\t\t<\/div>\n\t\t\t\t<\/div>\n\t\t<div class=\"elementor-element elementor-element-2f0ac36 e-con-boxed e-flex e-con\" data-id=\"2f0ac36\" data-element_type=\"container\" data-settings=\"{&quot;content_width&quot;:&quot;boxed&quot;}\">\n\t\t\t\t\t<div class=\"e-con-inner\">\n\t\t\t\t<div class=\"elementor-element elementor-element-4cdf5b37 elementor-widget elementor-widget-heading\" data-id=\"4cdf5b37\" data-element_type=\"widget\" data-widget_type=\"heading.default\">\n\t\t\t\t<div class=\"elementor-widget-container\">\n\t\t\t<h2 class=\"elementor-heading-title elementor-size-default\">Exodontia do 36 com instala\u00e7\u00e3o de implante imediato em carga imediata: relato de caso cl\u00ednico<\/h2>\t\t<\/div>\n\t\t\t\t<\/div>\n\t\t\t\t\t<\/div>\n\t\t\t\t<\/div>\n\t\t\t\t<div class=\"elementor-element elementor-element-4d85206b elementor-widget elementor-widget-text-editor\" data-id=\"4d85206b\" data-element_type=\"widget\" data-widget_type=\"text-editor.default\">\n\t\t\t\t<div class=\"elementor-widget-container\">\n\t\t\t<style>\/*! elementor - v3.13.2 - 11-05-2023 *\/\n.elementor-widget-text-editor.elementor-drop-cap-view-stacked .elementor-drop-cap{background-color:#69727d;color:#fff}.elementor-widget-text-editor.elementor-drop-cap-view-framed .elementor-drop-cap{color:#69727d;border:3px solid;background-color:transparent}.elementor-widget-text-editor:not(.elementor-drop-cap-view-default) .elementor-drop-cap{margin-top:8px}.elementor-widget-text-editor:not(.elementor-drop-cap-view-default) .elementor-drop-cap-letter{width:1em;height:1em}.elementor-widget-text-editor .elementor-drop-cap{float:left;text-align:center;line-height:1;font-size:50px}.elementor-widget-text-editor .elementor-drop-cap-letter{display:inline-block}<\/style>\t\t\t\t<p><span style=\"color: #e8307c;\"><strong>ID Trabalho:<\/strong> 1108889<\/span><\/p><p><strong>Autores: <\/strong>Augusto Moura Junior (Rede NOA\/Ilapeo &#8211; Macei\u00f3 &#8211; AL &#8211; Brasil), Marcio Andr\u00e9 de Lira (Rede NOA\/Ilapeo &#8211; Macei\u00f3 &#8211; AL &#8211; Brasil), Reinaldo Cavalcanti da Silva Junior (Rede NOA\/Ilapeo &#8211; Macei\u00f3 &#8211; AL &#8211; Brasil), Pedro Henrique de Alencar e Silva Leite (Rede NOA\/Ilapeo &#8211; Macei\u00f3 &#8211; AL &#8211; Brasil), H\u00e9lvio Henrique Ara\u00fajo de Almeida (Rede NOA\/Ilapeo &#8211; Macei\u00f3 &#8211; AL &#8211; Brasil), Elisa Mattias Sartori (Rede NOA\/Ilapeo &#8211; Curitiba &#8211; PR &#8211; Brasil)<\/p><p><strong>Institui\u00e7\u00f5es dos autores:<\/strong> Rede NOA\/Ilapeo &#8211; Curitiba &#8211; PR &#8211; Brasil,Rede NOA\/Ilapeo &#8211; Macei\u00f3 &#8211; AL &#8211; Brasil<\/p><p><strong>: <\/strong>A instala\u00e7\u00e3o de implante dent\u00e1rio, ap\u00f3s exodontia, seguida pela instala\u00e7\u00e3o da pr\u00f3tese provis\u00f3ria sobre o implante \u00e9 chamada de implante imediato em carga imediata, e \u00e9 uma t\u00e9cnica que vem sendo cada vez mais utilizada clinicamente e descrita na literatura. Diminuir o tempo de tratamento, a manuten\u00e7\u00e3o dos tecidos moles, beneficiar a est\u00e9tica e a fun\u00e7\u00e3o, al\u00e9m de favorecer a enxertia \u00f3ssea simult\u00e2nea, quando frente a presen\u00e7a de defeitos \u00f3sseos, s\u00e3o algumas das vantagens da t\u00e9cnica. Como desvantagens pode-se citar a dificuldade em obter uma estabilidade inicial adequada, maior risco de recess\u00e3o da mucosa e, quando necess\u00e1rio, t\u00e9cnicas de manipula\u00e7\u00e3o tecidual para fechamento do retalho cir\u00fargico.<\/p><p><strong>Relato do caso: <\/strong>Neste caso cl\u00ednico, a paciente encontrava-se com fratura na regi\u00e3o de furca do dente 36. Foi realizado a exodontia conservadora, com instala\u00e7\u00e3o imediata de implante Helix Grand Morse 4.3&#215;11,5mm na regi\u00e3o do septo, Obtendo um torque de 60Ncm. Ap\u00f3s, foi realizado o preenchimento do &#8220;gap&#8221; com 0,5cc de Cerabone em granula\u00e7\u00e3o pequena e confec\u00e7\u00e3o de pr\u00f3tese provis\u00f3ria com dente de estoque, para forma\u00e7\u00e3o do perfil de emerg\u00eancia. Cinco meses ap\u00f3s a cirurgia, foi confeccionando a pr\u00f3tese definitiva.<\/p><p><strong>Conclus\u00e3o ou considera\u00e7\u00f5es finais: <\/strong>Com isso foi poss\u00edvel manter a fun\u00e7\u00e3o mastigat\u00f3ria da paciente, sem preju\u00edzo oclusal pela aus\u00eancia do elemento dent\u00e1rio perdido. Assim, a t\u00e9cnica mostrou-se de f\u00e1cil execu\u00e7\u00e3o com resultado previs\u00edvel, e a paciente apresentou-se satisfeita com o tratamento.<\/p><p><strong>Discuss\u00e3o e conclus\u00f5es: <\/strong><\/p><p><strong>Palavras chave: <\/strong>Implantes Dent\u00e1rios; Carga Imediata em Implante Dent\u00e1rio; Osseointegra\u00e7\u00e3o; Est\u00e9tica Dent\u00e1ria<\/p>\t\t\t\t\t\t<\/div>\n\t\t\t\t<\/div>\n\t\t\t\t<div class=\"elementor-element elementor-element-24304f73 elementor-widget elementor-widget-shortcode\" data-id=\"24304f73\" data-element_type=\"widget\" data-widget_type=\"shortcode.default\">\n\t\t\t\t<div class=\"elementor-widget-container\">\n\t\t\t\t\t<div class=\"elementor-shortcode\"><a href=\"javascript:history.back(1)\" target=\"_self\"><img decoding=\"async\" src=\"..\/wp-content\/uploads\/2023\/05\/bot-voltar.png\" widht=\"103\" height=\"28\" border=\"0\"><\/a> <\/div>\n\t\t\t\t<\/div>\n\t\t\t\t<\/div>\n\t\t\t\t<\/div>\n\t\t<div class=\"elementor-element elementor-element-1ac7c3ab e-con-full e-flex e-con\" data-id=\"1ac7c3ab\" data-element_type=\"container\" data-settings=\"{&quot;content_width&quot;:&quot;full&quot;}\">\n\t\t\t\t<\/div>\n\t\t\t\t<\/div>\n\t\t\t\t\t\t\t<\/div>\n\t\t","protected":false},"excerpt":{"rendered":"<p>Menu Neodent, Caso Cl\u00ednico Exodontia do 36 com instala\u00e7\u00e3o de implante imediato em carga imediata: relato de caso cl\u00ednico ID Trabalho: 1108889 Autores: Augusto Moura Junior<span class=\"excerpt-hellip\"> [\u2026]<\/span><\/p>\n","protected":false},"author":1,"featured_media":0,"parent":0,"menu_order":0,"comment_status":"closed","ping_status":"closed","template":"","meta":[],"_links":{"self":[{"href":"https:\/\/anaisneodentcongress.com.br\/2023\/wp-json\/wp\/v2\/pages\/1032"}],"collection":[{"href":"https:\/\/anaisneodentcongress.com.br\/2023\/wp-json\/wp\/v2\/pages"}],"about":[{"href":"https:\/\/anaisneodentcongress.com.br\/2023\/wp-json\/wp\/v2\/types\/page"}],"author":[{"embeddable":true,"href":"https:\/\/anaisneodentcongress.com.br\/2023\/wp-json\/wp\/v2\/users\/1"}],"replies":[{"embeddable":true,"href":"https:\/\/anaisneodentcongress.com.br\/2023\/wp-json\/wp\/v2\/comments?post=1032"}],"version-history":[{"count":4,"href":"https:\/\/anaisneodentcongress.com.br\/2023\/wp-json\/wp\/v2\/pages\/1032\/revisions"}],"predecessor-version":[{"id":1037,"href":"https:\/\/anaisneodentcongress.com.br\/2023\/wp-json\/wp\/v2\/pages\/1032\/revisions\/1037"}],"wp:attachment":[{"href":"https:\/\/anaisneodentcongress.com.br\/2023\/wp-json\/wp\/v2\/media?parent=1032"}],"curies":[{"name":"wp","href":"https:\/\/api.w.org\/{rel}","templated":true}]}}