{"id":1023,"date":"2023-05-12T16:36:04","date_gmt":"2023-05-12T19:36:04","guid":{"rendered":"https:\/\/anaisneodentcongress.com.br\/2023\/?page_id=1023"},"modified":"2023-05-12T16:36:56","modified_gmt":"2023-05-12T19:36:56","slug":"comparacao-de-implantes-cilindricos-e-hibridos-com-interface-grand-morse-em-arco-total-inferior-relato-de-caso","status":"publish","type":"page","link":"https:\/\/anaisneodentcongress.com.br\/2023\/comparacao-de-implantes-cilindricos-e-hibridos-com-interface-grand-morse-em-arco-total-inferior-relato-de-caso\/","title":{"rendered":"Compara\u00e7\u00e3o de Implantes Cil\u00edndricos e H\u00edbridos com Interface Grand Morse em Arco Total Inferior &#8211; Relato de Caso"},"content":{"rendered":"\t\t<div data-elementor-type=\"wp-page\" data-elementor-id=\"1023\" class=\"elementor elementor-1023\">\n\t\t\t\t\t\t\t<div class=\"elementor-element elementor-element-34c5af68 e-con-full e-flex e-con\" data-id=\"34c5af68\" data-element_type=\"container\" data-settings=\"{&quot;content_width&quot;:&quot;full&quot;,&quot;background_background&quot;:&quot;classic&quot;}\">\n\t\t<div class=\"elementor-element elementor-element-c6799c5 e-con-full e-flex e-con\" data-id=\"c6799c5\" data-element_type=\"container\" data-settings=\"{&quot;content_width&quot;:&quot;full&quot;}\">\n\t\t\t\t<\/div>\n\t\t<div class=\"elementor-element elementor-element-31172fab e-con-full e-flex e-con\" data-id=\"31172fab\" data-element_type=\"container\" data-settings=\"{&quot;content_width&quot;:&quot;full&quot;,&quot;background_background&quot;:&quot;classic&quot;}\">\n\t\t<div class=\"elementor-element elementor-element-66d1918e e-con-boxed e-flex e-con\" data-id=\"66d1918e\" data-element_type=\"container\" data-settings=\"{&quot;content_width&quot;:&quot;boxed&quot;}\">\n\t\t\t\t\t<div class=\"e-con-inner\">\n\t\t\t\t<div class=\"elementor-element elementor-element-1c74c43 elementor-widget elementor-widget-heading\" data-id=\"1c74c43\" data-element_type=\"widget\" data-widget_type=\"heading.default\">\n\t\t\t\t<div class=\"elementor-widget-container\">\n\t\t\t<style>\/*! elementor - v3.13.2 - 11-05-2023 *\/\n.elementor-heading-title{padding:0;margin:0;line-height:1}.elementor-widget-heading .elementor-heading-title[class*=elementor-size-]>a{color:inherit;font-size:inherit;line-height:inherit}.elementor-widget-heading .elementor-heading-title.elementor-size-small{font-size:15px}.elementor-widget-heading .elementor-heading-title.elementor-size-medium{font-size:19px}.elementor-widget-heading .elementor-heading-title.elementor-size-large{font-size:29px}.elementor-widget-heading .elementor-heading-title.elementor-size-xl{font-size:39px}.elementor-widget-heading .elementor-heading-title.elementor-size-xxl{font-size:59px}<\/style><h2 class=\"elementor-heading-title elementor-size-default\"><a href=\"\/2023\/menu-neodent-caso-clinico\/\">Menu<\/a><\/h2>\t\t<\/div>\n\t\t\t\t<\/div>\n\t\t\t\t<div class=\"elementor-element elementor-element-25d6b844 elementor-widget elementor-widget-heading\" data-id=\"25d6b844\" data-element_type=\"widget\" data-widget_type=\"heading.default\">\n\t\t\t\t<div class=\"elementor-widget-container\">\n\t\t\t<h2 class=\"elementor-heading-title elementor-size-default\"><a href=\"\/2023\/menu-neodent-caso-clinico\/\">Neodent, Caso Cl\u00ednico<\/a><\/h2>\t\t<\/div>\n\t\t\t\t<\/div>\n\t\t\t\t\t<\/div>\n\t\t\t\t<\/div>\n\t\t<div class=\"elementor-element elementor-element-52116558 e-con-boxed e-flex e-con\" data-id=\"52116558\" data-element_type=\"container\" data-settings=\"{&quot;content_width&quot;:&quot;boxed&quot;}\">\n\t\t\t\t\t<div class=\"e-con-inner\">\n\t\t\t\t<div class=\"elementor-element elementor-element-26fad845 elementor-widget elementor-widget-heading\" data-id=\"26fad845\" data-element_type=\"widget\" data-widget_type=\"heading.default\">\n\t\t\t\t<div class=\"elementor-widget-container\">\n\t\t\t<h2 class=\"elementor-heading-title elementor-size-default\">Compara\u00e7\u00e3o de Implantes Cil\u00edndricos e H\u00edbridos com Interface Grand Morse em Arco Total Inferior - Relato de Caso<\/h2>\t\t<\/div>\n\t\t\t\t<\/div>\n\t\t\t\t\t<\/div>\n\t\t\t\t<\/div>\n\t\t\t\t<div class=\"elementor-element elementor-element-7bb484d3 elementor-widget elementor-widget-text-editor\" data-id=\"7bb484d3\" data-element_type=\"widget\" data-widget_type=\"text-editor.default\">\n\t\t\t\t<div class=\"elementor-widget-container\">\n\t\t\t<style>\/*! elementor - v3.13.2 - 11-05-2023 *\/\n.elementor-widget-text-editor.elementor-drop-cap-view-stacked .elementor-drop-cap{background-color:#69727d;color:#fff}.elementor-widget-text-editor.elementor-drop-cap-view-framed .elementor-drop-cap{color:#69727d;border:3px solid;background-color:transparent}.elementor-widget-text-editor:not(.elementor-drop-cap-view-default) .elementor-drop-cap{margin-top:8px}.elementor-widget-text-editor:not(.elementor-drop-cap-view-default) .elementor-drop-cap-letter{width:1em;height:1em}.elementor-widget-text-editor .elementor-drop-cap{float:left;text-align:center;line-height:1;font-size:50px}.elementor-widget-text-editor .elementor-drop-cap-letter{display:inline-block}<\/style>\t\t\t\t<p><span style=\"color: #e8307c;\"><strong>ID Trabalho:<\/strong> 1108886<\/span><\/p><p><strong>Autores: <\/strong>Jo\u00e3o Paulo Lavagnoli Manfrinato (FACULDADE ILAPEO &#8211; CURITIBA &#8211; PR &#8211; Brasil), PAULO TASSI JR (FACULDADE ILAPEO &#8211; CURITIBA &#8211; PR &#8211; Brasil), ADRIANA TRACZINSKI (FACULDADE ILAPEO &#8211; CURITIBA &#8211; PR &#8211; Brasil), LUIS EDUARDO MARQUES PADOVAN (FACULDADE ILAPEO &#8211; CURITIBA &#8211; PR &#8211; Brasil), IVETE MATTIAS SARTORI (FACULDADE ILAPEO &#8211; CURITIBA &#8211; PR &#8211; Brasil), FL\u00c1VIA NOEMY GASPARINI KIATAKE FONT\u00c3O (FACULDADE ILAPEO &#8211; CURITIBA &#8211; PR &#8211; Brasil)<\/p><p><strong>Institui\u00e7\u00f5es dos autores:<\/strong> FACULDADE ILAPEO &#8211; CURITIBA &#8211; PR &#8211; Brasil<\/p><p><strong>Introdu\u00e7\u00e3o: <\/strong>Algumas propostas de acelerar o processo de osseointegra\u00e7\u00e3o quanto a modifica\u00e7\u00e3o das macroestruturas e microestruturas dos implantes dent\u00e1rios t\u00eam sido indicadas na implantodontia. A compara\u00e7\u00e3o de um implante h\u00edbrido com macroestrutura compactante e perfurante em teoria poder\u00e1 aumentar a estabilidade prim\u00e1ria dos implantes em compara\u00e7\u00e3o aos implantes cil\u00edndricos.<\/p><p><strong>Relato do caso: <\/strong>Este relato de caso comparou os resultados cl\u00ednicos e radiogr\u00e1ficos de implantes cil\u00edndricos Titamax\u00ae (Neodent\u00ae, Curitiba, Brasil) e H\u00edbridos Helix\u00ae (Neodent\u00ae, Curitiba, Brasil), ambos de superf\u00edcie Acqua, utilizados para reabilita\u00e7\u00f5es do tipo protocolo inferior. Foram instalados em modelo boca dividida 4 implantes paralelos e a 2mm infra\u00f3sseos. Os implantes foram submetidos a carregamento imediato e avaliados clinicamente (estabilidade prim\u00e1ria) e radiograficamente (n\u00edvel \u00f3sseo periimplantar). As tomadas radiogr\u00e1ficas intrabucais padronizadas utilizando a t\u00e9cnica do paralelismo, foram realizadas no per\u00edodo baseline, 6, 12 e 24 meses ap\u00f3s a instala\u00e7\u00e3o da pr\u00f3tese.<\/p><p><strong>Conclus\u00e3o ou considera\u00e7\u00f5es finais: <\/strong>Foram verificados excelentes torques de inser\u00e7\u00e3o em todos os implantes. Ap\u00f3s as mensura\u00e7\u00f5es radiogr\u00e1ficas, observou-se na remodela\u00e7\u00e3o \u00f3ssea que a m\u00e9dia da perda \u00f3ssea vertical dos 4 implantes, foi de 0,45mm, na avalia\u00e7\u00e3o radiogr\u00e1fica de 24 meses. Na an\u00e1lise individual, a m\u00e9dia dos 2 implantes Titamax\u00ae GM, foi de 0,54mm, enquanto a m\u00e9dia dos 2 implantes Helix\u00ae GM foi de 0,36 mm.<\/p><p><strong>Discuss\u00e3o e conclus\u00f5es: <\/strong>Mais estudos a longo prazo s\u00e3o necess\u00e1rios para determinar diferen\u00e7as significativas entre os grupos.<\/p><p><strong>Palavras chave: <\/strong>Implantes dent\u00e1rios; estabilidade prim\u00e1ria; remodela\u00e7\u00e3o \u00f3ssea; radiografia dent\u00e1ria<\/p>\t\t\t\t\t\t<\/div>\n\t\t\t\t<\/div>\n\t\t\t\t<div class=\"elementor-element elementor-element-497ac2f7 elementor-widget elementor-widget-shortcode\" data-id=\"497ac2f7\" data-element_type=\"widget\" data-widget_type=\"shortcode.default\">\n\t\t\t\t<div class=\"elementor-widget-container\">\n\t\t\t\t\t<div class=\"elementor-shortcode\"><a href=\"javascript:history.back(1)\" target=\"_self\"><img decoding=\"async\" src=\"..\/wp-content\/uploads\/2023\/05\/bot-voltar.png\" widht=\"103\" height=\"28\" border=\"0\"><\/a> <\/div>\n\t\t\t\t<\/div>\n\t\t\t\t<\/div>\n\t\t\t\t<\/div>\n\t\t<div class=\"elementor-element elementor-element-29f683b9 e-con-full e-flex e-con\" data-id=\"29f683b9\" data-element_type=\"container\" data-settings=\"{&quot;content_width&quot;:&quot;full&quot;}\">\n\t\t\t\t<\/div>\n\t\t\t\t<\/div>\n\t\t\t\t\t\t\t<\/div>\n\t\t","protected":false},"excerpt":{"rendered":"<p>Menu Neodent, Caso Cl\u00ednico Compara\u00e7\u00e3o de Implantes Cil\u00edndricos e H\u00edbridos com Interface Grand Morse em Arco Total Inferior &#8211; Relato de Caso ID Trabalho: 1108886 Autores:<span class=\"excerpt-hellip\"> [\u2026]<\/span><\/p>\n","protected":false},"author":1,"featured_media":0,"parent":0,"menu_order":0,"comment_status":"closed","ping_status":"closed","template":"","meta":[],"_links":{"self":[{"href":"https:\/\/anaisneodentcongress.com.br\/2023\/wp-json\/wp\/v2\/pages\/1023"}],"collection":[{"href":"https:\/\/anaisneodentcongress.com.br\/2023\/wp-json\/wp\/v2\/pages"}],"about":[{"href":"https:\/\/anaisneodentcongress.com.br\/2023\/wp-json\/wp\/v2\/types\/page"}],"author":[{"embeddable":true,"href":"https:\/\/anaisneodentcongress.com.br\/2023\/wp-json\/wp\/v2\/users\/1"}],"replies":[{"embeddable":true,"href":"https:\/\/anaisneodentcongress.com.br\/2023\/wp-json\/wp\/v2\/comments?post=1023"}],"version-history":[{"count":4,"href":"https:\/\/anaisneodentcongress.com.br\/2023\/wp-json\/wp\/v2\/pages\/1023\/revisions"}],"predecessor-version":[{"id":1028,"href":"https:\/\/anaisneodentcongress.com.br\/2023\/wp-json\/wp\/v2\/pages\/1023\/revisions\/1028"}],"wp:attachment":[{"href":"https:\/\/anaisneodentcongress.com.br\/2023\/wp-json\/wp\/v2\/media?parent=1023"}],"curies":[{"name":"wp","href":"https:\/\/api.w.org\/{rel}","templated":true}]}}